{"id":851,"date":"2020-06-01T19:28:05","date_gmt":"2020-06-01T19:28:05","guid":{"rendered":"https:\/\/osmangaziokullari.com\/yildirim-k\/?post_type=product&#038;p=851"},"modified":"2020-09-24T15:16:01","modified_gmt":"2020-09-24T15:16:01","slug":"miktar-belirleyin","status":"publish","type":"product","link":"https:\/\/osmangaziokullari.com\/yildirim-k\/transfer\/miktar-belirleyin\/","title":{"rendered":"Online \u00d6deme Yap\u0131n"},"content":{"rendered":"","protected":false},"excerpt":{"rendered":"<p>Osmangazi Okullar\u0131, Y\u0131ld\u0131r\u0131m Kamp\u00fcs\u00fc&#8217;ne \u00f6demeleri i\u00e7in l\u00fctfen miktar\u0131 +\/- buttonlar\u0131 ile art\u0131rarak \u00f6deme yapmak istedi\u011finiz\u00a0 tutar\u0131 ayarlay\u0131n.<\/p>\n","protected":false},"featured_media":2896,"template":"","meta":[],"product_brand":[],"product_cat":[15],"product_tag":[],"class_list":{"0":"post-851","1":"product","2":"type-product","3":"status-publish","4":"has-post-thumbnail","6":"product_cat-online-odemeler","8":"first","9":"instock","10":"shipping-taxable","11":"purchasable","12":"product-type-variable","13":"has-default-attributes"},"_links":{"self":[{"href":"https:\/\/osmangaziokullari.com\/yildirim-k\/wp-json\/wp\/v2\/product\/851","targetHints":{"allow":["GET"]}}],"collection":[{"href":"https:\/\/osmangaziokullari.com\/yildirim-k\/wp-json\/wp\/v2\/product"}],"about":[{"href":"https:\/\/osmangaziokullari.com\/yildirim-k\/wp-json\/wp\/v2\/types\/product"}],"wp:featuredmedia":[{"embeddable":true,"href":"https:\/\/osmangaziokullari.com\/yildirim-k\/wp-json\/wp\/v2\/media\/2896"}],"wp:attachment":[{"href":"https:\/\/osmangaziokullari.com\/yildirim-k\/wp-json\/wp\/v2\/media?parent=851"}],"wp:term":[{"taxonomy":"product_brand","embeddable":true,"href":"https:\/\/osmangaziokullari.com\/yildirim-k\/wp-json\/wp\/v2\/product_brand?post=851"},{"taxonomy":"product_cat","embeddable":true,"href":"https:\/\/osmangaziokullari.com\/yildirim-k\/wp-json\/wp\/v2\/product_cat?post=851"},{"taxonomy":"product_tag","embeddable":true,"href":"https:\/\/osmangaziokullari.com\/yildirim-k\/wp-json\/wp\/v2\/product_tag?post=851"}],"curies":[{"name":"wp","href":"https:\/\/api.w.org\/{rel}","templated":true}]}}