{"id":2098,"date":"2020-08-13T01:22:56","date_gmt":"2020-08-12T22:22:56","guid":{"rendered":"http:\/\/46.101.184.248\/?page_id=2098"},"modified":"2020-08-28T22:04:26","modified_gmt":"2020-08-28T22:04:26","slug":"iletisim-bilgileri","status":"publish","type":"page","link":"https:\/\/osmangaziokullari.com\/yildirim-k\/iletisim-bilgileri\/","title":{"rendered":"\u0130leti\u015fim Bilgileri"},"content":{"rendered":"\n\t<section class=\"section\" id=\"section_484386138\">\n\t\t<div class=\"bg section-bg fill bg-fill  \" >\n\n\t\t\t\n\t\t\t<div class=\"section-bg-overlay absolute fill\"><\/div><div class=\"effect-sparkle bg-effect fill no-click\"><\/div>\n\t\t\t\n\n\t\t<\/div>\n\n\t\t\n\n\t\t<div class=\"section-content relative\">\n\t\t\t\n\n\t<div id=\"gap-701062133\" class=\"gap-element clearfix\" style=\"display:block; height:auto;\">\n\t\t\n<style>\n#gap-701062133 {\n  padding-top: 95px;\n}\n<\/style>\n\t<\/div>\n\t\n\n<div class=\"row align-center\"  id=\"row-797794768\">\n\n\n\t<div id=\"col-522782672\" class=\"col medium-8 small-10 large-7\"  >\n\t\t\t\t<div class=\"col-inner text-center dark\"  >\n\t\t\t\n\t\t\t\n\n<h2 style=\"font-size: 100%;\">Osmangazi E\u011fitim Kurumlar\u0131<br \/><span style=\"font-size: 200%;\">Y\u0131ld\u0131r\u0131m Kamp\u00fcs\u00fc<\/span><\/h2>\n<p>Bursa&#8217;da 4 Kamp\u00fcs\u00fc ile Osmangazi Okullar\u0131<\/p>\n\n\t\t<\/div>\n\t\t\t\t\t<\/div>\n\n\t\n\n<\/div>\n\t<div id=\"gap-1126518801\" class=\"gap-element clearfix\" style=\"display:block; height:auto;\">\n\t\t\n<style>\n#gap-1126518801 {\n  padding-top: 100px;\n}\n<\/style>\n\t<\/div>\n\t\n\n\n\t\t<\/div>\n\n\t\t\n<style>\n#section_484386138 {\n  padding-top: 100px;\n  padding-bottom: 100px;\n  background-color: rgb(246, 246, 246);\n}\n#section_484386138 .section-bg-overlay {\n  background-color: rgba(29, 65, 116, 0.76);\n}\n#section_484386138 .section-bg.bg-loaded {\n  background-image: url(https:\/\/osmangaziokullari.com\/yildirim-k\/wp-content\/uploads\/2020\/08\/888Artboard-13jpg.jpg);\n}\n#section_484386138 .ux-shape-divider--top svg {\n  height: 150px;\n  --divider-top-width: 100%;\n}\n#section_484386138 .ux-shape-divider--bottom svg {\n  height: 150px;\n  --divider-width: 100%;\n}\n<\/style>\n\t<\/section>\n\t\n<div class=\"row align-center\"  id=\"row-346112190\">\n\n\n\t<div id=\"col-41023909\" class=\"col medium-10 small-12 large-10\"  >\n\t\t\t\t<div class=\"col-inner\"  >\n\t\t\t\n\t\t\t\n\n<div class=\"container section-title-container\" style=\"max-width:400px;\"><h3 class=\"section-title section-title-center\"><b><\/b><span class=\"section-title-main\" style=\"font-size:70%;color:rgb(255, 255, 255);\">Kamp\u00fcslerimiz<\/span><b><\/b><\/h3><\/div>\n\n<div class=\"row\"  id=\"row-1636335561\">\n\n\n\t<div id=\"col-384507674\" class=\"col small-12 large-12\"  >\n\t\t\t\t<div class=\"col-inner\"  >\n\t\t\t\n\t\t\t\n\n\t<div class=\"box has-hover   has-hover box-text-bottom\" >\n\n\t\t<div class=\"box-image\" >\n\t\t\t\t\t\t<div class=\"\" >\n\t\t\t\t<img loading=\"lazy\" decoding=\"async\" width=\"1600\" height=\"647\" src=\"https:\/\/osmangaziokullari.com\/yildirim-k\/wp-content\/uploads\/2020\/08\/yildirim-kampusu.jpg\" class=\"attachment- size-\" alt=\"\" srcset=\"https:\/\/osmangaziokullari.com\/yildirim-k\/wp-content\/uploads\/2020\/08\/yildirim-kampusu.jpg 1600w, https:\/\/osmangaziokullari.com\/yildirim-k\/wp-content\/uploads\/2020\/08\/yildirim-kampusu-300x121.jpg 300w, https:\/\/osmangaziokullari.com\/yildirim-k\/wp-content\/uploads\/2020\/08\/yildirim-kampusu-1024x414.jpg 1024w, https:\/\/osmangaziokullari.com\/yildirim-k\/wp-content\/uploads\/2020\/08\/yildirim-kampusu-768x310.jpg 768w, https:\/\/osmangaziokullari.com\/yildirim-k\/wp-content\/uploads\/2020\/08\/yildirim-kampusu-1536x621.jpg 1536w, https:\/\/osmangaziokullari.com\/yildirim-k\/wp-content\/uploads\/2020\/08\/yildirim-kampusu-510x206.jpg 510w\" sizes=\"auto, (max-width: 1600px) 100vw, 1600px\" \/>\t\t\t\t\t\t\t\t\t\t\t<\/div>\n\t\t\t\t\t<\/div>\n\n\t\t<div class=\"box-text text-center\" style=\"padding:20px 0px 0px 0px;\">\n\t\t\t<div class=\"box-text-inner\">\n\t\t\t\t\n\n<h6>Osmangazi Okullar\u0131<\/h6>\n<h3>Y\u0131ld\u0131r\u0131m Kamp\u00fcs\u00fc<\/h3>\n<table width=\"393\">\n\u0130ST\u0130KLAL MAH. CAM\u0130 SOK. NO:4 G\u00dcRSU BURSA\n\t<div id=\"gap-118959631\" class=\"gap-element clearfix\" style=\"display:block; height:auto;\">\n\t\t\n<style>\n#gap-118959631 {\n  padding-top: 20px;\n}\n<\/style>\n\t<\/div>\n\t\n\n<h6>Kamp\u00fcs \u0130leti\u015fim<\/h6>\n<p>02243761376<br \/>bilgi@osmangazi.k12.tr<\/p>\n\n\t\t\t<\/div>\n\t\t<\/div>\n\t<\/div>\n\t\n\n\t\t<\/div>\n\t\t\t\t\t<\/div>\n\n\t\n\n<\/div>\n\n\t\t<\/div>\n\t\t\t\t\n<style>\n#col-41023909 > .col-inner {\n  margin: -150px 0px 0px 0px;\n}\n<\/style>\n\t<\/div>\n\n\t\n\n<\/div>\n<div class=\"row align-center\"  id=\"row-2053314491\">\n\n\n\t<div id=\"col-1874261\" class=\"col medium-10 small-12 large-10\"  >\n\t\t\t\t<div class=\"col-inner\"  >\n\t\t\t\n\t\t\t\n\n\t<section class=\"section\" id=\"section_1680193412\">\n\t\t<div class=\"bg section-bg fill bg-fill  bg-loaded\" >\n\n\t\t\t\n\t\t\t\n\t\t\t\n\t<div class=\"is-border\"\n\t\tstyle=\"border-color:rgb(235, 235, 235);border-width:1px 1px 1px 1px;\">\n\t<\/div>\n\n\t\t<\/div>\n\n\t\t\n\n\t\t<div class=\"section-content relative\">\n\t\t\t\n\n<div class=\"row row-large\"  id=\"row-1404589466\">\n\n\n\t<div id=\"col-1625921614\" class=\"col medium-8 small-12 large-8\"  >\n\t\t\t\t<div class=\"col-inner\"  >\n\t\t\t\n\t\t\t\n\n<h3>Bize Ula\u015f\u0131n<\/h3>\n<p>A\u015fa\u011f\u0131daki formu doldurarak bize direk ula\u015fabilirsiniz.<\/p>\n\n<div class=\"wpcf7 no-js\" id=\"wpcf7-f8-o1\" lang=\"en-US\" dir=\"ltr\" data-wpcf7-id=\"8\">\n<div class=\"screen-reader-response\"><p role=\"status\" aria-live=\"polite\" aria-atomic=\"true\"><\/p> <ul><\/ul><\/div>\n<form action=\"\/yildirim-k\/wp-json\/wp\/v2\/pages\/2098#wpcf7-f8-o1\" method=\"post\" class=\"wpcf7-form init\" aria-label=\"Contact form\" novalidate=\"novalidate\" data-status=\"init\">\n<fieldset class=\"hidden-fields-container\"><input type=\"hidden\" name=\"_wpcf7\" value=\"8\" \/><input type=\"hidden\" name=\"_wpcf7_version\" value=\"6.1.4\" \/><input type=\"hidden\" name=\"_wpcf7_locale\" value=\"en_US\" \/><input type=\"hidden\" name=\"_wpcf7_unit_tag\" value=\"wpcf7-f8-o1\" \/><input type=\"hidden\" name=\"_wpcf7_container_post\" value=\"0\" \/><input type=\"hidden\" name=\"_wpcf7_posted_data_hash\" value=\"\" \/>\n<\/fieldset>\n<div class=\"form-flat\">\n\t<p><span class=\"wpcf7-form-control-wrap\" data-name=\"your-name\"><input size=\"40\" maxlength=\"400\" class=\"wpcf7-form-control wpcf7-text wpcf7-validates-as-required\" aria-required=\"true\" aria-invalid=\"false\" placeholder=\"\u0130sminiz\" value=\"\" type=\"text\" name=\"your-name\" \/><\/span>\n\t<\/p>\n\t<p><span class=\"wpcf7-form-control-wrap\" data-name=\"your-email\"><input size=\"40\" maxlength=\"400\" class=\"wpcf7-form-control wpcf7-email wpcf7-validates-as-required wpcf7-text wpcf7-validates-as-email\" aria-required=\"true\" aria-invalid=\"false\" placeholder=\"Eposta Adresiniz\" value=\"\" type=\"email\" name=\"your-email\" \/><\/span>\n\t<\/p>\n\t<p><span class=\"wpcf7-form-control-wrap\" data-name=\"your-message\"><textarea cols=\"40\" rows=\"10\" maxlength=\"2000\" class=\"wpcf7-form-control wpcf7-textarea\" aria-invalid=\"false\" placeholder=\"Mesaj\u0131n\u0131z\" name=\"your-message\"><\/textarea><\/span>\n\t<\/p>\n\t<p><input class=\"wpcf7-form-control wpcf7-submit has-spinner button\" type=\"submit\" value=\"G\u00f6nder\" \/>\n\t<\/p>\n<\/div><div class=\"wpcf7-response-output\" aria-hidden=\"true\"><\/div>\n<\/form>\n<\/div>\n\n\n\n\t\t<\/div>\n\t\t\t\t\t<\/div>\n\n\t\n\n\t<div id=\"col-1475132453\" class=\"col medium-4 small-12 large-4\"  >\n\t\t\t\t<div class=\"col-inner\"  >\n\t\t\t\n\t\t\t\n\n<h6>\u00c7aml\u0131ca Kamp\u00fcs\u00fc<\/h6>\n<p>Ertu\u011frul Mahallesi <br \/>Savc\u0131 Do\u011fan \u00d6z Caddesi <br \/>No:4 Nil\u00fcfer \/ BURSA<\/p>\n\t<div id=\"gap-647388202\" class=\"gap-element clearfix\" style=\"display:block; height:auto;\">\n\t\t\n<style>\n#gap-647388202 {\n  padding-top: 20px;\n}\n<\/style>\n\t<\/div>\n\t\n\n<div class=\"social-icons follow-icons\" style=\"font-size:80%\"><a href=\"#\" target=\"_blank\" data-label=\"Facebook\" rel=\"noopener noreferrer nofollow\" class=\"icon plain facebook tooltip\" title=\"Facebook' ta Takip Edin\" aria-label=\"Facebook&#039; ta Takip Edin\"><i class=\"icon-facebook\" ><\/i><\/a><a href=\"#\" target=\"_blank\" rel=\"noopener noreferrer nofollow\" data-label=\"Instagram\" class=\"icon plain  instagram tooltip\" title=\"Instagram' da Takip Edin\" aria-label=\"Instagram&#039; da Takip Edin\"><i class=\"icon-instagram\" ><\/i><\/a><a href=\"#\" target=\"_blank\" data-label=\"Twitter\" rel=\"noopener noreferrer nofollow\" class=\"icon plain  twitter tooltip\" title=\"Twitter' da Takip Edin\" aria-label=\"Twitter&#039; da Takip Edin\"><i class=\"icon-twitter\" ><\/i><\/a><a href=\"tel:#\" target=\"_blank\" data-label=\"Phone\" rel=\"noopener noreferrer nofollow\" class=\"icon plain  phone tooltip\" title=\"Call us\" aria-label=\"Call us\"><i class=\"icon-phone\" ><\/i><\/a><a href=\"#\" target=\"_blank\" rel=\"noopener noreferrer nofollow\"  data-label=\"Pinterest\"  class=\"icon plain  pinterest tooltip\" title=\"Pinterest' te Takip Edin\" aria-label=\"Pinterest&#039; te Takip Edin\"><i class=\"icon-pinterest\" ><\/i><\/a><a href=\"#\" target=\"_blank\" rel=\"noopener noreferrer nofollow\" data-label=\"LinkedIn\" class=\"icon plain  linkedin tooltip\" title=\"Follow on LinkedIn\" aria-label=\"Follow on LinkedIn\"><i class=\"icon-linkedin\" ><\/i><\/a><\/div>\n\n\n\t\t<\/div>\n\t\t\t\t\t<\/div>\n\n\t\n\n\n<style>\n#row-1404589466 > .col > .col-inner {\n  padding: 10px 10px 10px 10px;\n}\n@media (min-width:550px) {\n  #row-1404589466 > .col > .col-inner {\n    padding: 20px 20px 20px 20px;\n  }\n}\n<\/style>\n<\/div>\n\n\t\t<\/div>\n\n\t\t\n<style>\n#section_1680193412 {\n  padding-top: 30px;\n  padding-bottom: 30px;\n}\n#section_1680193412 .ux-shape-divider--top svg {\n  height: 150px;\n  --divider-top-width: 100%;\n}\n#section_1680193412 .ux-shape-divider--bottom svg {\n  height: 150px;\n  --divider-width: 100%;\n}\n<\/style>\n\t<\/section>\n\t\n\n\t\t<\/div>\n\t\t\t\t\n<style>\n#col-1874261 > .col-inner {\n  margin: 0px 0px 50px 0px;\n}\n<\/style>\n\t<\/div>\n\n\t\n\n<\/div>\n\n","protected":false},"excerpt":{"rendered":"","protected":false},"author":1,"featured_media":2263,"parent":0,"menu_order":0,"comment_status":"closed","ping_status":"closed","template":"page-transparent-header-light.php","meta":{"footnotes":""},"class_list":["post-2098","page","type-page","status-publish","has-post-thumbnail","hentry"],"_links":{"self":[{"href":"https:\/\/osmangaziokullari.com\/yildirim-k\/wp-json\/wp\/v2\/pages\/2098","targetHints":{"allow":["GET"]}}],"collection":[{"href":"https:\/\/osmangaziokullari.com\/yildirim-k\/wp-json\/wp\/v2\/pages"}],"about":[{"href":"https:\/\/osmangaziokullari.com\/yildirim-k\/wp-json\/wp\/v2\/types\/page"}],"author":[{"embeddable":true,"href":"https:\/\/osmangaziokullari.com\/yildirim-k\/wp-json\/wp\/v2\/users\/1"}],"replies":[{"embeddable":true,"href":"https:\/\/osmangaziokullari.com\/yildirim-k\/wp-json\/wp\/v2\/comments?post=2098"}],"version-history":[{"count":1,"href":"https:\/\/osmangaziokullari.com\/yildirim-k\/wp-json\/wp\/v2\/pages\/2098\/revisions"}],"predecessor-version":[{"id":2917,"href":"https:\/\/osmangaziokullari.com\/yildirim-k\/wp-json\/wp\/v2\/pages\/2098\/revisions\/2917"}],"wp:featuredmedia":[{"embeddable":true,"href":"https:\/\/osmangaziokullari.com\/yildirim-k\/wp-json\/wp\/v2\/media\/2263"}],"wp:attachment":[{"href":"https:\/\/osmangaziokullari.com\/yildirim-k\/wp-json\/wp\/v2\/media?parent=2098"}],"curies":[{"name":"wp","href":"https:\/\/api.w.org\/{rel}","templated":true}]}}