{"id":5072,"date":"2022-03-09T19:48:11","date_gmt":"2022-03-09T19:48:11","guid":{"rendered":"https:\/\/osmangaziokullari.com\/ozluce-k\/?page_id=5072"},"modified":"2022-03-11T17:35:42","modified_gmt":"2022-03-11T17:35:42","slug":"5e-sinifi","status":"publish","type":"page","link":"https:\/\/osmangaziokullari.com\/ozluce-k\/uzaktan-egitim\/5-siniflar\/5e-sinifi\/","title":{"rendered":"5E S\u0131n\u0131f\u0131"},"content":{"rendered":"","protected":true},"excerpt":{"rendered":"","protected":true},"author":3,"featured_media":0,"parent":2835,"menu_order":0,"comment_status":"closed","ping_status":"closed","template":"","meta":[],"_links":{"self":[{"href":"https:\/\/osmangaziokullari.com\/ozluce-k\/wp-json\/wp\/v2\/pages\/5072"}],"collection":[{"href":"https:\/\/osmangaziokullari.com\/ozluce-k\/wp-json\/wp\/v2\/pages"}],"about":[{"href":"https:\/\/osmangaziokullari.com\/ozluce-k\/wp-json\/wp\/v2\/types\/page"}],"author":[{"embeddable":true,"href":"https:\/\/osmangaziokullari.com\/ozluce-k\/wp-json\/wp\/v2\/users\/3"}],"replies":[{"embeddable":true,"href":"https:\/\/osmangaziokullari.com\/ozluce-k\/wp-json\/wp\/v2\/comments?post=5072"}],"version-history":[{"count":1,"href":"https:\/\/osmangaziokullari.com\/ozluce-k\/wp-json\/wp\/v2\/pages\/5072\/revisions"}],"predecessor-version":[{"id":5208,"href":"https:\/\/osmangaziokullari.com\/ozluce-k\/wp-json\/wp\/v2\/pages\/5072\/revisions\/5208"}],"up":[{"embeddable":true,"href":"https:\/\/osmangaziokullari.com\/ozluce-k\/wp-json\/wp\/v2\/pages\/2835"}],"wp:attachment":[{"href":"https:\/\/osmangaziokullari.com\/ozluce-k\/wp-json\/wp\/v2\/media?parent=5072"}],"curies":[{"name":"wp","href":"https:\/\/api.w.org\/{rel}","templated":true}]}}