{"id":356,"date":"2020-07-06T18:01:08","date_gmt":"2020-07-06T15:01:08","guid":{"rendered":"http:\/\/46.101.184.248\/?page_id=356"},"modified":"2020-07-06T18:01:08","modified_gmt":"2020-07-06T15:01:08","slug":"flografi","status":"publish","type":"page","link":"https:\/\/osmangaziokullari.com\/ozluce-k\/yetenek-atolyeleri\/flografi\/","title":{"rendered":"Flografi"},"content":{"rendered":"\n<div class=\"row\"  id=\"row-1476846823\">\n\n\n\t<div id=\"col-1634093446\" class=\"col small-12 large-12\"  >\n\t\t\t\t<div class=\"col-inner\"  >\n\t\t\t\n\t\t\t\n\n<p class=\"lead\">3, 4, 5, 6 ve 7. s\u0131n\u0131f seviyelerinde 15 \u00f6\u011frenci kontenjan\u0131ndan olu\u015fur.<\/p>\n\n\t\t<\/div>\n\t\t\t\t\t<\/div>\n\n\t\n\n\t<div id=\"col-61326179\" class=\"col medium-6 small-12 large-6\"  >\n\t\t\t\t<div class=\"col-inner\"  >\n\t\t\t\n\t\t\t\n\n<p>Filografi, ah\u015fap bir zemin \u00fczerine \u00e7ak\u0131lm\u0131\u015f \u00e7iviler aras\u0131nda teller ge\u00e7irilerek belli \u00f6rg\u00fc teknikleri kullan\u0131larak \u00e7e\u015fitli desenler meydana getirilme sanat\u0131d\u0131r. Bu sanat dal\u0131, zorlu\u011fu ve sab\u0131r gerektirmesi nedeni ile az uygulanmakta olup b\u00fct\u00fcn d\u00fcnyada unutulmak \u00fczeredir. Filografide, belli \u00f6rg\u00fc teknikleri kullan\u0131larak hat yaz\u0131lar\u0131, simetrik desenler, amblemler, \u00e7i\u00e7ekler ve \u00e7izgi film karakterleri panolar haline getirilebilmektedir. At\u00f6lye i\u00e7erisinde kullan\u0131lan malzemeler \u00f6\u011frenciler taraf\u0131ndan temin edilir.<\/p>\n\n\t\t<\/div>\n\t\t\t\t\t<\/div>\n\n\t\n\n\t<div id=\"col-1632440787\" class=\"col medium-6 small-12 large-6 small-col-first\"  >\n\t\t\t\t<div class=\"col-inner\"  >\n\t\t\t\n\t\t\t\n\n\t<div class=\"img has-hover x md-x lg-x y md-y lg-y\" id=\"image_1932279345\">\n\t\t\t\t\t\t\t\t<div class=\"img-inner box-shadow-2 dark\" >\n\t\t\t<img width=\"400\" height=\"300\" src=\"https:\/\/osmangaziokullari.com\/ozluce-k\/wp-content\/uploads\/2020\/07\/okuma-yarismasi-102-2.jpg\" class=\"attachment-original size-original\" alt=\"\" loading=\"lazy\" srcset=\"https:\/\/osmangaziokullari.com\/ozluce-k\/wp-content\/uploads\/2020\/07\/okuma-yarismasi-102-2.jpg 400w, https:\/\/osmangaziokullari.com\/ozluce-k\/wp-content\/uploads\/2020\/07\/okuma-yarismasi-102-2-300x225.jpg 300w\" sizes=\"(max-width: 400px) 100vw, 400px\" \/>\t\t\t\t\t\t\n\t\t\t\t\t<\/div>\n\t\t\t\t\t\t\t\t\n<style>\n#image_1932279345 {\n  width: 100%;\n}\n<\/style>\n\t<\/div>\n\t\n\n\n\t\t<\/div>\n\t\t\t\t\t<\/div>\n\n\t\n\n<\/div>\n\n  \n    <div class=\"row  lightbox-multi-gallery large-columns-2 medium-columns- small-columns-\">\n          <div class=\"gallery-col col\" >\n          <div class=\"col-inner\">\n            <a class=\"\" href=\"https:\/\/osmangaziokullari.com\/ozluce-k\/wp-content\/uploads\/2020\/07\/okuma-yarismasi-101-2.jpg\" title=\"\">            <div class=\"box has-hover gallery-box box-none\">\n              <div class=\"box-image image-cover\" style=\"padding-top:56.25%;\">\n                <img width=\"169\" height=\"300\" src=\"https:\/\/osmangaziokullari.com\/ozluce-k\/wp-content\/uploads\/2020\/07\/okuma-yarismasi-101-2-169x300.jpg\" class=\"attachment-medium size-medium\" alt=\"\" loading=\"lazy\" ids=\"361,360\" style=\"none\" lightbox_image_size=\"original\" columns=\"2\" image_height=\"56.25%\" srcset=\"https:\/\/osmangaziokullari.com\/ozluce-k\/wp-content\/uploads\/2020\/07\/okuma-yarismasi-101-2-169x300.jpg 169w, https:\/\/osmangaziokullari.com\/ozluce-k\/wp-content\/uploads\/2020\/07\/okuma-yarismasi-101-2.jpg 338w\" sizes=\"(max-width: 169px) 100vw, 169px\" \/>                                                              <\/div>\n              <div class=\"box-text text-left\" >\n                 <p><\/p>\n              <\/div>\n            <\/div>\n            <\/a>          <\/div>\n         <\/div>\n                 <div class=\"gallery-col col\" >\n          <div class=\"col-inner\">\n            <a class=\"\" href=\"https:\/\/osmangaziokullari.com\/ozluce-k\/wp-content\/uploads\/2020\/07\/okuma-yarismasi-100-2.jpg\" title=\"\">            <div class=\"box has-hover gallery-box box-none\">\n              <div class=\"box-image image-cover\" style=\"padding-top:56.25%;\">\n                <img width=\"300\" height=\"200\" src=\"https:\/\/osmangaziokullari.com\/ozluce-k\/wp-content\/uploads\/2020\/07\/okuma-yarismasi-100-2-300x200.jpg\" class=\"attachment-medium size-medium\" alt=\"\" loading=\"lazy\" ids=\"361,360\" style=\"none\" lightbox_image_size=\"original\" columns=\"2\" image_height=\"56.25%\" srcset=\"https:\/\/osmangaziokullari.com\/ozluce-k\/wp-content\/uploads\/2020\/07\/okuma-yarismasi-100-2-300x200.jpg 300w, https:\/\/osmangaziokullari.com\/ozluce-k\/wp-content\/uploads\/2020\/07\/okuma-yarismasi-100-2-768x511.jpg 768w, https:\/\/osmangaziokullari.com\/ozluce-k\/wp-content\/uploads\/2020\/07\/okuma-yarismasi-100-2-510x339.jpg 510w, https:\/\/osmangaziokullari.com\/ozluce-k\/wp-content\/uploads\/2020\/07\/okuma-yarismasi-100-2.jpg 800w\" sizes=\"(max-width: 300px) 100vw, 300px\" \/>                                                              <\/div>\n              <div class=\"box-text text-left\" >\n                 <p><\/p>\n              <\/div>\n            <\/div>\n            <\/a>          <\/div>\n         <\/div>\n         <\/div>\n\n\n","protected":false},"excerpt":{"rendered":"","protected":false},"author":1,"featured_media":362,"parent":297,"menu_order":0,"comment_status":"closed","ping_status":"closed","template":"page-blank-sub-nav-vertical.php","meta":[],"_links":{"self":[{"href":"https:\/\/osmangaziokullari.com\/ozluce-k\/wp-json\/wp\/v2\/pages\/356"}],"collection":[{"href":"https:\/\/osmangaziokullari.com\/ozluce-k\/wp-json\/wp\/v2\/pages"}],"about":[{"href":"https:\/\/osmangaziokullari.com\/ozluce-k\/wp-json\/wp\/v2\/types\/page"}],"author":[{"embeddable":true,"href":"https:\/\/osmangaziokullari.com\/ozluce-k\/wp-json\/wp\/v2\/users\/1"}],"replies":[{"embeddable":true,"href":"https:\/\/osmangaziokullari.com\/ozluce-k\/wp-json\/wp\/v2\/comments?post=356"}],"version-history":[{"count":0,"href":"https:\/\/osmangaziokullari.com\/ozluce-k\/wp-json\/wp\/v2\/pages\/356\/revisions"}],"up":[{"embeddable":true,"href":"https:\/\/osmangaziokullari.com\/ozluce-k\/wp-json\/wp\/v2\/pages\/297"}],"wp:featuredmedia":[{"embeddable":true,"href":"https:\/\/osmangaziokullari.com\/ozluce-k\/wp-json\/wp\/v2\/media\/362"}],"wp:attachment":[{"href":"https:\/\/osmangaziokullari.com\/ozluce-k\/wp-json\/wp\/v2\/media?parent=356"}],"curies":[{"name":"wp","href":"https:\/\/api.w.org\/{rel}","templated":true}]}}