{"id":297,"date":"2020-07-06T15:00:54","date_gmt":"2020-07-06T12:00:54","guid":{"rendered":"http:\/\/46.101.184.248\/?page_id=297"},"modified":"2020-07-06T15:00:54","modified_gmt":"2020-07-06T12:00:54","slug":"yetenek-atolyeleri","status":"publish","type":"page","link":"https:\/\/osmangaziokullari.com\/ozluce-k\/yetenek-atolyeleri\/","title":{"rendered":"Yetenek At\u00f6lyeleri"},"content":{"rendered":"\n\t<section class=\"section dark\" id=\"section_129904977\">\n\t\t<div class=\"bg section-bg fill bg-fill  \" >\n\n\t\t\t\n\t\t\t<button class=\"scroll-for-more z-5 icon absolute bottom h-center\" aria-label=\"Scroll for more\"><i class=\"icon-angle-down\" style=\"font-size:42px;\"><\/i><\/button>\n\t\t\t\n\n\t\t<\/div>\n\n\t\t<div class=\"section-content relative\">\n\t\t\t\n\n<div class=\"row\"  id=\"row-417977252\">\n\n\n\t<div id=\"col-314454705\" class=\"col small-12 large-12\"  >\n\t\t\t\t<div class=\"col-inner text-center\"  >\n\t\t\t\n\t\t\t\n\n\t<div id=\"gap-183623848\" class=\"gap-element clearfix\" style=\"display:block; height:auto;\">\n\t\t\n<style>\n#gap-183623848 {\n  padding-top: 112px;\n}\n<\/style>\n\t<\/div>\n\t\n\n<h2 class=\"uppercase\" style=\"font-size: 300%;\">Yetenek At\u00f6lyeleri<\/h2>\n<h3>Osmangazi Okullar\u0131<\/h3>\n\n\t\t<\/div>\n\t\t\t\t\n<style>\n#col-314454705 > .col-inner {\n  margin: 0px 0px -15px 0px;\n}\n<\/style>\n\t<\/div>\n\n\t\n\n<\/div>\n<div class=\"row row-collapse align-center\"  id=\"row-388626641\">\n\n\n\t<div id=\"col-755990449\" class=\"col medium-7 small-12 large-7\"  >\n\t\t\t\t<div class=\"col-inner\"  >\n\t\t\t\n\t\t\t\n\n<div class=\"row row-collapse\"  id=\"row-2110327204\">\n\n\n\t<div id=\"col-1510684186\" class=\"col medium-6 small-12 large-6\"  >\n\t\t\t\t<div class=\"col-inner\"  >\n\t\t\t\n\t\t\t\n\n<a class=\"button success expand\"  style=\"border-radius:5px;\">\n    <span>T\u00fcm At\u00f6lyeler<\/span>\n  <\/a>\n\n\n\n\t\t<\/div>\n\t\t\t\t\t<\/div>\n\n\t\n\n\t<div id=\"col-1744672867\" class=\"col medium-6 small-12 large-6\"  >\n\t\t\t\t<div class=\"col-inner\"  >\n\t\t\t\n\t\t\t\n\n<a class=\"button alert expand\"  style=\"border-radius:5px;\">\n    <span>Kontenjanlar<\/span>\n  <\/a>\n\n\n\n\t\t<\/div>\n\t\t\t\t\t<\/div>\n\n\t\n\n\n<style>\n#row-2110327204 > .col > .col-inner {\n  padding: 0px 15px 0px 15px;\n}\n@media (min-width:550px) {\n  #row-2110327204 > .col > .col-inner {\n    padding: 0px 5px 0px 5px;\n  }\n}\n<\/style>\n<\/div>\n\n\t\t<\/div>\n\t\t\t\t\t<\/div>\n\n\t\n\n<\/div>\n\n\t\t<\/div>\n\n\t\t\n<style>\n#section_129904977 {\n  padding-top: 131px;\n  padding-bottom: 131px;\n  min-height: 600px;\n}\n#section_129904977 .section-bg.bg-loaded {\n  background-image: url(https:\/\/osmangaziokullari.com\/ozluce-k\/wp-content\/uploads\/2020\/07\/mike-meyers-LcZnOtKtOUc-unsplash-edited-2-1024x482-1.jpg);\n}\n#section_129904977 .section-bg {\n  background-position: 62% 61%;\n}\n@media (min-width:550px) {\n  #section_129904977 {\n    min-height: 567px;\n  }\n}\n<\/style>\n\t<\/section>\n\t\n\t<div id=\"gap-767521192\" class=\"gap-element clearfix\" style=\"display:block; height:auto;\">\n\t\t\n<style>\n#gap-767521192 {\n  padding-top: 30px;\n}\n<\/style>\n\t<\/div>\n\t\n\n\n  \n    <div class=\"row large-columns-4 medium-columns-3 small-columns-2 row-xsmall\">\n          <div class=\"page-col col\" >\n          <div class=\"col-inner\" >\n          <a class=\"plain\" href=\"https:\/\/osmangaziokullari.com\/ozluce-k\/yetenek-atolyeleri\/organik-yasam\/\" title=\"Organik Ya\u015fam\" target=\"\">\n            <div class=\"page-box box has-hover\">\n                  <div class=\"box-image\" >\n                      <div class=\"box-image image-cover\" style=\"padding-top:56.25%;\">\n                      <img width=\"300\" height=\"169\" src=\"https:\/\/osmangaziokullari.com\/ozluce-k\/wp-content\/uploads\/2020\/07\/organik-yasam-300x169.jpg\" class=\"attachment-medium size-medium\" alt=\"\" loading=\"lazy\" srcset=\"https:\/\/osmangaziokullari.com\/ozluce-k\/wp-content\/uploads\/2020\/07\/organik-yasam-300x169.jpg 300w, https:\/\/osmangaziokullari.com\/ozluce-k\/wp-content\/uploads\/2020\/07\/organik-yasam-1024x576.jpg 1024w, https:\/\/osmangaziokullari.com\/ozluce-k\/wp-content\/uploads\/2020\/07\/organik-yasam-768x432.jpg 768w, https:\/\/osmangaziokullari.com\/ozluce-k\/wp-content\/uploads\/2020\/07\/organik-yasam-1536x864.jpg 1536w, https:\/\/osmangaziokullari.com\/ozluce-k\/wp-content\/uploads\/2020\/07\/organik-yasam-510x287.jpg 510w, https:\/\/osmangaziokullari.com\/ozluce-k\/wp-content\/uploads\/2020\/07\/organik-yasam.jpg 1600w\" sizes=\"(max-width: 300px) 100vw, 300px\" \/>                      <\/div>\n                                                              <\/div>\n                  <div class=\"box-text text-left\" >\n                        <div class=\"box-text-inner\">\n                            <p>Organik Ya\u015fam<\/p>\n                        <\/div>\n                  <\/div>\n              <\/div>\n            <\/a>\n            <\/div>\n          <\/div>\n                 <div class=\"page-col col\" >\n          <div class=\"col-inner\" >\n          <a class=\"plain\" href=\"https:\/\/osmangaziokullari.com\/ozluce-k\/yetenek-atolyeleri\/karma-el-sanatlari\/\" title=\"Karma El Sanatlar\u0131\" target=\"\">\n            <div class=\"page-box box has-hover\">\n                  <div class=\"box-image\" >\n                      <div class=\"box-image image-cover\" style=\"padding-top:56.25%;\">\n                      <img width=\"300\" height=\"169\" src=\"https:\/\/osmangaziokullari.com\/ozluce-k\/wp-content\/uploads\/2020\/07\/karma-el-sanatlari-300x169.jpg\" class=\"attachment-medium size-medium\" alt=\"\" loading=\"lazy\" srcset=\"https:\/\/osmangaziokullari.com\/ozluce-k\/wp-content\/uploads\/2020\/07\/karma-el-sanatlari-300x169.jpg 300w, https:\/\/osmangaziokullari.com\/ozluce-k\/wp-content\/uploads\/2020\/07\/karma-el-sanatlari-1024x576.jpg 1024w, https:\/\/osmangaziokullari.com\/ozluce-k\/wp-content\/uploads\/2020\/07\/karma-el-sanatlari-768x432.jpg 768w, https:\/\/osmangaziokullari.com\/ozluce-k\/wp-content\/uploads\/2020\/07\/karma-el-sanatlari-1536x864.jpg 1536w, https:\/\/osmangaziokullari.com\/ozluce-k\/wp-content\/uploads\/2020\/07\/karma-el-sanatlari-510x287.jpg 510w, https:\/\/osmangaziokullari.com\/ozluce-k\/wp-content\/uploads\/2020\/07\/karma-el-sanatlari.jpg 1600w\" sizes=\"(max-width: 300px) 100vw, 300px\" \/>                      <\/div>\n                                                              <\/div>\n                  <div class=\"box-text text-left\" >\n                        <div class=\"box-text-inner\">\n                            <p>Karma El Sanatlar\u0131<\/p>\n                        <\/div>\n                  <\/div>\n              <\/div>\n            <\/a>\n            <\/div>\n          <\/div>\n                 <div class=\"page-col col\" >\n          <div class=\"col-inner\" >\n          <a class=\"plain\" href=\"https:\/\/osmangaziokullari.com\/ozluce-k\/yetenek-atolyeleri\/flografi\/\" title=\"Flografi\" target=\"\">\n            <div class=\"page-box box has-hover\">\n                  <div class=\"box-image\" >\n                      <div class=\"box-image image-cover\" style=\"padding-top:56.25%;\">\n                      <img width=\"300\" height=\"225\" src=\"https:\/\/osmangaziokullari.com\/ozluce-k\/wp-content\/uploads\/2020\/07\/okuma-yarismasi-102-2-300x225.jpg\" class=\"attachment-medium size-medium\" alt=\"\" loading=\"lazy\" srcset=\"https:\/\/osmangaziokullari.com\/ozluce-k\/wp-content\/uploads\/2020\/07\/okuma-yarismasi-102-2-300x225.jpg 300w, https:\/\/osmangaziokullari.com\/ozluce-k\/wp-content\/uploads\/2020\/07\/okuma-yarismasi-102-2.jpg 400w\" sizes=\"(max-width: 300px) 100vw, 300px\" \/>                      <\/div>\n                                                              <\/div>\n                  <div class=\"box-text text-left\" >\n                        <div class=\"box-text-inner\">\n                            <p>Flografi<\/p>\n                        <\/div>\n                  <\/div>\n              <\/div>\n            <\/a>\n            <\/div>\n          <\/div>\n                 <div class=\"page-col col\" >\n          <div class=\"col-inner\" >\n          <a class=\"plain\" href=\"https:\/\/osmangaziokullari.com\/ozluce-k\/yetenek-atolyeleri\/strateji-ve-akil-oyunlari\/\" title=\"Strateji ve Ak\u0131l Oyunlar\u0131\" target=\"\">\n            <div class=\"page-box box has-hover\">\n                  <div class=\"box-image\" >\n                      <div class=\"box-image image-cover\" style=\"padding-top:56.25%;\">\n                      <img width=\"300\" height=\"169\" src=\"https:\/\/osmangaziokullari.com\/ozluce-k\/wp-content\/uploads\/2020\/07\/stratejil-300x169.jpg\" class=\"attachment-medium size-medium\" alt=\"\" loading=\"lazy\" srcset=\"https:\/\/osmangaziokullari.com\/ozluce-k\/wp-content\/uploads\/2020\/07\/stratejil-300x169.jpg 300w, https:\/\/osmangaziokullari.com\/ozluce-k\/wp-content\/uploads\/2020\/07\/stratejil-1024x576.jpg 1024w, https:\/\/osmangaziokullari.com\/ozluce-k\/wp-content\/uploads\/2020\/07\/stratejil-768x432.jpg 768w, https:\/\/osmangaziokullari.com\/ozluce-k\/wp-content\/uploads\/2020\/07\/stratejil-510x287.jpg 510w, https:\/\/osmangaziokullari.com\/ozluce-k\/wp-content\/uploads\/2020\/07\/stratejil.jpg 1440w\" sizes=\"(max-width: 300px) 100vw, 300px\" \/>                      <\/div>\n                                                              <\/div>\n                  <div class=\"box-text text-left\" >\n                        <div class=\"box-text-inner\">\n                            <p>Strateji ve Ak\u0131l Oyunlar\u0131<\/p>\n                        <\/div>\n                  <\/div>\n              <\/div>\n            <\/a>\n            <\/div>\n          <\/div>\n                 <div class=\"page-col col\" >\n          <div class=\"col-inner\" >\n          <a class=\"plain\" href=\"https:\/\/osmangaziokullari.com\/ozluce-k\/yetenek-atolyeleri\/fotografcilik\/\" title=\"Foto\u011fraf\u00e7\u0131l\u0131k\" target=\"\">\n            <div class=\"page-box box has-hover\">\n                  <div class=\"box-image\" >\n                      <div class=\"box-image image-cover\" style=\"padding-top:56.25%;\">\n                      <img width=\"300\" height=\"200\" src=\"https:\/\/osmangaziokullari.com\/ozluce-k\/wp-content\/uploads\/2020\/08\/osmangazi-fotograf-300x200.jpg\" class=\"attachment-medium size-medium\" alt=\"\" loading=\"lazy\" srcset=\"https:\/\/osmangaziokullari.com\/ozluce-k\/wp-content\/uploads\/2020\/08\/osmangazi-fotograf-300x200.jpg 300w, https:\/\/osmangaziokullari.com\/ozluce-k\/wp-content\/uploads\/2020\/08\/osmangazi-fotograf-1024x683.jpg 1024w, https:\/\/osmangaziokullari.com\/ozluce-k\/wp-content\/uploads\/2020\/08\/osmangazi-fotograf-768x512.jpg 768w, https:\/\/osmangaziokullari.com\/ozluce-k\/wp-content\/uploads\/2020\/08\/osmangazi-fotograf-510x340.jpg 510w, https:\/\/osmangaziokullari.com\/ozluce-k\/wp-content\/uploads\/2020\/08\/osmangazi-fotograf.jpg 1080w\" sizes=\"(max-width: 300px) 100vw, 300px\" \/>                      <\/div>\n                                                              <\/div>\n                  <div class=\"box-text text-left\" >\n                        <div class=\"box-text-inner\">\n                            <p>Foto\u011fraf\u00e7\u0131l\u0131k<\/p>\n                        <\/div>\n                  <\/div>\n              <\/div>\n            <\/a>\n            <\/div>\n          <\/div>\n                 <div class=\"page-col col\" >\n          <div class=\"col-inner\" >\n          <a class=\"plain\" href=\"https:\/\/osmangaziokullari.com\/ozluce-k\/yetenek-atolyeleri\/kaligrafi-yazi-bilimi\/\" title=\"Kaligrafi \"Yaz\u0131 Bilimi\"\" target=\"\">\n            <div class=\"page-box box has-hover\">\n                  <div class=\"box-image\" >\n                      <div class=\"box-image image-cover\" style=\"padding-top:56.25%;\">\n                      <img width=\"300\" height=\"247\" src=\"https:\/\/osmangaziokullari.com\/ozluce-k\/wp-content\/uploads\/2020\/08\/kalifrafi-003-1-300x247.jpg\" class=\"attachment-medium size-medium\" alt=\"\" loading=\"lazy\" srcset=\"https:\/\/osmangaziokullari.com\/ozluce-k\/wp-content\/uploads\/2020\/08\/kalifrafi-003-1-300x247.jpg 300w, https:\/\/osmangaziokullari.com\/ozluce-k\/wp-content\/uploads\/2020\/08\/kalifrafi-003-1-510x420.jpg 510w, https:\/\/osmangaziokullari.com\/ozluce-k\/wp-content\/uploads\/2020\/08\/kalifrafi-003-1.jpg 728w\" sizes=\"(max-width: 300px) 100vw, 300px\" \/>                      <\/div>\n                                                              <\/div>\n                  <div class=\"box-text text-left\" >\n                        <div class=\"box-text-inner\">\n                            <p>Kaligrafi \"Yaz\u0131 Bilimi\"<\/p>\n                        <\/div>\n                  <\/div>\n              <\/div>\n            <\/a>\n            <\/div>\n          <\/div>\n                 <div class=\"page-col col\" >\n          <div class=\"col-inner\" >\n          <a class=\"plain\" href=\"https:\/\/osmangaziokullari.com\/ozluce-k\/yetenek-atolyeleri\/kagittan-hayaller\/\" title=\"Ka\u011f\u0131ttan Hayaller\" target=\"\">\n            <div class=\"page-box box has-hover\">\n                  <div class=\"box-image\" >\n                      <div class=\"box-image image-cover\" style=\"padding-top:56.25%;\">\n                      <img width=\"300\" height=\"300\" src=\"https:\/\/osmangaziokullari.com\/ozluce-k\/wp-content\/uploads\/2020\/08\/kagittan-hayaller003-300x300.jpg\" class=\"attachment-medium size-medium\" alt=\"\" loading=\"lazy\" srcset=\"https:\/\/osmangaziokullari.com\/ozluce-k\/wp-content\/uploads\/2020\/08\/kagittan-hayaller003-300x300.jpg 300w, https:\/\/osmangaziokullari.com\/ozluce-k\/wp-content\/uploads\/2020\/08\/kagittan-hayaller003-150x150.jpg 150w, https:\/\/osmangaziokullari.com\/ozluce-k\/wp-content\/uploads\/2020\/08\/kagittan-hayaller003-250x250.jpg 250w, https:\/\/osmangaziokullari.com\/ozluce-k\/wp-content\/uploads\/2020\/08\/kagittan-hayaller003-510x510.jpg 510w, https:\/\/osmangaziokullari.com\/ozluce-k\/wp-content\/uploads\/2020\/08\/kagittan-hayaller003-100x100.jpg 100w, https:\/\/osmangaziokullari.com\/ozluce-k\/wp-content\/uploads\/2020\/08\/kagittan-hayaller003.jpg 600w\" sizes=\"(max-width: 300px) 100vw, 300px\" \/>                      <\/div>\n                                                              <\/div>\n                  <div class=\"box-text text-left\" >\n                        <div class=\"box-text-inner\">\n                            <p>Ka\u011f\u0131ttan Hayaller<\/p>\n                        <\/div>\n                  <\/div>\n              <\/div>\n            <\/a>\n            <\/div>\n          <\/div>\n                 <div class=\"page-col col\" >\n          <div class=\"col-inner\" >\n          <a class=\"plain\" href=\"https:\/\/osmangaziokullari.com\/ozluce-k\/yetenek-atolyeleri\/origami\/\" title=\"Origami\" target=\"\">\n            <div class=\"page-box box has-hover\">\n                  <div class=\"box-image\" >\n                      <div class=\"box-image image-cover\" style=\"padding-top:56.25%;\">\n                      <img width=\"300\" height=\"211\" src=\"https:\/\/osmangaziokullari.com\/ozluce-k\/wp-content\/uploads\/2020\/08\/origami-001-300x211.jpg\" class=\"attachment-medium size-medium\" alt=\"\" loading=\"lazy\" srcset=\"https:\/\/osmangaziokullari.com\/ozluce-k\/wp-content\/uploads\/2020\/08\/origami-001-300x211.jpg 300w, https:\/\/osmangaziokullari.com\/ozluce-k\/wp-content\/uploads\/2020\/08\/origami-001-768x540.jpg 768w, https:\/\/osmangaziokullari.com\/ozluce-k\/wp-content\/uploads\/2020\/08\/origami-001-510x358.jpg 510w, https:\/\/osmangaziokullari.com\/ozluce-k\/wp-content\/uploads\/2020\/08\/origami-001.jpg 800w\" sizes=\"(max-width: 300px) 100vw, 300px\" \/>                      <\/div>\n                                                              <\/div>\n                  <div class=\"box-text text-left\" >\n                        <div class=\"box-text-inner\">\n                            <p>Origami<\/p>\n                        <\/div>\n                  <\/div>\n              <\/div>\n            <\/a>\n            <\/div>\n          <\/div>\n                 <div class=\"page-col col\" >\n          <div class=\"col-inner\" >\n          <a class=\"plain\" href=\"https:\/\/osmangaziokullari.com\/ozluce-k\/yetenek-atolyeleri\/genc-senaristler\/\" title=\"Gen\u00e7 Senaristler\" target=\"\">\n            <div class=\"page-box box has-hover\">\n                  <div class=\"box-image\" >\n                      <div class=\"box-image image-cover\" style=\"padding-top:56.25%;\">\n                      <img width=\"300\" height=\"200\" src=\"https:\/\/osmangaziokullari.com\/ozluce-k\/wp-content\/uploads\/2020\/08\/genc-senaristler-004-300x200.jpg\" class=\"attachment-medium size-medium\" alt=\"\" loading=\"lazy\" srcset=\"https:\/\/osmangaziokullari.com\/ozluce-k\/wp-content\/uploads\/2020\/08\/genc-senaristler-004-300x200.jpg 300w, https:\/\/osmangaziokullari.com\/ozluce-k\/wp-content\/uploads\/2020\/08\/genc-senaristler-004-768x513.jpg 768w, https:\/\/osmangaziokullari.com\/ozluce-k\/wp-content\/uploads\/2020\/08\/genc-senaristler-004-510x340.jpg 510w, https:\/\/osmangaziokullari.com\/ozluce-k\/wp-content\/uploads\/2020\/08\/genc-senaristler-004.jpg 800w\" sizes=\"(max-width: 300px) 100vw, 300px\" \/>                      <\/div>\n                                                              <\/div>\n                  <div class=\"box-text text-left\" >\n                        <div class=\"box-text-inner\">\n                            <p>Gen\u00e7 Senaristler<\/p>\n                        <\/div>\n                  <\/div>\n              <\/div>\n            <\/a>\n            <\/div>\n          <\/div>\n                 <div class=\"page-col col\" >\n          <div class=\"col-inner\" >\n          <a class=\"plain\" href=\"https:\/\/osmangaziokullari.com\/ozluce-k\/yetenek-atolyeleri\/yetenekli-eller-atolyesi\/\" title=\"Yetenekli Eller At\u00f6lyesi\" target=\"\">\n            <div class=\"page-box box has-hover\">\n                  <div class=\"box-image\" >\n                      <div class=\"box-image image-cover\" style=\"padding-top:56.25%;\">\n                      <img width=\"274\" height=\"300\" src=\"https:\/\/osmangaziokullari.com\/ozluce-k\/wp-content\/uploads\/2020\/08\/yetenekli-eller-atolyesi002-274x300.jpg\" class=\"attachment-medium size-medium\" alt=\"\" loading=\"lazy\" srcset=\"https:\/\/osmangaziokullari.com\/ozluce-k\/wp-content\/uploads\/2020\/08\/yetenekli-eller-atolyesi002-274x300.jpg 274w, https:\/\/osmangaziokullari.com\/ozluce-k\/wp-content\/uploads\/2020\/08\/yetenekli-eller-atolyesi002-510x559.jpg 510w, https:\/\/osmangaziokullari.com\/ozluce-k\/wp-content\/uploads\/2020\/08\/yetenekli-eller-atolyesi002.jpg 547w\" sizes=\"(max-width: 274px) 100vw, 274px\" \/>                      <\/div>\n                                                              <\/div>\n                  <div class=\"box-text text-left\" >\n                        <div class=\"box-text-inner\">\n                            <p>Yetenekli Eller At\u00f6lyesi<\/p>\n                        <\/div>\n                  <\/div>\n              <\/div>\n            <\/a>\n            <\/div>\n          <\/div>\n                 <div class=\"page-col col\" >\n          <div class=\"col-inner\" >\n          <a class=\"plain\" href=\"https:\/\/osmangaziokullari.com\/ozluce-k\/yetenek-atolyeleri\/dikis-nakis-atolyesi\/\" title=\"Diki\u015f-Nak\u0131\u015f At\u00f6lyesi\" target=\"\">\n            <div class=\"page-box box has-hover\">\n                  <div class=\"box-image\" >\n                      <div class=\"box-image image-cover\" style=\"padding-top:56.25%;\">\n                      <img width=\"300\" height=\"300\" src=\"https:\/\/osmangaziokullari.com\/ozluce-k\/wp-content\/uploads\/2020\/08\/dikis-nakis-atolyesi004-300x300.jpg\" class=\"attachment-medium size-medium\" alt=\"\" loading=\"lazy\" srcset=\"https:\/\/osmangaziokullari.com\/ozluce-k\/wp-content\/uploads\/2020\/08\/dikis-nakis-atolyesi004-300x300.jpg 300w, https:\/\/osmangaziokullari.com\/ozluce-k\/wp-content\/uploads\/2020\/08\/dikis-nakis-atolyesi004-150x150.jpg 150w, https:\/\/osmangaziokullari.com\/ozluce-k\/wp-content\/uploads\/2020\/08\/dikis-nakis-atolyesi004-250x250.jpg 250w, https:\/\/osmangaziokullari.com\/ozluce-k\/wp-content\/uploads\/2020\/08\/dikis-nakis-atolyesi004-510x510.jpg 510w, https:\/\/osmangaziokullari.com\/ozluce-k\/wp-content\/uploads\/2020\/08\/dikis-nakis-atolyesi004-100x100.jpg 100w, https:\/\/osmangaziokullari.com\/ozluce-k\/wp-content\/uploads\/2020\/08\/dikis-nakis-atolyesi004.jpg 600w\" sizes=\"(max-width: 300px) 100vw, 300px\" \/>                      <\/div>\n                                                              <\/div>\n                  <div class=\"box-text text-left\" >\n                        <div class=\"box-text-inner\">\n                            <p>Diki\u015f-Nak\u0131\u015f At\u00f6lyesi<\/p>\n                        <\/div>\n                  <\/div>\n              <\/div>\n            <\/a>\n            <\/div>\n          <\/div>\n         <\/div>\n\n\n","protected":false},"excerpt":{"rendered":"","protected":false},"author":1,"featured_media":301,"parent":0,"menu_order":0,"comment_status":"closed","ping_status":"closed","template":"page-transparent-header-light.php","meta":[],"_links":{"self":[{"href":"https:\/\/osmangaziokullari.com\/ozluce-k\/wp-json\/wp\/v2\/pages\/297"}],"collection":[{"href":"https:\/\/osmangaziokullari.com\/ozluce-k\/wp-json\/wp\/v2\/pages"}],"about":[{"href":"https:\/\/osmangaziokullari.com\/ozluce-k\/wp-json\/wp\/v2\/types\/page"}],"author":[{"embeddable":true,"href":"https:\/\/osmangaziokullari.com\/ozluce-k\/wp-json\/wp\/v2\/users\/1"}],"replies":[{"embeddable":true,"href":"https:\/\/osmangaziokullari.com\/ozluce-k\/wp-json\/wp\/v2\/comments?post=297"}],"version-history":[{"count":0,"href":"https:\/\/osmangaziokullari.com\/ozluce-k\/wp-json\/wp\/v2\/pages\/297\/revisions"}],"wp:featuredmedia":[{"embeddable":true,"href":"https:\/\/osmangaziokullari.com\/ozluce-k\/wp-json\/wp\/v2\/media\/301"}],"wp:attachment":[{"href":"https:\/\/osmangaziokullari.com\/ozluce-k\/wp-json\/wp\/v2\/media?parent=297"}],"curies":[{"name":"wp","href":"https:\/\/api.w.org\/{rel}","templated":true}]}}