{"id":2880,"date":"2020-08-27T22:11:28","date_gmt":"2020-08-27T22:11:28","guid":{"rendered":"https:\/\/osmangaziokullari.com\/ozluce-k\/?page_id=2880"},"modified":"2022-03-11T21:21:41","modified_gmt":"2022-03-11T21:21:41","slug":"8a-sinifi","status":"publish","type":"page","link":"https:\/\/osmangaziokullari.com\/ozluce-k\/uzaktan-egitim\/8-siniflar\/8a-sinifi\/","title":{"rendered":"8A S\u0131n\u0131f\u0131"},"content":{"rendered":"","protected":true},"excerpt":{"rendered":"","protected":true},"author":3,"featured_media":0,"parent":2878,"menu_order":0,"comment_status":"closed","ping_status":"closed","template":"","meta":[],"_links":{"self":[{"href":"https:\/\/osmangaziokullari.com\/ozluce-k\/wp-json\/wp\/v2\/pages\/2880"}],"collection":[{"href":"https:\/\/osmangaziokullari.com\/ozluce-k\/wp-json\/wp\/v2\/pages"}],"about":[{"href":"https:\/\/osmangaziokullari.com\/ozluce-k\/wp-json\/wp\/v2\/types\/page"}],"author":[{"embeddable":true,"href":"https:\/\/osmangaziokullari.com\/ozluce-k\/wp-json\/wp\/v2\/users\/3"}],"replies":[{"embeddable":true,"href":"https:\/\/osmangaziokullari.com\/ozluce-k\/wp-json\/wp\/v2\/comments?post=2880"}],"version-history":[{"count":1,"href":"https:\/\/osmangaziokullari.com\/ozluce-k\/wp-json\/wp\/v2\/pages\/2880\/revisions"}],"predecessor-version":[{"id":5223,"href":"https:\/\/osmangaziokullari.com\/ozluce-k\/wp-json\/wp\/v2\/pages\/2880\/revisions\/5223"}],"up":[{"embeddable":true,"href":"https:\/\/osmangaziokullari.com\/ozluce-k\/wp-json\/wp\/v2\/pages\/2878"}],"wp:attachment":[{"href":"https:\/\/osmangaziokullari.com\/ozluce-k\/wp-json\/wp\/v2\/media?parent=2880"}],"curies":[{"name":"wp","href":"https:\/\/api.w.org\/{rel}","templated":true}]}}