{"id":2870,"date":"2020-08-27T22:02:22","date_gmt":"2020-08-27T22:02:22","guid":{"rendered":"https:\/\/osmangaziokullari.com\/ozluce-k\/?page_id=2870"},"modified":"2022-03-10T05:19:25","modified_gmt":"2022-03-10T05:19:25","slug":"7-siniflar","status":"publish","type":"page","link":"https:\/\/osmangaziokullari.com\/ozluce-k\/uzaktan-egitim\/7-siniflar\/","title":{"rendered":"7. S\u0131n\u0131flar"},"content":{"rendered":"\n<p>Uzaktan e\u011fitim program\u0131n\u0131za eri\u015fmek i\u00e7in s\u0131n\u0131f\u0131n\u0131za t\u0131klay\u0131n\u0131z.&nbsp;<\/p>\n<a href=\"https:\/\/osmangaziokullari.com\/ozluce-k\/uzaktan-egitim\/7-siniflar\/7a-sinifi\/\" target=\"_self\" class=\"button primary is-outline is-xlarge\"  style=\"border-radius:10px;\">\n    <span>7A<\/span>\n  <\/a>\n\n\n<a href=\"https:\/\/osmangaziokullari.com\/ozluce-k\/uzaktan-egitim\/7-siniflar\/7b-sinifi\/\" target=\"_self\" class=\"button primary is-outline is-xlarge\"  style=\"border-radius:10px;\">\n    <span>7B<\/span>\n  <\/a>\n\n\n<a href=\"https:\/\/osmangaziokullari.com\/ozluce-k\/uzaktan-egitim\/7-siniflar\/7c-sinifi\/\" target=\"_self\" class=\"button primary is-outline is-xlarge\"  style=\"border-radius:10px;\">\n    <span>7C<\/span>\n  <\/a>\n\n\n<a href=\"https:\/\/osmangaziokullari.com\/ozluce-k\/uzaktan-egitim\/7-siniflar\/7d-sinifi\/\" target=\"_self\" class=\"button primary is-outline is-xlarge\"  style=\"border-radius:10px;\">\n    <span>7D<\/span>\n  <\/a>\n\n\n<a href=\"https:\/\/osmangaziokullari.com\/ozluce-k\/uzaktan-egitim\/7-siniflar\/7e-sinifi\/\" target=\"_self\" class=\"button primary is-outline is-xlarge\"  style=\"border-radius:10px;\">\n    <span>7E<\/span>\n  <\/a>\n\n\n\t<div id=\"gap-1243809381\" class=\"gap-element clearfix\" style=\"display:block; height:auto;\">\n\t\t\n<style>\n#gap-1243809381 {\n  padding-top: 171px;\n}\n<\/style>\n\t<\/div>\n\t\n\n\n","protected":false},"excerpt":{"rendered":"","protected":false},"author":1,"featured_media":0,"parent":2121,"menu_order":7,"comment_status":"closed","ping_status":"closed","template":"page-blank-sub-nav-vertical.php","meta":[],"_links":{"self":[{"href":"https:\/\/osmangaziokullari.com\/ozluce-k\/wp-json\/wp\/v2\/pages\/2870"}],"collection":[{"href":"https:\/\/osmangaziokullari.com\/ozluce-k\/wp-json\/wp\/v2\/pages"}],"about":[{"href":"https:\/\/osmangaziokullari.com\/ozluce-k\/wp-json\/wp\/v2\/types\/page"}],"author":[{"embeddable":true,"href":"https:\/\/osmangaziokullari.com\/ozluce-k\/wp-json\/wp\/v2\/users\/1"}],"replies":[{"embeddable":true,"href":"https:\/\/osmangaziokullari.com\/ozluce-k\/wp-json\/wp\/v2\/comments?post=2870"}],"version-history":[{"count":1,"href":"https:\/\/osmangaziokullari.com\/ozluce-k\/wp-json\/wp\/v2\/pages\/2870\/revisions"}],"predecessor-version":[{"id":5192,"href":"https:\/\/osmangaziokullari.com\/ozluce-k\/wp-json\/wp\/v2\/pages\/2870\/revisions\/5192"}],"up":[{"embeddable":true,"href":"https:\/\/osmangaziokullari.com\/ozluce-k\/wp-json\/wp\/v2\/pages\/2121"}],"wp:attachment":[{"href":"https:\/\/osmangaziokullari.com\/ozluce-k\/wp-json\/wp\/v2\/media?parent=2870"}],"curies":[{"name":"wp","href":"https:\/\/api.w.org\/{rel}","templated":true}]}}