{"id":2867,"date":"2020-08-27T21:58:48","date_gmt":"2020-08-27T21:58:48","guid":{"rendered":"https:\/\/osmangaziokullari.com\/ozluce-k\/?page_id=2867"},"modified":"2022-03-09T20:09:24","modified_gmt":"2022-03-09T20:09:24","slug":"6e-sinifi","status":"publish","type":"page","link":"https:\/\/osmangaziokullari.com\/ozluce-k\/uzaktan-egitim\/6-siniflar\/6e-sinifi\/","title":{"rendered":"6E S\u0131n\u0131f\u0131"},"content":{"rendered":"","protected":true},"excerpt":{"rendered":"","protected":true},"author":1,"featured_media":0,"parent":2850,"menu_order":0,"comment_status":"closed","ping_status":"closed","template":"","meta":[],"_links":{"self":[{"href":"https:\/\/osmangaziokullari.com\/ozluce-k\/wp-json\/wp\/v2\/pages\/2867"}],"collection":[{"href":"https:\/\/osmangaziokullari.com\/ozluce-k\/wp-json\/wp\/v2\/pages"}],"about":[{"href":"https:\/\/osmangaziokullari.com\/ozluce-k\/wp-json\/wp\/v2\/types\/page"}],"author":[{"embeddable":true,"href":"https:\/\/osmangaziokullari.com\/ozluce-k\/wp-json\/wp\/v2\/users\/1"}],"replies":[{"embeddable":true,"href":"https:\/\/osmangaziokullari.com\/ozluce-k\/wp-json\/wp\/v2\/comments?post=2867"}],"version-history":[{"count":1,"href":"https:\/\/osmangaziokullari.com\/ozluce-k\/wp-json\/wp\/v2\/pages\/2867\/revisions"}],"predecessor-version":[{"id":5101,"href":"https:\/\/osmangaziokullari.com\/ozluce-k\/wp-json\/wp\/v2\/pages\/2867\/revisions\/5101"}],"up":[{"embeddable":true,"href":"https:\/\/osmangaziokullari.com\/ozluce-k\/wp-json\/wp\/v2\/pages\/2850"}],"wp:attachment":[{"href":"https:\/\/osmangaziokullari.com\/ozluce-k\/wp-json\/wp\/v2\/media?parent=2867"}],"curies":[{"name":"wp","href":"https:\/\/api.w.org\/{rel}","templated":true}]}}