{"id":2816,"date":"2020-08-27T20:48:19","date_gmt":"2020-08-27T20:48:19","guid":{"rendered":"https:\/\/osmangaziokullari.com\/ozluce-k\/?page_id=2816"},"modified":"2021-04-18T13:27:02","modified_gmt":"2021-04-18T13:27:02","slug":"3-siniflar","status":"publish","type":"page","link":"https:\/\/osmangaziokullari.com\/ozluce-k\/uzaktan-egitim\/3-siniflar\/","title":{"rendered":"3. S\u0131n\u0131flar"},"content":{"rendered":"\n<p>Uzaktan e\u011fitim program\u0131n\u0131za eri\u015fmek i\u00e7in s\u0131n\u0131f\u0131n\u0131za t\u0131klay\u0131n\u0131z.&nbsp;<\/p>\n<a href=\"https:\/\/osmangaziokullari.com\/ozluce-k\/uzaktan-egitim\/3-siniflar\/3a-sinifi\/\" target=\"_self\" class=\"button primary is-outline is-xlarge\"  style=\"border-radius:10px;\">\n    <span>3A<\/span>\n  <\/a>\n\n\n\n\n\t<div id=\"gap-1247174283\" class=\"gap-element clearfix\" style=\"display:block; height:auto;\">\n\t\t\n<style>\n#gap-1247174283 {\n  padding-top: 171px;\n}\n<\/style>\n\t<\/div>\n\t\n","protected":false},"excerpt":{"rendered":"<p>Uzaktan e\u011fitim program\u0131n\u0131za eri\u015fmek i\u00e7in s\u0131n\u0131f\u0131n\u0131za t\u0131klay\u0131n\u0131z.&nbsp;<\/p>\n","protected":false},"author":1,"featured_media":0,"parent":2121,"menu_order":3,"comment_status":"closed","ping_status":"closed","template":"page-blank-sub-nav-vertical.php","meta":[],"_links":{"self":[{"href":"https:\/\/osmangaziokullari.com\/ozluce-k\/wp-json\/wp\/v2\/pages\/2816"}],"collection":[{"href":"https:\/\/osmangaziokullari.com\/ozluce-k\/wp-json\/wp\/v2\/pages"}],"about":[{"href":"https:\/\/osmangaziokullari.com\/ozluce-k\/wp-json\/wp\/v2\/types\/page"}],"author":[{"embeddable":true,"href":"https:\/\/osmangaziokullari.com\/ozluce-k\/wp-json\/wp\/v2\/users\/1"}],"replies":[{"embeddable":true,"href":"https:\/\/osmangaziokullari.com\/ozluce-k\/wp-json\/wp\/v2\/comments?post=2816"}],"version-history":[{"count":1,"href":"https:\/\/osmangaziokullari.com\/ozluce-k\/wp-json\/wp\/v2\/pages\/2816\/revisions"}],"predecessor-version":[{"id":4028,"href":"https:\/\/osmangaziokullari.com\/ozluce-k\/wp-json\/wp\/v2\/pages\/2816\/revisions\/4028"}],"up":[{"embeddable":true,"href":"https:\/\/osmangaziokullari.com\/ozluce-k\/wp-json\/wp\/v2\/pages\/2121"}],"wp:attachment":[{"href":"https:\/\/osmangaziokullari.com\/ozluce-k\/wp-json\/wp\/v2\/media?parent=2816"}],"curies":[{"name":"wp","href":"https:\/\/api.w.org\/{rel}","templated":true}]}}