{"id":2447,"date":"2020-07-26T13:27:44","date_gmt":"2020-07-26T10:27:44","guid":{"rendered":"http:\/\/46.101.184.248\/?page_id=1009"},"modified":"2025-12-01T19:20:21","modified_gmt":"2025-12-01T19:20:21","slug":"laboratuvarlar","status":"publish","type":"page","link":"https:\/\/osmangaziokullari.com\/ozluce-k\/okulumuz\/laboratuvarlar\/","title":{"rendered":"Laboratuvarlar\u0131m\u0131zla Fen Deneyimi"},"content":{"rendered":"\n<div class=\"row\"  id=\"row-1727516701\">\n\n\n\t<div id=\"col-52448414\" class=\"col medium-6 small-12 large-6\"  >\n\t\t\t\t<div class=\"col-inner\"  >\n\t\t\t\n\t\t\t\n\n<div class=\"is-divider divider clearfix\" ><\/div>\n\n<p class=\"lead\">Laboratuvarlar\u0131m\u0131z, \u00f6\u011frencilerimizin fen bilimlerini daha etkili, e\u011flenceli ve kal\u0131c\u0131 bir \u015fekilde \u00f6\u011frenmeleri i\u00e7in tasarlanm\u0131\u015ft\u0131r. <\/p>\n\n\n\t\t<\/div>\n\t\t\t\t\t<\/div>\n\n\t\n\n\t<div id=\"col-814634509\" class=\"col medium-6 small-12 large-6\"  >\n\t\t\t\t<div class=\"col-inner\"  >\n\t\t\t\n\t\t\t\n\n\t<div class=\"img has-hover x md-x lg-x y md-y lg-y\" id=\"image_275610609\">\n\t\t\t\t\t\t\t\t<div class=\"img-inner image-cover dark\" style=\"padding-top:56.25%;\">\n\t\t\t<img width=\"1000\" height=\"667\" src=\"https:\/\/osmangaziokullari.com\/ozluce-k\/wp-content\/uploads\/2020\/07\/image-3-of-4.jpg\" class=\"attachment-large size-large\" alt=\"\" loading=\"lazy\" srcset=\"https:\/\/osmangaziokullari.com\/ozluce-k\/wp-content\/uploads\/2020\/07\/image-3-of-4.jpg 1000w, https:\/\/osmangaziokullari.com\/ozluce-k\/wp-content\/uploads\/2020\/07\/image-3-of-4-300x200.jpg 300w, https:\/\/osmangaziokullari.com\/ozluce-k\/wp-content\/uploads\/2020\/07\/image-3-of-4-768x512.jpg 768w, https:\/\/osmangaziokullari.com\/ozluce-k\/wp-content\/uploads\/2020\/07\/image-3-of-4-510x340.jpg 510w\" sizes=\"(max-width: 1000px) 100vw, 1000px\" \/>\t\t\t\t\t\t\n\t\t\t\t\t<\/div>\n\t\t\t\t\t\t\t\t\n<style>\n#image_275610609 {\n  width: 100%;\n}\n<\/style>\n\t<\/div>\n\t\n\n\n\t\t<\/div>\n\t\t\t\t\t<\/div>\n\n\t\n\n\t<div id=\"col-1988721544\" class=\"col small-12 large-12\"  >\n\t\t\t\t<div class=\"col-inner\"  >\n\t\t\t\n\t\t\t\n\n<p>&nbsp;Burada \u00f6\u011frenciler, teoriyi uygulamayla birle\u015ftirir, yaparak-ya\u015fayarak \u00f6\u011frenmenin keyfini \u00e7\u0131kar\u0131r. Karma\u015f\u0131k ve soyut kavramlar, laboratuvar deneyleri sayesinde anla\u015f\u0131l\u0131r ve e\u011flenceli h\u00e2le gelir.<br>\nOkulumuzda fizik, kimya ve biyoloji laboratuvar\u0131 olmak \u00fczere \u00fc\u00e7 ayr\u0131 laboratuvar bulunmaktad\u0131r. Her biri, \u00f6\u011frencilerimizin merak\u0131n\u0131 uyand\u0131racak ve bilimsel d\u00fc\u015f\u00fcnme becerilerini geli\u015ftirecek \u015fekilde donat\u0131lm\u0131\u015ft\u0131r.\n<\/p>\n\n\n\t\t<\/div>\n\t\t\t\t\t<\/div>\n\n\t\n\n\t<div id=\"col-539606341\" class=\"col medium-6 small-12 large-6\"  >\n\t\t\t\t<div class=\"col-inner\"  >\n\t\t\t\n\t\t\t\n\n<h2>Fizik Laboratuvar\u0131<\/h2>\n<p>Is\u0131, s\u0131cakl\u0131k, elektrik, ses, \u0131\u015f\u0131k, kuvvet ve hareket gibi fen konular\u0131, g\u00f6rsel sunumlar ve deney d\u00fczenekleri ile \u00f6\u011frenilir. \u00d6\u011frencilerimiz, yaparak-ya\u015fayarak deneyimleyerek bilgilerini kal\u0131c\u0131 h\u00e2le getirir.\n<\/p>\n\n\n\t\t<\/div>\n\t\t\t\t\t<\/div>\n\n\t\n\n\t<div id=\"col-1915975507\" class=\"col medium-6 small-12 large-6\"  >\n\t\t\t\t<div class=\"col-inner\"  >\n\t\t\t\n\t\t\t\n\n<h2>Kimya Laboratuvar\u0131<\/h2>\n<p>Kimyasal bile\u015fimler, kar\u0131\u015f\u0131mlar, asit ve bazlar ile \u00e7e\u015fitli kimyasal reaksiyonlar bu laboratuvarda ke\u015ffedilir. \u00d6\u011frencilerimiz, bilimsel y\u00f6ntemleri \u00f6\u011frenir ve neden-sonu\u00e7 ili\u015fkisini kurarak bilgilerini yap\u0131land\u0131r\u0131r.\n<\/p>\n\n\n\t\t<\/div>\n\t\t\t\t\t<\/div>\n\n\t\n\n\t<div id=\"col-884945215\" class=\"col medium-6 small-12 large-6\"  >\n\t\t\t\t<div class=\"col-inner\"  >\n\t\t\t\n\t\t\t\n\n<h2>Biyoloji Laboratuvar\u0131<\/h2>\n<p>Canl\u0131lar\u0131n beslenmesi, ya\u015fam bi\u00e7imleri ve v\u00fccut sistemleri, \u00fc\u00e7 boyutlu modeller ve deneylerle \u00f6\u011frenilir. Bu sayede \u00f6\u011frenciler, g\u00f6zlem yaparak, deneyerek ve modelleyerek \u00f6\u011frenmenin keyfini ya\u015far.\n<\/p>\n\n\n\t\t<\/div>\n\t\t\t\t\t<\/div>\n\n\t\n\n\t<div id=\"col-1403601749\" class=\"col medium-6 small-12 large-6\"  >\n\t\t\t\t<div class=\"col-inner\"  >\n\t\t\t\n\t\t\t\n\n\n  \n    <div class=\"row  lightbox-multi-gallery large-columns-1 medium-columns- small-columns- row-xsmall slider row-slider slider-nav-reveal\"  data-flickity-options='{\"imagesLoaded\": true, \"groupCells\": \"100%\", \"dragThreshold\" : 5, \"cellAlign\": \"left\",\"wrapAround\": true,\"prevNextButtons\": true,\"percentPosition\": true,\"pageDots\": false, \"rightToLeft\": false, \"autoPlay\" : 3000}'>\n\n          <div class=\"gallery-col col\" >\n          <div class=\"col-inner\">\n            <a class=\"\" href=\"https:\/\/osmangaziokullari.com\/ozluce-k\/wp-content\/uploads\/2020\/07\/kayak003.jpg\" title=\"\">            <div class=\"box has-hover gallery-box box-none\">\n              <div class=\"box-image image-cover\" style=\"padding-top:56.25%;\">\n                <img width=\"300\" height=\"225\" src=\"https:\/\/osmangaziokullari.com\/ozluce-k\/wp-content\/uploads\/2020\/07\/kayak003-300x225.jpg\" class=\"attachment-medium size-medium\" alt=\"\" loading=\"lazy\" ids=\"1005,1006,1004\" style=\"none\" lightbox_image_size=\"original\" type=\"slider\" col_spacing=\"xsmall\" columns=\"1\" auto_slide=\"3000\" image_height=\"56.25%\" image_size=\"medium\" srcset=\"https:\/\/osmangaziokullari.com\/ozluce-k\/wp-content\/uploads\/2020\/07\/kayak003-300x225.jpg 300w, https:\/\/osmangaziokullari.com\/ozluce-k\/wp-content\/uploads\/2020\/07\/kayak003-768x577.jpg 768w, https:\/\/osmangaziokullari.com\/ozluce-k\/wp-content\/uploads\/2020\/07\/kayak003-510x383.jpg 510w, https:\/\/osmangaziokullari.com\/ozluce-k\/wp-content\/uploads\/2020\/07\/kayak003.jpg 799w\" sizes=\"(max-width: 300px) 100vw, 300px\" \/>                                                              <\/div>\n              <div class=\"box-text text-left\" >\n                 <p><\/p>\n              <\/div>\n            <\/div>\n            <\/a>          <\/div>\n         <\/div>\n                 <div class=\"gallery-col col\" >\n          <div class=\"col-inner\">\n            <a class=\"\" href=\"https:\/\/osmangaziokullari.com\/ozluce-k\/wp-content\/uploads\/2020\/07\/network.png\" title=\"\">            <div class=\"box has-hover gallery-box box-none\">\n              <div class=\"box-image image-cover\" style=\"padding-top:56.25%;\">\n                <img width=\"128\" height=\"128\" src=\"https:\/\/osmangaziokullari.com\/ozluce-k\/wp-content\/uploads\/2020\/07\/network.png\" class=\"attachment-medium size-medium\" alt=\"\" loading=\"lazy\" ids=\"1005,1006,1004\" style=\"none\" lightbox_image_size=\"original\" type=\"slider\" col_spacing=\"xsmall\" columns=\"1\" auto_slide=\"3000\" image_height=\"56.25%\" image_size=\"medium\" srcset=\"https:\/\/osmangaziokullari.com\/ozluce-k\/wp-content\/uploads\/2020\/07\/network.png 128w, https:\/\/osmangaziokullari.com\/ozluce-k\/wp-content\/uploads\/2020\/07\/network-100x100.png 100w\" sizes=\"(max-width: 128px) 100vw, 128px\" \/>                                                              <\/div>\n              <div class=\"box-text text-left\" >\n                 <p><\/p>\n              <\/div>\n            <\/div>\n            <\/a>          <\/div>\n         <\/div>\n                 <div class=\"gallery-col col\" >\n          <div class=\"col-inner\">\n            <a class=\"\" href=\"https:\/\/osmangaziokullari.com\/ozluce-k\/wp-content\/uploads\/2020\/07\/kayak001.jpg\" title=\"\">            <div class=\"box has-hover gallery-box box-none\">\n              <div class=\"box-image image-cover\" style=\"padding-top:56.25%;\">\n                <img width=\"300\" height=\"200\" src=\"https:\/\/osmangaziokullari.com\/ozluce-k\/wp-content\/uploads\/2020\/07\/kayak001-300x200.jpg\" class=\"attachment-medium size-medium\" alt=\"\" loading=\"lazy\" ids=\"1005,1006,1004\" style=\"none\" lightbox_image_size=\"original\" type=\"slider\" col_spacing=\"xsmall\" columns=\"1\" auto_slide=\"3000\" image_height=\"56.25%\" image_size=\"medium\" srcset=\"https:\/\/osmangaziokullari.com\/ozluce-k\/wp-content\/uploads\/2020\/07\/kayak001-300x200.jpg 300w, https:\/\/osmangaziokullari.com\/ozluce-k\/wp-content\/uploads\/2020\/07\/kayak001-768x512.jpg 768w, https:\/\/osmangaziokullari.com\/ozluce-k\/wp-content\/uploads\/2020\/07\/kayak001-510x340.jpg 510w, https:\/\/osmangaziokullari.com\/ozluce-k\/wp-content\/uploads\/2020\/07\/kayak001.jpg 800w\" sizes=\"(max-width: 300px) 100vw, 300px\" \/>                                                              <\/div>\n              <div class=\"box-text text-left\" >\n                 <p><\/p>\n              <\/div>\n            <\/div>\n            <\/a>          <\/div>\n         <\/div>\n         <\/div>\n\n\n\t\t<\/div>\n\t\t\t\t\t<\/div>\n\n\t\n\n<\/div>\n","protected":false},"excerpt":{"rendered":"","protected":false},"author":1,"featured_media":1042,"parent":2445,"menu_order":0,"comment_status":"closed","ping_status":"closed","template":"page-blank-sub-nav-vertical.php","meta":[],"_links":{"self":[{"href":"https:\/\/osmangaziokullari.com\/ozluce-k\/wp-json\/wp\/v2\/pages\/2447"}],"collection":[{"href":"https:\/\/osmangaziokullari.com\/ozluce-k\/wp-json\/wp\/v2\/pages"}],"about":[{"href":"https:\/\/osmangaziokullari.com\/ozluce-k\/wp-json\/wp\/v2\/types\/page"}],"author":[{"embeddable":true,"href":"https:\/\/osmangaziokullari.com\/ozluce-k\/wp-json\/wp\/v2\/users\/1"}],"replies":[{"embeddable":true,"href":"https:\/\/osmangaziokullari.com\/ozluce-k\/wp-json\/wp\/v2\/comments?post=2447"}],"version-history":[{"count":1,"href":"https:\/\/osmangaziokullari.com\/ozluce-k\/wp-json\/wp\/v2\/pages\/2447\/revisions"}],"predecessor-version":[{"id":5362,"href":"https:\/\/osmangaziokullari.com\/ozluce-k\/wp-json\/wp\/v2\/pages\/2447\/revisions\/5362"}],"up":[{"embeddable":true,"href":"https:\/\/osmangaziokullari.com\/ozluce-k\/wp-json\/wp\/v2\/pages\/2445"}],"wp:featuredmedia":[{"embeddable":true,"href":"https:\/\/osmangaziokullari.com\/ozluce-k\/wp-json\/wp\/v2\/media\/1042"}],"wp:attachment":[{"href":"https:\/\/osmangaziokullari.com\/ozluce-k\/wp-json\/wp\/v2\/media?parent=2447"}],"curies":[{"name":"wp","href":"https:\/\/api.w.org\/{rel}","templated":true}]}}