{"id":2446,"date":"2020-07-26T13:09:42","date_gmt":"2020-07-26T10:09:42","guid":{"rendered":"http:\/\/46.101.184.248\/?page_id=979"},"modified":"2025-12-25T10:59:57","modified_gmt":"2025-12-25T10:59:57","slug":"saglik-hizmetleri","status":"publish","type":"page","link":"https:\/\/osmangaziokullari.com\/ozluce-k\/okulumuz\/saglik-hizmetleri\/","title":{"rendered":"Sa\u011fl\u0131k Birimimiz"},"content":{"rendered":"\n<div class=\"row\"  id=\"row-1757577781\">\n\n\n\t<div id=\"col-1380073487\" class=\"col medium-7 small-12 large-7\"  >\n\t\t\t\t<div class=\"col-inner\"  >\n\t\t\t\n\t\t\t\n\n<div class=\"is-divider divider clearfix\" ><\/div>\n\n<p class=\"lead\">Sa\u011fl\u0131k \u00d6nceli\u011fimizdir<br \/>\nOkulumuzda \u00f6\u011frencilerimizin sa\u011fl\u0131\u011f\u0131 b\u00fcy\u00fck bir \u00f6zenle takip edilir. Fiziksel geli\u015fimleri ve genel sa\u011fl\u0131k durumlar\u0131 d\u00fczenli olarak izlenir, t\u00fcm bilgiler g\u00fcncel tutulur.<\/p>\n\n\t\t<\/div>\n\t\t\t\t\t<\/div>\n\n\t\n\n\t<div id=\"col-194342014\" class=\"col medium-5 small-12 large-5\"  >\n\t\t\t\t<div class=\"col-inner\"  >\n\t\t\t\n\t\t\t\n\n\t<div class=\"img has-hover x md-x lg-x y md-y lg-y\" id=\"image_484902261\">\n\t\t\t\t\t\t\t\t<div class=\"img-inner image-cover dark\" style=\"padding-top:56.25%;\">\n\t\t\t<img width=\"1020\" height=\"1020\" src=\"https:\/\/osmangaziokullari.com\/ozluce-k\/wp-content\/uploads\/2025\/12\/Okulumuzda-SAGLIK-1-1024x1024.jpg\" class=\"attachment-large size-large\" alt=\"\" loading=\"lazy\" srcset=\"https:\/\/osmangaziokullari.com\/ozluce-k\/wp-content\/uploads\/2025\/12\/Okulumuzda-SAGLIK-1-1024x1024.jpg 1024w, https:\/\/osmangaziokullari.com\/ozluce-k\/wp-content\/uploads\/2025\/12\/Okulumuzda-SAGLIK-1-300x300.jpg 300w, https:\/\/osmangaziokullari.com\/ozluce-k\/wp-content\/uploads\/2025\/12\/Okulumuzda-SAGLIK-1-150x150.jpg 150w, https:\/\/osmangaziokullari.com\/ozluce-k\/wp-content\/uploads\/2025\/12\/Okulumuzda-SAGLIK-1-768x768.jpg 768w, https:\/\/osmangaziokullari.com\/ozluce-k\/wp-content\/uploads\/2025\/12\/Okulumuzda-SAGLIK-1-250x250.jpg 250w, https:\/\/osmangaziokullari.com\/ozluce-k\/wp-content\/uploads\/2025\/12\/Okulumuzda-SAGLIK-1-510x510.jpg 510w, https:\/\/osmangaziokullari.com\/ozluce-k\/wp-content\/uploads\/2025\/12\/Okulumuzda-SAGLIK-1-100x100.jpg 100w, https:\/\/osmangaziokullari.com\/ozluce-k\/wp-content\/uploads\/2025\/12\/Okulumuzda-SAGLIK-1.jpg 1080w\" sizes=\"(max-width: 1020px) 100vw, 1020px\" \/>\t\t\t\t\t\t\n\t\t\t\t\t<\/div>\n\t\t\t\t\t\t\t\t\n<style>\n#image_484902261 {\n  width: 100%;\n}\n<\/style>\n\t<\/div>\n\t\n\n\n\t\t<\/div>\n\t\t\t\t\t<\/div>\n\n\t\n\n\t<div id=\"col-794970199\" class=\"col small-12 large-12\"  >\n\t\t\t\t<div class=\"col-inner\"  >\n\t\t\t\n\t\t\t\n\n<p>D\u00fczenli Takip ve G\u00fcvenli Destek<br \/>\nD\u00fczenli ila\u00e7 kullanmas\u0131 gereken \u00f6\u011frencilerimizin ila\u00e7 saatleri, okul hem\u015firemiz taraf\u0131ndan dikkatle takip edilir. Her \u00f6\u011frencimizin kendini g\u00fcvende hissetmesi i\u00e7in sa\u011fl\u0131k birimimiz g\u00fcn boyunca aktif olarak g\u00f6rev yapar.\n<\/p>\n<p>Acil Durumlara Haz\u0131r Revir<br \/>\nOkulumuzda, acil durumlarda ilk m\u00fcdahalenin yap\u0131labilece\u011fi donan\u0131ma sahip bir revir bulunur. Deneyimli hem\u015firemiz \u00f6\u011frencilerin sa\u011fl\u0131k ihtiya\u00e7lar\u0131n\u0131 yak\u0131ndan izler. Gerekli durumlarda \u00f6\u011frenci, hem\u015fire g\u00f6zetiminde en yak\u0131n hastaneye ula\u015ft\u0131r\u0131l\u0131r ve veliye an\u0131nda bilgi verilir.\n<\/p>\n<p>Uzman Deste\u011fiyle Tarama ve Bilgilendirme<br \/>\nBelirli d\u00f6nemlerde Di\u015f ve G\u00f6z Hastaneleri\u2019nden gelen uzman hekimler taraf\u0131ndan sa\u011fl\u0131k taramalar\u0131 yap\u0131l\u0131r. Ayr\u0131ca \u00f6\u011frenci, \u00f6\u011fretmen ve velilerimize y\u00f6nelik sa\u011fl\u0131k seminerleri d\u00fczenlenir.<br \/>\nG\u00fcvende ve Sa\u011fl\u0131kl\u0131 Bir E\u011fitim Ortam\u0131<br \/>\nSa\u011fl\u0131k birimimiz, her \u00f6\u011frencimizin kendini iyi, g\u00fcvende ve de\u011ferli hissetti\u011fi bir okul ortam\u0131 olu\u015fturmak i\u00e7in g\u00f6rev yapar. \u00c7\u00fcnk\u00fc biz, sa\u011fl\u0131kl\u0131 bireylerin mutlu ve ba\u015far\u0131l\u0131 bir gelece\u011fin temeli oldu\u011funa inan\u0131yoruz.<\/p>\n\n\t\t<\/div>\n\t\t\t\t\t<\/div>\n\n\t\n\n<\/div>\n\n","protected":false},"excerpt":{"rendered":"","protected":false},"author":1,"featured_media":1018,"parent":2445,"menu_order":0,"comment_status":"closed","ping_status":"closed","template":"page-blank-sub-nav-vertical.php","meta":[],"_links":{"self":[{"href":"https:\/\/osmangaziokullari.com\/ozluce-k\/wp-json\/wp\/v2\/pages\/2446"}],"collection":[{"href":"https:\/\/osmangaziokullari.com\/ozluce-k\/wp-json\/wp\/v2\/pages"}],"about":[{"href":"https:\/\/osmangaziokullari.com\/ozluce-k\/wp-json\/wp\/v2\/types\/page"}],"author":[{"embeddable":true,"href":"https:\/\/osmangaziokullari.com\/ozluce-k\/wp-json\/wp\/v2\/users\/1"}],"replies":[{"embeddable":true,"href":"https:\/\/osmangaziokullari.com\/ozluce-k\/wp-json\/wp\/v2\/comments?post=2446"}],"version-history":[{"count":1,"href":"https:\/\/osmangaziokullari.com\/ozluce-k\/wp-json\/wp\/v2\/pages\/2446\/revisions"}],"predecessor-version":[{"id":5386,"href":"https:\/\/osmangaziokullari.com\/ozluce-k\/wp-json\/wp\/v2\/pages\/2446\/revisions\/5386"}],"up":[{"embeddable":true,"href":"https:\/\/osmangaziokullari.com\/ozluce-k\/wp-json\/wp\/v2\/pages\/2445"}],"wp:featuredmedia":[{"embeddable":true,"href":"https:\/\/osmangaziokullari.com\/ozluce-k\/wp-json\/wp\/v2\/media\/1018"}],"wp:attachment":[{"href":"https:\/\/osmangaziokullari.com\/ozluce-k\/wp-json\/wp\/v2\/media?parent=2446"}],"curies":[{"name":"wp","href":"https:\/\/api.w.org\/{rel}","templated":true}]}}