{"id":2121,"date":"2020-08-13T11:48:11","date_gmt":"2020-08-13T08:48:11","guid":{"rendered":"http:\/\/46.101.184.248\/?page_id=2121"},"modified":"2021-04-16T12:14:42","modified_gmt":"2021-04-16T12:14:42","slug":"uzaktan-egitim","status":"publish","type":"page","link":"https:\/\/osmangaziokullari.com\/ozluce-k\/uzaktan-egitim\/","title":{"rendered":"Uzaktan E\u011fitim"},"content":{"rendered":"\n<div class=\"row align-equal align-center\"  id=\"row-654865634\">\n\n\n\t<div id=\"col-1506486765\" class=\"col medium-10 small-12 large-10\"  >\n\t\t\t\t<div class=\"col-inner text-center\"  >\n\t\t\t\n\t\t\t\n\n\t<div id=\"gap-1450777694\" class=\"gap-element clearfix\" style=\"display:block; height:auto;\">\n\t\t\n<style>\n#gap-1450777694 {\n  padding-top: 47px;\n}\n<\/style>\n\t<\/div>\n\t\n\n<h2 class=\"uppercase\"><span style=\"font-size: 150%;\">\u00d6zl\u00fcce Kamp\u00fcs\u00fc<\/span><\/h2>\n<h2 class=\"thin-font\"><span style=\"font-size: 150%;\">Uzaktan E\u011fitim S\u0131n\u0131flar\u0131<\/span><\/h2>\n<p class=\"lead\">Uzaktan e\u011fitime kat\u0131lmak i\u00e7in l\u00fctfen s\u0131n\u0131f seviyenizi se\u00e7in<\/p>\n<a href=\"https:\/\/osmangaziokullari.com\/ozluce-k\/uzaktan-egitim\/1-siniflar\/\" target=\"_self\" class=\"button primary is-shade is-large box-shadow-4 box-shadow-5-hover\"  style=\"border-radius:10px;\">\n    <span>1. S\u0131n\u0131flar<\/span>\n  <\/a>\n\n\n<a href=\"https:\/\/osmangaziokullari.com\/ozluce-k\/uzaktan-egitim\/2-siniflar\/\" target=\"_self\" class=\"button secondary is-shade is-large box-shadow-4 box-shadow-5-hover\"  style=\"border-radius:10px;\">\n    <span>2. S\u0131n\u0131flar<\/span>\n  <\/a>\n\n\n<a href=\"https:\/\/osmangaziokullari.com\/ozluce-k\/uzaktan-egitim\/3-siniflar\/\" target=\"_self\" class=\"button alert is-shade is-large box-shadow-4 box-shadow-5-hover\"  style=\"border-radius:10px;\">\n    <span>3. S\u0131n\u0131flar<\/span>\n  <\/a>\n\n\n<a href=\"https:\/\/osmangaziokullari.com\/ozluce-k\/uzaktan-egitim\/4-siniflar\/\" target=\"_self\" class=\"button success is-shade is-large box-shadow-4 box-shadow-5-hover\"  style=\"border-radius:10px;\">\n    <span>4. S\u0131n\u0131flar<\/span>\n  <\/a>\n\n\n<a href=\"https:\/\/osmangaziokullari.com\/ozluce-k\/uzaktan-egitim\/5-siniflar\/\" target=\"_self\" class=\"button secondary is-shade is-large box-shadow-4 box-shadow-5-hover\"  style=\"border-radius:10px;\">\n    <span>5. S\u0131n\u0131flar<\/span>\n  <\/a>\n\n\n<a href=\"https:\/\/osmangaziokullari.com\/ozluce-k\/uzaktan-egitim\/6-siniflar\/\" target=\"_self\" class=\"button alert is-shade is-large box-shadow-4 box-shadow-5-hover\"  style=\"border-radius:10px;\">\n    <span>6. S\u0131n\u0131flar<\/span>\n  <\/a>\n\n\n<a href=\"https:\/\/osmangaziokullari.com\/ozluce-k\/uzaktan-egitim\/7-siniflar\/\" target=\"_self\" class=\"button secondary is-shade is-large box-shadow-4 box-shadow-5-hover\"  style=\"border-radius:10px;\">\n    <span>7. S\u0131n\u0131flar<\/span>\n  <\/a>\n\n\n<a href=\"https:\/\/osmangaziokullari.com\/ozluce-k\/uzaktan-egitim\/8-siniflar\/\" target=\"_self\" class=\"button primary is-shade is-large box-shadow-4 box-shadow-5-hover\"  style=\"border-radius:10px;\">\n    <span>8.S\u0131n\u0131flar<\/span>\n  <\/a>\n\n\n\n\t\t<\/div>\n\t\t\t\t\t<\/div>\n\n\t\n\n<\/div>\n\t<div id=\"gap-1903121337\" class=\"gap-element clearfix\" style=\"display:block; height:auto;\">\n\t\t\n<style>\n#gap-1903121337 {\n  padding-top: 74px;\n}\n<\/style>\n\t<\/div>\n\t\n\n\t<section class=\"section\" id=\"section_1337856873\">\n\t\t<div class=\"bg section-bg fill bg-fill  bg-loaded\" >\n\n\t\t\t\n\t\t\t\n\t\t\t\n\n\t\t<\/div>\n\n\t\t<div class=\"section-content relative\">\n\t\t\t\n\n<div class=\"row align-middle align-center\"  id=\"row-386950066\">\n\n\n\t<div id=\"col-1566364616\" class=\"col medium-9 small-12 large-9\"  >\n\t\t\t\t<div class=\"col-inner text-center dark\"  >\n\t\t\t\n\t\t\t\n\n<h1><span style=\"font-size: 180%;\">Okulum Evimde, Rehberim Yan\u0131mda<\/span><\/h1>\n<p class=\"lead\">T\u00fcm ilkokul ve ortaokul s\u0131n\u0131f d\u00fczeyi \u00f6\u011frencilerimiz i\u00e7in Online E\u011fitim yap\u0131lacakt\u0131r.<\/p>\n<p>Uzaktan e\u011fitim bilgilerinize ula\u015fmak i\u00e7in l\u00fctfen kamp\u00fcs\u00fcn\u00fcz\u00fc se\u00e7in.<\/p>\n\n\t\t<\/div>\n\t\t\t\t\t<\/div>\n\n\t\n\n<\/div>\n\t<div id=\"gap-8801231\" class=\"gap-element clearfix\" style=\"display:block; height:auto;\">\n\t\t\n<style>\n#gap-8801231 {\n  padding-top: 30px;\n}\n<\/style>\n\t<\/div>\n\t\n\n<div class=\"row align-equal align-center\"  id=\"row-904126259\">\n\n\n\t<div id=\"col-495692016\" class=\"col medium-4 small-11 large-4\"  >\n\t\t\t\t<div class=\"col-inner\"  >\n\t\t\t\n\t\t\t\n\n\t<div class=\"box has-hover   has-hover box-text-bottom\" >\n\n\t\t<div class=\"box-image\" >\n\t\t\t<a href=\"#\"  >\t\t\t<div class=\"image-zoom image-cover\" style=\"padding-top:50%;\">\n\t\t\t\t<img width=\"1920\" height=\"1080\" src=\"https:\/\/osmangaziokullari.com\/ozluce-k\/wp-content\/uploads\/2020\/08\/online-egitim.jpg\" class=\"attachment- size-\" alt=\"\" loading=\"lazy\" srcset=\"https:\/\/osmangaziokullari.com\/ozluce-k\/wp-content\/uploads\/2020\/08\/online-egitim.jpg 1920w, https:\/\/osmangaziokullari.com\/ozluce-k\/wp-content\/uploads\/2020\/08\/online-egitim-300x169.jpg 300w, https:\/\/osmangaziokullari.com\/ozluce-k\/wp-content\/uploads\/2020\/08\/online-egitim-1024x576.jpg 1024w, https:\/\/osmangaziokullari.com\/ozluce-k\/wp-content\/uploads\/2020\/08\/online-egitim-768x432.jpg 768w, https:\/\/osmangaziokullari.com\/ozluce-k\/wp-content\/uploads\/2020\/08\/online-egitim-1536x864.jpg 1536w, https:\/\/osmangaziokullari.com\/ozluce-k\/wp-content\/uploads\/2020\/08\/online-egitim-510x287.jpg 510w\" sizes=\"(max-width: 1920px) 100vw, 1920px\" \/>\t\t\t\t\t\t\t\t\t\t\t<\/div>\n\t\t\t<\/a>\t\t<\/div>\n\n\t\t<div class=\"box-text text-left\" style=\"background-color:rgb(255, 255, 255);padding:20px 20px 20px 20px;\">\n\t\t\t<div class=\"box-text-inner\">\n\t\t\t\t\n\n<h3>Bireysel, Grup, S\u0131n\u0131f Rehberli\u011fi<\/h3>\n<p>Spor \/ Sa\u011fl\u0131k \/ Kodlama<\/p>\n<p>Her g\u00fcn online geri bildirim<\/p>\n\n\t\t\t<\/div>\n\t\t<\/div>\n\t<\/div>\n\t\n\n\t\t<\/div>\n\t\t\t\t\t<\/div>\n\n\t\n\n\t<div id=\"col-1629217233\" class=\"col medium-4 small-11 large-4\"  >\n\t\t\t\t<div class=\"col-inner\"  >\n\t\t\t\n\t\t\t\n\n\t<div class=\"box has-hover   has-hover box-text-bottom\" >\n\n\t\t<div class=\"box-image\" >\n\t\t\t<a href=\"#\"  >\t\t\t<div class=\"image-zoom image-cover\" style=\"padding-top:50%;\">\n\t\t\t\t<img width=\"1440\" height=\"960\" src=\"https:\/\/osmangaziokullari.com\/ozluce-k\/wp-content\/uploads\/2020\/08\/lgs-online.jpg\" class=\"attachment- size-\" alt=\"\" loading=\"lazy\" srcset=\"https:\/\/osmangaziokullari.com\/ozluce-k\/wp-content\/uploads\/2020\/08\/lgs-online.jpg 1440w, https:\/\/osmangaziokullari.com\/ozluce-k\/wp-content\/uploads\/2020\/08\/lgs-online-300x200.jpg 300w, https:\/\/osmangaziokullari.com\/ozluce-k\/wp-content\/uploads\/2020\/08\/lgs-online-1024x683.jpg 1024w, https:\/\/osmangaziokullari.com\/ozluce-k\/wp-content\/uploads\/2020\/08\/lgs-online-768x512.jpg 768w, https:\/\/osmangaziokullari.com\/ozluce-k\/wp-content\/uploads\/2020\/08\/lgs-online-510x340.jpg 510w\" sizes=\"(max-width: 1440px) 100vw, 1440px\" \/>\t\t\t\t\t\t\t\t\t\t\t<\/div>\n\t\t\t<\/a>\t\t<\/div>\n\n\t\t<div class=\"box-text text-left\" style=\"background-color:rgb(255, 255, 255);padding:20px 20px 20px 20px;\">\n\t\t\t<div class=\"box-text-inner\">\n\t\t\t\t\n\n<h3>LGS Haz\u0131rl\u0131k S\u00fcre\u00e7leri<\/h3>\n<p>Haz\u0131rl\u0131k Dersleri \/ Deneme S\u0131navlar\u0131 \/ Soru \u00c7\u00f6z\u00fcmleri<\/p>\n\n\t\t\t<\/div>\n\t\t<\/div>\n\t<\/div>\n\t\n\n\t\t<\/div>\n\t\t\t\t\t<\/div>\n\n\t\n\n\t<div id=\"col-633074887\" class=\"col medium-4 small-11 large-4\"  >\n\t\t\t\t<div class=\"col-inner\"  >\n\t\t\t\n\t\t\t\n\n\t<div class=\"box has-hover   has-hover box-text-bottom\" >\n\n\t\t<div class=\"box-image\" >\n\t\t\t<a href=\"#\"  >\t\t\t<div class=\"image-zoom image-cover\" style=\"padding-top:50%;\">\n\t\t\t\t<img width=\"1440\" height=\"810\" src=\"https:\/\/osmangaziokullari.com\/ozluce-k\/wp-content\/uploads\/2020\/08\/lgs-8.jpg\" class=\"attachment- size-\" alt=\"\" loading=\"lazy\" srcset=\"https:\/\/osmangaziokullari.com\/ozluce-k\/wp-content\/uploads\/2020\/08\/lgs-8.jpg 1440w, https:\/\/osmangaziokullari.com\/ozluce-k\/wp-content\/uploads\/2020\/08\/lgs-8-300x169.jpg 300w, https:\/\/osmangaziokullari.com\/ozluce-k\/wp-content\/uploads\/2020\/08\/lgs-8-1024x576.jpg 1024w, https:\/\/osmangaziokullari.com\/ozluce-k\/wp-content\/uploads\/2020\/08\/lgs-8-768x432.jpg 768w, https:\/\/osmangaziokullari.com\/ozluce-k\/wp-content\/uploads\/2020\/08\/lgs-8-510x287.jpg 510w\" sizes=\"(max-width: 1440px) 100vw, 1440px\" \/>\t\t\t\t\t\t\t\t\t\t\t<\/div>\n\t\t\t<\/a>\t\t<\/div>\n\n\t\t<div class=\"box-text text-left\" style=\"background-color:rgb(255, 255, 255);padding:20px 20px 20px 20px;\">\n\t\t\t<div class=\"box-text-inner\">\n\t\t\t\t\n\n<h3>8. S\u0131n\u0131f LGS Haz\u0131rl\u0131k S\u00fcre\u00e7leri<\/h3>\n<p>G\u00fcn a\u015f\u0131r\u0131 deneme s\u0131nav\u0131 \/ 2970 Soru Analizi \/ Her Denemenin Karnesi<\/p>\n\n\t\t\t<\/div>\n\t\t<\/div>\n\t<\/div>\n\t\n\n\t\t<\/div>\n\t\t\t\t\t<\/div>\n\n\t\n\n\n<style>\n#row-904126259 > .col > .col-inner {\n  background-color: rgb(255,255,255);\n}\n<\/style>\n<\/div>\n\n\t\t<\/div>\n\n\t\t\n<style>\n#section_1337856873 {\n  padding-top: 60px;\n  padding-bottom: 60px;\n  background-color: #f41b1c;\n}\n<\/style>\n\t<\/section>\n\t\n\t<section class=\"section\" id=\"section_1998306202\">\n\t\t<div class=\"bg section-bg fill bg-fill  bg-loaded\" >\n\n\t\t\t\n\t\t\t\n\t\t\t\n\n\t\t<\/div>\n\n\t\t<div class=\"section-content relative\">\n\t\t\t\n\n<div class=\"row\"  id=\"row-1461399152\">\n\n\n\t<div id=\"col-14652040\" class=\"col small-12 large-12\"  >\n\t\t\t\t<div class=\"col-inner\"  >\n\t\t\t\n\t\t\t\n\n<h6 data-text-color=\"success\">Online E\u011fitim<\/h6>\n<h3 style=\"font-size: 250%;\">Uzaktan E\u011fitim Video<\/h3>\n\n\t\t<\/div>\n\t\t\t\t\n<style>\n#col-14652040 > .col-inner {\n  margin: 0px 0px -140px 0px;\n}\n<\/style>\n\t<\/div>\n\n\t\n\n<\/div>\n\n\t\t<\/div>\n\n\t\t\n<style>\n#section_1998306202 {\n  padding-top: 80px;\n  padding-bottom: 80px;\n}\n<\/style>\n\t<\/section>\n\t\n\t<section class=\"section\" id=\"section_1260616038\">\n\t\t<div class=\"bg section-bg fill bg-fill  bg-loaded\" >\n\n\t\t\t\n\t\t\t\n\t\t\t\n\n\t\t<\/div>\n\n\t\t<div class=\"section-content relative\">\n\t\t\t\n\n<div class=\"row row-collapse\"  id=\"row-1405428773\">\n\n\n\t<div id=\"col-1862424182\" class=\"col medium-8 small-12 large-8\"  >\n\t\t\t\t<div class=\"col-inner\"  >\n\t\t\t\n\t\t\t\n\n\t<div id=\"gap-1667691842\" class=\"gap-element clearfix\" style=\"display:block; height:auto;\">\n\t\t\n<style>\n#gap-1667691842 {\n  padding-top: 30px;\n}\n<\/style>\n\t<\/div>\n\t\n\n\n\t\t<\/div>\n\t\t\t\t\t<\/div>\n\n\t\n\n<\/div>\n<div class=\"row row-collapse align-middle\"  id=\"row-209587654\">\n\n\n\t<div id=\"col-799109426\" class=\"col medium-6 small-12 large-6\"  >\n\t\t\t\t<div class=\"col-inner dark\" style=\"background-color:#f41b1c;\" >\n\t\t\t\n\t\t\t\n\n<h3 style=\"font-size: 220%; line-height: 100%;\">Okulum yan\u0131mda, denemem evimde, sa\u011fl\u0131\u011f\u0131m yerinde<\/h3>\n<p>Osmangazi E\u011fitim Kurumlar\u0131 uzaktan e\u011fitim program\u0131 videsou, mutlu yar\u0131nlar\u0131 bug\u00fcnden haz\u0131rl\u0131yoruz.<\/p>\n<a rel=\"noopener noreferrer\" href=\"https:\/\/osmangaziokullari.com\/ozluce-k\/wp-content\/uploads\/2020\/08\/uzaktanegitim.pdf\" target=\"_blank\" class=\"button white lowercase\"  >\n    <span>Uzaktan E\u011fitim (Pdf)<\/span>\n  <\/a>\n\n\n\t<div id=\"gap-1349648154\" class=\"gap-element clearfix\" style=\"display:block; height:auto;\">\n\t\t\n<style>\n#gap-1349648154 {\n  padding-top: 10px;\n}\n<\/style>\n\t<\/div>\n\t\n\n\n\t\t<\/div>\n\t\t\t\t\n<style>\n#col-799109426 > .col-inner {\n  padding: 50px 50px 50px 50px;\n}\n<\/style>\n\t<\/div>\n\n\t\n\n\t<div id=\"col-392947115\" class=\"col medium-6 small-12 large-6\"  >\n\t\t\t\t<div class=\"col-inner\"  >\n\t\t\t\n\t\t\t\n\n<p><iframe loading=\"lazy\" width=\"560\" height=\"315\" src=\"https:\/\/www.youtube.com\/embed\/m4ndtpP7EQY\" frameborder=\"0\" allow=\"accelerometer; autoplay; encrypted-media; gyroscope; picture-in-picture\" allowfullscreen=\"\"><\/iframe><\/p>\n\n\t\t<\/div>\n\t\t\t\t\t<\/div>\n\n\t\n\n<\/div>\n<div class=\"row row-collapse hide-for-small\"  id=\"row-714579063\">\n\n\n\t<div id=\"col-1852714081\" class=\"col medium-8 small-12 large-8\"  >\n\t\t\t\t<div class=\"col-inner\"  >\n\t\t\t\n\t\t\t\n\n\t<div id=\"gap-1483228859\" class=\"gap-element clearfix\" style=\"display:block; height:auto;\">\n\t\t\n<style>\n#gap-1483228859 {\n  padding-top: 30px;\n}\n<\/style>\n\t<\/div>\n\t\n\n\n\t\t<\/div>\n\t\t\t\t\t<\/div>\n\n\t\n\n<\/div>\n\n\t\t<\/div>\n\n\t\t\n<style>\n#section_1260616038 {\n  padding-top: 0px;\n  padding-bottom: 0px;\n}\n<\/style>\n\t<\/section>\n\t\n\t<section class=\"section\" id=\"section_1111753923\">\n\t\t<div class=\"bg section-bg fill bg-fill  bg-loaded\" >\n\n\t\t\t\n\t\t\t\n\t\t\t\n\n\t\t<\/div>\n\n\t\t<div class=\"section-content relative\">\n\t\t\t\n\n<div class=\"row\"  id=\"row-1388761149\">\n\n\n\t<div id=\"col-2086162999\" class=\"col small-12 large-12\"  >\n\t\t\t\t<div class=\"col-inner\"  >\n\t\t\t\n\t\t\t\n\n<h6 data-text-color=\"success\">Etkinlikler, Haberler<\/h6>\n<h3 style=\"font-size: 250%;\">Osmangazi Blog<\/h3>\n\t<div id=\"gap-1094567851\" class=\"gap-element clearfix\" style=\"display:block; height:auto;\">\n\t\t\n<style>\n#gap-1094567851 {\n  padding-top: 30px;\n}\n<\/style>\n\t<\/div>\n\t\n\n\n  \n    <div class=\"row large-columns-3 medium-columns-1 small-columns-1\">\n  \t\t<div class=\"col post-item\" >\n\t\t\t<div class=\"col-inner\">\n\t\t\t<a href=\"https:\/\/osmangaziokullari.com\/ozluce-k\/2026-2027-ucret-ilani\/\" class=\"plain\">\n\t\t\t\t<div class=\"box box-normal box-text-bottom box-blog-post has-hover\">\n          \t\t\t\t\t<div class=\"box-text text-left\" style=\"background-color:rgb(255, 255, 255);padding:20px 20px 20px 20px;\">\n\t\t\t\t\t<div class=\"box-text-inner blog-post-inner\">\n\n\t\t\t\t\t\n\t\t\t\t\t\t\t\t\t\t<h5 class=\"post-title is-large \">2026-2027 \u00dccret \u0130lan\u0131<\/h5>\n\t\t\t\t\t\t\t\t\t\t<div class=\"is-divider\"><\/div>\n\t\t\t\t\t\t\t\t\t\t<p class=\"from_the_blog_excerpt \"> [...]\t\t\t\t\t<\/p>\n\t\t\t\t\t                    \n\t\t\t\t\t\t\t\t\t\t\t<button href=\"https:\/\/osmangaziokullari.com\/ozluce-k\/2026-2027-ucret-ilani\/\" class=\"button success is-link is-small mb-0\">\n\t\t\t\t\t\t\tDevam\u0131\t\t\t\t\t\t<\/button>\n\t\t\t\t\t\n\t\t\t\t\t\n\t\t\t\t\t<\/div>\n\t\t\t\t\t<\/div>\n\t\t\t\t\t\t\t\t\t<\/div>\n\t\t\t\t<\/a>\n\t\t\t<\/div>\n\t\t<\/div>\n\t\t<div class=\"col post-item\" >\n\t\t\t<div class=\"col-inner\">\n\t\t\t<a href=\"https:\/\/osmangaziokullari.com\/ozluce-k\/beylikten-cihan-devletine-osmanli-devleti\/\" class=\"plain\">\n\t\t\t\t<div class=\"box box-normal box-text-bottom box-blog-post has-hover\">\n            \t\t\t\t\t<div class=\"box-image\" >\n  \t\t\t\t\t\t<div class=\"image-zoom image-cover\" style=\"padding-top:56.25%;\">\n  \t\t\t\t\t\t\t<img width=\"212\" height=\"300\" src=\"https:\/\/osmangaziokullari.com\/ozluce-k\/wp-content\/uploads\/2026\/01\/WhatsApp-Image-2026-01-12-at-09.55.04-1-212x300.jpeg\" class=\"attachment-medium size-medium wp-post-image\" alt=\"\" loading=\"lazy\" srcset=\"https:\/\/osmangaziokullari.com\/ozluce-k\/wp-content\/uploads\/2026\/01\/WhatsApp-Image-2026-01-12-at-09.55.04-1-212x300.jpeg 212w, https:\/\/osmangaziokullari.com\/ozluce-k\/wp-content\/uploads\/2026\/01\/WhatsApp-Image-2026-01-12-at-09.55.04-1-724x1024.jpeg 724w, https:\/\/osmangaziokullari.com\/ozluce-k\/wp-content\/uploads\/2026\/01\/WhatsApp-Image-2026-01-12-at-09.55.04-1-768x1086.jpeg 768w, https:\/\/osmangaziokullari.com\/ozluce-k\/wp-content\/uploads\/2026\/01\/WhatsApp-Image-2026-01-12-at-09.55.04-1-1086x1536.jpeg 1086w, https:\/\/osmangaziokullari.com\/ozluce-k\/wp-content\/uploads\/2026\/01\/WhatsApp-Image-2026-01-12-at-09.55.04-1-510x721.jpeg 510w, https:\/\/osmangaziokullari.com\/ozluce-k\/wp-content\/uploads\/2026\/01\/WhatsApp-Image-2026-01-12-at-09.55.04-1.jpeg 1131w\" sizes=\"(max-width: 212px) 100vw, 212px\" \/>  \t\t\t\t\t\t\t  \t\t\t\t\t\t\t  \t\t\t\t\t\t<\/div>\n  \t\t\t\t\t\t  \t\t\t\t\t<\/div>\n          \t\t\t\t\t<div class=\"box-text text-left\" style=\"background-color:rgb(255, 255, 255);padding:20px 20px 20px 20px;\">\n\t\t\t\t\t<div class=\"box-text-inner blog-post-inner\">\n\n\t\t\t\t\t\n\t\t\t\t\t\t\t\t\t\t<h5 class=\"post-title is-large \">BEYL\u0130KTEN C\u0130HAN DEVLET\u0130NE: OSMANLI DEVLET\u0130<\/h5>\n\t\t\t\t\t\t\t\t\t\t<div class=\"is-divider\"><\/div>\n\t\t\t\t\t\t\t\t\t\t<p class=\"from_the_blog_excerpt \">Osmangazi Okullar\u0131 \u00d6zl\u00fcce Kamp\u00fcs\u00fcm\u00fczde \u00f6\u011frencilerimizin haz\u0131rlad\u0131\u011f\u0131 \u201cBeylikten Cihan Devletine: Osmanl\u0131 Devleti\u201d temal\u0131 drama [...]\t\t\t\t\t<\/p>\n\t\t\t\t\t                    \n\t\t\t\t\t\t\t\t\t\t\t<button href=\"https:\/\/osmangaziokullari.com\/ozluce-k\/beylikten-cihan-devletine-osmanli-devleti\/\" class=\"button success is-link is-small mb-0\">\n\t\t\t\t\t\t\tDevam\u0131\t\t\t\t\t\t<\/button>\n\t\t\t\t\t\n\t\t\t\t\t\n\t\t\t\t\t<\/div>\n\t\t\t\t\t<\/div>\n\t\t\t\t\t\t\t\t\t<\/div>\n\t\t\t\t<\/a>\n\t\t\t<\/div>\n\t\t<\/div>\n\t\t<div class=\"col post-item\" >\n\t\t\t<div class=\"col-inner\">\n\t\t\t<a href=\"https:\/\/osmangaziokullari.com\/ozluce-k\/ailenin-okul-surecindeki-yeri-egitimin-guclu-ve-tamamlayici-paydasi\/\" class=\"plain\">\n\t\t\t\t<div class=\"box box-normal box-text-bottom box-blog-post has-hover\">\n            \t\t\t\t\t<div class=\"box-image\" >\n  \t\t\t\t\t\t<div class=\"image-zoom image-cover\" style=\"padding-top:56.25%;\">\n  \t\t\t\t\t\t\t<img width=\"300\" height=\"300\" src=\"https:\/\/osmangaziokullari.com\/ozluce-k\/wp-content\/uploads\/2026\/01\/AILENIN-OKUL-BASARISINDAKI-ROLU-GORSELI-300x300.jpeg\" class=\"attachment-medium size-medium wp-post-image\" alt=\"\" loading=\"lazy\" srcset=\"https:\/\/osmangaziokullari.com\/ozluce-k\/wp-content\/uploads\/2026\/01\/AILENIN-OKUL-BASARISINDAKI-ROLU-GORSELI-300x300.jpeg 300w, https:\/\/osmangaziokullari.com\/ozluce-k\/wp-content\/uploads\/2026\/01\/AILENIN-OKUL-BASARISINDAKI-ROLU-GORSELI-1024x1024.jpeg 1024w, https:\/\/osmangaziokullari.com\/ozluce-k\/wp-content\/uploads\/2026\/01\/AILENIN-OKUL-BASARISINDAKI-ROLU-GORSELI-150x150.jpeg 150w, https:\/\/osmangaziokullari.com\/ozluce-k\/wp-content\/uploads\/2026\/01\/AILENIN-OKUL-BASARISINDAKI-ROLU-GORSELI-768x768.jpeg 768w, https:\/\/osmangaziokullari.com\/ozluce-k\/wp-content\/uploads\/2026\/01\/AILENIN-OKUL-BASARISINDAKI-ROLU-GORSELI-250x250.jpeg 250w, https:\/\/osmangaziokullari.com\/ozluce-k\/wp-content\/uploads\/2026\/01\/AILENIN-OKUL-BASARISINDAKI-ROLU-GORSELI-510x510.jpeg 510w, https:\/\/osmangaziokullari.com\/ozluce-k\/wp-content\/uploads\/2026\/01\/AILENIN-OKUL-BASARISINDAKI-ROLU-GORSELI-100x100.jpeg 100w, https:\/\/osmangaziokullari.com\/ozluce-k\/wp-content\/uploads\/2026\/01\/AILENIN-OKUL-BASARISINDAKI-ROLU-GORSELI.jpeg 1080w\" sizes=\"(max-width: 300px) 100vw, 300px\" \/>  \t\t\t\t\t\t\t  \t\t\t\t\t\t\t  \t\t\t\t\t\t<\/div>\n  \t\t\t\t\t\t  \t\t\t\t\t<\/div>\n          \t\t\t\t\t<div class=\"box-text text-left\" style=\"background-color:rgb(255, 255, 255);padding:20px 20px 20px 20px;\">\n\t\t\t\t\t<div class=\"box-text-inner blog-post-inner\">\n\n\t\t\t\t\t\n\t\t\t\t\t\t\t\t\t\t<h5 class=\"post-title is-large \">Ailenin Okul S\u00fcrecindeki Yeri: E\u011fitimin G\u00fc\u00e7l\u00fc ve Tamamlay\u0131c\u0131 Payda\u015f\u0131<\/h5>\n\t\t\t\t\t\t\t\t\t\t<div class=\"is-divider\"><\/div>\n\t\t\t\t\t\t\t\t\t\t<p class=\"from_the_blog_excerpt \">E\u011fitim s\u00fcreci, \u00e7ocu\u011fun yaln\u0131zca akademik kazan\u0131mlar elde etti\u011fi bir d\u00f6nem de\u011fil; ayn\u0131 zamanda [...]\t\t\t\t\t<\/p>\n\t\t\t\t\t                    \n\t\t\t\t\t\t\t\t\t\t\t<button href=\"https:\/\/osmangaziokullari.com\/ozluce-k\/ailenin-okul-surecindeki-yeri-egitimin-guclu-ve-tamamlayici-paydasi\/\" class=\"button success is-link is-small mb-0\">\n\t\t\t\t\t\t\tDevam\u0131\t\t\t\t\t\t<\/button>\n\t\t\t\t\t\n\t\t\t\t\t\n\t\t\t\t\t<\/div>\n\t\t\t\t\t<\/div>\n\t\t\t\t\t\t\t\t\t<\/div>\n\t\t\t\t<\/a>\n\t\t\t<\/div>\n\t\t<\/div>\n<\/div>\n\n\t<div id=\"gap-123894019\" class=\"gap-element clearfix\" style=\"display:block; height:auto;\">\n\t\t\n<style>\n#gap-123894019 {\n  padding-top: 120px;\n}\n<\/style>\n\t<\/div>\n\t\n\n\n\t\t<\/div>\n\t\t\t\t\n<style>\n#col-2086162999 > .col-inner {\n  margin: 0px 0px -175px 0px;\n}\n<\/style>\n\t<\/div>\n\n\t\n\n<\/div>\n\n\t\t<\/div>\n\n\t\t\n<style>\n#section_1111753923 {\n  padding-top: 80px;\n  padding-bottom: 80px;\n  background-color: rgb(247, 245, 244);\n}\n<\/style>\n\t<\/section>\n\t\n\n","protected":false},"excerpt":{"rendered":"","protected":false},"author":1,"featured_media":0,"parent":0,"menu_order":0,"comment_status":"closed","ping_status":"closed","template":"page-blank.php","meta":[],"_links":{"self":[{"href":"https:\/\/osmangaziokullari.com\/ozluce-k\/wp-json\/wp\/v2\/pages\/2121"}],"collection":[{"href":"https:\/\/osmangaziokullari.com\/ozluce-k\/wp-json\/wp\/v2\/pages"}],"about":[{"href":"https:\/\/osmangaziokullari.com\/ozluce-k\/wp-json\/wp\/v2\/types\/page"}],"author":[{"embeddable":true,"href":"https:\/\/osmangaziokullari.com\/ozluce-k\/wp-json\/wp\/v2\/users\/1"}],"replies":[{"embeddable":true,"href":"https:\/\/osmangaziokullari.com\/ozluce-k\/wp-json\/wp\/v2\/comments?post=2121"}],"version-history":[{"count":1,"href":"https:\/\/osmangaziokullari.com\/ozluce-k\/wp-json\/wp\/v2\/pages\/2121\/revisions"}],"predecessor-version":[{"id":4860,"href":"https:\/\/osmangaziokullari.com\/ozluce-k\/wp-json\/wp\/v2\/pages\/2121\/revisions\/4860"}],"wp:attachment":[{"href":"https:\/\/osmangaziokullari.com\/ozluce-k\/wp-json\/wp\/v2\/media?parent=2121"}],"curies":[{"name":"wp","href":"https:\/\/api.w.org\/{rel}","templated":true}]}}