{"id":1583,"date":"2020-08-08T23:12:33","date_gmt":"2020-08-08T20:12:33","guid":{"rendered":"http:\/\/46.101.184.248\/?page_id=1583"},"modified":"2020-08-08T23:12:33","modified_gmt":"2020-08-08T20:12:33","slug":"origami","status":"publish","type":"page","link":"https:\/\/osmangaziokullari.com\/ozluce-k\/yetenek-atolyeleri\/origami\/","title":{"rendered":"Origami"},"content":{"rendered":"\n<div class=\"row\"  id=\"row-750933323\">\n\n\n\t<div id=\"col-204757635\" class=\"col small-12 large-12\"  >\n\t\t\t\t<div class=\"col-inner\"  >\n\t\t\t\n\t\t\t\n\n<p class=\"lead\">5, 6, 7. s\u0131n\u0131f seviyelerinde 10 k\u0131z \u00f6\u011frenci 10 erkek \u00f6\u011frencikontenjan\u0131ndan olu\u015fur.<\/p>\n\n\t\t<\/div>\n\t\t\t\t\t<\/div>\n\n\t\n\n\t<div id=\"col-2016125410\" class=\"col medium-6 small-12 large-6\"  >\n\t\t\t\t<div class=\"col-inner\"  >\n\t\t\t\n\t\t\t\n\n<p>Origami \u00e7ocuk i\u00e7in her \u015feyden \u00f6nce bir oyundur ve bilindi\u011figibi \u00e7ocuk her f\u0131rsat\u0131n\u0131 oyun oynamak i\u00e7in de\u011ferlendirir.Faydal\u0131 bir oyunun as\u0131l amac\u0131n\u0131n e\u011flendirmesinin yan\u0131nda,e\u011fitmesi oldu\u011funu d\u00fc\u015f\u00fcn\u00fcrsek, origami ger\u00e7ekten de \u00e7okfaydal\u0131 bir oyundur. \u00c7ocuklar aras\u0131nda \u00f6\u011frenilmesi zor birdersten \u00e7ok oyun olarak alg\u0131land\u0131\u011f\u0131 i\u00e7in etkili bir e\u011fitsel ara\u00e7t\u0131rve tekrar eden eylemlerle \u015fematik\u00f6\u011frenmeye \u00f6rnek olu\u015fturur.Ayr\u0131ca \u00e7ocukta, yapt\u0131\u011f\u0131 i\u015fteki estetik duygusunun geli\u015fmesinisa\u011flar.\u00a0<\/p>\n\n\t\t<\/div>\n\t\t\t\t\t<\/div>\n\n\t\n\n\t<div id=\"col-373172467\" class=\"col medium-6 small-12 large-6 small-col-first\"  >\n\t\t\t\t<div class=\"col-inner\"  >\n\t\t\t\n\t\t\t\n\n\t<div class=\"img has-hover x md-x lg-x y md-y lg-y\" id=\"image_1141652519\">\n\t\t\t\t\t\t\t\t<div class=\"img-inner image-cover dark\" style=\"padding-top:75%;\">\n\t\t\t<img width=\"300\" height=\"211\" src=\"https:\/\/osmangaziokullari.com\/ozluce-k\/wp-content\/uploads\/2020\/08\/origami-001-300x211.jpg\" class=\"attachment-medium size-medium\" alt=\"\" loading=\"lazy\" srcset=\"https:\/\/osmangaziokullari.com\/ozluce-k\/wp-content\/uploads\/2020\/08\/origami-001-300x211.jpg 300w, https:\/\/osmangaziokullari.com\/ozluce-k\/wp-content\/uploads\/2020\/08\/origami-001-768x540.jpg 768w, https:\/\/osmangaziokullari.com\/ozluce-k\/wp-content\/uploads\/2020\/08\/origami-001-510x358.jpg 510w, https:\/\/osmangaziokullari.com\/ozluce-k\/wp-content\/uploads\/2020\/08\/origami-001.jpg 800w\" sizes=\"(max-width: 300px) 100vw, 300px\" \/>\t\t\t\t\t\t\n\t\t\t\t\t<\/div>\n\t\t\t\t\t\t\t\t\n<style>\n#image_1141652519 {\n  width: 100%;\n}\n<\/style>\n\t<\/div>\n\t\n\n\n\t\t<\/div>\n\t\t\t\t\t<\/div>\n\n\t\n\n\t<div id=\"col-326967434\" class=\"col medium-6 small-12 large-6\"  >\n\t\t\t\t<div class=\"col-inner\"  >\n\t\t\t\n\t\t\t\n\n<p>Origami sanat\u0131yla \u00e7e\u015fitli objeler yapmaya \u00e7al\u0131\u015fan \u00e7ocuk,ba\u015far\u0131l\u0131olmak i\u00e7in dikkatini yo\u011funla\u015ft\u0131rmak, modeli izlemek ve verileny\u00f6nlendirmeleri dinlemek zorundad\u0131r. Bu da \u00e7ocu\u011fa bir sonuca varmaki\u00e7in sab\u0131rl\u0131 olmas\u0131n\u0131n gere\u011fini \u00f6\u011fretir<\/p>\n<p>\u0130htiya\u00e7 Listesi: Origami ka\u011f\u0131d\u0131, K\u00fc\u00e7\u00fck cetvel<\/p>\n\t<div id=\"gap-1238222445\" class=\"gap-element clearfix\" style=\"display:block; height:auto;\">\n\t\t\n<style>\n#gap-1238222445 {\n  padding-top: 30px;\n}\n<\/style>\n\t<\/div>\n\t\n\n\n  \n    <div class=\"row  lightbox-multi-gallery large-columns-2 medium-columns- small-columns- row-xsmall\">\n          <div class=\"gallery-col col\" >\n          <div class=\"col-inner\">\n            <a class=\"\" href=\"https:\/\/osmangaziokullari.com\/ozluce-k\/wp-content\/uploads\/2020\/08\/origami-003.jpg\" title=\"\">            <div class=\"box has-hover gallery-box box-overlay dark\">\n              <div class=\"box-image image-cover\" style=\"padding-top:56.25%;\">\n                <img width=\"800\" height=\"450\" src=\"https:\/\/osmangaziokullari.com\/ozluce-k\/wp-content\/uploads\/2020\/08\/origami-003.jpg\" class=\"attachment-original size-original\" alt=\"\" loading=\"lazy\" ids=\"1586,1585\" lightbox_image_size=\"original\" col_spacing=\"xsmall\" columns=\"2\" image_height=\"56.25%\" image_size=\"original\" srcset=\"https:\/\/osmangaziokullari.com\/ozluce-k\/wp-content\/uploads\/2020\/08\/origami-003.jpg 800w, https:\/\/osmangaziokullari.com\/ozluce-k\/wp-content\/uploads\/2020\/08\/origami-003-300x169.jpg 300w, https:\/\/osmangaziokullari.com\/ozluce-k\/wp-content\/uploads\/2020\/08\/origami-003-768x432.jpg 768w, https:\/\/osmangaziokullari.com\/ozluce-k\/wp-content\/uploads\/2020\/08\/origami-003-510x287.jpg 510w\" sizes=\"(max-width: 800px) 100vw, 800px\" \/>                                  <div class=\"overlay fill\"\n                      style=\"background-color: rgba(0,0,0,.15)\">\n                  <\/div>\n                                                              <\/div>\n              <div class=\"box-text text-left\" >\n                 <p><\/p>\n              <\/div>\n            <\/div>\n            <\/a>          <\/div>\n         <\/div>\n                 <div class=\"gallery-col col\" >\n          <div class=\"col-inner\">\n            <a class=\"\" href=\"https:\/\/osmangaziokullari.com\/ozluce-k\/wp-content\/uploads\/2020\/08\/origami-002.jpg\" title=\"\">            <div class=\"box has-hover gallery-box box-overlay dark\">\n              <div class=\"box-image image-cover\" style=\"padding-top:56.25%;\">\n                <img width=\"450\" height=\"600\" src=\"https:\/\/osmangaziokullari.com\/ozluce-k\/wp-content\/uploads\/2020\/08\/origami-002.jpg\" class=\"attachment-original size-original\" alt=\"\" loading=\"lazy\" ids=\"1586,1585\" lightbox_image_size=\"original\" col_spacing=\"xsmall\" columns=\"2\" image_height=\"56.25%\" image_size=\"original\" srcset=\"https:\/\/osmangaziokullari.com\/ozluce-k\/wp-content\/uploads\/2020\/08\/origami-002.jpg 450w, https:\/\/osmangaziokullari.com\/ozluce-k\/wp-content\/uploads\/2020\/08\/origami-002-225x300.jpg 225w\" sizes=\"(max-width: 450px) 100vw, 450px\" \/>                                  <div class=\"overlay fill\"\n                      style=\"background-color: rgba(0,0,0,.15)\">\n                  <\/div>\n                                                              <\/div>\n              <div class=\"box-text text-left\" >\n                 <p><\/p>\n              <\/div>\n            <\/div>\n            <\/a>          <\/div>\n         <\/div>\n         <\/div>\n\n\n\t\t<\/div>\n\t\t\t\t\t<\/div>\n\n\t\n\n\t<div id=\"col-1091404927\" class=\"col medium-6 small-12 large-6\"  >\n\t\t\t\t<div class=\"col-inner\"  >\n\t\t\t\n\t\t\t\n\n\t<div class=\"img has-hover x md-x lg-x y md-y lg-y\" id=\"image_1218426746\">\n\t\t\t\t\t\t\t\t<div class=\"img-inner image-cover dark\" style=\"padding-top:100%;\">\n\t\t\t<img width=\"401\" height=\"600\" src=\"https:\/\/osmangaziokullari.com\/ozluce-k\/wp-content\/uploads\/2020\/08\/origami-004.jpg\" class=\"attachment-large size-large\" alt=\"\" loading=\"lazy\" srcset=\"https:\/\/osmangaziokullari.com\/ozluce-k\/wp-content\/uploads\/2020\/08\/origami-004.jpg 401w, https:\/\/osmangaziokullari.com\/ozluce-k\/wp-content\/uploads\/2020\/08\/origami-004-201x300.jpg 201w\" sizes=\"(max-width: 401px) 100vw, 401px\" \/>\t\t\t\t\t\t\n\t\t\t\t\t<\/div>\n\t\t\t\t\t\t\t\t\n<style>\n#image_1218426746 {\n  width: 100%;\n}\n<\/style>\n\t<\/div>\n\t\n\n\n\t\t<\/div>\n\t\t\t\t\t<\/div>\n\n\t\n\n<\/div>\n\t<div id=\"gap-1256922918\" class=\"gap-element clearfix\" style=\"display:block; height:auto;\">\n\t\t\n<style>\n#gap-1256922918 {\n  padding-top: 95px;\n}\n<\/style>\n\t<\/div>\n\t\n\n\n  \n    <div class=\"row large-columns-3 medium-columns-1 small-columns-1\">\n  <\/div>\n\n\n","protected":false},"excerpt":{"rendered":"","protected":false},"author":1,"featured_media":1584,"parent":297,"menu_order":0,"comment_status":"closed","ping_status":"closed","template":"page-blank-sub-nav-vertical.php","meta":[],"_links":{"self":[{"href":"https:\/\/osmangaziokullari.com\/ozluce-k\/wp-json\/wp\/v2\/pages\/1583"}],"collection":[{"href":"https:\/\/osmangaziokullari.com\/ozluce-k\/wp-json\/wp\/v2\/pages"}],"about":[{"href":"https:\/\/osmangaziokullari.com\/ozluce-k\/wp-json\/wp\/v2\/types\/page"}],"author":[{"embeddable":true,"href":"https:\/\/osmangaziokullari.com\/ozluce-k\/wp-json\/wp\/v2\/users\/1"}],"replies":[{"embeddable":true,"href":"https:\/\/osmangaziokullari.com\/ozluce-k\/wp-json\/wp\/v2\/comments?post=1583"}],"version-history":[{"count":0,"href":"https:\/\/osmangaziokullari.com\/ozluce-k\/wp-json\/wp\/v2\/pages\/1583\/revisions"}],"up":[{"embeddable":true,"href":"https:\/\/osmangaziokullari.com\/ozluce-k\/wp-json\/wp\/v2\/pages\/297"}],"wp:featuredmedia":[{"embeddable":true,"href":"https:\/\/osmangaziokullari.com\/ozluce-k\/wp-json\/wp\/v2\/media\/1584"}],"wp:attachment":[{"href":"https:\/\/osmangaziokullari.com\/ozluce-k\/wp-json\/wp\/v2\/media?parent=1583"}],"curies":[{"name":"wp","href":"https:\/\/api.w.org\/{rel}","templated":true}]}}