{"id":1572,"date":"2020-08-08T22:30:21","date_gmt":"2020-08-08T19:30:21","guid":{"rendered":"http:\/\/46.101.184.248\/?page_id=1572"},"modified":"2020-08-08T22:30:21","modified_gmt":"2020-08-08T19:30:21","slug":"kagittan-hayaller","status":"publish","type":"page","link":"https:\/\/osmangaziokullari.com\/ozluce-k\/yetenek-atolyeleri\/kagittan-hayaller\/","title":{"rendered":"Ka\u011f\u0131ttan Hayaller"},"content":{"rendered":"\n<div class=\"row\"  id=\"row-2065301942\">\n\n\n\t<div id=\"col-296189722\" class=\"col small-12 large-12\"  >\n\t\t\t\t<div class=\"col-inner\"  >\n\t\t\t\n\t\t\t\n\n<p class=\"lead\">3 ve 4. s\u0131n\u0131f seviyelerinde 12 \u00f6\u011frenci kontenjan\u0131ndan olu\u015fur.<\/p>\n\n\t\t<\/div>\n\t\t\t\t\t<\/div>\n\n\t\n\n\t<div id=\"col-1593560977\" class=\"col medium-6 small-12 large-6\"  >\n\t\t\t\t<div class=\"col-inner\"  >\n\t\t\t\n\t\t\t\n\n<p>22 Yetenek ve Ya\u015fam At\u00f6lyeleriAna malzemesi ka\u011f\u0131t olan ve yard\u0131mc\u0131 di\u011fer malzemelerde (eva,boncuk, pul, sim, oynar g\u00f6z, ip v.b.) kullan\u0131larak; \u00f6\u011frencilerin etkinlikleri s\u00fcrekli yaparak, el \u2013 beyin koordinasyonlar\u0131n\u0131;sanatsal \u00e7al\u0131\u015fmalar\u0131 hayatlar\u0131na katarak, g\u00f6rsel \u2013 mekansal zekalar\u0131n\u0131; yapt\u0131klar\u0131 bireysel \u00e7al\u0131\u015fmalarla, ki\u015fisel \u2013 i\u00e7sel zekalar\u0131n\u0131, grup \u00e7al\u0131\u015fmalar\u0131ndaki yard\u0131mla\u015fma ve uyumla,ki\u015fileraras\u0131 \u2013 sosyal zekalar\u0131n\u0131 \u00f6ncelikli olarak geli\u015ftirmeyi hedeflemektedir.<\/p>\n\n\t\t<\/div>\n\t\t\t\t\t<\/div>\n\n\t\n\n\t<div id=\"col-1684764461\" class=\"col medium-6 small-12 large-6 small-col-first\"  >\n\t\t\t\t<div class=\"col-inner\"  >\n\t\t\t\n\t\t\t\n\n\t<div class=\"img has-hover x md-x lg-x y md-y lg-y\" id=\"image_616508674\">\n\t\t\t\t\t\t\t\t<div class=\"img-inner image-cover dark\" style=\"padding-top:75%;\">\n\t\t\t<img width=\"300\" height=\"300\" src=\"https:\/\/osmangaziokullari.com\/ozluce-k\/wp-content\/uploads\/2020\/08\/kagittan-hayaller003-300x300.jpg\" class=\"attachment-medium size-medium\" alt=\"\" loading=\"lazy\" srcset=\"https:\/\/osmangaziokullari.com\/ozluce-k\/wp-content\/uploads\/2020\/08\/kagittan-hayaller003-300x300.jpg 300w, https:\/\/osmangaziokullari.com\/ozluce-k\/wp-content\/uploads\/2020\/08\/kagittan-hayaller003-150x150.jpg 150w, https:\/\/osmangaziokullari.com\/ozluce-k\/wp-content\/uploads\/2020\/08\/kagittan-hayaller003-250x250.jpg 250w, https:\/\/osmangaziokullari.com\/ozluce-k\/wp-content\/uploads\/2020\/08\/kagittan-hayaller003-510x510.jpg 510w, https:\/\/osmangaziokullari.com\/ozluce-k\/wp-content\/uploads\/2020\/08\/kagittan-hayaller003-100x100.jpg 100w, https:\/\/osmangaziokullari.com\/ozluce-k\/wp-content\/uploads\/2020\/08\/kagittan-hayaller003.jpg 600w\" sizes=\"(max-width: 300px) 100vw, 300px\" \/>\t\t\t\t\t\t\n\t\t\t\t\t<\/div>\n\t\t\t\t\t\t\t\t\n<style>\n#image_616508674 {\n  width: 100%;\n}\n<\/style>\n\t<\/div>\n\t\n\n\n\t\t<\/div>\n\t\t\t\t\t<\/div>\n\n\t\n\n\t<div id=\"col-666284284\" class=\"col medium-6 small-12 large-6\"  >\n\t\t\t\t<div class=\"col-inner\"  >\n\t\t\t\n\t\t\t\n\n<p><strong>\u0130htiya\u00e7 Listesi<\/strong><\/p>\n<ul>\n<li class=\"bullet-star\">Renkli A4 ka\u011f\u0131tlar,<\/li>\n<li class=\"bullet-star\">koli kartonu ve resim ka\u011f\u0131d\u0131,<\/li>\n<li class=\"bullet-star\">Makas,<\/li>\n<li class=\"bullet-star\">Stick yap\u0131\u015ft\u0131r\u0131c\u0131 ve izole \u015feffaf bant,<\/li>\n<li class=\"bullet-star\">Oynar g\u00f6z, sim, pul, boncuk,<\/li>\n<li class=\"bullet-star\">ip,d\u00fc\u011fme v.b. gibi \u00f6\u011frencilerin evlerinde bulunan s\u00fcsleme malzemeleri,<\/li>\n<li class=\"bullet-star\">Tuvalet ka\u011f\u0131d\u0131 ve havlu ka\u011f\u0131t rulolar\u0131,<\/li>\n<li class=\"bullet-star\">Gazete,Cetvel (k\u00fc\u00e7\u00fck ya da b\u00fcy\u00fck),<\/li>\n<li class=\"bullet-star\">T\u00fcl ve kuma\u015f par\u00e7alar\u0131,<\/li>\n<li class=\"bullet-star\">Renkli ke\u00e7eli ve kuru kalemler.<\/li>\n<\/ul>\n\n\t\t<\/div>\n\t\t\t\t\t<\/div>\n\n\t\n\n\t<div id=\"col-1503655643\" class=\"col medium-6 small-12 large-6\"  >\n\t\t\t\t<div class=\"col-inner\"  >\n\t\t\t\n\t\t\t\n\n\t<div class=\"img has-hover x md-x lg-x y md-y lg-y\" id=\"image_2090692504\">\n\t\t\t\t\t\t\t\t<div class=\"img-inner dark\" >\n\t\t\t<img width=\"450\" height=\"600\" src=\"https:\/\/osmangaziokullari.com\/ozluce-k\/wp-content\/uploads\/2020\/08\/kagittan-hayaller004.jpg\" class=\"attachment-large size-large\" alt=\"\" loading=\"lazy\" srcset=\"https:\/\/osmangaziokullari.com\/ozluce-k\/wp-content\/uploads\/2020\/08\/kagittan-hayaller004.jpg 450w, https:\/\/osmangaziokullari.com\/ozluce-k\/wp-content\/uploads\/2020\/08\/kagittan-hayaller004-225x300.jpg 225w\" sizes=\"(max-width: 450px) 100vw, 450px\" \/>\t\t\t\t\t\t\n\t\t\t\t\t<\/div>\n\t\t\t\t\t\t\t\t\n<style>\n#image_2090692504 {\n  width: 100%;\n}\n<\/style>\n\t<\/div>\n\t\n\n\n\t\t<\/div>\n\t\t\t\t\t<\/div>\n\n\t\n\n<\/div>\n\n  \n    <div class=\"row  lightbox-multi-gallery large-columns-2 medium-columns- small-columns- row-xsmall\">\n          <div class=\"gallery-col col\" >\n          <div class=\"col-inner\">\n            <a class=\"\" href=\"https:\/\/osmangaziokullari.com\/ozluce-k\/wp-content\/uploads\/2020\/08\/kagittan-hayaller001-ot4grif1sg0q97f1x2bowby2ilspzpz4mernrmr0zc.jpg\" title=\"\">            <div class=\"box has-hover gallery-box box-overlay dark\">\n              <div class=\"box-image image-cover\" style=\"padding-top:56.25%;\">\n                <img width=\"400\" height=\"300\" src=\"https:\/\/osmangaziokullari.com\/ozluce-k\/wp-content\/uploads\/2020\/08\/kagittan-hayaller001-ot4grif1sg0q97f1x2bowby2ilspzpz4mernrmr0zc.jpg\" class=\"attachment-original size-original\" alt=\"\" loading=\"lazy\" ids=\"1573,1574\" lightbox_image_size=\"original\" col_spacing=\"xsmall\" columns=\"2\" image_height=\"56.25%\" image_size=\"original\" srcset=\"https:\/\/osmangaziokullari.com\/ozluce-k\/wp-content\/uploads\/2020\/08\/kagittan-hayaller001-ot4grif1sg0q97f1x2bowby2ilspzpz4mernrmr0zc.jpg 400w, https:\/\/osmangaziokullari.com\/ozluce-k\/wp-content\/uploads\/2020\/08\/kagittan-hayaller001-ot4grif1sg0q97f1x2bowby2ilspzpz4mernrmr0zc-300x225.jpg 300w\" sizes=\"(max-width: 400px) 100vw, 400px\" \/>                                  <div class=\"overlay fill\"\n                      style=\"background-color: rgba(0,0,0,.15)\">\n                  <\/div>\n                                                              <\/div>\n              <div class=\"box-text text-left\" >\n                 <p><\/p>\n              <\/div>\n            <\/div>\n            <\/a>          <\/div>\n         <\/div>\n                 <div class=\"gallery-col col\" >\n          <div class=\"col-inner\">\n            <a class=\"\" href=\"https:\/\/osmangaziokullari.com\/ozluce-k\/wp-content\/uploads\/2020\/08\/kagittan-hayaller002.jpg\" title=\"\">            <div class=\"box has-hover gallery-box box-overlay dark\">\n              <div class=\"box-image image-cover\" style=\"padding-top:56.25%;\">\n                <img width=\"401\" height=\"600\" src=\"https:\/\/osmangaziokullari.com\/ozluce-k\/wp-content\/uploads\/2020\/08\/kagittan-hayaller002.jpg\" class=\"attachment-original size-original\" alt=\"\" loading=\"lazy\" ids=\"1573,1574\" lightbox_image_size=\"original\" col_spacing=\"xsmall\" columns=\"2\" image_height=\"56.25%\" image_size=\"original\" srcset=\"https:\/\/osmangaziokullari.com\/ozluce-k\/wp-content\/uploads\/2020\/08\/kagittan-hayaller002.jpg 401w, https:\/\/osmangaziokullari.com\/ozluce-k\/wp-content\/uploads\/2020\/08\/kagittan-hayaller002-201x300.jpg 201w\" sizes=\"(max-width: 401px) 100vw, 401px\" \/>                                  <div class=\"overlay fill\"\n                      style=\"background-color: rgba(0,0,0,.15)\">\n                  <\/div>\n                                                              <\/div>\n              <div class=\"box-text text-left\" >\n                 <p><\/p>\n              <\/div>\n            <\/div>\n            <\/a>          <\/div>\n         <\/div>\n         <\/div>\n\n\t<div id=\"gap-10876841\" class=\"gap-element clearfix\" style=\"display:block; height:auto;\">\n\t\t\n<style>\n#gap-10876841 {\n  padding-top: 95px;\n}\n<\/style>\n\t<\/div>\n\t\n\n\n  \n    <div class=\"row large-columns-3 medium-columns-1 small-columns-1\">\n  <\/div>\n","protected":false},"excerpt":{"rendered":"","protected":false},"author":1,"featured_media":1575,"parent":297,"menu_order":0,"comment_status":"closed","ping_status":"closed","template":"page-blank-sub-nav-vertical.php","meta":[],"_links":{"self":[{"href":"https:\/\/osmangaziokullari.com\/ozluce-k\/wp-json\/wp\/v2\/pages\/1572"}],"collection":[{"href":"https:\/\/osmangaziokullari.com\/ozluce-k\/wp-json\/wp\/v2\/pages"}],"about":[{"href":"https:\/\/osmangaziokullari.com\/ozluce-k\/wp-json\/wp\/v2\/types\/page"}],"author":[{"embeddable":true,"href":"https:\/\/osmangaziokullari.com\/ozluce-k\/wp-json\/wp\/v2\/users\/1"}],"replies":[{"embeddable":true,"href":"https:\/\/osmangaziokullari.com\/ozluce-k\/wp-json\/wp\/v2\/comments?post=1572"}],"version-history":[{"count":0,"href":"https:\/\/osmangaziokullari.com\/ozluce-k\/wp-json\/wp\/v2\/pages\/1572\/revisions"}],"up":[{"embeddable":true,"href":"https:\/\/osmangaziokullari.com\/ozluce-k\/wp-json\/wp\/v2\/pages\/297"}],"wp:featuredmedia":[{"embeddable":true,"href":"https:\/\/osmangaziokullari.com\/ozluce-k\/wp-json\/wp\/v2\/media\/1575"}],"wp:attachment":[{"href":"https:\/\/osmangaziokullari.com\/ozluce-k\/wp-json\/wp\/v2\/media?parent=1572"}],"curies":[{"name":"wp","href":"https:\/\/api.w.org\/{rel}","templated":true}]}}