{"id":1546,"date":"2020-08-08T22:12:27","date_gmt":"2020-08-08T19:12:27","guid":{"rendered":"http:\/\/46.101.184.248\/?page_id=1546"},"modified":"2020-08-08T22:12:27","modified_gmt":"2020-08-08T19:12:27","slug":"fotografcilik","status":"publish","type":"page","link":"https:\/\/osmangaziokullari.com\/ozluce-k\/yetenek-atolyeleri\/fotografcilik\/","title":{"rendered":"Foto\u011fraf\u00e7\u0131l\u0131k"},"content":{"rendered":"\n<div class=\"row\"  id=\"row-2146030670\">\n\n\n\t<div id=\"col-2015465669\" class=\"col small-12 large-12\"  >\n\t\t\t\t<div class=\"col-inner\"  >\n\t\t\t\n\t\t\t\n\n<p class=\"lead\">5,6,7 ve 8. S\u0131n\u0131f seviyelerinde 15 \u00f6\u011frenci kontenjan\u0131ndan olu\u015fur.<\/p>\n\n\t\t<\/div>\n\t\t\t\t\t<\/div>\n\n\t\n\n\t<div id=\"col-1081610380\" class=\"col medium-8 small-12 large-8\"  >\n\t\t\t\t<div class=\"col-inner\"  >\n\t\t\t\n\t\t\t\n\n<p>\u00d6\u011frencilerin g\u00f6rsel alg\u0131lar\u0131n\u0131 g\u00fc\u00e7lendirerek, b\u00fcy\u00fck g\u00f6r\u00fcnt\u00fclerdeki k\u00fc\u00e7\u00fck detaylar\u0131 dahi g\u00f6rmelerini sa\u011flar.Farkl\u0131 bak\u0131\u015f a\u00e7\u0131lar\u0131ndan bakabilmeyi \u00f6\u011freterek d\u00fc\u015f\u00fcnme yetisini g\u00fc\u00e7lendirir.<\/p>\n\n\t\t<\/div>\n\t\t\t\t\t<\/div>\n\n\t\n\n\t<div id=\"col-466670579\" class=\"col medium-4 small-12 large-4 small-col-first\"  >\n\t\t\t\t<div class=\"col-inner\"  >\n\t\t\t\n\t\t\t\n\n\t<div class=\"img has-hover x md-x lg-x y md-y lg-y\" id=\"image_1042653045\">\n\t\t\t\t\t\t\t\t<div class=\"img-inner dark\" >\n\t\t\t<img width=\"300\" height=\"200\" src=\"https:\/\/osmangaziokullari.com\/ozluce-k\/wp-content\/uploads\/2020\/08\/osmangazi-fotograf-300x200.jpg\" class=\"attachment-medium size-medium\" alt=\"\" loading=\"lazy\" srcset=\"https:\/\/osmangaziokullari.com\/ozluce-k\/wp-content\/uploads\/2020\/08\/osmangazi-fotograf-300x200.jpg 300w, https:\/\/osmangaziokullari.com\/ozluce-k\/wp-content\/uploads\/2020\/08\/osmangazi-fotograf-1024x683.jpg 1024w, https:\/\/osmangaziokullari.com\/ozluce-k\/wp-content\/uploads\/2020\/08\/osmangazi-fotograf-768x512.jpg 768w, https:\/\/osmangaziokullari.com\/ozluce-k\/wp-content\/uploads\/2020\/08\/osmangazi-fotograf-510x340.jpg 510w, https:\/\/osmangaziokullari.com\/ozluce-k\/wp-content\/uploads\/2020\/08\/osmangazi-fotograf.jpg 1080w\" sizes=\"(max-width: 300px) 100vw, 300px\" \/>\t\t\t\t\t\t\n\t\t\t\t\t<\/div>\n\t\t\t\t\t\t\t\t\n<style>\n#image_1042653045 {\n  width: 100%;\n}\n<\/style>\n\t<\/div>\n\t\n\n\n\t\t<\/div>\n\t\t\t\t\t<\/div>\n\n\t\n\n\t<div id=\"col-2064964555\" class=\"col medium-6 small-12 large-6\"  >\n\t\t\t\t<div class=\"col-inner\"  >\n\t\t\t\n\t\t\t\n\n<p>\u00c7ocuklar\u0131n duygusal ve sosyal geli\u015fiminde \u00f6nemli rol oynayan Foto\u011fraf ayn\u0131 zamanda ara\u015ft\u0131rma y\u00f6n\u00fc ile merak duygusunu tetikler. \u00c7ocu\u011fun \u00e7evresinde olan ki\u015filerle olan ileti\u015fimi olumlu y\u00f6nde ilerler.El-g\u00f6z koordinasyonu geli\u015fen \u00f6\u011frencinin \u00f6zg\u00fcveni artar b\u00f6ylece kendini daha iyi ifade edebilir.<\/p>\n\n\t\t<\/div>\n\t\t\t\t\t<\/div>\n\n\t\n\n\t<div id=\"col-123567652\" class=\"col medium-6 small-12 large-6\"  >\n\t\t\t\t<div class=\"col-inner\"  >\n\t\t\t\n\t\t\t\n\n<p>Temel olarakFoto\u011fraf ve Foto\u011fraf\u00e7\u0131l\u0131k teknikleri ve foto\u011frafta kompozisyonu \u00f6\u011frenir.Foto\u011fraf\u00e7\u0131l\u0131\u011fa merak\u0131 olan, sorumluluk sahibi, \u00f6\u011fretilen verilere ve tekniklere a\u00e7\u0131k, \u00e7al\u0131\u015fkan \u00f6\u011frencilerimizi at\u00f6lyemize bekliyoruz.\u00d6\u011frencilerimizin bakarak de\u011fil g\u00f6rerek \u00e7ekti\u011fi foto\u011fraflar y\u0131l sonunda sergilenecektir.<\/p>\n\n\t\t<\/div>\n\t\t\t\t\t<\/div>\n\n\t\n\n<\/div>\n\t<div class=\"img has-hover x md-x lg-x y md-y lg-y\" id=\"image_1428032319\">\n\t\t\t\t\t\t\t\t<div class=\"img-inner dark\" >\n\t\t\t<img width=\"1020\" height=\"489\" src=\"https:\/\/osmangaziokullari.com\/ozluce-k\/wp-content\/uploads\/2020\/08\/osmangazi-fotografcilik-1024x491.jpg\" class=\"attachment-large size-large\" alt=\"\" loading=\"lazy\" srcset=\"https:\/\/osmangaziokullari.com\/ozluce-k\/wp-content\/uploads\/2020\/08\/osmangazi-fotografcilik-1024x491.jpg 1024w, https:\/\/osmangaziokullari.com\/ozluce-k\/wp-content\/uploads\/2020\/08\/osmangazi-fotografcilik-300x144.jpg 300w, https:\/\/osmangaziokullari.com\/ozluce-k\/wp-content\/uploads\/2020\/08\/osmangazi-fotografcilik-768x368.jpg 768w, https:\/\/osmangaziokullari.com\/ozluce-k\/wp-content\/uploads\/2020\/08\/osmangazi-fotografcilik-1536x736.jpg 1536w, https:\/\/osmangaziokullari.com\/ozluce-k\/wp-content\/uploads\/2020\/08\/osmangazi-fotografcilik-510x244.jpg 510w, https:\/\/osmangaziokullari.com\/ozluce-k\/wp-content\/uploads\/2020\/08\/osmangazi-fotografcilik.jpg 1600w\" sizes=\"(max-width: 1020px) 100vw, 1020px\" \/>\t\t\t\t\t\t\n\t\t\t\t\t<\/div>\n\t\t\t\t\t\t\t\t\n<style>\n#image_1428032319 {\n  width: 100%;\n}\n<\/style>\n\t<\/div>\n\t\n\n\t<div id=\"gap-778267004\" class=\"gap-element clearfix\" style=\"display:block; height:auto;\">\n\t\t\n<style>\n#gap-778267004 {\n  padding-top: 95px;\n}\n<\/style>\n\t<\/div>\n\t\n\n\n  \n    <div class=\"row large-columns-3 medium-columns-1 small-columns-1\">\n  <\/div>\n","protected":false},"excerpt":{"rendered":"","protected":false},"author":1,"featured_media":1551,"parent":297,"menu_order":0,"comment_status":"closed","ping_status":"closed","template":"page-blank-sub-nav-vertical.php","meta":[],"_links":{"self":[{"href":"https:\/\/osmangaziokullari.com\/ozluce-k\/wp-json\/wp\/v2\/pages\/1546"}],"collection":[{"href":"https:\/\/osmangaziokullari.com\/ozluce-k\/wp-json\/wp\/v2\/pages"}],"about":[{"href":"https:\/\/osmangaziokullari.com\/ozluce-k\/wp-json\/wp\/v2\/types\/page"}],"author":[{"embeddable":true,"href":"https:\/\/osmangaziokullari.com\/ozluce-k\/wp-json\/wp\/v2\/users\/1"}],"replies":[{"embeddable":true,"href":"https:\/\/osmangaziokullari.com\/ozluce-k\/wp-json\/wp\/v2\/comments?post=1546"}],"version-history":[{"count":0,"href":"https:\/\/osmangaziokullari.com\/ozluce-k\/wp-json\/wp\/v2\/pages\/1546\/revisions"}],"up":[{"embeddable":true,"href":"https:\/\/osmangaziokullari.com\/ozluce-k\/wp-json\/wp\/v2\/pages\/297"}],"wp:featuredmedia":[{"embeddable":true,"href":"https:\/\/osmangaziokullari.com\/ozluce-k\/wp-json\/wp\/v2\/media\/1551"}],"wp:attachment":[{"href":"https:\/\/osmangaziokullari.com\/ozluce-k\/wp-json\/wp\/v2\/media?parent=1546"}],"curies":[{"name":"wp","href":"https:\/\/api.w.org\/{rel}","templated":true}]}}