{"id":1529,"date":"2020-08-08T18:29:21","date_gmt":"2020-08-08T15:29:21","guid":{"rendered":"http:\/\/46.101.184.248\/?page_id=1529"},"modified":"2020-08-08T18:29:21","modified_gmt":"2020-08-08T15:29:21","slug":"ortaokul","status":"publish","type":"page","link":"https:\/\/osmangaziokullari.com\/ozluce-k\/akademi\/ortaokul\/","title":{"rendered":"Ortaokul"},"content":{"rendered":"\n\t<section class=\"section dark\" id=\"section_262965858\">\n\t\t<div class=\"bg section-bg fill bg-fill  \" >\n\n\t\t\t\n\t\t\t<div class=\"section-bg-overlay absolute fill\"><\/div>\n\t\t\t\n\n\t\t<\/div>\n\n\t\t<div class=\"section-content relative\">\n\t\t\t\n\n\t<div id=\"gap-1627601569\" class=\"gap-element clearfix\" style=\"display:block; height:auto;\">\n\t\t\n<style>\n#gap-1627601569 {\n  padding-top: 190px;\n}\n<\/style>\n\t<\/div>\n\t\n\n<div class=\"row\"  id=\"row-300587256\">\n\n\n\t<div id=\"col-1379528522\" class=\"col medium-8 small-12 large-7\"  >\n\t\t\t\t<div class=\"col-inner\"  >\n\t\t\t\n\t\t\t\n\n<h6>Osmangazi Okullar\u0131<\/h6>\n<h2><span style=\"font-size: 200%;\">Ortaokul<\/span><\/h2>\n<h2>E\u011fitim Modeli<\/h2>\n<p>\u00d6zel Osmangazi Okullar\u0131\u2019nda her \u00f6\u011frenciye uygun ko\u015ful, y\u00f6ntem ve zaman\u0131n sa\u011flanmas\u0131 ile etkili \u00f6\u011fretim sa\u011flan\u0131r. Konular k\u00fc\u00e7\u00fck birimlere ayr\u0131larak a\u015famal\u0131 \u00f6\u011fretim yap\u0131l\u0131r. Bir a\u015fama \u00f6\u011frenilmeden, ba\u015far\u0131lmadan di\u011ferine ge\u00e7ilmez. Eksiklerle ilgili ek \u00f6\u011fretim yap\u0131l\u0131r ve \u00f6\u011frenme tamamlan\u0131r. Kullan\u0131lan kaynak kitap ve materyaller Tam \u00d6\u011frenme Modeli\u2018ne uygun se\u00e7ilir.<\/p>\n\n\t\t<\/div>\n\t\t\t\t\t<\/div>\n\n\t\n\n<\/div>\n\n\t\t<\/div>\n\n\t\t\n<style>\n#section_262965858 {\n  padding-top: 30px;\n  padding-bottom: 30px;\n  min-height: 450px;\n  background-color: rgb(255,255,255);\n}\n#section_262965858 .section-bg-overlay {\n  background-color: rgba(11, 21, 33, 0.25);\n}\n#section_262965858 .section-bg.bg-loaded {\n  background-image: url(https:\/\/osmangaziokullari.com\/ozluce-k\/wp-content\/uploads\/2020\/08\/orsmangazi-ortaokul.jpg);\n}\n#section_262965858 .section-bg {\n  background-position: 69% 73%;\n}\n<\/style>\n\t<\/section>\n\t\n\t<div id=\"gap-962771554\" class=\"gap-element clearfix\" style=\"display:block; height:auto;\">\n\t\t\n<style>\n#gap-962771554 {\n  padding-top: 45px;\n}\n<\/style>\n\t<\/div>\n\t\n\n<div class=\"row align-center\"  id=\"row-588589081\">\n\n\n\t<div id=\"col-670088236\" class=\"col medium-10 small-12 large-10\"  >\n\t\t\t\t<div class=\"col-inner text-center\"  >\n\t\t\t\n\t\t\t\n\n<p class=\"lead\">\u00d6zel Osmangazi \u0130lkokulunda \u00f6\u011frenmeyi \u00f6\u011freten, \u00f6\u011frencilerin yeteneklerini ortaya koyan, bireysel farkl\u0131l\u0131klar\u0131 geli\u015ftiren, \u00f6\u011frenmeyi zor olmaktan \u00e7\u0131kar\u0131p kolayla\u015ft\u0131ran ve zevkli hale getiren, \u00f6\u011frenci merkezli \u00f6\u011fretim y\u00f6ntemleri benimsenmi\u015ftir.<\/p>\n<p>E\u011fitim ve \u00f6\u011fretim program\u0131 \u00f6\u011frencilerin akademik, sosyal, k\u00fclt\u00fcrel, fiziksel geli\u015fimleri ve bireysel farkl\u0131l\u0131klar\u0131 g\u00f6z \u00f6n\u00fcnde bulundurularak yap\u0131land\u0131r\u0131l\u0131r.<\/p>\n\n\t\t<\/div>\n\t\t\t\t\t<\/div>\n\n\t\n\n<\/div>\n\t<section class=\"section\" id=\"section_930094830\">\n\t\t<div class=\"bg section-bg fill bg-fill  bg-loaded\" >\n\n\t\t\t\n\t\t\t\n\t\t\t\n\n\t\t<\/div>\n\n\t\t<div class=\"section-content relative\">\n\t\t\t\n\n\t<div id=\"gap-218115471\" class=\"gap-element clearfix\" style=\"display:block; height:auto;\">\n\t\t\n<style>\n#gap-218115471 {\n  padding-top: 50px;\n}\n<\/style>\n\t<\/div>\n\t\n\n<div class=\"row align-center\"  id=\"row-1823252995\">\n\n\n\t<div id=\"col-384212551\" class=\"col medium-4 small-10 large-4\"  >\n\t\t\t\t<div class=\"col-inner\"  >\n\t\t\t\n\t\t\t\n\n<h1><span style=\"font-size: 150%;\">T\u00fcrk\u00e7e<\/span><\/h1>\n<p><span style=\"font-size: 90%;\">T\u00fcrk\u00e7e z\u00fcmresinin amac\u0131, anadilini en iyi \u015fekilde kullanan, bilimsel, ele\u015ftirici, yap\u0131c\u0131 farkl\u0131 d\u00fc\u015f\u00fcnme yollar\u0131 kazanm\u0131\u015f bireyler yeti\u015ftirmek.<\/span><\/p>\n\n\t\t<\/div>\n\t\t\t\t\n<style>\n#col-384212551 > .col-inner {\n  padding: 0px 40px 0px 0px;\n}\n<\/style>\n\t<\/div>\n\n\t\n\n\t<div id=\"col-329056582\" class=\"col medium-8 small-10 large-8\"  >\n\t\t\t\t<div class=\"col-inner\"  >\n\t\t\t\n\t\t\t\n\n<p>T\u00fcrk\u00e7e z\u00fcmresinin amac\u0131, anadilini en iyi \u015fekilde kullanan, bilimsel, ele\u015ftirici, yap\u0131c\u0131 farkl\u0131 d\u00fc\u015f\u00fcnme yollar\u0131 kazanm\u0131\u015f bireyler yeti\u015ftirmek; \u00f6\u011frencilerimizin izlediklerini, dinlediklerini, okuduklar\u0131n\u0131 tam ve do\u011fru olarak anlamak; incelediklerini ve d\u00fc\u015f\u00fcnd\u00fcklerini, s\u00f6z ya da yaz\u0131 ile do\u011fru\u00a0ve amaca uygun olarak anlatma beceri ve al\u0131\u015fkanl\u0131\u011f\u0131n\u0131 kazand\u0131rmakt\u0131r. Bu ama\u00e7lar\u0131m\u0131z\u0131 ger\u00e7ekle\u015ftirmek do\u011frultusunda \u00e7e\u015fitli y\u00f6ntem ve teknikler uygulamaktay\u0131z.<\/p>\n<p><strong>E\u011fitim felsefemiz;<\/strong> \u201c\u00d6\u011frenci Merkezli E\u011fitim Modeli\u201d ile \u201cYap\u0131land\u0131rmac\u0131 E\u011fitim ve \u00d6\u011fretim Modeli\u201d\u00a0kullan\u0131larak temel bilgi ve becerileri edinmi\u015f, yaparak ya\u015fayarak \u00f6\u011frenmeyi \u00f6\u011fretme, olumlu tutum\u00a0ve de\u011ferler kazanm\u0131\u015f, kendisine ve \u00e7evresine sorumlu olan \u00f6\u011frenci yeti\u015ftirme anlay\u0131\u015f\u0131 \u00fczerine\u00a0kurulmu\u015ftur. T\u00fcrk\u00e7e \u00f6\u011fretiminde, \u00f6\u011frencilerin hayat boyu kullanabilecekleri dinleme, konu\u015fma, okuma, yazma,\u00a0g\u00f6rsel okuma ve g\u00f6rsel sunu becerilerini kullanarak kendilerini bili\u015fsel, sosyal ve duygusal y\u00f6nlerden\u00a0geli\u015ftirmeleri, etkili ileti\u015fim kurmalar\u0131, T\u00fcrk\u00e7eyi severek, istek duyarak okuma-yazma al\u0131\u015fkanl\u0131\u011f\u0131\u00a0edinmeleri i\u00e7in bir\u00e7ok etkinlik ve yar\u0131\u015fmalar\u00a0d\u00fczenlenmektedir.<\/p>\n\n\t\t<\/div>\n\t\t\t\t\t<\/div>\n\n\t\n\n<\/div>\n<div class=\"row align-center\"  id=\"row-1628524675\">\n\n\n\t<div id=\"col-968115456\" class=\"col medium-4 small-10 large-4\"  >\n\t\t\t\t<div class=\"col-inner\"  >\n\t\t\t\n\t\t\t\n\n<h1><span style=\"font-size: 150%;\">Matematik<\/span><\/h1>\n<p><span style=\"font-size: 90%;\">Ortaokul matematik dersi program\u0131 \u00f6\u011frencilere ara\u015ft\u0131rma, ke\u015ffetme, tahmin etme, problem \u00e7\u00f6zme ve analitik d\u00fc\u015f\u00fcnme becerileri kazand\u0131rmay\u0131 hedeflemektedir.<\/span><\/p>\n\t<div class=\"img has-hover x md-x lg-x y md-y lg-y\" id=\"image_1103213650\">\n\t\t\t\t\t\t\t\t<div class=\"img-inner dark\" >\n\t\t\t<img width=\"1020\" height=\"726\" src=\"https:\/\/osmangaziokullari.com\/ozluce-k\/wp-content\/uploads\/2020\/08\/osmangazi-ogretir-1024x729.jpg\" class=\"attachment-large size-large\" alt=\"\" loading=\"lazy\" srcset=\"https:\/\/osmangaziokullari.com\/ozluce-k\/wp-content\/uploads\/2020\/08\/osmangazi-ogretir-1024x729.jpg 1024w, https:\/\/osmangaziokullari.com\/ozluce-k\/wp-content\/uploads\/2020\/08\/osmangazi-ogretir-300x214.jpg 300w, https:\/\/osmangaziokullari.com\/ozluce-k\/wp-content\/uploads\/2020\/08\/osmangazi-ogretir-768x547.jpg 768w, https:\/\/osmangaziokullari.com\/ozluce-k\/wp-content\/uploads\/2020\/08\/osmangazi-ogretir-510x363.jpg 510w, https:\/\/osmangaziokullari.com\/ozluce-k\/wp-content\/uploads\/2020\/08\/osmangazi-ogretir.jpg 1440w\" sizes=\"(max-width: 1020px) 100vw, 1020px\" \/>\t\t\t\t\t\t\n\t\t\t\t\t<\/div>\n\t\t\t\t\t\t\t\t\n<style>\n#image_1103213650 {\n  width: 100%;\n}\n<\/style>\n\t<\/div>\n\t\n\n\n\t\t<\/div>\n\t\t\t\t\n<style>\n#col-968115456 > .col-inner {\n  padding: 0px 40px 0px 0px;\n}\n<\/style>\n\t<\/div>\n\n\t\n\n\t<div id=\"col-296614226\" class=\"col medium-8 small-10 large-8\"  >\n\t\t\t\t<div class=\"col-inner\"  >\n\t\t\t\n\t\t\t\n\n<p>Ortaokul matematik dersi program\u0131 \u00f6\u011frencilere ara\u015ft\u0131rma, ke\u015ffetme, tahmin etme, problem \u00e7\u00f6zme ve analitik d\u00fc\u015f\u00fcnme becerileri kazand\u0131rmay\u0131 hedeflemektedir. Bu ama\u00e7la matemati\u011fi teknoloji ve materyal kullanarak somutla\u015ft\u0131rmakta, yap\u0131land\u0131r\u0131c\u0131 \u00f6\u011fretim y\u00f6ntem ve tekniklerini kullanarak \u00f6\u011frencilerin matemati\u011fi yaparak ve ya\u015fayarak \u00f6\u011frenmelerine ortam haz\u0131rlamaktad\u0131r. Ayr\u0131ca, \u00f6\u011frencilerin ki\u015fisel \u00f6zelliklerine ve alt yap\u0131lar\u0131na g\u00f6re \u00f6\u011frenme deste\u011fi verilmektedir.<\/p>\n<p>Ortaokul matematik \u00f6\u011fretmenlerinin temel amac\u0131, matemati\u011fi teknolojinin imk\u00e2nlar\u0131n\u0131 kullanarak, derslerde g\u00f6rsel \u00f6\u011felere ve uygulamalara a\u011f\u0131rl\u0131k vererek, \u00f6\u011frencileri e\u011flendirerek matemati\u011fi \u00f6\u011fretmektir. \u00d6\u011frencilerimize g\u00fcncel ve uygulanabilir konulardan olu\u015fan uygulama \u00f6devleri vererek matemati\u011fin g\u00fcnl\u00fck hayat\u0131n bir par\u00e7as\u0131 oldu\u011funu ke\u015ffetmelerini ama\u00e7l\u0131yoruz.<\/p>\n<p>\u00d6devler ve proje \u00e7al\u0131\u015fmalar\u0131n\u0131n yan\u0131 s\u0131ra \u00f6\u011frencilerimize her t\u00fcrl\u00fc \u00e7al\u0131\u015fmalar\u0131n\u0131 ulusal ve uluslararas\u0131 yar\u0131\u015fmalarda sunma imk\u00e2n\u0131 tan\u0131yoruz. Bu Benim Eserim, Bilim \u015eenli\u011fi, Matematik Olimpiyatlar\u0131, T\u00fcrk Zeka Vakf\u0131 Oyunlar\u0131 ve daha bir\u00e7ok yar\u0131\u015fmada \u00f6\u011frencilerimiz okulumuzu temsil etmelerine imkan sa\u011fl\u0131yoruz. Bu yar\u0131\u015fmalarda \u00f6\u011frencilerimiz \u00f6nemli ba\u015far\u0131lar elde etmekte ve bu b\u00fct\u00fcn \u00f6\u011frencilerimizin motivasyonunu artt\u0131rmaktad\u0131r.<\/p>\n<p>Etkinlik ve projelere verilen \u00f6nem ayn\u0131 zamanda merkezi s\u0131nav \u00e7al\u0131\u015fmalar\u0131na da verilmektedir. Her sene bir\u00e7ok kaynaktan matematik sorular\u0131 taranmakta, d\u00fczeye g\u00f6re belirli aral\u0131kta ve say\u0131da konu tarama, \u00fcnite tarama ve deneme s\u0131navlar\u0131 haz\u0131rlanmaktad\u0131r. \u00d6\u011frencilerin geli\u015fimleri dersin \u00f6\u011fretmeni, s\u0131n\u0131f \u00f6\u011fretmeni ve dan\u0131\u015fman \u00f6\u011fretmeni arac\u0131l\u0131\u011f\u0131yla yak\u0131ndan takip edilmektedir ve gerekli g\u00f6r\u00fcld\u00fc\u011f\u00fcnde \u00f6\u011frencilerimiz birebir \u00e7al\u0131\u015fmalarla ve hafta sonu kurslar\u0131nda s\u0131n\u0131fta yap\u0131lan tekrarlarla desteklenmektedir.<\/p>\n<p>Sonu\u00e7 olarak, \u00f6\u011frencilerimizin g\u00fcnl\u00fck ya\u015famda matemati\u011fi kullanabilmesi, kendi problemlerine \u00e7\u00f6z\u00fcm bulabilmesi, bunu ba\u015fkalar\u0131yla payla\u015fabilmesi, ekip \u00e7al\u0131\u015fmas\u0131na yatk\u0131n olmas\u0131 ve matemati\u011fe kar\u015f\u0131 olumlu bir tutum kazanmas\u0131 ortaokul matematik \u00f6\u011fretmenleri i\u00e7in b\u00fcy\u00fck bir \u00f6neme sahiptir.<\/p>\n\n\t\t<\/div>\n\t\t\t\t\t<\/div>\n\n\t\n\n<\/div>\n\n\t\t<\/div>\n\n\t\t\n<style>\n#section_930094830 {\n  padding-top: 20px;\n  padding-bottom: 20px;\n}\n<\/style>\n\t<\/section>\n\t\n\t<div id=\"gap-1231451616\" class=\"gap-element clearfix\" style=\"display:block; height:auto;\">\n\t\t\n<style>\n#gap-1231451616 {\n  padding-top: 37px;\n}\n<\/style>\n\t<\/div>\n\t\n\n\t<div id=\"gap-1088209312\" class=\"gap-element clearfix\" style=\"display:block; height:auto;\">\n\t\t\n<style>\n#gap-1088209312 {\n  padding-top: 60px;\n}\n<\/style>\n\t<\/div>\n\t\n\n\t<section class=\"section dark\" id=\"section_729031504\">\n\t\t<div class=\"bg section-bg fill bg-fill  \" >\n\n\t\t\t\n\t\t\t<div class=\"section-bg-overlay absolute fill\"><\/div>\n\t\t\t\n\n\t\t<\/div>\n\n\t\t<div class=\"section-content relative\">\n\t\t\t\n\n<div class=\"row\"  id=\"row-1847286876\">\n\n\n\t<div id=\"col-1238473885\" class=\"col small-12 large-12\"  >\n\t\t\t\t<div class=\"col-inner text-center\"  >\n\t\t\t\n\t\t\t\n\n<h6>Osmangazi Okullar\u0131<\/h6>\n<h1><span style=\"font-size: 200%;\">De\u011ferli Bir E\u011fitim<\/span><\/h1>\n\t<div id=\"gap-676218079\" class=\"gap-element clearfix\" style=\"display:block; height:auto;\">\n\t\t\n<style>\n#gap-676218079 {\n  padding-top: 30px;\n}\n<\/style>\n\t<\/div>\n\t\n\n\n\t\t<\/div>\n\t\t\t\t\t<\/div>\n\n\t\n\n<\/div>\n\n\t\t<\/div>\n\n\t\t\n<style>\n#section_729031504 {\n  padding-top: 30px;\n  padding-bottom: 30px;\n  min-height: 473px;\n  background-color: rgb(255,255,255);\n}\n#section_729031504 .section-bg-overlay {\n  background-color: rgba(0, 0, 0, 0.27);\n}\n#section_729031504 .section-bg.bg-loaded {\n  background-image: url(https:\/\/osmangaziokullari.com\/ozluce-k\/wp-content\/uploads\/2020\/08\/osmangazi-okullari-ilkokul.jpg);\n}\n<\/style>\n\t<\/section>\n\t\n\t<div id=\"gap-483400312\" class=\"gap-element clearfix\" style=\"display:block; height:auto;\">\n\t\t\n<style>\n#gap-483400312 {\n  padding-top: 30px;\n}\n<\/style>\n\t<\/div>\n\t\n\n\t<section class=\"section\" id=\"section_1572409448\">\n\t\t<div class=\"bg section-bg fill bg-fill  bg-loaded\" >\n\n\t\t\t\n\t\t\t\n\t\t\t\n\n\t\t<\/div>\n\n\t\t<div class=\"section-content relative\">\n\t\t\t\n\n\t<div id=\"gap-1556830\" class=\"gap-element clearfix\" style=\"display:block; height:auto;\">\n\t\t\n<style>\n#gap-1556830 {\n  padding-top: 50px;\n}\n<\/style>\n\t<\/div>\n\t\n\n<div class=\"row align-center\"  id=\"row-1406381625\">\n\n\n\t<div id=\"col-1592901431\" class=\"col medium-4 small-10 large-4\"  >\n\t\t\t\t<div class=\"col-inner\"  >\n\t\t\t\n\t\t\t\n\n<h1><span style=\"font-size: 150%;\">Fen ve Teknoloji<\/span><\/h1>\n<p><span style=\"font-size: 90%;\">Fen Bilimleri do\u011fadaki olgular\u0131, kavramlar\u0131, ilkeleri, do\u011fa kanunlar\u0131n\u0131 ve\u00a0kuramlar\u0131 anlama, yorumlama, uygulama ve bunlardan g\u00fcnl\u00fck hayatta yararlanabilme gayretleridir.<\/span><\/p>\n\n\t\t<\/div>\n\t\t\t\t\n<style>\n#col-1592901431 > .col-inner {\n  padding: 0px 40px 0px 0px;\n}\n<\/style>\n\t<\/div>\n\n\t\n\n\t<div id=\"col-1234849582\" class=\"col medium-8 small-10 large-8\"  >\n\t\t\t\t<div class=\"col-inner\"  >\n\t\t\t\n\t\t\t\n\n<p>Fen Bilimleri do\u011fadaki olgular\u0131, kavramlar\u0131, ilkeleri, do\u011fa kanunlar\u0131n\u0131 ve\u00a0kuramlar\u0131 anlama, yorumlama, uygulama ve bunlardan g\u00fcnl\u00fck hayatta yararlanabilme gayretleridir. Okulumuzda fen \u00f6\u011fretiminin temelini, laboratuvar \u00e7al\u0131\u015fmalar\u0131, gezi-g\u00f6zlem ve buna ili\u015fkin \u00e7e\u015fitli\u00a0etkinlikler olu\u015fturmaktad\u0131r. Teorik fen derslerinde \u00f6\u011frenilen bilgilerin yaparak-ya\u015fayarak\u00a0\u00f6\u011frenilmesi b\u00fcy\u00fck bir oranda laboratuvarlarda ve do\u011fal ortamlarda olur. \u00c7\u00fcnk\u00fc, bir\u00e7ok konu\u00a0olduk\u00e7a soyuttur, bu bilgilerin elle tutulur g\u00f6zle g\u00f6r\u00fcl\u00fcr hale getirilmesi gerekir.<\/p>\n<p>Fen e\u011fitimiyle\u00a0\u00f6\u011frencilerimize;<\/p>\n<ul>\n<li>Ezberden \u00e7ok kavrayarak \u00f6\u011frenme,<\/li>\n<li>Kar\u015f\u0131la\u015f\u0131lan yeni durumlarla ilgili problemleri \u00e7\u00f6zebilme,<\/li>\n<li>Bilimsel y\u00f6ntem becerilerini uygulama \u00f6zellikleri kazand\u0131r\u0131lmaktad\u0131r. \u00a0<\/li>\n<\/ul>\n<p>Okulumuzda Fen Bilimleri \u00f6\u011fretimiyle \u00f6\u011frenci \u00f6nce dersi sever. Derste etkindir. Yaparak yasayarak\u00f6\u011frenir. G\u00f6zlem yapar, inceler, ara\u015ft\u0131r\u0131r ve deney yapar. Bilgiyi kendisi ke\u015ffeder ve bulur. \u00d6\u011frendi\u011fi\u00a0bilgiyi yorumlar, \u00f6\u011frendi\u011fi bilgiden ku\u015fku duyar, ge\u00e7mi\u015f deneyimleriyle ve g\u00fcnl\u00fck yasamla ba\u011flant\u0131\u00a0kurar, \u00f6\u011frendi\u011fi bilgiyi uygular, \u00f6\u011frendi\u011fi bilgiyle ya\u015fam\u0131n\u0131 \u015fekillendirir ve kar\u015f\u0131la\u015ft\u0131\u011f\u0131 problemleri\u00a0\u00e7\u00f6zer.<\/p>\n<p>Fen Bilimleri dersi olarak hedeflerimiz; \u00f6\u011frencilerimize yap\u0131c\u0131, ele\u015ftirel d\u00fc\u015f\u00fcnce g\u00fcc\u00fc ve bilimsel\u00a0\u00e7al\u0131\u015fma basamaklar\u0131n\u0131 kullanma al\u0131\u015fkanl\u0131\u011f\u0131 kazand\u0131rmakt\u0131r. Bu al\u0131\u015fkanl\u0131klar\u0131 kazan\u0131rken de\u00a0e\u011flenmektir.<\/p>\n\n\t\t<\/div>\n\t\t\t\t\t<\/div>\n\n\t\n\n<\/div>\n<div class=\"row align-center\"  id=\"row-370214848\">\n\n\n\t<div id=\"col-1117865640\" class=\"col medium-4 small-10 large-4\"  >\n\t\t\t\t<div class=\"col-inner\"  >\n\t\t\t\n\t\t\t\n\n<h1><span style=\"font-size: 150%;\">Sosyal Bilgiler<\/span><\/h1>\n<p><span style=\"font-size: 90%;\">Sosyal Bilgiler dersi, ya\u015famla birebir etkile\u015fim i\u00e7inde olan, sormay\u0131 ve sorgulamay\u0131 gerektiren derslerden birisidir.<\/span><\/p>\n\n\t\t<\/div>\n\t\t\t\t\n<style>\n#col-1117865640 > .col-inner {\n  padding: 0px 40px 0px 0px;\n}\n<\/style>\n\t<\/div>\n\n\t\n\n\t<div id=\"col-1089791921\" class=\"col medium-8 small-10 large-8\"  >\n\t\t\t\t<div class=\"col-inner\"  >\n\t\t\t\n\t\t\t\n\n<p>Sosyal Bilgiler dersi, ya\u015famla birebir etkile\u015fim i\u00e7inde olan, sormay\u0131 ve\u00a0sorgulamay\u0131 gerektiren derslerden birisidir. Bu dersi g\u00f6ren bireyin toplum i\u00e7erisinde kar\u015f\u0131la\u015faca\u011f\u0131\u00a0sorunlar esnas\u0131nda kullanmas\u0131 gereken becerileri bilmeyi, ele\u015ftirel d\u00fc\u015f\u00fcnmeyi bilir.<\/p>\n<p>Ele\u015ftirel d\u00fc\u015f\u00fcnmenin \u00f6\u011frenilmesi ya\u015fam\u0131n her alan\u0131nda uygulama bulmas\u0131, do\u011fru kararlar almada izlenilecek\u00a0yol olmas\u0131, bireyin kendini fark etmesi ve potansiyelini ortaya \u00e7\u0131karabilmesini a\u00e7\u0131s\u0131ndan \u00f6nemlidir. Okulumuzda Sosyal Bilgiler Z\u00fcmresi olarak, \u00f6\u011frencilerin bu beceriyi kazanmalar\u0131 i\u00e7in s\u0131n\u0131f ortam\u0131nda\u00a0d\u00fczenlenen etkinliklerle \u00f6\u011frencileri sorgulamaya ve d\u00fc\u015f\u00fcnmeye y\u00f6nlendirerek, \u00f6\u011frenciyi bilgiyi alan\u00a0de\u011fil, bilgiye ula\u015fan duruma getiriyor, b\u00f6ylece yeti\u015fen yeni neslin, a\u011f\u0131rl\u0131kl\u0131 t\u00fcketici konumu yerine\u00a0daha \u00fcretken, d\u00fc\u015f\u00fcnen bireyler olmalar\u0131n\u0131 sa\u011fl\u0131yoruz.<\/p>\n<p>Sosyal Bilgiler dersi, sosyal, k\u00fclt\u00fcrel, ekonomik de\u011ferlere sahip \u00e7\u0131kan, bilimsel d\u00fc\u015f\u00fcnen, vatanda\u015fl\u0131k\u00a0g\u00f6revlerini bilen bireyler yeti\u015ftirmektir. Bu a\u00e7\u0131dan Sosyal Bilgiler dersi g\u00fcncel konularla ve direk\u00a0insanla ili\u015fkilendirilmesi a\u00e7\u0131s\u0131ndan somut olarak, hayat\u0131m\u0131zdan \u00f6rneklerle i\u015flenilebilecek bir derstir. Bu ba\u011flamda Okulumuzda Sosyal Bilgiler Z\u00fcmresi olarak, dersimizin ama\u00e7lar\u0131n\u0131 ger\u00e7ekle\u015ftirebilmek,\u00a0yukar\u0131daki yeterlilikleri \u00f6\u011frencilerimize kazand\u0131rabilmek ad\u0131na derslerimizde k\u00fclt\u00fcrel de\u011ferlerimize\u00a0\u00f6nem vererek, \u00e7e\u015fitli kaynaklardan yararlanarak bilgi kazand\u0131r\u0131c\u0131 ve benimsetici y\u00f6ntemler\u00a0kullanarak i\u015fliyoruz.<\/p>\n<p>\u00d6\u011frencilerimizi gereksiz bilgilerden uzak tutuyor, konu i\u00e7eri\u011fine g\u00f6re t\u00fcmevar\u0131m-t\u00fcmdengelim teknikleri, dramatizasyon \u00e7e\u015fitleri, kaynak ki\u015filer, e\u011fitici geziler, anlat\u0131m,\u00a0\u00e7e\u015fitli videolar gibi y\u00f6ntemlerle bilgileri \u00f6\u011frencilerimize aktar\u0131yoruz. Sosyal Bilgiler Z\u00fcmresi olarak \u00f6\u011frencilerimize kar\u015f\u0131 yakla\u015f\u0131m\u0131m\u0131z arkada\u015f\u00e7a oldu\u011fu gibi\u00a0\u00f6\u011frencilerimizle olan ileti\u015fimimizi de en \u00fcst seviyede tutuyoruz.<\/p>\n<p>Derslerimizde kulland\u0131\u011f\u0131m\u0131z\u00a0sempozyum, beyin f\u0131rt\u0131nas\u0131, g\u00f6zlem y\u00f6ntemleri de \u00f6\u011frencilere hayat\u0131n ger\u00e7eklerini \u00f6\u011fretmesi ve\u00a0derste teorik olarak anlat\u0131lan konular\u0131n daha anlaml\u0131 hale gelmesini sa\u011flamaktad\u0131r. Osmangazi Kolejinde, Sosyal Bilgiler dersi \u00f6\u011frencilerde merak duygusu olu\u015fturulur, soru sordurulur. \u00a0<\/p>\n<p class=\"lead\">Anlay\u0131\u015f\u0131m\u0131z \u00f6\u011fretmeyi d\u00fc\u015f\u00fcnmek de\u011fil,d\u00fc\u015f\u00fcnmeyi \u00f6\u011fretmektir. Okulumuzda Sosyal Bilgiler Z\u00fcmresi olarak,\u2018Yar\u0131nlar\u0131 bug\u00fcnden e\u011fitiyoruz\u2019.<\/p>\n\n\t\t<\/div>\n\t\t\t\t\t<\/div>\n\n\t\n\n<\/div>\n\n\t\t<\/div>\n\n\t\t\n<style>\n#section_1572409448 {\n  padding-top: 20px;\n  padding-bottom: 20px;\n}\n<\/style>\n\t<\/section>\n\t\n\n","protected":false},"excerpt":{"rendered":"","protected":false},"author":1,"featured_media":1531,"parent":1191,"menu_order":0,"comment_status":"closed","ping_status":"closed","template":"page-transparent-header-light.php","meta":[],"_links":{"self":[{"href":"https:\/\/osmangaziokullari.com\/ozluce-k\/wp-json\/wp\/v2\/pages\/1529"}],"collection":[{"href":"https:\/\/osmangaziokullari.com\/ozluce-k\/wp-json\/wp\/v2\/pages"}],"about":[{"href":"https:\/\/osmangaziokullari.com\/ozluce-k\/wp-json\/wp\/v2\/types\/page"}],"author":[{"embeddable":true,"href":"https:\/\/osmangaziokullari.com\/ozluce-k\/wp-json\/wp\/v2\/users\/1"}],"replies":[{"embeddable":true,"href":"https:\/\/osmangaziokullari.com\/ozluce-k\/wp-json\/wp\/v2\/comments?post=1529"}],"version-history":[{"count":0,"href":"https:\/\/osmangaziokullari.com\/ozluce-k\/wp-json\/wp\/v2\/pages\/1529\/revisions"}],"up":[{"embeddable":true,"href":"https:\/\/osmangaziokullari.com\/ozluce-k\/wp-json\/wp\/v2\/pages\/1191"}],"wp:featuredmedia":[{"embeddable":true,"href":"https:\/\/osmangaziokullari.com\/ozluce-k\/wp-json\/wp\/v2\/media\/1531"}],"wp:attachment":[{"href":"https:\/\/osmangaziokullari.com\/ozluce-k\/wp-json\/wp\/v2\/media?parent=1529"}],"curies":[{"name":"wp","href":"https:\/\/api.w.org\/{rel}","templated":true}]}}