{"id":1093,"date":"2020-07-26T21:26:44","date_gmt":"2020-07-26T18:26:44","guid":{"rendered":"http:\/\/46.101.184.248\/?page_id=1093"},"modified":"2025-12-01T19:22:01","modified_gmt":"2025-12-01T19:22:01","slug":"spor-alanlari","status":"publish","type":"page","link":"https:\/\/osmangaziokullari.com\/ozluce-k\/okulumuz\/spor-alanlari\/","title":{"rendered":"\u00d6zel Osmangazi Okullar\u0131\u2019nda Spor"},"content":{"rendered":"\n<div class=\"row\"  id=\"row-1634716410\">\n\n\n\t<div id=\"col-54967165\" class=\"col medium-6 small-12 large-6\"  >\n\t\t\t\t<div class=\"col-inner\"  >\n\t\t\t\n\t\t\t\n\n<div class=\"is-divider divider clearfix\" ><\/div>\n\n<p class=\"lead\">\u00c7ocuklar\u0131m\u0131z\u0131n sporu sevmesi ve iyi birer sporcu olmalar\u0131 i\u00e7in Osmangazi Koleji&#8217;ndeki kaliteli spor tesisleri ve sosyal alanlar.<\/p>\n\n\t\t<\/div>\n\t\t\t\t\t<\/div>\n\n\t\n\n\t<div id=\"col-2037546165\" class=\"col medium-6 small-12 large-6\"  >\n\t\t\t\t<div class=\"col-inner\"  >\n\t\t\t\n\t\t\t\n\n\t<div class=\"img has-hover x md-x lg-x y md-y lg-y\" id=\"image_637351376\">\n\t\t\t\t\t\t\t\t<div class=\"img-inner image-cover dark\" style=\"padding-top:56.25%;\">\n\t\t\t<img width=\"800\" height=\"508\" src=\"https:\/\/osmangaziokullari.com\/ozluce-k\/wp-content\/uploads\/2020\/07\/img-031.jpg\" class=\"attachment-large size-large\" alt=\"\" loading=\"lazy\" srcset=\"https:\/\/osmangaziokullari.com\/ozluce-k\/wp-content\/uploads\/2020\/07\/img-031.jpg 800w, https:\/\/osmangaziokullari.com\/ozluce-k\/wp-content\/uploads\/2020\/07\/img-031-300x191.jpg 300w, https:\/\/osmangaziokullari.com\/ozluce-k\/wp-content\/uploads\/2020\/07\/img-031-768x488.jpg 768w, https:\/\/osmangaziokullari.com\/ozluce-k\/wp-content\/uploads\/2020\/07\/img-031-510x324.jpg 510w\" sizes=\"(max-width: 800px) 100vw, 800px\" \/>\t\t\t\t\t\t\n\t\t\t\t\t<\/div>\n\t\t\t\t\t\t\t\t\n<style>\n#image_637351376 {\n  width: 100%;\n}\n<\/style>\n\t<\/div>\n\t\n\n\n\t\t<\/div>\n\t\t\t\t\t<\/div>\n\n\t\n\n\t<div id=\"col-2067659094\" class=\"col small-12 large-12\"  >\n\t\t\t\t<div class=\"col-inner\"  >\n\t\t\t\n\t\t\t\n\n<h2>Kapal\u0131 Spor Salonu<\/h2>\n<p>\u00d6\u011frencilerin geli\u015fim \u00f6zellikleri de g\u00f6z \u00f6n\u00fcnde tutularak, onlar\u0131n ki\u015fisel ve toplumsal y\u00f6nden sa\u011fl\u0131kl\u0131, mutlu, iyi ahl\u00e2kl\u0131 ve dengeli bir ki\u015filik sahibi, yap\u0131c\u0131, yarat\u0131c\u0131 ve \u00fcretken, milli k\u00fclt\u00fcr de\u011fer\u00adlerini ve demokratik hayat\u0131n temel ilkelerini benimsemi\u015f bireyler olarak yeti\u015ftiril\u00admeleri genel amac\u0131m\u0131zd\u0131r.<\/p>\n<p>A\u00e7\u0131k alanlara nazaran daha kullan\u0131\u015fl\u0131 olan kapal\u0131 spor salonlar\u0131nda yap\u0131lan spor bran\u015flar\u0131 olduk\u00e7a fazlad\u0131r. Her t\u00fcrl\u00fc ihtimal g\u00f6z \u00f6n\u00fcnde bulundurularak farkl\u0131 bran\u015flara uygun d\u00fczenlemeler yap\u0131lmaktad\u0131r. Okulumuzun Spor Salonu 30 metre uzunlu\u011funda 18 metre geni\u015fli\u011findedir. 6 Adet basketbol potas\u0131 ve 1 adet voleybol sahas\u0131 bulunmaktad\u0131r.<\/p>\n<p>Badminton, Hentbol, Futbol, Masa Tenisi ve Oryantiring bran\u015flar\u0131nda da faaliyet g\u00f6steren salonumuzdan \u00e7ok ama\u00e7l\u0131 bir \u015fekilde faydalan\u0131lmaktad\u0131r. Ayr\u0131ca Salonumuzun duvarlar\u0131 herhangi bir tehlikeye mahal vermemek ad\u0131na kal\u0131n minderlerle \u00e7evrelenmi\u015ftir.<\/p>\n<a href=\"https:\/\/osmangaziokullari.com\/spor-kluplerimiz\/\" target=\"_self\" class=\"button primary is-underline lowercase\"  >\n    <span>Spor Kl\u00fcplerimiz<\/span>\n  <\/a>\n\n\n\n\t\t<\/div>\n\t\t\t\t\t<\/div>\n\n\t\n\n\t<div id=\"col-1286166785\" class=\"col small-12 large-12\"  >\n\t\t\t\t<div class=\"col-inner\"  >\n\t\t\t\n\t\t\t\n\n<h2>Masa Tenisi Alan\u0131<\/h2>\n<p>Masa Tenisi e\u011fitimi, \u00f6\u011frencilerimize belirli bir \u00e7al\u0131\u015fma disiplini getirmesini, kendine g\u00fcven duygusunu sa\u011flamas\u0131, topluma daha \u00e7ok ba\u011flanabilmesini ve ya\u015fam tutkusunun artmas\u0131n\u0131 sa\u011flar. Kendini tan\u0131ma mutlulu\u011fun ilk ad\u0131m\u0131d\u0131r.\u201d Kendini tan\u0131yan \u00e7ocu\u011fumuz Masa Tenisi yoluyla, kendini anlatma ve ispatlama f\u0131rsat\u0131n\u0131 bulur. \u00c7ocuklar\u0131n Masa Tenisi geli\u015fimleri y\u0131ll\u0131k olarak izlenir ve takip edilir. Geli\u015fim hedefleri olu\u015fturulurken ger\u00e7ek\u00e7i hedefler belirlenir. Bu hedeflere ula\u015fman\u0131n \u00e7ocuklar\u0131m\u0131z\u0131 mutlu k\u0131ld\u0131\u011f\u0131n\u0131 ve kendilerini ba\u015far\u0131l\u0131 hissetmeleri ad\u0131na gerekli \u00e7al\u0131\u015fmalar\u0131n yap\u0131lmas\u0131n\u0131n gereklili\u011fini \u00f6nemle vurguluyoruz. Masa Tenisi alan\u0131nda ise derslerde ve kul\u00fcp faaliyetlerinde kullan\u0131lmak \u00fczere ayr\u0131ca \u00f6\u011frencilerimizin teneff\u00fcslerini de\u011ferlendirmeleri ad\u0131na 5 adet masa tenisi masas\u0131 bulunmaktad\u0131r.<\/p>\n\n\t\t<\/div>\n\t\t\t\t\t<\/div>\n\n\t\n\n\t<div id=\"col-131039956\" class=\"col small-12 large-12\"  >\n\t\t\t\t<div class=\"col-inner\"  >\n\t\t\t\n\t\t\t\n\n<h2>Kort Tenisi Alan\u0131<\/h2>\n<p>G\u00fcn\u00fcm\u00fcz\u00fcn olduk\u00e7a pop\u00fcler spor dallar\u0131ndan birisi olan&nbsp;tenis&nbsp;sporunda \u00e7ocuklar\u0131m\u0131z oynarken e\u011flenmekte; &nbsp;e\u011flenirken de \u00f6\u011frenmekteler. Osmangazi Koleji olarak; &nbsp;sportif ve sosyal alanlarda \u00e7ocuklar\u0131m\u0131z\u0131n iyi bir sporcu olmas\u0131 yolunda \u00e7al\u0131\u015fmalar yapmaktay\u0131z.<\/p>\n<p>Kort Tenisi alan\u0131m\u0131z \u0130lkokul 3.s\u0131n\u0131ftan itibaren Ortaokul 8.s\u0131n\u0131f d\u00fczeyine kadar her ya\u015ftan \u00f6\u011frencimizin Beden E\u011fitimi derslerinde aktif olarak kulland\u0131\u011f\u0131 alanlardan birisidir.<\/p>\n<p><strong>Tenis Alan\u0131m\u0131zda;<\/strong><\/p>\n<ul>\n<li class=\"bullet-checkmark\">Malzemelerimizi tan\u0131yoruz.<\/li>\n<li class=\"bullet-checkmark\">Tenis temel duru\u015f tekni\u011fini,<\/li>\n<li class=\"bullet-checkmark\">Forehand ve Backhand \u2018 in tutu\u015f ve vuru\u015f tekniklerini,<\/li>\n<li class=\"bullet-checkmark\">\u0130leri d\u00fczey spinli vuru\u015f tekniklerini,<\/li>\n<li class=\"bullet-checkmark\">File \u00f6n\u00fc vole ve sma\u00e7 vuru\u015f tekniklerini,<\/li>\n<li class=\"bullet-checkmark\">Servis at\u0131\u015f tekni\u011fini \u00f6\u011frenip uyguluyoruz.<\/li>\n<li class=\"bullet-checkmark\">Mini saha ve tam saha tekler ve \u00e7iftler ma\u00e7lar\u0131 yap\u0131yoruz.<\/li>\n<li class=\"bullet-checkmark\">Teneff\u00fcs saatlerinde ise oyun ve serbest zaman etkinlikleri yaparak alan\u0131m\u0131z\u0131 de\u011ferlendirmekteyiz.<\/li>\n<\/ul>\n\n\t\t<\/div>\n\t\t\t\t\t<\/div>\n\n\t\n\n<\/div>\n<div class=\"row\"  id=\"row-196548914\">\n\n\n\t<div id=\"col-1463601827\" class=\"col medium-6 small-12 large-6\"  >\n\t\t\t\t<div class=\"col-inner\"  >\n\t\t\t\n\t\t\t\n\n<h3>\u00d6n Bah\u00e7e<\/h3>\n<p>T\u00f6ren alan\u0131 olarak kullan\u0131lmakta olup 60 mt b\u00fcy\u00fckl\u00fc\u011f\u00fcne sahip olan alan\u0131m\u0131z Geleneksel \u00c7ocuk Oyunlar\u0131 alan\u0131 olarak derslerde, teneff\u00fcs saatlerinde ve ilkokul kademesinde yar\u0131\u015fma parkuru olarak da aktif bir \u015fekilde kullan\u0131lmaktad\u0131r. Ayr\u0131ca Oryantiring dersinde hem kul\u00fcp \u00e7al\u0131\u015fmalar\u0131nda hem de derslerde performansa y\u00f6nelik parkur \u00e7al\u0131\u015fmalar\u0131 ve y\u00f6n oyunlar\u0131 oynanmaktad\u0131r.<\/p>\n\n\t\t<\/div>\n\t\t\t\t\t<\/div>\n\n\t\n\n\t<div id=\"col-944406735\" class=\"col medium-6 small-12 large-6\"  >\n\t\t\t\t<div class=\"col-inner\"  >\n\t\t\t\n\t\t\t\n\n<h3>Geleneksel \u00c7ocuk Oyunlar\u0131m\u0131z<\/h3>\n<p>Oyun, belli bir amaca y\u00f6nelik ya da ama\u00e7s\u0131z olarak, kurall\u0131 ya da kurals\u0131z, \u00e7ocu\u011fun t\u00fcm geli\u015fim alanlar\u0131na etki eden, \u00e7ocu\u011fun isteyerek ve ho\u015flanarak kat\u0131ld\u0131\u011f\u0131, ara\u00e7l\u0131 ya da ara\u00e7s\u0131z olarak ger\u00e7ekle\u015ftirilen do\u011fal \u00f6\u011frenme arac\u0131d\u0131r. Oyun evrensel bir kavramd\u0131r ve \u00e7ocuk bulunan her yerde oyun vard\u0131r. Oyunlar\u0131n t\u00fcr\u00fc, kullan\u0131lan ara\u00e7-gere\u00e7 k\u00fclt\u00fcrden k\u00fclt\u00fcre de\u011fi\u015fse de oyun var olmaya devam etmektedir.&nbsp;<\/p>\n\n\t\t<\/div>\n\t\t\t\t\t<\/div>\n\n\t\n\n\t<div id=\"col-2095015364\" class=\"col small-12 large-12\"  >\n\t\t\t\t<div class=\"col-inner\"  >\n\t\t\t\n\t\t\t\n\n\n  \n    <div class=\"row  lightbox-multi-gallery large-columns-4 medium-columns-3 small-columns-2 row-xsmall\">\n          <div class=\"gallery-col col\" >\n          <div class=\"col-inner\">\n            <a class=\"\" href=\"https:\/\/osmangaziokullari.com\/ozluce-k\/wp-content\/uploads\/2020\/07\/img-034.jpg\" title=\"\">            <div class=\"box has-hover gallery-box box-none\">\n              <div class=\"box-image image-cover\" style=\"padding-top:56.25%;\">\n                <img width=\"300\" height=\"140\" src=\"https:\/\/osmangaziokullari.com\/ozluce-k\/wp-content\/uploads\/2020\/07\/img-034-300x140.jpg\" class=\"attachment-medium size-medium\" alt=\"\" loading=\"lazy\" ids=\"1100,1099,1098,1096\" style=\"none\" col_spacing=\"xsmall\" image_height=\"56.25%\" srcset=\"https:\/\/osmangaziokullari.com\/ozluce-k\/wp-content\/uploads\/2020\/07\/img-034-300x140.jpg 300w, https:\/\/osmangaziokullari.com\/ozluce-k\/wp-content\/uploads\/2020\/07\/img-034-768x359.jpg 768w, https:\/\/osmangaziokullari.com\/ozluce-k\/wp-content\/uploads\/2020\/07\/img-034-510x238.jpg 510w, https:\/\/osmangaziokullari.com\/ozluce-k\/wp-content\/uploads\/2020\/07\/img-034.jpg 800w\" sizes=\"(max-width: 300px) 100vw, 300px\" \/>                                                              <\/div>\n              <div class=\"box-text text-left\" >\n                 <p><\/p>\n              <\/div>\n            <\/div>\n            <\/a>          <\/div>\n         <\/div>\n                 <div class=\"gallery-col col\" >\n          <div class=\"col-inner\">\n            <a class=\"\" href=\"https:\/\/osmangaziokullari.com\/ozluce-k\/wp-content\/uploads\/2020\/07\/img-033.jpg\" title=\"\">            <div class=\"box has-hover gallery-box box-none\">\n              <div class=\"box-image image-cover\" style=\"padding-top:56.25%;\">\n                <img width=\"300\" height=\"200\" src=\"https:\/\/osmangaziokullari.com\/ozluce-k\/wp-content\/uploads\/2020\/07\/img-033-300x200.jpg\" class=\"attachment-medium size-medium\" alt=\"\" loading=\"lazy\" ids=\"1100,1099,1098,1096\" style=\"none\" col_spacing=\"xsmall\" image_height=\"56.25%\" srcset=\"https:\/\/osmangaziokullari.com\/ozluce-k\/wp-content\/uploads\/2020\/07\/img-033-300x200.jpg 300w, https:\/\/osmangaziokullari.com\/ozluce-k\/wp-content\/uploads\/2020\/07\/img-033-768x513.jpg 768w, https:\/\/osmangaziokullari.com\/ozluce-k\/wp-content\/uploads\/2020\/07\/img-033-510x340.jpg 510w, https:\/\/osmangaziokullari.com\/ozluce-k\/wp-content\/uploads\/2020\/07\/img-033.jpg 800w\" sizes=\"(max-width: 300px) 100vw, 300px\" \/>                                                              <\/div>\n              <div class=\"box-text text-left\" >\n                 <p><\/p>\n              <\/div>\n            <\/div>\n            <\/a>          <\/div>\n         <\/div>\n                 <div class=\"gallery-col col\" >\n          <div class=\"col-inner\">\n            <a class=\"\" href=\"https:\/\/osmangaziokullari.com\/ozluce-k\/wp-content\/uploads\/2020\/07\/img-032.jpg\" title=\"\">            <div class=\"box has-hover gallery-box box-none\">\n              <div class=\"box-image image-cover\" style=\"padding-top:56.25%;\">\n                <img width=\"300\" height=\"200\" src=\"https:\/\/osmangaziokullari.com\/ozluce-k\/wp-content\/uploads\/2020\/07\/img-032-300x200.jpg\" class=\"attachment-medium size-medium\" alt=\"\" loading=\"lazy\" ids=\"1100,1099,1098,1096\" style=\"none\" col_spacing=\"xsmall\" image_height=\"56.25%\" srcset=\"https:\/\/osmangaziokullari.com\/ozluce-k\/wp-content\/uploads\/2020\/07\/img-032-300x200.jpg 300w, https:\/\/osmangaziokullari.com\/ozluce-k\/wp-content\/uploads\/2020\/07\/img-032-768x512.jpg 768w, https:\/\/osmangaziokullari.com\/ozluce-k\/wp-content\/uploads\/2020\/07\/img-032-510x340.jpg 510w, https:\/\/osmangaziokullari.com\/ozluce-k\/wp-content\/uploads\/2020\/07\/img-032.jpg 800w\" sizes=\"(max-width: 300px) 100vw, 300px\" \/>                                                              <\/div>\n              <div class=\"box-text text-left\" >\n                 <p><\/p>\n              <\/div>\n            <\/div>\n            <\/a>          <\/div>\n         <\/div>\n                 <div class=\"gallery-col col\" >\n          <div class=\"col-inner\">\n            <a class=\"\" href=\"https:\/\/osmangaziokullari.com\/ozluce-k\/wp-content\/uploads\/2020\/07\/img-030.jpg\" title=\"DCIM100MEDIADJI_0009.JPG\">            <div class=\"box has-hover gallery-box box-none\">\n              <div class=\"box-image image-cover\" style=\"padding-top:56.25%;\">\n                <img width=\"300\" height=\"225\" src=\"https:\/\/osmangaziokullari.com\/ozluce-k\/wp-content\/uploads\/2020\/07\/img-030-300x225.jpg\" class=\"attachment-medium size-medium\" alt=\"\" loading=\"lazy\" ids=\"1100,1099,1098,1096\" style=\"none\" col_spacing=\"xsmall\" image_height=\"56.25%\" srcset=\"https:\/\/osmangaziokullari.com\/ozluce-k\/wp-content\/uploads\/2020\/07\/img-030-300x225.jpg 300w, https:\/\/osmangaziokullari.com\/ozluce-k\/wp-content\/uploads\/2020\/07\/img-030-768x576.jpg 768w, https:\/\/osmangaziokullari.com\/ozluce-k\/wp-content\/uploads\/2020\/07\/img-030-510x383.jpg 510w, https:\/\/osmangaziokullari.com\/ozluce-k\/wp-content\/uploads\/2020\/07\/img-030.jpg 800w\" sizes=\"(max-width: 300px) 100vw, 300px\" \/>                                                              <\/div>\n              <div class=\"box-text text-left\" >\n                 <p>DCIM100MEDIADJI_0009.JPG<\/p>\n              <\/div>\n            <\/div>\n            <\/a>          <\/div>\n         <\/div>\n         <\/div>\n\n\t<div id=\"gap-1642684457\" class=\"gap-element clearfix\" style=\"display:block; height:auto;\">\n\t\t\n<style>\n#gap-1642684457 {\n  padding-top: 30px;\n}\n<\/style>\n\t<\/div>\n\t\n\n<p>Oyun oynamas\u0131 engellenen \u00e7ocuklarda bir tak\u0131m psikolojik, sosyal vb. alanlarda sorunlar\u0131n \u00e7\u0131kt\u0131\u011f\u0131 yap\u0131lan ara\u015ft\u0131rmalar sonucu ortaya konulmu\u015ftur. Erken \u00e7ocukluk d\u00f6neminde vazge\u00e7ilmez bir \u00f6\u011frenme arac\u0131 olarak oyun kullan\u0131lmaktad\u0131r.<\/p>\n<p>\u00d6n Bah\u00e7emizde Bulunan Geleneksel \u00c7ocuk Oyunlar\u0131m\u0131z, 1.K\u00f6\u015fe kapmaca ( 2 adet ) 2.Ya\u011f&nbsp; satar\u0131m bal satar\u0131m&nbsp; 3.\u00c7oklu seksek oyunlar\u0131m\u0131z mevcuttur.<\/p>\n\n\t\t<\/div>\n\t\t\t\t\t<\/div>\n\n\t\n\n\t<div id=\"col-1019911804\" class=\"col small-12 large-12\"  >\n\t\t\t\t<div class=\"col-inner\"  >\n\t\t\t\n\t\t\t\n\n<p><strong>Arka Bah\u00e7e Oyun Alan\u0131 Kullan\u0131m Ama\u00e7lar\u0131<\/strong> &#8211; \u00c7ocuk oyun alanlar\u0131, \u00e7ocuklar\u0131n fiziksel, bili\u015fsel ve psikolojik geli\u015fimi i\u00e7in ka\u00e7\u0131n\u0131lmaz gerekliliktir. G\u00fcn\u00fcm\u00fczde \u00e7ocuk geli\u015fimi ve psikolojisi \u00fczerine yap\u0131lan \u00e7al\u0131\u015fmalar oyun oynaman\u0131n \u00e7ocu\u011fun geli\u015fiminde ve karakterinin \u015fekillenmesinde \u00f6nemli etkisi oldu\u011funu bu ba\u011flamda oyun oynaman\u0131n \u00f6nemle ele al\u0131nmas\u0131 gerekti\u011fini vurgulamaktad\u0131r.<\/p>\n<p>Oyun, \u00e7ocu\u011fun d\u00fcnyaya adapte olmas\u0131nda \u00f6nemli bir ara\u00e7t\u0131r. Malzemeleri kullanarak, di\u011fer \u00e7ocuklarla ileti\u015fime ge\u00e7erek \u00e7evrelerini kontrol etmeyi, rekabet ve e\u011flence duygusunu \u00f6\u011frenirler. Oyun ara\u00e7lar\u0131 fiziksel geli\u015fime yard\u0131mc\u0131 olmal\u0131, alanlar\u0131 duygusal geli\u015fime katk\u0131lar sa\u011flamal\u0131,&nbsp; sosyal geli\u015fimi sa\u011flamal\u0131, entelekt\u00fcel geli\u015fim sa\u011flamas\u0131na katk\u0131da bulunmal\u0131d\u0131r. Arka Bah\u00e7emizde Bulunan Oyun Ara\u00e7lar\u0131 Kayd\u0131rak (2 adet) Sal\u0131ncak (2 adet) Tahterevalli T\u0131rmanma Merdiveni (2 adet) Barfiks Demiri (3 adet)<\/p>\n\n\t\t<\/div>\n\t\t\t\t\t<\/div>\n\n\t\n\n\t<div id=\"col-268343310\" class=\"col medium-6 small-12 large-6\"  >\n\t\t\t\t<div class=\"col-inner\"  >\n\t\t\t\n\t\t\t\n\n<h3>Amfi Tiyatro<\/h3>\n<p>E\u011fitim ve \u00f6\u011fretimin s\u0131n\u0131rlar\u0131n\u0131 a\u015fmak i\u00e7in amfi tiyatro dersli\u011fine sahibiz. A\u00e7\u0131k hava dersliklerine ek olarak amfi tiyatro dersli\u011fi de \u00f6\u011frencilerimizin ders i\u00e7i ve ders d\u0131\u015f\u0131 faaliyetlerde severek kulland\u0131\u011f\u0131 mek\u00e2nlardan biri konumunda. Oyun ve Fiziki etkinlikler, Geleneksel \u00c7ocuk Oyunlar\u0131 ve Beden E\u011fitimi derslerinin i\u015flendi\u011fi, okulumuzda yer alan projelerde ve etkinliklerde aktif olarak kullan\u0131lan amfi tiyatro alan\u0131 \u00f6\u011frencilerimizin teneff\u00fcs saatlerinde de ne\u015feli ve e\u011flenceli oyunlar\u0131na ev sahipli\u011fi yapmaktad\u0131r.&nbsp;<\/p>\n\n\t\t<\/div>\n\t\t\t\t\t<\/div>\n\n\t\n\n\t<div id=\"col-1776279940\" class=\"col medium-6 small-12 large-6\"  >\n\t\t\t\t<div class=\"col-inner\"  >\n\t\t\t\n\t\t\t\n\n<h3>\u00c7ok Ama\u00e7l\u0131 Salon<\/h3>\n<p>\u00d6\u011frencilerin fiziksel etkinlikler, yani hareketler yolu ile geli\u015fim ve e\u011filimlerini sa\u011flayarak her \u00f6\u011frencinin hareket kapasitesinin en \u00fcst d\u00fczeye ula\u015ft\u0131rmak i\u00e7in aktif olarak kulland\u0131\u011f\u0131m\u0131z \u00e7ok ama\u00e7l\u0131 salonumuzda hizmet vermekteyiz. Salonumuzun zemini tatamilerle kapl\u0131 olup 250mt. \u00e7al\u0131\u015fma alan\u0131na sahip. \u0130lkokul dersleri,&nbsp; jimnastik kurslar\u0131, tekvando ve Kick Boks kul\u00fcpleri i\u00e7in kullan\u0131lmaktad\u0131r.<\/p>\n\n\t\t<\/div>\n\t\t\t\t\t<\/div>\n\n\t\n\n<\/div>\n","protected":false},"excerpt":{"rendered":"","protected":false},"author":1,"featured_media":1096,"parent":2445,"menu_order":0,"comment_status":"closed","ping_status":"closed","template":"page-blank-sub-nav-vertical.php","meta":[],"_links":{"self":[{"href":"https:\/\/osmangaziokullari.com\/ozluce-k\/wp-json\/wp\/v2\/pages\/1093"}],"collection":[{"href":"https:\/\/osmangaziokullari.com\/ozluce-k\/wp-json\/wp\/v2\/pages"}],"about":[{"href":"https:\/\/osmangaziokullari.com\/ozluce-k\/wp-json\/wp\/v2\/types\/page"}],"author":[{"embeddable":true,"href":"https:\/\/osmangaziokullari.com\/ozluce-k\/wp-json\/wp\/v2\/users\/1"}],"replies":[{"embeddable":true,"href":"https:\/\/osmangaziokullari.com\/ozluce-k\/wp-json\/wp\/v2\/comments?post=1093"}],"version-history":[{"count":1,"href":"https:\/\/osmangaziokullari.com\/ozluce-k\/wp-json\/wp\/v2\/pages\/1093\/revisions"}],"predecessor-version":[{"id":5363,"href":"https:\/\/osmangaziokullari.com\/ozluce-k\/wp-json\/wp\/v2\/pages\/1093\/revisions\/5363"}],"up":[{"embeddable":true,"href":"https:\/\/osmangaziokullari.com\/ozluce-k\/wp-json\/wp\/v2\/pages\/2445"}],"wp:featuredmedia":[{"embeddable":true,"href":"https:\/\/osmangaziokullari.com\/ozluce-k\/wp-json\/wp\/v2\/media\/1096"}],"wp:attachment":[{"href":"https:\/\/osmangaziokullari.com\/ozluce-k\/wp-json\/wp\/v2\/media?parent=1093"}],"curies":[{"name":"wp","href":"https:\/\/api.w.org\/{rel}","templated":true}]}}