{"id":1080,"date":"2020-07-26T14:17:59","date_gmt":"2020-07-26T11:17:59","guid":{"rendered":"http:\/\/46.101.184.248\/?page_id=1080"},"modified":"2025-12-25T11:02:50","modified_gmt":"2025-12-25T11:02:50","slug":"beslenme","status":"publish","type":"page","link":"https:\/\/osmangaziokullari.com\/ozluce-k\/okulumuz\/beslenme\/","title":{"rendered":"Beslenme ve Yemekhane Hizmetlerimiz"},"content":{"rendered":"\n<div class=\"row\"  id=\"row-1094751332\">\n\n\n\t<div id=\"col-132938646\" class=\"col medium-7 small-12 large-7\"  >\n\t\t\t\t<div class=\"col-inner\"  >\n\t\t\t\n\t\t\t\n\n<div class=\"is-divider divider clearfix\" ><\/div>\n\n<p class=\"lead\">\u00d6zel Osmangazi Okullar\u0131\u2019nda, \u00f6\u011frencilerimizin sa\u011fl\u0131kl\u0131 beslenme al\u0131\u015fkanl\u0131klar\u0131 kazanmalar\u0131 \u00f6nceli\u011fimizdir. Bu ama\u00e7la, yemekhanemiz HACCP sistemine uygun olarak dizayn edilmi\u015f ve t\u00fcm s\u00fcre\u00e7ler s\u00fcrekli denetime a\u00e7\u0131kt\u0131r.<\/p>\n\n\t\t<\/div>\n\t\t\t\t\t<\/div>\n\n\t\n\n\t<div id=\"col-2127546733\" class=\"col medium-5 small-12 large-5\"  >\n\t\t\t\t<div class=\"col-inner\"  >\n\t\t\t\n\t\t\t\n\n\t<div class=\"img has-hover x md-x lg-x y md-y lg-y\" id=\"image_472174009\">\n\t\t\t\t\t\t\t\t<div class=\"img-inner dark\" >\n\t\t\t<img width=\"1020\" height=\"1020\" src=\"https:\/\/osmangaziokullari.com\/ozluce-k\/wp-content\/uploads\/2025\/12\/Okulumuzda-BESLENME-VE-YEMEKHANE-HIZMETI-1024x1024.jpg\" class=\"attachment-large size-large\" alt=\"\" loading=\"lazy\" srcset=\"https:\/\/osmangaziokullari.com\/ozluce-k\/wp-content\/uploads\/2025\/12\/Okulumuzda-BESLENME-VE-YEMEKHANE-HIZMETI-1024x1024.jpg 1024w, https:\/\/osmangaziokullari.com\/ozluce-k\/wp-content\/uploads\/2025\/12\/Okulumuzda-BESLENME-VE-YEMEKHANE-HIZMETI-300x300.jpg 300w, https:\/\/osmangaziokullari.com\/ozluce-k\/wp-content\/uploads\/2025\/12\/Okulumuzda-BESLENME-VE-YEMEKHANE-HIZMETI-150x150.jpg 150w, https:\/\/osmangaziokullari.com\/ozluce-k\/wp-content\/uploads\/2025\/12\/Okulumuzda-BESLENME-VE-YEMEKHANE-HIZMETI-768x768.jpg 768w, https:\/\/osmangaziokullari.com\/ozluce-k\/wp-content\/uploads\/2025\/12\/Okulumuzda-BESLENME-VE-YEMEKHANE-HIZMETI-250x250.jpg 250w, https:\/\/osmangaziokullari.com\/ozluce-k\/wp-content\/uploads\/2025\/12\/Okulumuzda-BESLENME-VE-YEMEKHANE-HIZMETI-510x510.jpg 510w, https:\/\/osmangaziokullari.com\/ozluce-k\/wp-content\/uploads\/2025\/12\/Okulumuzda-BESLENME-VE-YEMEKHANE-HIZMETI-100x100.jpg 100w, https:\/\/osmangaziokullari.com\/ozluce-k\/wp-content\/uploads\/2025\/12\/Okulumuzda-BESLENME-VE-YEMEKHANE-HIZMETI.jpg 1080w\" sizes=\"(max-width: 1020px) 100vw, 1020px\" \/>\t\t\t\t\t\t\n\t\t\t\t\t<\/div>\n\t\t\t\t\t\t\t\t\n<style>\n#image_472174009 {\n  width: 100%;\n}\n<\/style>\n\t<\/div>\n\t\n\n\n\t\t<\/div>\n\t\t\t\t\t<\/div>\n\n\t\n\n\t<div id=\"col-37880712\" class=\"col small-12 large-12\"  >\n\t\t\t\t<div class=\"col-inner\"  >\n\t\t\t\n\t\t\t\n\n<p>Yemekhane personelimiz, hijyen e\u011fitimlerini tamamlam\u0131\u015f ve sertifikalar\u0131n\u0131 alm\u0131\u015f deneyimli \u00e7al\u0131\u015fanlardan olu\u015fmaktad\u0131r. Kullan\u0131lan t\u00fcm malzemeler, TSE standartlar\u0131na uygun ve g\u0131da g\u00fcvenli\u011fi belgeli \u00fcr\u00fcnler aras\u0131ndan \u00f6zenle se\u00e7ilmektedir.<br \/>\nEt \u00fcr\u00fcnlerinde kalite ve g\u00fcvenlik \u00f6n plandad\u0131r: Beyaz et i\u00e7in gezen tavuk Akdeniz Toros markas\u0131 tercih edilirken, k\u0131rm\u0131z\u0131 et \u00fcr\u00fcnleri de ayn\u0131 hassasiyetle temin edilmektedir. Yemeklerimizde yaln\u0131zca s\u0131zma zeytinya\u011f\u0131 ve tereya\u011f\u0131 kullan\u0131lmaktad\u0131r; pi\u015firme ve saklama ko\u015fullar\u0131 usul\u00fcne uygun \u015fekilde ger\u00e7ekle\u015ftirilir.<br \/>\n\u00d6zel Osmangazi Okullar\u0131 olarak, \u00f6\u011frencilerimizin sa\u011fl\u0131kl\u0131, g\u00fcvenli ve lezzetli beslenme deneyimi ya\u015famas\u0131 i\u00e7in t\u00fcm detaylar\u0131 titizlikle planl\u0131yoruz.<\/p>\n\n\t\t<\/div>\n\t\t\t\t\t<\/div>\n\n\t\n\n<\/div>\n\n","protected":false},"excerpt":{"rendered":"","protected":false},"author":1,"featured_media":1087,"parent":2445,"menu_order":0,"comment_status":"closed","ping_status":"closed","template":"page-blank-sub-nav-vertical.php","meta":[],"_links":{"self":[{"href":"https:\/\/osmangaziokullari.com\/ozluce-k\/wp-json\/wp\/v2\/pages\/1080"}],"collection":[{"href":"https:\/\/osmangaziokullari.com\/ozluce-k\/wp-json\/wp\/v2\/pages"}],"about":[{"href":"https:\/\/osmangaziokullari.com\/ozluce-k\/wp-json\/wp\/v2\/types\/page"}],"author":[{"embeddable":true,"href":"https:\/\/osmangaziokullari.com\/ozluce-k\/wp-json\/wp\/v2\/users\/1"}],"replies":[{"embeddable":true,"href":"https:\/\/osmangaziokullari.com\/ozluce-k\/wp-json\/wp\/v2\/comments?post=1080"}],"version-history":[{"count":1,"href":"https:\/\/osmangaziokullari.com\/ozluce-k\/wp-json\/wp\/v2\/pages\/1080\/revisions"}],"predecessor-version":[{"id":5388,"href":"https:\/\/osmangaziokullari.com\/ozluce-k\/wp-json\/wp\/v2\/pages\/1080\/revisions\/5388"}],"up":[{"embeddable":true,"href":"https:\/\/osmangaziokullari.com\/ozluce-k\/wp-json\/wp\/v2\/pages\/2445"}],"wp:featuredmedia":[{"embeddable":true,"href":"https:\/\/osmangaziokullari.com\/ozluce-k\/wp-json\/wp\/v2\/media\/1087"}],"wp:attachment":[{"href":"https:\/\/osmangaziokullari.com\/ozluce-k\/wp-json\/wp\/v2\/media?parent=1080"}],"curies":[{"name":"wp","href":"https:\/\/api.w.org\/{rel}","templated":true}]}}