{"id":313,"date":"2020-07-06T15:21:03","date_gmt":"2020-07-06T12:21:03","guid":{"rendered":"http:\/\/46.101.184.248\/?page_id=313"},"modified":"2020-07-06T15:21:03","modified_gmt":"2020-07-06T12:21:03","slug":"organik-yasam","status":"publish","type":"page","link":"https:\/\/osmangaziokullari.com\/inegol-k\/yetenek-atolyeleri\/organik-yasam\/","title":{"rendered":"Organik Ya\u015fam"},"content":{"rendered":"\n<div class=\"row align-center\"  id=\"row-1507650709\">\n\n\n\t<div id=\"col-1650924777\" class=\"col small-12 large-12\"  >\n\t\t\t\t<div class=\"col-inner\"  >\n\t\t\t\n\t\t\t\n\n<p class=\"lead\">5, 6 ve 7. s\u0131n\u0131f seviyelerinde 15 \u00f6\u011frenci kontenjan\u0131ndan olu\u015fur.<\/p>\n\n\t\t<\/div>\n\t\t\t\t\t<\/div>\n\n\t\n\n\t<div id=\"col-264843859\" class=\"col medium-6 small-12 large-6\"  >\n\t\t\t\t<div class=\"col-inner\"  >\n\t\t\t\n\t\t\t\n\n<p>Obezitenin ve kanser gibi hastal\u0131klar\u0131n yayg\u0131nla\u015fmas\u0131,insanlar\u0131n dikkatini sa\u011fl\u0131kl\u0131 ve organik beslenmeye \u00e7ekti.\u00c7e\u015fitli g\u0131dalar arac\u0131l\u0131\u011f\u0131yla v\u00fccudumuza giren kimyasal ila\u00e7lardo\u011frudan h\u00fccrelerimizde birikmekte ve daha sonrab\u00fcy\u00fck sa\u011fl\u0131k problemleri olarak kar\u015f\u0131m\u0131za \u00e7\u0131kabilmektedir.\u0130\u015fte bu y\u00fczden bizler \u00e7ocuklar\u0131m\u0131z\u0131n \u015fimdiden bilin\u00e7lenerekdo\u011fru ve sa\u011fl\u0131kl\u0131 beslenmeyi \u00f6\u011frenmelerini istiyoruz. At\u00f6lye i\u00e7erisinde kullan\u0131lan malzemeler \u00f6\u011frenciler taraf\u0131ndan temin edilir.<\/p>\n\n\t\t<\/div>\n\t\t\t\t\t<\/div>\n\n\t\n\n\t<div id=\"col-1397448837\" class=\"col medium-6 small-12 large-6 small-col-first\"  >\n\t\t\t\t<div class=\"col-inner\"  >\n\t\t\t\n\t\t\t\n\n\t<div class=\"img has-hover x md-x lg-x y md-y lg-y\" id=\"image_1782445215\">\n\t\t\t\t\t\t\t\t<div class=\"img-inner image-cover box-shadow-2 dark\" style=\"padding-top:75%;\">\n\t\t\t<img width=\"1020\" height=\"574\" src=\"https:\/\/osmangaziokullari.com\/inegol-k\/wp-content\/uploads\/2020\/07\/organik-yasam-1024x576.jpg\" class=\"attachment-large size-large\" alt=\"Organik Ya\u015fam\" loading=\"lazy\" srcset=\"https:\/\/osmangaziokullari.com\/inegol-k\/wp-content\/uploads\/2020\/07\/organik-yasam-1024x576.jpg 1024w, https:\/\/osmangaziokullari.com\/inegol-k\/wp-content\/uploads\/2020\/07\/organik-yasam-300x169.jpg 300w, https:\/\/osmangaziokullari.com\/inegol-k\/wp-content\/uploads\/2020\/07\/organik-yasam-768x432.jpg 768w, https:\/\/osmangaziokullari.com\/inegol-k\/wp-content\/uploads\/2020\/07\/organik-yasam-1536x864.jpg 1536w, https:\/\/osmangaziokullari.com\/inegol-k\/wp-content\/uploads\/2020\/07\/organik-yasam-510x287.jpg 510w, https:\/\/osmangaziokullari.com\/inegol-k\/wp-content\/uploads\/2020\/07\/organik-yasam.jpg 1600w\" sizes=\"(max-width: 1020px) 100vw, 1020px\" title=\"Organik Ya\u015fam\" \/>\t\t\t\t\t\t\n\t\t\t\t\t<\/div>\n\t\t\t\t\t\t\t\t\n<style>\n#image_1782445215 {\n  width: 100%;\n}\n<\/style>\n\t<\/div>\n\t\n\n\n\t\t<\/div>\n\t\t\t\t\t<\/div>\n\n\t\n\n\t<div id=\"col-502374563\" class=\"col medium-8 small-12 large-8\"  >\n\t\t\t\t<div class=\"col-inner\"  >\n\t\t\t\n\t\t\t\n\n\t<div class=\"img has-hover x md-x lg-x y md-y lg-y\" id=\"image_2123074304\">\n\t\t\t\t\t\t\t\t<div class=\"img-inner dark\" >\n\t\t\t<img width=\"926\" height=\"695\" src=\"https:\/\/osmangaziokullari.com\/inegol-k\/wp-content\/uploads\/2020\/07\/osmangazi-okullari-100.jpg\" class=\"attachment-original size-original\" alt=\"yetenek at\u00f6lyesi organik ya\u015fam\" loading=\"lazy\" srcset=\"https:\/\/osmangaziokullari.com\/inegol-k\/wp-content\/uploads\/2020\/07\/osmangazi-okullari-100.jpg 926w, https:\/\/osmangaziokullari.com\/inegol-k\/wp-content\/uploads\/2020\/07\/osmangazi-okullari-100-300x225.jpg 300w, https:\/\/osmangaziokullari.com\/inegol-k\/wp-content\/uploads\/2020\/07\/osmangazi-okullari-100-768x576.jpg 768w, https:\/\/osmangaziokullari.com\/inegol-k\/wp-content\/uploads\/2020\/07\/osmangazi-okullari-100-510x383.jpg 510w\" sizes=\"(max-width: 926px) 100vw, 926px\" title=\"Organik Ya\u015fam\" \/>\t\t\t\t\t\t\n\t\t\t\t\t<\/div>\n\t\t\t\t\t\t\t\t\n<style>\n#image_2123074304 {\n  width: 100%;\n}\n<\/style>\n\t<\/div>\n\t\n\n\n\t\t<\/div>\n\t\t\t\t\t<\/div>\n\n\t\n\n<\/div>\n\n","protected":false},"excerpt":{"rendered":"","protected":false},"author":1,"featured_media":317,"parent":297,"menu_order":0,"comment_status":"closed","ping_status":"closed","template":"page-blank-sub-nav-vertical.php","meta":[],"_links":{"self":[{"href":"https:\/\/osmangaziokullari.com\/inegol-k\/wp-json\/wp\/v2\/pages\/313"}],"collection":[{"href":"https:\/\/osmangaziokullari.com\/inegol-k\/wp-json\/wp\/v2\/pages"}],"about":[{"href":"https:\/\/osmangaziokullari.com\/inegol-k\/wp-json\/wp\/v2\/types\/page"}],"author":[{"embeddable":true,"href":"https:\/\/osmangaziokullari.com\/inegol-k\/wp-json\/wp\/v2\/users\/1"}],"replies":[{"embeddable":true,"href":"https:\/\/osmangaziokullari.com\/inegol-k\/wp-json\/wp\/v2\/comments?post=313"}],"version-history":[{"count":0,"href":"https:\/\/osmangaziokullari.com\/inegol-k\/wp-json\/wp\/v2\/pages\/313\/revisions"}],"up":[{"embeddable":true,"href":"https:\/\/osmangaziokullari.com\/inegol-k\/wp-json\/wp\/v2\/pages\/297"}],"wp:featuredmedia":[{"embeddable":true,"href":"https:\/\/osmangaziokullari.com\/inegol-k\/wp-json\/wp\/v2\/media\/317"}],"wp:attachment":[{"href":"https:\/\/osmangaziokullari.com\/inegol-k\/wp-json\/wp\/v2\/media?parent=313"}],"curies":[{"name":"wp","href":"https:\/\/api.w.org\/{rel}","templated":true}]}}