{"id":2632,"date":"2020-08-23T18:30:50","date_gmt":"2020-08-23T18:30:50","guid":{"rendered":"https:\/\/osmangaziokullari.com\/inegol-k\/?page_id=2632"},"modified":"2020-11-21T11:09:44","modified_gmt":"2020-11-21T11:09:44","slug":"1-siniflar","status":"publish","type":"page","link":"https:\/\/osmangaziokullari.com\/inegol-k\/uzaktan-egitim\/1-siniflar\/","title":{"rendered":"1. S\u0131n\u0131flar"},"content":{"rendered":"\n<p>Uzaktan e\u011fitim program\u0131n\u0131za eri\u015fmek i\u00e7in s\u0131n\u0131f\u0131n\u0131za t\u0131klay\u0131n\u0131z.\u00a0<\/p>\n<a href=\"https:\/\/osmangaziokullari.com\/inegol-k\/uzaktan-egitim\/1-siniflar\/1a-sinifi\/\" target=\"_self\" class=\"button primary is-outline is-xlarge\"  style=\"border-radius:10px;\">\n    <span>1A<\/span>\n  <\/a>\n\n\n<a href=\"https:\/\/osmangaziokullari.com\/inegol-k\/uzaktan-egitim\/1-siniflar\/1b-sinifi\/\" target=\"_self\" class=\"button primary is-outline is-xlarge\"  style=\"border-radius:10px;\">\n    <span>1B<\/span>\n  <\/a>\n\n\n\t<div id=\"gap-2012734668\" class=\"gap-element clearfix\" style=\"display:block; height:auto;\">\n\t\t\n<style>\n#gap-2012734668 {\n  padding-top: 171px;\n}\n<\/style>\n\t<\/div>\n\t\n\n\n","protected":false},"excerpt":{"rendered":"<p>Uzaktan e\u011fitim program\u0131n\u0131za eri\u015fmek i\u00e7in s\u0131n\u0131f\u0131n\u0131za t\u0131klay\u0131n\u0131z.\u00a0<\/p>\n","protected":false},"author":1,"featured_media":0,"parent":2121,"menu_order":1,"comment_status":"closed","ping_status":"closed","template":"page-blank-sub-nav-vertical.php","meta":[],"_links":{"self":[{"href":"https:\/\/osmangaziokullari.com\/inegol-k\/wp-json\/wp\/v2\/pages\/2632"}],"collection":[{"href":"https:\/\/osmangaziokullari.com\/inegol-k\/wp-json\/wp\/v2\/pages"}],"about":[{"href":"https:\/\/osmangaziokullari.com\/inegol-k\/wp-json\/wp\/v2\/types\/page"}],"author":[{"embeddable":true,"href":"https:\/\/osmangaziokullari.com\/inegol-k\/wp-json\/wp\/v2\/users\/1"}],"replies":[{"embeddable":true,"href":"https:\/\/osmangaziokullari.com\/inegol-k\/wp-json\/wp\/v2\/comments?post=2632"}],"version-history":[{"count":1,"href":"https:\/\/osmangaziokullari.com\/inegol-k\/wp-json\/wp\/v2\/pages\/2632\/revisions"}],"predecessor-version":[{"id":3226,"href":"https:\/\/osmangaziokullari.com\/inegol-k\/wp-json\/wp\/v2\/pages\/2632\/revisions\/3226"}],"up":[{"embeddable":true,"href":"https:\/\/osmangaziokullari.com\/inegol-k\/wp-json\/wp\/v2\/pages\/2121"}],"wp:attachment":[{"href":"https:\/\/osmangaziokullari.com\/inegol-k\/wp-json\/wp\/v2\/media?parent=2632"}],"curies":[{"name":"wp","href":"https:\/\/api.w.org\/{rel}","templated":true}]}}