{"id":2448,"date":"2020-07-26T13:51:35","date_gmt":"2020-07-26T10:51:35","guid":{"rendered":"http:\/\/46.101.184.248\/?page_id=1031"},"modified":"2020-08-24T23:04:08","modified_gmt":"2020-08-24T23:04:08","slug":"bilisim-teknolojileri-sinifi","status":"publish","type":"page","link":"https:\/\/osmangaziokullari.com\/inegol-k\/okulumuz\/bilisim-teknolojileri-sinifi\/","title":{"rendered":"Bili\u015fim Teknolojileri S\u0131n\u0131f\u0131"},"content":{"rendered":"\n<div class=\"row\"  id=\"row-1297225886\">\n\n\n\t<div id=\"col-1304080516\" class=\"col medium-6 small-12 large-6\"  >\n\t\t\t\t<div class=\"col-inner\"  >\n\t\t\t\n\t\t\t\n\n<div class=\"is-divider divider clearfix\" ><\/div>\n\n<p class=\"lead\">\u00d6zel Osmangazi Okullar\u0131\u2019nda Bili\u015fim Teknolojileri, son teknolojiyle donat\u0131lm\u0131\u015f bilgisayar laboratuvar\u0131nda i\u015flenmektedir.<\/p>\n\n\t\t<\/div>\n\t\t\t\t\t<\/div>\n\n\t\n\n\t<div id=\"col-1109452509\" class=\"col medium-6 small-12 large-6\"  >\n\t\t\t\t<div class=\"col-inner\"  >\n\t\t\t\n\t\t\t\n\n\t<div class=\"img has-hover x md-x lg-x y md-y lg-y\" id=\"image_759253191\">\n\t\t\t\t\t\t\t\t<div class=\"img-inner image-cover dark\" style=\"padding-top:56.25%;\">\n\t\t\t<img width=\"800\" height=\"600\" src=\"https:\/\/osmangaziokullari.com\/inegol-k\/wp-content\/uploads\/2020\/07\/img-048.jpg\" class=\"attachment-large size-large\" alt=\"Bili\u015fim Teknolojileri S\u0131n\u0131f\u0131\" loading=\"lazy\" srcset=\"https:\/\/osmangaziokullari.com\/inegol-k\/wp-content\/uploads\/2020\/07\/img-048.jpg 800w, https:\/\/osmangaziokullari.com\/inegol-k\/wp-content\/uploads\/2020\/07\/img-048-300x225.jpg 300w, https:\/\/osmangaziokullari.com\/inegol-k\/wp-content\/uploads\/2020\/07\/img-048-768x576.jpg 768w, https:\/\/osmangaziokullari.com\/inegol-k\/wp-content\/uploads\/2020\/07\/img-048-510x383.jpg 510w\" sizes=\"(max-width: 800px) 100vw, 800px\" title=\"Bili\u015fim Teknolojileri S\u0131n\u0131f\u0131\" \/>\t\t\t\t\t\t\n\t\t\t\t\t<\/div>\n\t\t\t\t\t\t\t\t\n<style>\n#image_759253191 {\n  width: 100%;\n}\n<\/style>\n\t<\/div>\n\t\n\n\n\t\t<\/div>\n\t\t\t\t\t<\/div>\n\n\t\n\n\t<div id=\"col-1348219255\" class=\"col small-12 large-12\"  >\n\t\t\t\t<div class=\"col-inner\"  >\n\t\t\t\n\t\t\t\n\n<p>Her \u00f6\u011frenci bir bilgisayar\u0131 kullanabilecek \u015fekilde, alan\u0131nda uzman bili\u015fim \u00f6\u011fretmenleri taraf\u0131ndan, ak\u0131ll\u0131 tahta uygulamalar\u0131 ve projeksiyon kullan\u0131larak, uygulamal\u0131 ve proje bazl\u0131 verilmektedir.<\/p>\n<p>Kesintisiz ve g\u00fcvenli internet sayesinde global d\u00fcnyan\u0131n kap\u0131lar\u0131n\u0131 aralayan \u00f6\u011frencilerimiz, temiz bilgiye \u00e7ok h\u0131zl\u0131 \u015fekilde ula\u015fabilir. G\u00f6z yormayan LCD monit\u00f6rler, radyasyondan uzak ortam, s\u0131cakl\u0131\u011f\u0131 dengeleyen klimalar sayesinde \u00f6zg\u00fcr bir \u00e7al\u0131\u015fma ortam\u0131 elde eden \u00f6\u011frencilerimiz, konforlu bir ortamda \u00e7al\u0131\u015fman\u0131n keyfini s\u00fcrerler.<\/p>\n\n  \n    <div class=\"row  lightbox-multi-gallery large-columns-4 medium-columns-3 small-columns-2 row-xsmall\">\n          <div class=\"gallery-col col\" >\n          <div class=\"col-inner\">\n            <a class=\"\" href=\"https:\/\/osmangaziokullari.com\/inegol-k\/wp-content\/uploads\/2020\/07\/img-049.jpg\" title=\"\">            <div class=\"box has-hover gallery-box box-none\">\n              <div class=\"box-image image-cover\" style=\"padding-top:56.25%;\">\n                <img width=\"300\" height=\"225\" src=\"https:\/\/osmangaziokullari.com\/inegol-k\/wp-content\/uploads\/2020\/07\/img-049-300x225.jpg\" class=\"attachment-medium size-medium\" alt=\"Bili\u015fim Teknolojileri S\u0131n\u0131f\u0131\" loading=\"lazy\" ids=\"948,944,942,943\" style=\"none\" lightbox_image_size=\"original\" col_spacing=\"xsmall\" image_height=\"56.25%\" srcset=\"https:\/\/osmangaziokullari.com\/inegol-k\/wp-content\/uploads\/2020\/07\/img-049-300x225.jpg 300w, https:\/\/osmangaziokullari.com\/inegol-k\/wp-content\/uploads\/2020\/07\/img-049-768x576.jpg 768w, https:\/\/osmangaziokullari.com\/inegol-k\/wp-content\/uploads\/2020\/07\/img-049-510x383.jpg 510w, https:\/\/osmangaziokullari.com\/inegol-k\/wp-content\/uploads\/2020\/07\/img-049.jpg 800w\" sizes=\"(max-width: 300px) 100vw, 300px\" title=\"Bili\u015fim Teknolojileri S\u0131n\u0131f\u0131\" \/>                                                              <\/div>\n              <div class=\"box-text text-left\" >\n                 <p><\/p>\n              <\/div>\n            <\/div>\n            <\/a>          <\/div>\n         <\/div>\n                 <div class=\"gallery-col col\" >\n          <div class=\"col-inner\">\n            <a class=\"\" href=\"https:\/\/osmangaziokullari.com\/inegol-k\/wp-content\/uploads\/2020\/07\/img-045.jpg\" title=\"\">            <div class=\"box has-hover gallery-box box-none\">\n              <div class=\"box-image image-cover\" style=\"padding-top:56.25%;\">\n                <img width=\"300\" height=\"225\" src=\"https:\/\/osmangaziokullari.com\/inegol-k\/wp-content\/uploads\/2020\/07\/img-045-300x225.jpg\" class=\"attachment-medium size-medium\" alt=\"Bili\u015fim Teknolojileri S\u0131n\u0131f\u0131\" loading=\"lazy\" ids=\"948,944,942,943\" style=\"none\" lightbox_image_size=\"original\" col_spacing=\"xsmall\" image_height=\"56.25%\" srcset=\"https:\/\/osmangaziokullari.com\/inegol-k\/wp-content\/uploads\/2020\/07\/img-045-300x225.jpg 300w, https:\/\/osmangaziokullari.com\/inegol-k\/wp-content\/uploads\/2020\/07\/img-045-768x576.jpg 768w, https:\/\/osmangaziokullari.com\/inegol-k\/wp-content\/uploads\/2020\/07\/img-045-510x383.jpg 510w, https:\/\/osmangaziokullari.com\/inegol-k\/wp-content\/uploads\/2020\/07\/img-045.jpg 800w\" sizes=\"(max-width: 300px) 100vw, 300px\" title=\"Bili\u015fim Teknolojileri S\u0131n\u0131f\u0131\" \/>                                                              <\/div>\n              <div class=\"box-text text-left\" >\n                 <p><\/p>\n              <\/div>\n            <\/div>\n            <\/a>          <\/div>\n         <\/div>\n                 <div class=\"gallery-col col\" >\n          <div class=\"col-inner\">\n            <a class=\"\" href=\"https:\/\/osmangaziokullari.com\/inegol-k\/wp-content\/uploads\/2020\/07\/img-043.jpg\" title=\"\">            <div class=\"box has-hover gallery-box box-none\">\n              <div class=\"box-image image-cover\" style=\"padding-top:56.25%;\">\n                <img width=\"300\" height=\"225\" src=\"https:\/\/osmangaziokullari.com\/inegol-k\/wp-content\/uploads\/2020\/07\/img-043-300x225.jpg\" class=\"attachment-medium size-medium\" alt=\"Bili\u015fim Teknolojileri S\u0131n\u0131f\u0131\" loading=\"lazy\" ids=\"948,944,942,943\" style=\"none\" lightbox_image_size=\"original\" col_spacing=\"xsmall\" image_height=\"56.25%\" srcset=\"https:\/\/osmangaziokullari.com\/inegol-k\/wp-content\/uploads\/2020\/07\/img-043-300x225.jpg 300w, https:\/\/osmangaziokullari.com\/inegol-k\/wp-content\/uploads\/2020\/07\/img-043-768x576.jpg 768w, https:\/\/osmangaziokullari.com\/inegol-k\/wp-content\/uploads\/2020\/07\/img-043-510x383.jpg 510w, https:\/\/osmangaziokullari.com\/inegol-k\/wp-content\/uploads\/2020\/07\/img-043.jpg 800w\" sizes=\"(max-width: 300px) 100vw, 300px\" title=\"Bili\u015fim Teknolojileri S\u0131n\u0131f\u0131\" \/>                                                              <\/div>\n              <div class=\"box-text text-left\" >\n                 <p><\/p>\n              <\/div>\n            <\/div>\n            <\/a>          <\/div>\n         <\/div>\n                 <div class=\"gallery-col col\" >\n          <div class=\"col-inner\">\n            <a class=\"\" href=\"https:\/\/osmangaziokullari.com\/inegol-k\/wp-content\/uploads\/2020\/07\/img-044.jpg\" title=\"\">            <div class=\"box has-hover gallery-box box-none\">\n              <div class=\"box-image image-cover\" style=\"padding-top:56.25%;\">\n                <img width=\"300\" height=\"225\" src=\"https:\/\/osmangaziokullari.com\/inegol-k\/wp-content\/uploads\/2020\/07\/img-044-300x225.jpg\" class=\"attachment-medium size-medium\" alt=\"Bili\u015fim Teknolojileri S\u0131n\u0131f\u0131\" loading=\"lazy\" ids=\"948,944,942,943\" style=\"none\" lightbox_image_size=\"original\" col_spacing=\"xsmall\" image_height=\"56.25%\" srcset=\"https:\/\/osmangaziokullari.com\/inegol-k\/wp-content\/uploads\/2020\/07\/img-044-300x225.jpg 300w, https:\/\/osmangaziokullari.com\/inegol-k\/wp-content\/uploads\/2020\/07\/img-044-768x576.jpg 768w, https:\/\/osmangaziokullari.com\/inegol-k\/wp-content\/uploads\/2020\/07\/img-044-510x383.jpg 510w, https:\/\/osmangaziokullari.com\/inegol-k\/wp-content\/uploads\/2020\/07\/img-044.jpg 800w\" sizes=\"(max-width: 300px) 100vw, 300px\" title=\"Bili\u015fim Teknolojileri S\u0131n\u0131f\u0131\" \/>                                                              <\/div>\n              <div class=\"box-text text-left\" >\n                 <p><\/p>\n              <\/div>\n            <\/div>\n            <\/a>          <\/div>\n         <\/div>\n         <\/div>\n\n\n\t\t<\/div>\n\t\t\t\t\t<\/div>\n\n\t\n\n<\/div>\n\n","protected":false},"excerpt":{"rendered":"","protected":false},"author":1,"featured_media":1050,"parent":2445,"menu_order":0,"comment_status":"closed","ping_status":"closed","template":"page-blank-sub-nav-vertical.php","meta":[],"_links":{"self":[{"href":"https:\/\/osmangaziokullari.com\/inegol-k\/wp-json\/wp\/v2\/pages\/2448"}],"collection":[{"href":"https:\/\/osmangaziokullari.com\/inegol-k\/wp-json\/wp\/v2\/pages"}],"about":[{"href":"https:\/\/osmangaziokullari.com\/inegol-k\/wp-json\/wp\/v2\/types\/page"}],"author":[{"embeddable":true,"href":"https:\/\/osmangaziokullari.com\/inegol-k\/wp-json\/wp\/v2\/users\/1"}],"replies":[{"embeddable":true,"href":"https:\/\/osmangaziokullari.com\/inegol-k\/wp-json\/wp\/v2\/comments?post=2448"}],"version-history":[{"count":2,"href":"https:\/\/osmangaziokullari.com\/inegol-k\/wp-json\/wp\/v2\/pages\/2448\/revisions"}],"predecessor-version":[{"id":2719,"href":"https:\/\/osmangaziokullari.com\/inegol-k\/wp-json\/wp\/v2\/pages\/2448\/revisions\/2719"}],"up":[{"embeddable":true,"href":"https:\/\/osmangaziokullari.com\/inegol-k\/wp-json\/wp\/v2\/pages\/2445"}],"wp:featuredmedia":[{"embeddable":true,"href":"https:\/\/osmangaziokullari.com\/inegol-k\/wp-json\/wp\/v2\/media\/1050"}],"wp:attachment":[{"href":"https:\/\/osmangaziokullari.com\/inegol-k\/wp-json\/wp\/v2\/media?parent=2448"}],"curies":[{"name":"wp","href":"https:\/\/api.w.org\/{rel}","templated":true}]}}