{"id":2446,"date":"2020-07-26T13:09:42","date_gmt":"2020-07-26T10:09:42","guid":{"rendered":"http:\/\/46.101.184.248\/?page_id=979"},"modified":"2020-07-26T13:09:42","modified_gmt":"2020-07-26T10:09:42","slug":"saglik-hizmetleri","status":"publish","type":"page","link":"https:\/\/osmangaziokullari.com\/inegol-k\/okulumuz\/saglik-hizmetleri\/","title":{"rendered":"Sa\u011fl\u0131k Hizmetleri"},"content":{"rendered":"\n<div class=\"row\"  id=\"row-1330594303\">\n\n\n\t<div id=\"col-864384879\" class=\"col medium-7 small-12 large-7\"  >\n\t\t\t\t<div class=\"col-inner\"  >\n\t\t\t\n\t\t\t\n\n<div class=\"is-divider divider clearfix\" ><\/div>\n\n<p class=\"lead\">\u00d6\u011frencilerimizin sa\u011fl\u0131\u011f\u0131, okulumuz da dikkatle izlenir, fiziksel geli\u015fim ve sa\u011fl\u0131k durumlar\u0131yla ilgili her t\u00fcrl\u00fc bilgi kay\u0131t alt\u0131na al\u0131n\u0131r.<\/p>\n\n\t\t<\/div>\n\t\t\t\t\t<\/div>\n\n\t\n\n\t<div id=\"col-2047649405\" class=\"col medium-5 small-12 large-5\"  >\n\t\t\t\t<div class=\"col-inner\"  >\n\t\t\t\n\t\t\t\n\n\t<div class=\"img has-hover x md-x lg-x y md-y lg-y\" id=\"image_107248863\">\n\t\t\t\t\t\t\t\t<div class=\"img-inner image-cover dark\" style=\"padding-top:56.25%;\">\n\t\t\t<img width=\"926\" height=\"615\" src=\"https:\/\/osmangaziokullari.com\/inegol-k\/wp-content\/uploads\/2020\/07\/img-019.jpg\" class=\"attachment-large size-large\" alt=\"Sa\u011fl\u0131k Hizmetleri\" loading=\"lazy\" srcset=\"https:\/\/osmangaziokullari.com\/inegol-k\/wp-content\/uploads\/2020\/07\/img-019.jpg 926w, https:\/\/osmangaziokullari.com\/inegol-k\/wp-content\/uploads\/2020\/07\/img-019-300x199.jpg 300w, https:\/\/osmangaziokullari.com\/inegol-k\/wp-content\/uploads\/2020\/07\/img-019-768x510.jpg 768w, https:\/\/osmangaziokullari.com\/inegol-k\/wp-content\/uploads\/2020\/07\/img-019-510x339.jpg 510w\" sizes=\"(max-width: 926px) 100vw, 926px\" title=\"Sa\u011fl\u0131k Hizmetleri\" \/>\t\t\t\t\t\t\n\t\t\t\t\t<\/div>\n\t\t\t\t\t\t\t\t\n<style>\n#image_107248863 {\n  width: 100%;\n}\n<\/style>\n\t<\/div>\n\t\n\n\n\t\t<\/div>\n\t\t\t\t\t<\/div>\n\n\t\n\n\t<div id=\"col-1507007026\" class=\"col small-12 large-12\"  >\n\t\t\t\t<div class=\"col-inner\"  >\n\t\t\t\n\t\t\t\n\n<p>\u00d6\u011frencilerimizin sa\u011fl\u0131\u011f\u0131, okulumuz da dikkatle izlenir, fiziksel geli\u015fim ve sa\u011fl\u0131k durumlar\u0131yla ilgili her t\u00fcrl\u00fc bilgi kay\u0131t alt\u0131na al\u0131n\u0131r. D\u00fczenli ila\u00e7 kullanmas\u0131 gereken \u00f6\u011frencilerimizin ila\u00e7 saatleri dikkatle takip edilir ve ila\u00e7lar\u0131n\u0131 do\u011fru bir \u015fekilde, aksatmadan kullanmalar\u0131 sa\u011flan\u0131r. Okulumuzda acil bir durumda ilk m\u00fcdahaleyi yapabilecek \u015fekilde donat\u0131lm\u0131\u015f revirimiz bulunur.<\/p>\n<p>Sa\u011fl\u0131k birimimizde okul hem\u015firesi g\u00f6rev yapar. Hastane m\u00fcdahalesi gerektiren \u00e7ok acil durumlarda \u00f6\u011frenci gecikmeksizin hem\u015fire g\u00f6zetiminde en yak\u0131n hastaneye g\u00f6t\u00fcr\u00fcl\u00fcr ve velisine derhal haber verilir.\u00a0<\/p>\n<p>Ayr\u0131ca okulumuza zaman i\u00e7erisinde davet edilen Di\u015f ve G\u00f6z Hastaneleri\u2019nden uzman doktorlar okulumuzda d\u00fczenli taramalar yapar. \u00d6\u011frenci, \u00f6\u011fretmen ve velilere y\u00f6nelik, sa\u011fl\u0131kla ilgili konularda seminer ve bilgilendirme \u00e7al\u0131\u015fmalar\u0131 da yine okulumuzun velilerinden olu\u015fan uzman doktorlar\u0131<\/p>\n\n\t\t<\/div>\n\t\t\t\t\t<\/div>\n\n\t\n\n<\/div>\n\n","protected":false},"excerpt":{"rendered":"","protected":false},"author":1,"featured_media":1018,"parent":2445,"menu_order":0,"comment_status":"closed","ping_status":"closed","template":"page-blank-sub-nav-vertical.php","meta":[],"_links":{"self":[{"href":"https:\/\/osmangaziokullari.com\/inegol-k\/wp-json\/wp\/v2\/pages\/2446"}],"collection":[{"href":"https:\/\/osmangaziokullari.com\/inegol-k\/wp-json\/wp\/v2\/pages"}],"about":[{"href":"https:\/\/osmangaziokullari.com\/inegol-k\/wp-json\/wp\/v2\/types\/page"}],"author":[{"embeddable":true,"href":"https:\/\/osmangaziokullari.com\/inegol-k\/wp-json\/wp\/v2\/users\/1"}],"replies":[{"embeddable":true,"href":"https:\/\/osmangaziokullari.com\/inegol-k\/wp-json\/wp\/v2\/comments?post=2446"}],"version-history":[{"count":0,"href":"https:\/\/osmangaziokullari.com\/inegol-k\/wp-json\/wp\/v2\/pages\/2446\/revisions"}],"up":[{"embeddable":true,"href":"https:\/\/osmangaziokullari.com\/inegol-k\/wp-json\/wp\/v2\/pages\/2445"}],"wp:featuredmedia":[{"embeddable":true,"href":"https:\/\/osmangaziokullari.com\/inegol-k\/wp-json\/wp\/v2\/media\/1018"}],"wp:attachment":[{"href":"https:\/\/osmangaziokullari.com\/inegol-k\/wp-json\/wp\/v2\/media?parent=2446"}],"curies":[{"name":"wp","href":"https:\/\/api.w.org\/{rel}","templated":true}]}}