{"id":2217,"date":"2020-08-18T13:53:46","date_gmt":"2020-08-18T10:53:46","guid":{"rendered":"http:\/\/46.101.184.248\/?page_id=2217"},"modified":"2020-08-18T13:53:46","modified_gmt":"2020-08-18T10:53:46","slug":"kvkk-bilgilendirme-metni","status":"publish","type":"page","link":"https:\/\/osmangaziokullari.com\/inegol-k\/kvkk-bilgilendirme-metni\/","title":{"rendered":"KVKK Bilgilendirme Metni"},"content":{"rendered":"\n<h2>KVKK Bilgilendirme Metni<\/h2>\n<p>Ki\u015fisel verileriniz Okulumuz taraf\u0131ndan, 6698 say\u0131l\u0131 Kanunda yer alan temel ilkelere, veri i\u015fleme \u015fartlar\u0131na uygun olarak i\u015flenmekte, muhafaza edilmekte ve korunmaktad\u0131r. Bu ama\u00e7la, verilerin korunmas\u0131 i\u00e7in her t\u00fcrl\u00fc \u00f6nlemi alan ve azami hassasiyet g\u00f6steren Okul olarak, ki\u015fisel verilerinizin i\u015flenmesi hususunda sizleri bilgilendirmek isteriz.\u00a0<\/p>\n<p><strong>Veri Sorumlusu<\/strong><\/p>\n<p>Okulumuz, 6698 say\u0131l\u0131 Ki\u015fisel Verilerin Korunmas\u0131 Kanunu\u2019nun 3. Maddesinde tan\u0131ml\u0131 \u201cVeri Sorumlusu\u201d s\u0131fat\u0131yla ki\u015fisel verilerinizi i\u015flemektedir.\u00a0<\/p>\n<p><strong>Ki\u015fisel Verilerin \u0130\u015flenme Ama\u00e7lar\u0131\u00a0<\/strong><\/p>\n<p>Ki\u015fisel verileriniz;\u00a0 \u2013 \u00d6\u011frenci ve veli kimlik bilgileri, ileti\u015fim bilgileri, e\u011fitim bilgileri, \u00f6\u011frencinin g\u00f6rseli, Okul Faaliyetlerinde:<\/p>\n<p>a) Okul taraf\u0131ndan y\u00fcr\u00fct\u00fclen e\u011fitim faaliyetlerinin yerine getirilmesi, okul tan\u0131t\u0131m\u0131 ve bilgilendirme yap\u0131lmas\u0131, s\u0131nav g\u00fcvenli\u011finin sa\u011flanmas\u0131, s\u0131nav sonu\u00e7lar\u0131n\u0131n bildirilmesi, ar\u015fivlenmesi, okulun internet hesaplar\u0131nda dergi ve b\u00fcltenlerinde, ilanlar\u0131nda payla\u015f\u0131lmas\u0131,\u00a0<\/p>\n<p>b) E\u011fitim faaliyetinin s\u00fcreklili\u011finin sa\u011flanmas\u0131, hukuki, teknik ve ticari i\u015f g\u00fcvenli\u011finin temini, insan kaynaklar\u0131, i\u015f sa\u011fl\u0131\u011f\u0131 ve g\u00fcvenli\u011fi s\u00fcre\u00e7 ve stratejilerinin planlanmas\u0131 ile icras\u0131,\u00a0<\/p>\n<p>c) Okul taraf\u0131ndan sunulan \u00fcr\u00fcn ve\/veya hizmetlerin belirlenen yasal \u00e7er\u00e7evede sunulabilmesi ve bu kapsamda Okulumuzun s\u00f6zle\u015fme ve yasadan do\u011fan y\u00fck\u00fcml\u00fcl\u00fcklerini eksiksiz ve do\u011fru bir \u015fekilde yerine getirebilmesi,<\/p>\n<p>d) Operasyonel, ticari ve i\u015f stratejilerinin planlanmas\u0131 ve icras\u0131,\u00a0<\/p>\n<p>e) Veri g\u00fcvenli\u011finin ve b\u00fct\u00fcnl\u00fc\u011f\u00fcn\u00fcn sa\u011flanmas\u0131, verilerin ar\u015fivlenmesi ve Okul bili\u015fim ve ileti\u015fim altyap\u0131s\u0131n\u0131n olu\u015fturulmas\u0131,<\/p>\n<p>f) 6698 say\u0131l\u0131 Kanun\u2019un 8. ve 9. maddelerinde belirtilen ki\u015fisel veri i\u015fleme \u015fartlar\u0131 \u00e7er\u00e7evesinde yurt i\u00e7inde ya da yurt d\u0131\u015f\u0131nda bulunan topluluk okullar\u0131m\u0131za veri aktar\u0131lmas\u0131,<\/p>\n<p>g) G\u00fcvenlik: Okul i\u00e7i ve \u00e7evresinde g\u00fcvenli\u011fin sa\u011flanmas\u0131,<\/p>\n<p>h) Yasal Y\u00fck\u00fcml\u00fcl\u00fckler ve Bir Hakk\u0131n Tesisi: Okulumuzun tabi oldu\u011fu mevzuattan do\u011fan hukuki y\u00fck\u00fcml\u00fcl\u00fcklerinin yerine getirilmesi, bir hakk\u0131n tesisi, kullan\u0131lmas\u0131 ve korunmas\u0131 kapsam\u0131nda ve olas\u0131 uyu\u015fmazl\u0131k durumlar\u0131nda Okulumuzun haklar\u0131n\u0131n korunmas\u0131 ve kullan\u0131lmas\u0131 amac\u0131yla hukuki destek al\u0131nmas\u0131\u00a0 ama\u00e7lar\u0131yla 6698 say\u0131l\u0131 Kanun\u2019un 5. ve 6. maddelerinde belirtilen ki\u015fisel veri i\u015fleme \u015fartlar\u0131 kapsam\u0131nda i\u015flenir.<\/p>\n<p><strong>\u0130\u015flenen Ki\u015fisel Verilerin Kimlere ve Hangi Ama\u00e7la Aktar\u0131labilece\u011fi<\/strong><\/p>\n<p>Ki\u015fisel verileriniz yukar\u0131da belirtilen ama\u00e7lar kapsam\u0131nda 6698 say\u0131l\u0131 Kanun\u2019un 8. ve 9. maddelerinde belirtilen ki\u015fisel veri i\u015fleme \u015fartlar\u0131 \u00e7er\u00e7evesinde;\u00a0 Okul Faaliyetlerinde:<\/p>\n<p>a) Okul taraf\u0131ndan y\u00fcr\u00fct\u00fclen e\u011fitim faaliyetlerin yerine getirilmesi i\u00e7in gerekli olan hallerde \u015fubelerimiz, \u0130sabet \u00a0Okullar\u0131, i\u015f ortaklar\u0131m\u0131z, yay\u0131n kurulu\u015flar\u0131m\u0131z, dan\u0131\u015fman firmalar\u0131m\u0131z, tedarik\u00e7ilerimiz, \u00f6zel kurum ve kurulu\u015flar ile kanunen yetkili kamu kurum ve kurulu\u015flar\u0131na,<\/p>\n<p>b) Operasyonel, ticari ve i\u015f stratejilerinin planlanmas\u0131 ve icras\u0131 kapsam\u0131nda aktar\u0131m\u0131n zorunlu oldu\u011fu ki\u015fi ve kurulu\u015flar, ba\u011fl\u0131 ortakl\u0131klar\u0131n\u0131z ve\/veya do\u011frudan\/dolayl\u0131 yurt i\u00e7i\/yurt d\u0131\u015f\u0131 i\u015ftiraklerimize,<\/p>\n<p>c) Yasal Y\u00fck\u00fcml\u00fcl\u00fckler: Okulun yasal y\u00fck\u00fcml\u00fcl\u00fcklerini yerine getirmesi i\u00e7in gerekli olan hallerde, okul tan\u0131t\u0131m\u0131 ve bilgilendirme yap\u0131lmas\u0131, s\u0131nav sonu\u00e7lar\u0131n\u0131n bildirilmesi, ar\u015fivlenmesi, okulun internet hesaplar\u0131nda dergi ve b\u00fcltenlerinde, ilanlar\u0131nda payla\u015f\u0131lmas\u0131 i\u015f ortaklar\u0131m\u0131z, dan\u0131\u015fman firmalar\u0131m\u0131z, tedarik\u00e7ilerimiz, \u00f6zel kurum ve kurulu\u015flar\u0131, mahkemeler, kamu kurum ve kurulu\u015flar\u0131 ve yetkili mercilere,<\/p>\n<p>d) Bir Hakk\u0131n Tesisi: Okulumuzun haklar\u0131n\u0131n tesisi, kullan\u0131lmas\u0131 ve korunmas\u0131 kapsam\u0131nda hukuki destek almak amac\u0131yla hukuk b\u00fcrolar\u0131 ve di\u011fer dan\u0131\u015fmanlara, gerekli hallerde mahkemelere<\/p>\n<p>e) Veri G\u00fcvenli\u011fi ve Ar\u015fiv: Veri g\u00fcvenli\u011finin sa\u011flanmas\u0131 amac\u0131yla ar\u015fiv firmalar\u0131 ya da bulut hizmeti firmalar\u0131na, f) 6698 say\u0131l\u0131 Kanun\u2019un 8. ve 9. maddelerinde belirtilen ki\u015fisel veri i\u015fleme \u015fartlar\u0131 \u00e7er\u00e7evesinde yurt i\u00e7inde ya da yurt d\u0131\u015f\u0131nda bulunan topluluk okullar\u0131m\u0131za aktar\u0131labilecektir. Ki\u015fisel verilerinizin payla\u015fma s\u00fcreci boyunca ve sonras\u0131nda veri g\u00fcvenli\u011finin sa\u011flanmas\u0131 i\u00e7in her t\u00fcrl\u00fc teknik ve idari tedbir al\u0131nmaktad\u0131r. \u00a0<\/p>\n<p><strong>Ki\u015fisel Verileri Toplaman\u0131n Y\u00f6ntemi ve Hukuki Sebebi<\/strong><\/p>\n<p>Ki\u015fisel verileriniz, otomatik ya da otomatik olmayan y\u00f6ntemlerle ve farkl\u0131 y\u00f6ntemlerle yasal yollardan elde edilebilmektedir. Bizzat sizlerden ya da \u00fc\u00e7\u00fcnc\u00fc ki\u015filerden toplad\u0131\u011f\u0131m\u0131z ki\u015fisel verileriniz, Okulumuz taraf\u0131ndan a\u015fa\u011f\u0131da a\u00e7\u0131klanan hukuki sebeplere dayanarak toplanmaktad\u0131r:<\/p>\n<p>a) 6698 say\u0131l\u0131 Kanun\u2019un 5\/1\u2019de d\u00fczenlendi\u011fi \u015fekilde ki\u015finin a\u00e7\u0131k r\u0131zas\u0131n\u0131n olmas\u0131,<\/p>\n<p>b) 6698 say\u0131l\u0131 Kanun\u2019un 5\/2 (a) bendinde d\u00fczenlenen \u201ckanunlarda a\u00e7\u0131k\u00e7a \u00f6ng\u00f6r\u00fclmesi\u201d hukuki sebebine dayal\u0131 olarak ki\u015fisel verileriniz ba\u015fta \u0130\u015f Kanunu, T\u00fcrk Ticaret Kanunu ve Vergi Usul Kanunu olmak \u00fczere Okulumuzun tabi oldu\u011fu mevzuat\u0131n a\u00e7\u0131k\u00e7a izin vermesi,\u00a0<\/p>\n<p>c) 6698 say\u0131l\u0131 Kanun\u2019un 5\/2 (c) bendinde d\u00fczenlenen \u201cs\u00f6zle\u015fmenin kurulmas\u0131 ya da ifas\u0131\u201d hukuki sebebine dayal\u0131 olarak ki\u015fisel verileriniz; ki\u015fisel verilerinizi a\u00e7\u0131klaman\u0131za konu olan s\u00f6zle\u015fme gereklerinin yerine getirilmesi ve devam\u0131n\u0131n sa\u011flanmas\u0131, cari hesap a\u00e7\u0131l\u0131\u015f\u0131 ile \u00f6deme ve tahsilat i\u015flemlerinin ger\u00e7ekle\u015ftirilmesi, yan haklar\u0131n\u0131z\u0131n tesisi<\/p>\n<p>d) 6698 say\u0131l\u0131 Kanun\u2019un 5\/2 (\u00e7) bendinde d\u00fczenlenen \u201cveri sorumlusunun hukuki y\u00fck\u00fcml\u00fcl\u00fc\u011f\u00fcn\u00fc yerine getirebilmesi\u201d hukuki sebebine dayal\u0131 olarak Okul, ki\u015fisel verilerinizi yasal beyanname ve bildirimlerin d\u00fczenlenmesi, Okulun tabi oldu\u011fu mevzuatta \u00f6ng\u00f6r\u00fclen saklama s\u00fcrelerine uyulmas\u0131 ve ilgili mevzuatta \u00f6ng\u00f6r\u00fclen di\u011fer y\u00fck\u00fcml\u00fcl\u00fcklerin yerine getirilmesi, mahkemeler ve bilgi talep eden kamu kurum ve kurulu\u015flar\u0131n\u0131n taleplerinin ve sair yasal y\u00fck\u00fcml\u00fcl\u00fcklerin yerine getirilmesi, i\u015f sa\u011fl\u0131\u011f\u0131 ve g\u00fcvenli\u011finin sa\u011flanmas\u0131<\/p>\n<p>e) 6698 say\u0131l\u0131 Kanun\u2019un 5\/2 (e) bendinde d\u00fczenlenen \u201cilgili ki\u015finin kendisi taraf\u0131ndan alenile\u015ftirilmi\u015f olmas\u0131\u201d, f) 6698 say\u0131l\u0131 Kanun\u2019un 5\/2 (e) bendinde d\u00fczenlenen \u201cbir hakk\u0131n tesisi, kullan\u0131lmas\u0131 veya korunmas\u0131\u201d hukuki sebebine dayal\u0131 olarak Okul, ki\u015fisel verilerinizi olas\u0131 uyu\u015fmazl\u0131klarda ispat vesilesi olmas\u0131, hukuki dan\u0131\u015fmanl\u0131k ve teknik destek al\u0131nabilmesi, g) 6698 say\u0131l\u0131 Kanun\u2019un m. 5\/2<\/p>\n<p>(f) bendinde d\u00fczenlenen veri sorumlusunun me\u015fru menfaatleri. \u00a0 Herhangi bir etki alt\u0131nda kalmaks\u0131z\u0131n yukar\u0131daki ayd\u0131nlatma metninde belirtilen kapsamda ki\u015fisel verilerimin i\u015flenmesine a\u00e7\u0131k bir \u015fekilde r\u0131za verdi\u011fimi kabul, beyan ve taahh\u00fct ederim.<\/p>\n\n","protected":false},"excerpt":{"rendered":"<p>KVKK Bilgilendirme Metni Ki\u015fisel verileriniz Okulumuz taraf\u0131ndan, 6698 say\u0131l\u0131 Kanunda yer alan temel ilkelere, veri i\u015fleme \u015fartlar\u0131na uygun olarak i\u015flenmekte, muhafaza edilmekte ve korunmaktad\u0131r. Bu ama\u00e7la, verilerin korunmas\u0131 i\u00e7in her t\u00fcrl\u00fc \u00f6nlemi alan ve azami hassasiyet g\u00f6steren Okul olarak, ki\u015fisel verilerinizin i\u015flenmesi hususunda sizleri bilgilendirmek isteriz.\u00a0 Veri Sorumlusu Okulumuz, 6698 say\u0131l\u0131 Ki\u015fisel Verilerin Korunmas\u0131 Kanunu\u2019nun [&#8230;]\n","protected":false},"author":1,"featured_media":0,"parent":0,"menu_order":0,"comment_status":"closed","ping_status":"closed","template":"","meta":[],"_links":{"self":[{"href":"https:\/\/osmangaziokullari.com\/inegol-k\/wp-json\/wp\/v2\/pages\/2217"}],"collection":[{"href":"https:\/\/osmangaziokullari.com\/inegol-k\/wp-json\/wp\/v2\/pages"}],"about":[{"href":"https:\/\/osmangaziokullari.com\/inegol-k\/wp-json\/wp\/v2\/types\/page"}],"author":[{"embeddable":true,"href":"https:\/\/osmangaziokullari.com\/inegol-k\/wp-json\/wp\/v2\/users\/1"}],"replies":[{"embeddable":true,"href":"https:\/\/osmangaziokullari.com\/inegol-k\/wp-json\/wp\/v2\/comments?post=2217"}],"version-history":[{"count":0,"href":"https:\/\/osmangaziokullari.com\/inegol-k\/wp-json\/wp\/v2\/pages\/2217\/revisions"}],"wp:attachment":[{"href":"https:\/\/osmangaziokullari.com\/inegol-k\/wp-json\/wp\/v2\/media?parent=2217"}],"curies":[{"name":"wp","href":"https:\/\/api.w.org\/{rel}","templated":true}]}}