{"id":2121,"date":"2020-08-13T11:48:11","date_gmt":"2020-08-13T08:48:11","guid":{"rendered":"http:\/\/46.101.184.248\/?page_id=2121"},"modified":"2020-12-04T20:01:42","modified_gmt":"2020-12-04T20:01:42","slug":"uzaktan-egitim","status":"publish","type":"page","link":"https:\/\/osmangaziokullari.com\/inegol-k\/uzaktan-egitim\/","title":{"rendered":"Uzaktan E\u011fitim"},"content":{"rendered":"\n<div class=\"row align-equal align-center\"  id=\"row-33156257\">\n\n\n\t<div id=\"col-131057584\" class=\"col medium-10 small-12 large-10\"  >\n\t\t\t\t<div class=\"col-inner text-center\"  >\n\t\t\t\n\t\t\t\n\n\t<div id=\"gap-996427258\" class=\"gap-element clearfix\" style=\"display:block; height:auto;\">\n\t\t\n<style>\n#gap-996427258 {\n  padding-top: 47px;\n}\n<\/style>\n\t<\/div>\n\t\n\n<h2 class=\"uppercase\"><span style=\"font-size: 150%;\">\u0130neg\u00f6l Kamp\u00fcs\u00fc<\/span><\/h2>\n<h2 class=\"thin-font\"><span style=\"font-size: 150%;\">Uzaktan E\u011fitim S\u0131n\u0131flar\u0131<\/span><\/h2>\n<p class=\"lead\">Uzaktan e\u011fitime kat\u0131lmak i\u00e7in l\u00fctfen s\u0131n\u0131f seviyenizi se\u00e7in<\/p>\n<a href=\"https:\/\/osmangaziokullari.com\/inegol-k\/uzaktan-egitim\/ana-siniflari\/\" target=\"_self\" class=\"button primary is-shade is-large box-shadow-4 box-shadow-5-hover\"  style=\"border-radius:10px;\">\n    <span>Ana S\u0131n\u0131flar\u0131<\/span>\n  <\/a>\n\n\n<a href=\"https:\/\/osmangaziokullari.com\/inegol-k\/uzaktan-egitim\/1-siniflar\/\" target=\"_self\" class=\"button secondary is-shade is-large box-shadow-4 box-shadow-5-hover\"  style=\"border-radius:10px;\">\n    <span>1. S\u0131n\u0131flar<\/span>\n  <\/a>\n\n\n<a href=\"https:\/\/osmangaziokullari.com\/inegol-k\/uzaktan-egitim\/2-siniflar\/\" target=\"_self\" class=\"button alert is-shade is-large box-shadow-4 box-shadow-5-hover\"  style=\"border-radius:10px;\">\n    <span>2. S\u0131n\u0131flar<\/span>\n  <\/a>\n\n\n<a href=\"https:\/\/osmangaziokullari.com\/inegol-k\/uzaktan-egitim\/3-siniflar\/\" target=\"_self\" class=\"button success is-shade is-large box-shadow-4 box-shadow-5-hover\"  style=\"border-radius:10px;\">\n    <span>3. S\u0131n\u0131flar<\/span>\n  <\/a>\n\n\n<a href=\"https:\/\/osmangaziokullari.com\/inegol-k\/uzaktan-egitim\/4-siniflar\/\" target=\"_self\" class=\"button primary is-shade is-large box-shadow-4 box-shadow-5-hover\"  style=\"border-radius:10px;\">\n    <span>4. S\u0131n\u0131flar<\/span>\n  <\/a>\n\n\n\n\t\t<\/div>\n\t\t\t\t\t<\/div>\n\n\t\n\n<\/div>\n\t<div id=\"gap-1230293398\" class=\"gap-element clearfix\" style=\"display:block; height:auto;\">\n\t\t\n<style>\n#gap-1230293398 {\n  padding-top: 74px;\n}\n<\/style>\n\t<\/div>\n\t\n\n\t<section class=\"section\" id=\"section_1527543015\">\n\t\t<div class=\"bg section-bg fill bg-fill  bg-loaded\" >\n\n\t\t\t\n\t\t\t\n\t\t\t\n\n\t\t<\/div>\n\n\t\t<div class=\"section-content relative\">\n\t\t\t\n\n<div class=\"row align-middle align-center\"  id=\"row-191176406\">\n\n\n\t<div id=\"col-472587607\" class=\"col medium-9 small-12 large-9\"  >\n\t\t\t\t<div class=\"col-inner text-center dark\"  >\n\t\t\t\n\t\t\t\n\n<h1><span style=\"font-size: 180%;\">Okulum Evimde, Rehberim Yan\u0131mda<\/span><\/h1>\n<p class=\"lead\">T\u00fcm ilkokul ve ortaokul s\u0131n\u0131f d\u00fczeyi \u00f6\u011frencilerimiz i\u00e7in Online E\u011fitim yap\u0131lacakt\u0131r.<\/p>\n<p>Uzaktan e\u011fitim bilgilerinize ula\u015fmak i\u00e7in l\u00fctfen kamp\u00fcs\u00fcn\u00fcz\u00fc se\u00e7in.<\/p>\n\n\t\t<\/div>\n\t\t\t\t\t<\/div>\n\n\t\n\n<\/div>\n\t<div id=\"gap-894064711\" class=\"gap-element clearfix\" style=\"display:block; height:auto;\">\n\t\t\n<style>\n#gap-894064711 {\n  padding-top: 30px;\n}\n<\/style>\n\t<\/div>\n\t\n\n<div class=\"row align-equal align-center\"  id=\"row-1027889336\">\n\n\n\t<div id=\"col-649907724\" class=\"col medium-4 small-11 large-4\"  >\n\t\t\t\t<div class=\"col-inner\"  >\n\t\t\t\n\t\t\t\n\n\t<div class=\"box has-hover   has-hover box-text-bottom\" >\n\n\t\t<div class=\"box-image\" >\n\t\t\t<a href=\"#\"  >\t\t\t<div class=\"image-zoom image-cover\" style=\"padding-top:50%;\">\n\t\t\t\t<img width=\"1600\" height=\"900\" src=\"https:\/\/osmangaziokullari.com\/inegol-k\/wp-content\/uploads\/2020\/08\/online-egitim.jpg\" class=\"attachment- size-\" alt=\"Uzaktan E\u011fitim\" loading=\"lazy\" srcset=\"https:\/\/osmangaziokullari.com\/inegol-k\/wp-content\/uploads\/2020\/08\/online-egitim.jpg 1600w, https:\/\/osmangaziokullari.com\/inegol-k\/wp-content\/uploads\/2020\/08\/online-egitim-300x169.jpg 300w, https:\/\/osmangaziokullari.com\/inegol-k\/wp-content\/uploads\/2020\/08\/online-egitim-1024x576.jpg 1024w, https:\/\/osmangaziokullari.com\/inegol-k\/wp-content\/uploads\/2020\/08\/online-egitim-768x432.jpg 768w, https:\/\/osmangaziokullari.com\/inegol-k\/wp-content\/uploads\/2020\/08\/online-egitim-1536x864.jpg 1536w, https:\/\/osmangaziokullari.com\/inegol-k\/wp-content\/uploads\/2020\/08\/online-egitim-510x287.jpg 510w\" sizes=\"(max-width: 1600px) 100vw, 1600px\" title=\"Uzaktan E\u011fitim\" \/>\t\t\t\t\t\t\t\t\t\t\t<\/div>\n\t\t\t<\/a>\t\t<\/div>\n\n\t\t<div class=\"box-text text-left\" style=\"background-color:rgb(255, 255, 255);padding:20px 20px 20px 20px;\">\n\t\t\t<div class=\"box-text-inner\">\n\t\t\t\t\n\n<h3>Bireysel, Grup, S\u0131n\u0131f Rehberli\u011fi<\/h3>\n<p>Spor \/ Sa\u011fl\u0131k \/ Kodlama<\/p>\n<p>Her g\u00fcn online geri bildirim<\/p>\n\n\t\t\t<\/div>\n\t\t<\/div>\n\t<\/div>\n\t\n\n\t\t<\/div>\n\t\t\t\t\t<\/div>\n\n\t\n\n\t<div id=\"col-936706595\" class=\"col medium-4 small-11 large-4\"  >\n\t\t\t\t<div class=\"col-inner\"  >\n\t\t\t\n\t\t\t\n\n\t<div class=\"box has-hover   has-hover box-text-bottom\" >\n\n\t\t<div class=\"box-image\" >\n\t\t\t<a href=\"#\"  >\t\t\t<div class=\"image-zoom image-cover\" style=\"padding-top:50%;\">\n\t\t\t\t<img width=\"1440\" height=\"960\" src=\"https:\/\/osmangaziokullari.com\/inegol-k\/wp-content\/uploads\/2020\/08\/lgs-online.jpg\" class=\"attachment- size-\" alt=\"Uzaktan E\u011fitim\" loading=\"lazy\" srcset=\"https:\/\/osmangaziokullari.com\/inegol-k\/wp-content\/uploads\/2020\/08\/lgs-online.jpg 1440w, https:\/\/osmangaziokullari.com\/inegol-k\/wp-content\/uploads\/2020\/08\/lgs-online-300x200.jpg 300w, https:\/\/osmangaziokullari.com\/inegol-k\/wp-content\/uploads\/2020\/08\/lgs-online-1024x683.jpg 1024w, https:\/\/osmangaziokullari.com\/inegol-k\/wp-content\/uploads\/2020\/08\/lgs-online-768x512.jpg 768w, https:\/\/osmangaziokullari.com\/inegol-k\/wp-content\/uploads\/2020\/08\/lgs-online-510x340.jpg 510w\" sizes=\"(max-width: 1440px) 100vw, 1440px\" title=\"Uzaktan E\u011fitim\" \/>\t\t\t\t\t\t\t\t\t\t\t<\/div>\n\t\t\t<\/a>\t\t<\/div>\n\n\t\t<div class=\"box-text text-left\" style=\"background-color:rgb(255, 255, 255);padding:20px 20px 20px 20px;\">\n\t\t\t<div class=\"box-text-inner\">\n\t\t\t\t\n\n<h3>LGS Haz\u0131rl\u0131k S\u00fcre\u00e7leri<\/h3>\n<p>Haz\u0131rl\u0131k Dersleri \/ Deneme S\u0131navlar\u0131 \/ Soru \u00c7\u00f6z\u00fcmleri<\/p>\n\n\t\t\t<\/div>\n\t\t<\/div>\n\t<\/div>\n\t\n\n\t\t<\/div>\n\t\t\t\t\t<\/div>\n\n\t\n\n\t<div id=\"col-1512204704\" class=\"col medium-4 small-11 large-4\"  >\n\t\t\t\t<div class=\"col-inner\"  >\n\t\t\t\n\t\t\t\n\n\t<div class=\"box has-hover   has-hover box-text-bottom\" >\n\n\t\t<div class=\"box-image\" >\n\t\t\t<a href=\"#\"  >\t\t\t<div class=\"image-zoom image-cover\" style=\"padding-top:50%;\">\n\t\t\t\t<img width=\"1440\" height=\"810\" src=\"https:\/\/osmangaziokullari.com\/inegol-k\/wp-content\/uploads\/2020\/08\/lgs-8.jpg\" class=\"attachment- size-\" alt=\"Uzaktan E\u011fitim\" loading=\"lazy\" srcset=\"https:\/\/osmangaziokullari.com\/inegol-k\/wp-content\/uploads\/2020\/08\/lgs-8.jpg 1440w, https:\/\/osmangaziokullari.com\/inegol-k\/wp-content\/uploads\/2020\/08\/lgs-8-300x169.jpg 300w, https:\/\/osmangaziokullari.com\/inegol-k\/wp-content\/uploads\/2020\/08\/lgs-8-1024x576.jpg 1024w, https:\/\/osmangaziokullari.com\/inegol-k\/wp-content\/uploads\/2020\/08\/lgs-8-768x432.jpg 768w, https:\/\/osmangaziokullari.com\/inegol-k\/wp-content\/uploads\/2020\/08\/lgs-8-510x287.jpg 510w\" sizes=\"(max-width: 1440px) 100vw, 1440px\" title=\"Uzaktan E\u011fitim\" \/>\t\t\t\t\t\t\t\t\t\t\t<\/div>\n\t\t\t<\/a>\t\t<\/div>\n\n\t\t<div class=\"box-text text-left\" style=\"background-color:rgb(255, 255, 255);padding:20px 20px 20px 20px;\">\n\t\t\t<div class=\"box-text-inner\">\n\t\t\t\t\n\n<h3>8. S\u0131n\u0131f LGS Haz\u0131rl\u0131k S\u00fcre\u00e7leri<\/h3>\n<p>G\u00fcn a\u015f\u0131r\u0131 deneme s\u0131nav\u0131 \/ 2970 Soru Analizi \/ Her Denemenin Karnesi<\/p>\n\n\t\t\t<\/div>\n\t\t<\/div>\n\t<\/div>\n\t\n\n\t\t<\/div>\n\t\t\t\t\t<\/div>\n\n\t\n\n\n<style>\n#row-1027889336 > .col > .col-inner {\n  background-color: rgb(255,255,255);\n}\n<\/style>\n<\/div>\n\n\t\t<\/div>\n\n\t\t\n<style>\n#section_1527543015 {\n  padding-top: 60px;\n  padding-bottom: 60px;\n  background-color: #1794d7;\n}\n<\/style>\n\t<\/section>\n\t\n\t<section class=\"section\" id=\"section_1602012590\">\n\t\t<div class=\"bg section-bg fill bg-fill  bg-loaded\" >\n\n\t\t\t\n\t\t\t\n\t\t\t\n\n\t\t<\/div>\n\n\t\t<div class=\"section-content relative\">\n\t\t\t\n\n<div class=\"row\"  id=\"row-1972343637\">\n\n\n\t<div id=\"col-1919114995\" class=\"col small-12 large-12\"  >\n\t\t\t\t<div class=\"col-inner\"  >\n\t\t\t\n\t\t\t\n\n<h6 data-text-color=\"success\">Online E\u011fitim<\/h6>\n<h3 style=\"font-size: 250%;\">Uzaktan E\u011fitim Video<\/h3>\n\n\t\t<\/div>\n\t\t\t\t\n<style>\n#col-1919114995 > .col-inner {\n  margin: 0px 0px -140px 0px;\n}\n<\/style>\n\t<\/div>\n\n\t\n\n<\/div>\n\n\t\t<\/div>\n\n\t\t\n<style>\n#section_1602012590 {\n  padding-top: 80px;\n  padding-bottom: 80px;\n}\n<\/style>\n\t<\/section>\n\t\n\t<section class=\"section\" id=\"section_1092434946\">\n\t\t<div class=\"bg section-bg fill bg-fill  bg-loaded\" >\n\n\t\t\t\n\t\t\t\n\t\t\t\n\n\t\t<\/div>\n\n\t\t<div class=\"section-content relative\">\n\t\t\t\n\n<div class=\"row row-collapse\"  id=\"row-1727471371\">\n\n\n\t<div id=\"col-900439472\" class=\"col medium-8 small-12 large-8\"  >\n\t\t\t\t<div class=\"col-inner\"  >\n\t\t\t\n\t\t\t\n\n\t<div id=\"gap-719597660\" class=\"gap-element clearfix\" style=\"display:block; height:auto;\">\n\t\t\n<style>\n#gap-719597660 {\n  padding-top: 30px;\n}\n<\/style>\n\t<\/div>\n\t\n\n\n\t\t<\/div>\n\t\t\t\t\t<\/div>\n\n\t\n\n<\/div>\n<div class=\"row row-collapse align-middle\"  id=\"row-1661340376\">\n\n\n\t<div id=\"col-1910403845\" class=\"col medium-6 small-12 large-6\"  >\n\t\t\t\t<div class=\"col-inner dark\" style=\"background-color:#f41b1c;\" >\n\t\t\t\n\t\t\t\n\n<h3 style=\"font-size: 220%; line-height: 100%;\">Okulum yan\u0131mda, denemem evimde, sa\u011fl\u0131\u011f\u0131m yerinde<\/h3>\n<p>Osmangazi E\u011fitim Kurumlar\u0131 uzaktan e\u011fitim program\u0131 videsou, mutlu yar\u0131nlar\u0131 bug\u00fcnden haz\u0131rl\u0131yoruz.<\/p>\n<a rel=\"noopener noreferrer\" href=\"https:\/\/osmangaziokullari.com\/inegol-k\/wp-content\/uploads\/2020\/08\/uzaktanegitim.pdf\" target=\"_blank\" class=\"button white lowercase\"  >\n    <span>Uzaktan E\u011fitim (Pdf)<\/span>\n  <\/a>\n\n\n\t<div id=\"gap-105758978\" class=\"gap-element clearfix\" style=\"display:block; height:auto;\">\n\t\t\n<style>\n#gap-105758978 {\n  padding-top: 10px;\n}\n<\/style>\n\t<\/div>\n\t\n\n\n\t\t<\/div>\n\t\t\t\t\n<style>\n#col-1910403845 > .col-inner {\n  padding: 50px 50px 50px 50px;\n}\n<\/style>\n\t<\/div>\n\n\t\n\n\t<div id=\"col-607237228\" class=\"col medium-6 small-12 large-6\"  >\n\t\t\t\t<div class=\"col-inner\"  >\n\t\t\t\n\t\t\t\n\n<p><iframe loading=\"lazy\" width=\"560\" height=\"315\" src=\"https:\/\/www.youtube.com\/embed\/m4ndtpP7EQY\" frameborder=\"0\" allow=\"accelerometer; autoplay; encrypted-media; gyroscope; picture-in-picture\" allowfullscreen><\/iframe><\/p>\n\n\t\t<\/div>\n\t\t\t\t\t<\/div>\n\n\t\n\n<\/div>\n<div class=\"row row-collapse hide-for-small\"  id=\"row-208895221\">\n\n\n\t<div id=\"col-13344098\" class=\"col medium-8 small-12 large-8\"  >\n\t\t\t\t<div class=\"col-inner\"  >\n\t\t\t\n\t\t\t\n\n\t<div id=\"gap-1938897792\" class=\"gap-element clearfix\" style=\"display:block; height:auto;\">\n\t\t\n<style>\n#gap-1938897792 {\n  padding-top: 30px;\n}\n<\/style>\n\t<\/div>\n\t\n\n\n\t\t<\/div>\n\t\t\t\t\t<\/div>\n\n\t\n\n<\/div>\n\n\t\t<\/div>\n\n\t\t\n<style>\n#section_1092434946 {\n  padding-top: 0px;\n  padding-bottom: 0px;\n}\n<\/style>\n\t<\/section>\n\t\n\t<section class=\"section\" id=\"section_784233776\">\n\t\t<div class=\"bg section-bg fill bg-fill  bg-loaded\" >\n\n\t\t\t\n\t\t\t\n\t\t\t\n\n\t\t<\/div>\n\n\t\t<div class=\"section-content relative\">\n\t\t\t\n\n<div class=\"row\"  id=\"row-1043378641\">\n\n\n\t<div id=\"col-185940269\" class=\"col small-12 large-12\"  >\n\t\t\t\t<div class=\"col-inner\"  >\n\t\t\t\n\t\t\t\n\n<h6 data-text-color=\"success\">Etkinlikler, Haberler<\/h6>\n<h3 style=\"font-size: 250%;\">Osmangazi Blog<\/h3>\n\t<div id=\"gap-115406403\" class=\"gap-element clearfix\" style=\"display:block; height:auto;\">\n\t\t\n<style>\n#gap-115406403 {\n  padding-top: 30px;\n}\n<\/style>\n\t<\/div>\n\t\n\n\n  \n    <div class=\"row large-columns-3 medium-columns-1 small-columns-1\">\n  \t\t<div class=\"col post-item\" >\n\t\t\t<div class=\"col-inner\">\n\t\t\t<a href=\"https:\/\/osmangaziokullari.com\/inegol-k\/2026-2027-ucret-ilani\/\" class=\"plain\">\n\t\t\t\t<div class=\"box box-normal box-text-bottom box-blog-post has-hover\">\n          \t\t\t\t\t<div class=\"box-text text-left\" style=\"background-color:rgb(255, 255, 255);padding:20px 20px 20px 20px;\">\n\t\t\t\t\t<div class=\"box-text-inner blog-post-inner\">\n\n\t\t\t\t\t\n\t\t\t\t\t\t\t\t\t\t<h5 class=\"post-title is-large \">2026-2027 \u00dccret \u0130lan\u0131<\/h5>\n\t\t\t\t\t\t\t\t\t\t<div class=\"is-divider\"><\/div>\n\t\t\t\t\t\t\t\t\t\t<p class=\"from_the_blog_excerpt \"> [...]\t\t\t\t\t<\/p>\n\t\t\t\t\t                    \n\t\t\t\t\t\t\t\t\t\t\t<button href=\"https:\/\/osmangaziokullari.com\/inegol-k\/2026-2027-ucret-ilani\/\" class=\"button success is-link is-small mb-0\">\n\t\t\t\t\t\t\tDevam\u0131\t\t\t\t\t\t<\/button>\n\t\t\t\t\t\n\t\t\t\t\t\n\t\t\t\t\t<\/div>\n\t\t\t\t\t<\/div>\n\t\t\t\t\t\t\t\t\t<\/div>\n\t\t\t\t<\/a>\n\t\t\t<\/div>\n\t\t<\/div>\n\t\t<div class=\"col post-item\" >\n\t\t\t<div class=\"col-inner\">\n\t\t\t<a href=\"https:\/\/osmangaziokullari.com\/inegol-k\/kayit-yenileme-donemi-2026\/\" class=\"plain\">\n\t\t\t\t<div class=\"box box-normal box-text-bottom box-blog-post has-hover\">\n            \t\t\t\t\t<div class=\"box-image\" >\n  \t\t\t\t\t\t<div class=\"image-zoom image-cover\" style=\"padding-top:56.25%;\">\n  \t\t\t\t\t\t\t<img width=\"300\" height=\"135\" src=\"https:\/\/osmangaziokullari.com\/inegol-k\/wp-content\/uploads\/2026\/01\/KAYIT-DONEMI-300x135.jpg\" class=\"attachment-medium size-medium wp-post-image\" alt=\"KAYIT YEN\u0130LEME D\u00d6NEM\u0130 2026\" loading=\"lazy\" srcset=\"https:\/\/osmangaziokullari.com\/inegol-k\/wp-content\/uploads\/2026\/01\/KAYIT-DONEMI-300x135.jpg 300w, https:\/\/osmangaziokullari.com\/inegol-k\/wp-content\/uploads\/2026\/01\/KAYIT-DONEMI-1024x461.jpg 1024w, https:\/\/osmangaziokullari.com\/inegol-k\/wp-content\/uploads\/2026\/01\/KAYIT-DONEMI-768x346.jpg 768w, https:\/\/osmangaziokullari.com\/inegol-k\/wp-content\/uploads\/2026\/01\/KAYIT-DONEMI-1536x691.jpg 1536w, https:\/\/osmangaziokullari.com\/inegol-k\/wp-content\/uploads\/2026\/01\/KAYIT-DONEMI-2048x922.jpg 2048w, https:\/\/osmangaziokullari.com\/inegol-k\/wp-content\/uploads\/2026\/01\/KAYIT-DONEMI-510x229.jpg 510w, https:\/\/osmangaziokullari.com\/inegol-k\/wp-content\/uploads\/2026\/01\/KAYIT-DONEMI.jpg 1600w\" sizes=\"(max-width: 300px) 100vw, 300px\" title=\"KAYIT YEN\u0130LEME D\u00d6NEM\u0130 2026\" \/>  \t\t\t\t\t\t\t  \t\t\t\t\t\t\t  \t\t\t\t\t\t<\/div>\n  \t\t\t\t\t\t  \t\t\t\t\t<\/div>\n          \t\t\t\t\t<div class=\"box-text text-left\" style=\"background-color:rgb(255, 255, 255);padding:20px 20px 20px 20px;\">\n\t\t\t\t\t<div class=\"box-text-inner blog-post-inner\">\n\n\t\t\t\t\t\n\t\t\t\t\t\t\t\t\t\t<h5 class=\"post-title is-large \">KAYIT YEN\u0130LEME D\u00d6NEM\u0130 2026<\/h5>\n\t\t\t\t\t\t\t\t\t\t<div class=\"is-divider\"><\/div>\n\t\t\t\t\t\t\t\t\t\t<p class=\"from_the_blog_excerpt \">De\u011ferli Velilerimiz;Osmangazi Okullar\u0131 olarak y\u0131llar\u0131n vermi\u015f oldu\u011fu tecr\u00fcbe ile kendisine, ailesine ve insanl\u0131\u011fa [...]\t\t\t\t\t<\/p>\n\t\t\t\t\t                    \n\t\t\t\t\t\t\t\t\t\t\t<button href=\"https:\/\/osmangaziokullari.com\/inegol-k\/kayit-yenileme-donemi-2026\/\" class=\"button success is-link is-small mb-0\">\n\t\t\t\t\t\t\tDevam\u0131\t\t\t\t\t\t<\/button>\n\t\t\t\t\t\n\t\t\t\t\t\n\t\t\t\t\t<\/div>\n\t\t\t\t\t<\/div>\n\t\t\t\t\t\t\t\t\t<\/div>\n\t\t\t\t<\/a>\n\t\t\t<\/div>\n\t\t<\/div>\n\t\t<div class=\"col post-item\" >\n\t\t\t<div class=\"col-inner\">\n\t\t\t<a href=\"https:\/\/osmangaziokullari.com\/inegol-k\/osmangazi-okullari-inegol-kampusu-ucret-ilanlari\/\" class=\"plain\">\n\t\t\t\t<div class=\"box box-normal box-text-bottom box-blog-post has-hover\">\n          \t\t\t\t\t<div class=\"box-text text-left\" style=\"background-color:rgb(255, 255, 255);padding:20px 20px 20px 20px;\">\n\t\t\t\t\t<div class=\"box-text-inner blog-post-inner\">\n\n\t\t\t\t\t\n\t\t\t\t\t\t\t\t\t\t<h5 class=\"post-title is-large \">Osmangazi Okullar\u0131 \u0130neg\u00f6l Kamp\u00fcs\u00fc \u00dccret \u0130lanlar\u0131<\/h5>\n\t\t\t\t\t\t\t\t\t\t<div class=\"is-divider\"><\/div>\n\t\t\t\t\t\t\t\t\t\t<p class=\"from_the_blog_excerpt \"> [...]\t\t\t\t\t<\/p>\n\t\t\t\t\t                    \n\t\t\t\t\t\t\t\t\t\t\t<button href=\"https:\/\/osmangaziokullari.com\/inegol-k\/osmangazi-okullari-inegol-kampusu-ucret-ilanlari\/\" class=\"button success is-link is-small mb-0\">\n\t\t\t\t\t\t\tDevam\u0131\t\t\t\t\t\t<\/button>\n\t\t\t\t\t\n\t\t\t\t\t\n\t\t\t\t\t<\/div>\n\t\t\t\t\t<\/div>\n\t\t\t\t\t\t\t\t\t<\/div>\n\t\t\t\t<\/a>\n\t\t\t<\/div>\n\t\t<\/div>\n<\/div>\n\n\t<div id=\"gap-320200564\" class=\"gap-element clearfix\" style=\"display:block; height:auto;\">\n\t\t\n<style>\n#gap-320200564 {\n  padding-top: 120px;\n}\n<\/style>\n\t<\/div>\n\t\n\n\n\t\t<\/div>\n\t\t\t\t\n<style>\n#col-185940269 > .col-inner {\n  margin: 0px 0px -175px 0px;\n}\n<\/style>\n\t<\/div>\n\n\t\n\n<\/div>\n\n\t\t<\/div>\n\n\t\t\n<style>\n#section_784233776 {\n  padding-top: 80px;\n  padding-bottom: 80px;\n  background-color: rgb(247, 245, 244);\n}\n<\/style>\n\t<\/section>\n\t\n\n","protected":false},"excerpt":{"rendered":"","protected":false},"author":1,"featured_media":0,"parent":0,"menu_order":0,"comment_status":"closed","ping_status":"closed","template":"page-blank.php","meta":[],"_links":{"self":[{"href":"https:\/\/osmangaziokullari.com\/inegol-k\/wp-json\/wp\/v2\/pages\/2121"}],"collection":[{"href":"https:\/\/osmangaziokullari.com\/inegol-k\/wp-json\/wp\/v2\/pages"}],"about":[{"href":"https:\/\/osmangaziokullari.com\/inegol-k\/wp-json\/wp\/v2\/types\/page"}],"author":[{"embeddable":true,"href":"https:\/\/osmangaziokullari.com\/inegol-k\/wp-json\/wp\/v2\/users\/1"}],"replies":[{"embeddable":true,"href":"https:\/\/osmangaziokullari.com\/inegol-k\/wp-json\/wp\/v2\/comments?post=2121"}],"version-history":[{"count":1,"href":"https:\/\/osmangaziokullari.com\/inegol-k\/wp-json\/wp\/v2\/pages\/2121\/revisions"}],"predecessor-version":[{"id":3302,"href":"https:\/\/osmangaziokullari.com\/inegol-k\/wp-json\/wp\/v2\/pages\/2121\/revisions\/3302"}],"wp:attachment":[{"href":"https:\/\/osmangaziokullari.com\/inegol-k\/wp-json\/wp\/v2\/media?parent=2121"}],"curies":[{"name":"wp","href":"https:\/\/api.w.org\/{rel}","templated":true}]}}