{"id":851,"date":"2020-06-01T19:28:05","date_gmt":"2020-06-01T19:28:05","guid":{"rendered":"https:\/\/osmangaziokullari.com\/camlica-k\/?post_type=product&#038;p=851"},"modified":"2021-02-24T12:58:48","modified_gmt":"2021-02-24T12:58:48","slug":"miktar-belirleyin","status":"publish","type":"product","link":"https:\/\/osmangaziokullari.com\/camlica-k\/transfer\/miktar-belirleyin\/","title":{"rendered":"Online \u00d6deme Yap\u0131n"},"content":{"rendered":"","protected":false},"excerpt":{"rendered":"<p>Osmangazi Okullar\u0131, \u00c7aml\u0131ca Kamp\u00fcs\u00fc&#8217;ne \u00f6deme yapmak i\u00e7in l\u00fctfen miktar\u0131 +\/- butonlar\u0131 ile art\u0131tarak \u00f6deme yapmak istedi\u011finiz tutar\u0131 belirleyin.<\/p>\n","protected":false},"featured_media":2896,"template":"","meta":[],"_links":{"self":[{"href":"https:\/\/osmangaziokullari.com\/camlica-k\/wp-json\/wp\/v2\/product\/851"}],"collection":[{"href":"https:\/\/osmangaziokullari.com\/camlica-k\/wp-json\/wp\/v2\/product"}],"about":[{"href":"https:\/\/osmangaziokullari.com\/camlica-k\/wp-json\/wp\/v2\/types\/product"}],"wp:featuredmedia":[{"embeddable":true,"href":"https:\/\/osmangaziokullari.com\/camlica-k\/wp-json\/wp\/v2\/media\/2896"}],"wp:attachment":[{"href":"https:\/\/osmangaziokullari.com\/camlica-k\/wp-json\/wp\/v2\/media?parent=851"}],"curies":[{"name":"wp","href":"https:\/\/api.w.org\/{rel}","templated":true}]}}