{"id":911,"date":"2020-06-03T21:51:45","date_gmt":"2020-06-03T21:51:45","guid":{"rendered":"https:\/\/osmangaziokullari.com\/camlica-k\/?page_id=911"},"modified":"2020-06-15T21:49:51","modified_gmt":"2020-06-15T21:49:51","slug":"nasil-online-odeme-yaparim","status":"publish","type":"page","link":"https:\/\/osmangaziokullari.com\/camlica-k\/nasil-online-odeme-yaparim\/","title":{"rendered":"Nas\u0131l Online \u00d6deme Yapar\u0131m"},"content":{"rendered":"\n<div class=\"row\"  id=\"row-581060416\">\n\n\n\t<div id=\"col-241260065\" class=\"col medium-9 small-12 large-9\"  >\n\t\t<div class=\"col-inner\"  >\n\t\t\t\n\t\t\t\n\n<h1>Nas\u0131l \u00d6deme Yapar\u0131m?<\/h1>\n<p>Say\u0131n Velimiz, Osmangazi Okullar\u0131 b\u00fcnyesindeki her kamp\u00fcs i\u00e7in \u00f6demeler ayr\u0131 web sitesinden yap\u0131lmaktad\u0131r. \u00d6rne\u011fin, \u00f6\u011frencimiz \u00c7aml\u0131ca Kamp\u00fcs\u00fcm\u00fczde e\u011fitim g\u00f6r\u00fcyorsa, http:\/\/<strong>camlica<\/strong>.osmangaziokullari.com adresine giderek \u00f6deme yap\u0131n\u0131z. Ana web sitemizde (osmangaziokullari.com) her kamp\u00fcs\u00fcn \u00f6deme portal\u0131na link bulunmaktad\u0131r.<\/p>\n<h3>1. \u00d6deme Ekleme<\/h3>\n<p>\u00d6\u011frencimizin e\u011fitim g\u00f6rd\u00fc\u011f\u00fc kamp\u00fcs\u00fcn \u00f6deme sayfas\u0131n\u0131 ziyaret edin. Anasayfada \u00f6deme ekle butonuna t\u0131klay\u0131n.<\/p>\n\t<div class=\"img has-hover x md-x lg-x y md-y lg-y\" id=\"image_209910813\">\n\t\t<a class=\"image-lightbox lightbox-gallery\" title=\"\" href=\"https:\/\/osmangaziokullari.com\/camlica-k\/wp-content\/uploads\/2020\/06\/odeme-ekle.png\">\t\t\t\t\t\t<div class=\"img-inner image-color box-shadow-3 dark\" >\n\t\t\t<img width=\"932\" height=\"226\" src=\"https:\/\/osmangaziokullari.com\/camlica-k\/wp-content\/uploads\/2020\/06\/odeme-ekle.png\" class=\"attachment-original size-original\" alt=\"\" loading=\"lazy\" srcset=\"https:\/\/osmangaziokullari.com\/camlica-k\/wp-content\/uploads\/2020\/06\/odeme-ekle.png 932w, https:\/\/osmangaziokullari.com\/camlica-k\/wp-content\/uploads\/2020\/06\/odeme-ekle-300x73.png 300w, https:\/\/osmangaziokullari.com\/camlica-k\/wp-content\/uploads\/2020\/06\/odeme-ekle-768x186.png 768w, https:\/\/osmangaziokullari.com\/camlica-k\/wp-content\/uploads\/2020\/06\/odeme-ekle-510x124.png 510w\" sizes=\"(max-width: 932px) 100vw, 932px\" \/>\t\t\t\t\t\t\n\t\t\t\t\t<\/div>\n\t\t\t\t\t\t<\/a>\t\t\n<style>\n#image_209910813 {\n  width: 100%;\n}\n<\/style>\n\t<\/div>\n\t\n\n\t<div id=\"gap-802042381\" class=\"gap-element clearfix\" style=\"display:block; height:auto;\">\n\t\t\n<style>\n#gap-802042381 {\n  padding-top: 40px;\n}\n<\/style>\n\t<\/div>\n\t\n\n<h3>2. Online \u00d6deme Talebi<\/h3>\n<p>Online \u00d6deme Talebi sayfas\u0131nda \u00f6demek istedi\u011finiz miktar\u0131 klavye ile ile giriniz <em>(10 TL ve katlar\u0131 olarak)<\/em> ve \u00f6deme ekle butonuna bas\u0131n\u0131z.<\/p>\n\t<div id=\"gap-1165560781\" class=\"gap-element clearfix\" style=\"display:block; height:auto;\">\n\t\t\n<style>\n#gap-1165560781 {\n  padding-top: 30px;\n}\n<\/style>\n\t<\/div>\n\t\n\n\t<div class=\"img has-hover x md-x lg-x y md-y lg-y\" id=\"image_1132852601\">\n\t\t<a class=\"image-lightbox lightbox-gallery\" title=\"\" href=\"https:\/\/osmangaziokullari.com\/camlica-k\/wp-content\/uploads\/2020\/06\/onliine-odeme-talebi.png\">\t\t\t\t\t\t<div class=\"img-inner image-color box-shadow-3 dark\" >\n\t\t\t<img width=\"951\" height=\"424\" src=\"https:\/\/osmangaziokullari.com\/camlica-k\/wp-content\/uploads\/2020\/06\/onliine-odeme-talebi.png\" class=\"attachment-original size-original\" alt=\"\" loading=\"lazy\" srcset=\"https:\/\/osmangaziokullari.com\/camlica-k\/wp-content\/uploads\/2020\/06\/onliine-odeme-talebi.png 951w, https:\/\/osmangaziokullari.com\/camlica-k\/wp-content\/uploads\/2020\/06\/onliine-odeme-talebi-300x134.png 300w, https:\/\/osmangaziokullari.com\/camlica-k\/wp-content\/uploads\/2020\/06\/onliine-odeme-talebi-768x342.png 768w, https:\/\/osmangaziokullari.com\/camlica-k\/wp-content\/uploads\/2020\/06\/onliine-odeme-talebi-510x227.png 510w\" sizes=\"(max-width: 951px) 100vw, 951px\" \/>\t\t\t\t\t\t\n\t\t\t\t\t<\/div>\n\t\t\t\t\t\t<\/a>\t\t\n<style>\n#image_1132852601 {\n  width: 100%;\n}\n<\/style>\n\t<\/div>\n\t\n\n\t<div id=\"gap-2010642915\" class=\"gap-element clearfix\" style=\"display:block; height:auto;\">\n\t\t\n<style>\n#gap-2010642915 {\n  padding-top: 30px;\n}\n<\/style>\n\t<\/div>\n\t\n\n<p>Not: Daha \u00f6nce i\u015flemi ba\u015flatt\u0131ysan\u0131z ve yar\u0131m kald\u0131ysa (\u00f6deme ekle butonuna bast\u0131ysan\u0131z) ekran\u0131n \u00fcst k\u0131sm\u0131nda a\u015fa\u011f\u0131daki gibi bir uyar\u0131 g\u00f6receksiniz.<\/p>\n\t<div id=\"gap-1300551758\" class=\"gap-element clearfix\" style=\"display:block; height:auto;\">\n\t\t\n<style>\n#gap-1300551758 {\n  padding-top: 30px;\n}\n<\/style>\n\t<\/div>\n\t\n\n\t<div class=\"img has-hover x md-x lg-x y md-y lg-y\" id=\"image_211393934\">\n\t\t<a class=\"image-lightbox lightbox-gallery\" title=\"\" href=\"https:\/\/osmangaziokullari.com\/camlica-k\/wp-content\/uploads\/2020\/06\/chrome_lqYkcmYQMQ.png\">\t\t\t\t\t\t<div class=\"img-inner image-color box-shadow-3 dark\" >\n\t\t\t<img width=\"1103\" height=\"81\" src=\"https:\/\/osmangaziokullari.com\/camlica-k\/wp-content\/uploads\/2020\/06\/chrome_lqYkcmYQMQ.png\" class=\"attachment-original size-original\" alt=\"\" loading=\"lazy\" srcset=\"https:\/\/osmangaziokullari.com\/camlica-k\/wp-content\/uploads\/2020\/06\/chrome_lqYkcmYQMQ.png 1103w, https:\/\/osmangaziokullari.com\/camlica-k\/wp-content\/uploads\/2020\/06\/chrome_lqYkcmYQMQ-300x22.png 300w, https:\/\/osmangaziokullari.com\/camlica-k\/wp-content\/uploads\/2020\/06\/chrome_lqYkcmYQMQ-1024x75.png 1024w, https:\/\/osmangaziokullari.com\/camlica-k\/wp-content\/uploads\/2020\/06\/chrome_lqYkcmYQMQ-768x56.png 768w, https:\/\/osmangaziokullari.com\/camlica-k\/wp-content\/uploads\/2020\/06\/chrome_lqYkcmYQMQ-510x37.png 510w\" sizes=\"(max-width: 1103px) 100vw, 1103px\" \/>\t\t\t\t\t\t\n\t\t\t\t\t<\/div>\n\t\t\t\t\t\t<\/a>\t\t\n<style>\n#image_211393934 {\n  width: 100%;\n}\n<\/style>\n\t<\/div>\n\t\n\n\t<div id=\"gap-1243624419\" class=\"gap-element clearfix\" style=\"display:block; height:auto;\">\n\t\t\n<style>\n#gap-1243624419 {\n  padding-top: 30px;\n}\n<\/style>\n\t<\/div>\n\t\n\n<p>B\u00f6yle bir durumda \u00e7\u0131kan uyar\u0131 metnindeki &#8220;ekledi\u011finiz \u00f6demelere&#8221; metnine t\u0131klayarak veya sayfan\u0131n sa\u011f \u00fcst\u00fcndeki &#8220;eklenen \u00f6demeler&#8221; ikonuna t\u0131klayarak daha \u00f6nce ekledi\u011finiz \u00f6demeyi d\u00fczenleyebilirsiniz.<\/p>\n\t<div id=\"gap-3062020\" class=\"gap-element clearfix\" style=\"display:block; height:auto;\">\n\t\t\n<style>\n#gap-3062020 {\n  padding-top: 30px;\n}\n<\/style>\n\t<\/div>\n\t\n\n<h3>3. Eklenen \u00d6demeler<\/h3>\n<p><strong>&#8220;Eklenen \u00d6demeler&#8221;<\/strong> sayfas\u0131nda \u00f6demenizi g\u00f6zden ge\u00e7irebilir, miktarda de\u011fi\u015fiklik yapabilir veya kald\u0131r\u0131p ba\u015fa d\u00f6nebilirsiniz. Her\u015fey do\u011fru ise &#8220;<strong>\u00d6deme Yap\u0131n<\/strong>&#8221; butonuna basarak devam edin.<\/p>\n\t<div id=\"gap-1806397870\" class=\"gap-element clearfix\" style=\"display:block; height:auto;\">\n\t\t\n<style>\n#gap-1806397870 {\n  padding-top: 30px;\n}\n<\/style>\n\t<\/div>\n\t\n\n\t<div class=\"img has-hover x md-x lg-x y md-y lg-y\" id=\"image_1192666257\">\n\t\t<a class=\"image-lightbox lightbox-gallery\" title=\"\" href=\"https:\/\/osmangaziokullari.com\/camlica-k\/wp-content\/uploads\/2020\/06\/chrome_yROSoODtGH.png\">\t\t\t\t\t\t<div class=\"img-inner image-color box-shadow-3 dark\" >\n\t\t\t<img width=\"1134\" height=\"298\" src=\"https:\/\/osmangaziokullari.com\/camlica-k\/wp-content\/uploads\/2020\/06\/chrome_yROSoODtGH.png\" class=\"attachment-original size-original\" alt=\"\" loading=\"lazy\" srcset=\"https:\/\/osmangaziokullari.com\/camlica-k\/wp-content\/uploads\/2020\/06\/chrome_yROSoODtGH.png 1134w, https:\/\/osmangaziokullari.com\/camlica-k\/wp-content\/uploads\/2020\/06\/chrome_yROSoODtGH-300x79.png 300w, https:\/\/osmangaziokullari.com\/camlica-k\/wp-content\/uploads\/2020\/06\/chrome_yROSoODtGH-1024x269.png 1024w, https:\/\/osmangaziokullari.com\/camlica-k\/wp-content\/uploads\/2020\/06\/chrome_yROSoODtGH-768x202.png 768w, https:\/\/osmangaziokullari.com\/camlica-k\/wp-content\/uploads\/2020\/06\/chrome_yROSoODtGH-510x134.png 510w\" sizes=\"(max-width: 1134px) 100vw, 1134px\" \/>\t\t\t\t\t\t\n\t\t\t\t\t<\/div>\n\t\t\t\t\t\t<\/a>\t\t\n<style>\n#image_1192666257 {\n  width: 100%;\n}\n<\/style>\n\t<\/div>\n\t\n\n\t<div id=\"gap-369987485\" class=\"gap-element clearfix\" style=\"display:block; height:auto;\">\n\t\t\n<style>\n#gap-369987485 {\n  padding-top: 30px;\n}\n<\/style>\n\t<\/div>\n\t\n\n<h3>3. Fatura Bilgileri<\/h3>\n<p>Bu sayfada fatura i\u00e7in istenen bilgilerinizi girin ve \u00f6deme y\u00f6nteminizi se\u00e7in. Faturan\u0131z\u0131 t\u00fczel ki\u015fiye kesilmesini istiyorsan\u0131z a\u00e7\u0131klamalar k\u0131sm\u0131na \u015eirket ve Vergi bilgilerinizi girin.<\/p>\n<p><strong>Kredi Kart\u0131 \u0130le \u00d6deme<\/strong><\/p>\n<p>Kredi Kart\u0131 ile \u00f6deme yapmak i\u00e7in &#8220;Kredi Kart\u0131 \u0130le \u00d6de&#8221; metninin yan\u0131ndaki yuvarla\u011f\u0131n ve Formun en alt\u0131ndaki Gizlilik Beyan\u0131n\u0131 kabul etti\u011finizi onaylayan kutunun i\u015faretli oldu\u011fundan emin olun. Kredi Kart\u0131 ile \u00f6deme se\u00e7ene\u011finde, MasterCard, VisaCard tiplerinden birini se\u00e7ebilirsiniz. Ayr\u0131ca her iki tipten birine\u00a0 uygun Bankamatik Kart\u0131 ile de \u00f6deme yapabilirsiniz.<\/p>\n<p><em>Not: Baz\u0131 Bankamatik kartlar\u0131n \u00e7evrimi\u00e7i \u00f6deme \u00f6zelli\u011fi bulunmayabilir.<\/em><\/p>\n<p><strong>Banka Havalesi \/ EFT ile \u00d6deme<\/strong><\/p>\n<p>Banka havalesi ile \u00f6deme yapmak i\u00e7in Banka Havalesi se\u00e7ene\u011fini belirleyin, Gizlilik Beyan\u0131n\u0131 kabul edin ve <strong>&#8220;\u00d6demeyi Onayla&#8221;<\/strong> butonuna bas\u0131n. Y\u00f6nlendirildi\u011finiz sayfada \u00f6demeyi yapaca\u011f\u0131n\u0131z Banka Hesap numaralar\u0131 ve EFT bilgilerini, ayr\u0131ca \u00f6deme referans numaralar\u0131n\u0131 g\u00f6receksiniz. Bu bilgilerle diledi\u011finiz bankadan \u00e7evrimi\u00e7i veya banka \u015fubesine giderek transferinizi ger\u00e7ekle\u015ftirebilirsiniz. Bankan\u0131z arac\u0131l\u0131\u011f\u0131 ile \u00f6deme yaparken \u00f6deme referans numar\u0131n\u0131 belirtmeyi unutmay\u0131n.<\/p>\n\t<div class=\"img has-hover x md-x lg-x y md-y lg-y\" id=\"image_1052517945\">\n\t\t\t\t\t\t\t\t<div class=\"img-inner dark\" >\n\t\t\t<img width=\"1020\" height=\"310\" src=\"https:\/\/osmangaziokullari.com\/camlica-k\/wp-content\/uploads\/2020\/06\/chrome_64Dad3fysf-1024x311.png\" class=\"attachment-large size-large\" alt=\"\" loading=\"lazy\" srcset=\"https:\/\/osmangaziokullari.com\/camlica-k\/wp-content\/uploads\/2020\/06\/chrome_64Dad3fysf-1024x311.png 1024w, https:\/\/osmangaziokullari.com\/camlica-k\/wp-content\/uploads\/2020\/06\/chrome_64Dad3fysf-300x91.png 300w, https:\/\/osmangaziokullari.com\/camlica-k\/wp-content\/uploads\/2020\/06\/chrome_64Dad3fysf-768x233.png 768w, https:\/\/osmangaziokullari.com\/camlica-k\/wp-content\/uploads\/2020\/06\/chrome_64Dad3fysf-510x155.png 510w, https:\/\/osmangaziokullari.com\/camlica-k\/wp-content\/uploads\/2020\/06\/chrome_64Dad3fysf.png 1107w\" sizes=\"(max-width: 1020px) 100vw, 1020px\" \/>\t\t\t\t\t\t\n\t\t\t\t\t<\/div>\n\t\t\t\t\t\t\t\t\n<style>\n#image_1052517945 {\n  width: 100%;\n}\n<\/style>\n\t<\/div>\n\t\n\n\n\t\t<\/div>\n\t\t\t<\/div>\n\n\t\n\n\t<div id=\"col-1168370748\" class=\"col medium-3 small-12 large-3\"  >\n\t\t<div class=\"col-inner\"  >\n\t\t\t\n\t\t\t\n\n\n  \n    <div class=\"row large-columns-1 medium-columns- small-columns- row-small\">\n  \t\n\t     \n\t\t\t\t\t\t            \t\n\t            \t<div class=\"col\" >\n\t\t\t\t\t\t<div class=\"col-inner\">\n\t\t\t\t\t\t\n<div class=\"badge-container absolute left top z-1\">\n<\/div>\n\t\t\t\t\t\t<div class=\"product-small box has-hover box-normal box-text-bottom\">\n\t\t\t\t\t\t\t<div class=\"box-image\" >\n\t\t\t\t\t\t\t\t<div class=\"\" >\n\t\t\t\t\t\t\t\t\t<a href=\"https:\/\/osmangaziokullari.com\/camlica-k\/transfer\/miktar-belirleyin\/\">\n\t\t\t\t\t\t\t\t\t\t<img width=\"250\" height=\"250\" src=\"https:\/\/osmangaziokullari.com\/camlica-k\/wp-content\/uploads\/2020\/08\/camlica-kampusu-250x250.jpg\" class=\"attachment-woocommerce_thumbnail size-woocommerce_thumbnail\" alt=\"\" loading=\"lazy\" srcset=\"https:\/\/osmangaziokullari.com\/camlica-k\/wp-content\/uploads\/2020\/08\/camlica-kampusu-250x250.jpg 250w, https:\/\/osmangaziokullari.com\/camlica-k\/wp-content\/uploads\/2020\/08\/camlica-kampusu-150x150.jpg 150w, https:\/\/osmangaziokullari.com\/camlica-k\/wp-content\/uploads\/2020\/08\/camlica-kampusu-100x100.jpg 100w\" sizes=\"(max-width: 250px) 100vw, 250px\" \/>\t\t\t\t\t\t\t\t\t<\/a>\n\t\t\t\t\t\t\t\t\t\t\t\t\t\t\t\t\t\t \t\t\t\t\t\t\t\t<\/div>\n\t\t\t\t\t\t\t\t<div class=\"image-tools top right show-on-hover\">\n\t\t\t\t\t\t\t\t\t\t\t\t\t\t\t\t\t<\/div>\n\t\t\t\t\t\t\t\t\t\t\t\t\t\t\t\t\t<div class=\"image-tools grid-tools text-center hide-for-small bottom hover-slide-in show-on-hover\">\n\t\t\t\t\t\t\t\t\t\t\t\t\t\t\t\t\t\t\t<\/div>\n\t\t\t\t\t\t\t\t\t\t\t\t\t\t\t\t\t\t\t\t\t\t\t<\/div>\n\n\t\t\t\t\t\t\t<div class=\"box-text text-center\" >\n\t\t\t\t\t\t\t\t<div class=\"title-wrapper\"><\/div><div class=\"price-wrapper\"><\/div>\t\t<p class=\"box-excerpt is-small\">\n\t\t\tOsmangazi Okullar\u0131, \u00c7aml\u0131ca Kamp\u00fcs\u00fc'ne \u00f6deme yapmak i\u00e7in l\u00fctfen miktar\u0131 +\/- butonlar\u0131 ile art\u0131tarak \u00f6deme yapmak istedi\u011finiz tutar\u0131 belirleyin.\t\t<\/p>\n\t\t<div class=\"add-to-cart-button\"><a href=\"https:\/\/osmangaziokullari.com\/camlica-k\/transfer\/miktar-belirleyin\/\" data-quantity=\"1\" class=\"primary is-small mb-0 button product_type_variable add_to_cart_button is-outline\" data-product_id=\"851\" data-product_sku=\"\" aria-label=\"&ldquo;Online \u00d6deme Yap\u0131n&rdquo; i\u00e7in se\u00e7enekleri se\u00e7in\" rel=\"nofollow\">Se\u00e7enekler<\/a><\/div>\t\t\t\t\t\t\t<\/div>\n\t\t\t\t\t\t<\/div>\n\t\t\t\t\t\t<\/div>\n\t\t\t\t\t<\/div>\n\t\t\t\t\t\t            \t        <\/div>\n\n\n\t\t<\/div>\n\t\t\t<\/div>\n\n\t\n\n<\/div>\n\n","protected":false},"excerpt":{"rendered":"","protected":false},"author":1,"featured_media":0,"parent":0,"menu_order":0,"comment_status":"closed","ping_status":"closed","template":"","meta":[],"_links":{"self":[{"href":"https:\/\/osmangaziokullari.com\/camlica-k\/wp-json\/wp\/v2\/pages\/911"}],"collection":[{"href":"https:\/\/osmangaziokullari.com\/camlica-k\/wp-json\/wp\/v2\/pages"}],"about":[{"href":"https:\/\/osmangaziokullari.com\/camlica-k\/wp-json\/wp\/v2\/types\/page"}],"author":[{"embeddable":true,"href":"https:\/\/osmangaziokullari.com\/camlica-k\/wp-json\/wp\/v2\/users\/1"}],"replies":[{"embeddable":true,"href":"https:\/\/osmangaziokullari.com\/camlica-k\/wp-json\/wp\/v2\/comments?post=911"}],"version-history":[{"count":21,"href":"https:\/\/osmangaziokullari.com\/camlica-k\/wp-json\/wp\/v2\/pages\/911\/revisions"}],"predecessor-version":[{"id":974,"href":"https:\/\/osmangaziokullari.com\/camlica-k\/wp-json\/wp\/v2\/pages\/911\/revisions\/974"}],"wp:attachment":[{"href":"https:\/\/osmangaziokullari.com\/camlica-k\/wp-json\/wp\/v2\/media?parent=911"}],"curies":[{"name":"wp","href":"https:\/\/api.w.org\/{rel}","templated":true}]}}