{"id":79,"date":"2020-07-03T18:26:44","date_gmt":"2020-07-03T15:26:44","guid":{"rendered":"http:\/\/46.101.184.248\/?page_id=79"},"modified":"2020-08-26T22:45:30","modified_gmt":"2020-08-26T22:45:30","slug":"kurumsal","status":"publish","type":"page","link":"https:\/\/osmangaziokullari.com\/camlica-k\/kurumsal\/","title":{"rendered":"Kurumsal"},"content":{"rendered":"\n\t<section class=\"section\" id=\"section_349135246\">\n\t\t<div class=\"bg section-bg fill bg-fill  bg-loaded\" >\n\n\t\t\t\n\t\t\t\n\t\t\t\n\n\t\t<\/div>\n\n\t\t<div class=\"section-content relative\">\n\t\t\t\n\n<div class=\"row row-large align-center\"  id=\"row-779184856\">\n\n\n\t<div id=\"col-1261361151\" class=\"col medium-6 small-12 large-6\"  >\n\t\t<div class=\"col-inner\"  >\n\t\t\t\n\t\t\t\n\n<h1><span style=\"font-size: 190%;\">Osmangazi Okullar\u0131<\/span><\/h1>\n<p>Osmangazi Okullar\u0131 Bursa\u2019n\u0131n \u00f6nemli lokasyonlar\u0131ndaki 4 b\u00fcy\u00fck kamp\u00fcs\u00fc, d\u00fcnyastandartlar\u0131ndaki e\u011fitim y\u00f6ntemleri, kamp\u00fcslerinin fiziki donan\u0131mlar\u0131, g\u00fc\u00e7l\u00fc e\u011fitici kadrosu,ge\u00e7mi\u015finden ald\u0131\u011f\u0131 g\u00fc\u00e7 ve insana verdi\u011fi \u00f6nem ile \u00f6\u011frencilerine e\u015fsiz bir e\u011fitim alan\u0131 sunuyor.Osmangazi okullar\u0131 b\u00fcnyesindeki \u00d6zl\u00fcce kamp\u00fcs\u00fcnde ilkokul ve ortaokul, \u00c7aml\u0131cakamp\u00fcs\u00fcnde anaokulu ve ilkokul, Y\u0131ld\u0131r\u0131m kamp\u00fcs\u00fcnde anaokulu ve ilkokul, \u0130neg\u00f6lkamp\u00fcs\u00fcnde ise Anaokulu ve \u0130lkokul e\u011fitimi veriliyor.<\/p>\n\t<div id=\"gap-534403432\" class=\"gap-element clearfix\" style=\"display:block; height:auto;\">\n\t\t\n<style>\n#gap-534403432 {\n  padding-top: 10px;\n}\n<\/style>\n\t<\/div>\n\t\n\n<a href=\"#kampuslerimiz\" target=\"_self\" class=\"button alert box-shadow-1-hover\"  style=\"border-radius:8px;padding:5px 15px 5px 15px;\">\n    <span>Kamp\u00fcslerimiz<\/span>\n  <\/a>\n\n\n\n\t\t<\/div>\n\t\t\t<\/div>\n\n\t\n\n\t<div id=\"col-1242726643\" class=\"col medium-6 small-12 large-6 small-col-first\"  >\n\t\t<div class=\"col-inner\"  >\n\t\t\t\n\t\t\t\n\n<div class=\"row row-small align-middle align-center row-box-shadow-2\"  id=\"row-1389835179\">\n\n\n\t<div id=\"col-1898221402\" class=\"col medium-6 small-6 large-6\"  data-animate=\"fadeInLeft\">\n\t\t<div class=\"col-inner\"  >\n\t\t\t\n\t\t\t\n\n\t<div class=\"img has-hover x md-x lg-x y md-y lg-y\" id=\"image_2097971033\">\n\t\t\t\t\t\t\t\t<div class=\"img-inner image-cover dark\" style=\"padding-top:75%;\">\n\t\t\t<img width=\"422\" height=\"422\" src=\"https:\/\/osmangaziokullari.com\/camlica-k\/wp-content\/uploads\/2020\/07\/osmangazi-okullari-101.jpg\" class=\"attachment-large size-large\" alt=\"\" loading=\"lazy\" srcset=\"https:\/\/osmangaziokullari.com\/camlica-k\/wp-content\/uploads\/2020\/07\/osmangazi-okullari-101.jpg 422w, https:\/\/osmangaziokullari.com\/camlica-k\/wp-content\/uploads\/2020\/07\/osmangazi-okullari-101-300x300.jpg 300w, https:\/\/osmangaziokullari.com\/camlica-k\/wp-content\/uploads\/2020\/07\/osmangazi-okullari-101-150x150.jpg 150w, https:\/\/osmangaziokullari.com\/camlica-k\/wp-content\/uploads\/2020\/07\/osmangazi-okullari-101-250x250.jpg 250w, https:\/\/osmangaziokullari.com\/camlica-k\/wp-content\/uploads\/2020\/07\/osmangazi-okullari-101-100x100.jpg 100w\" sizes=\"(max-width: 422px) 100vw, 422px\" \/>\t\t\t\t\t\t\n\t\t\t\t\t<\/div>\n\t\t\t\t\t\t\t\t\n<style>\n#image_2097971033 {\n  width: 100%;\n}\n<\/style>\n\t<\/div>\n\t\n\n\n\t\t<\/div>\n\t\t\t<\/div>\n\n\t\n\n\t<div id=\"col-1220790700\" class=\"col medium-6 small-6 large-6\"  data-animate=\"fadeInDown\">\n\t\t<div class=\"col-inner\"  >\n\t\t\t\n\t\t\t\n\n\t<div class=\"img has-hover x md-x lg-x y md-y lg-y\" id=\"image_154325574\">\n\t\t\t\t\t\t\t\t<div class=\"img-inner image-cover dark\" style=\"padding-top:75%;\">\n\t\t\t<img width=\"422\" height=\"422\" src=\"https:\/\/osmangaziokullari.com\/camlica-k\/wp-content\/uploads\/2020\/07\/osmangazi-okullari-100-1.jpg\" class=\"attachment-large size-large\" alt=\"\" loading=\"lazy\" srcset=\"https:\/\/osmangaziokullari.com\/camlica-k\/wp-content\/uploads\/2020\/07\/osmangazi-okullari-100-1.jpg 422w, https:\/\/osmangaziokullari.com\/camlica-k\/wp-content\/uploads\/2020\/07\/osmangazi-okullari-100-1-300x300.jpg 300w, https:\/\/osmangaziokullari.com\/camlica-k\/wp-content\/uploads\/2020\/07\/osmangazi-okullari-100-1-150x150.jpg 150w, https:\/\/osmangaziokullari.com\/camlica-k\/wp-content\/uploads\/2020\/07\/osmangazi-okullari-100-1-250x250.jpg 250w, https:\/\/osmangaziokullari.com\/camlica-k\/wp-content\/uploads\/2020\/07\/osmangazi-okullari-100-1-100x100.jpg 100w\" sizes=\"(max-width: 422px) 100vw, 422px\" \/>\t\t\t\t\t\t\n\t\t\t\t\t<\/div>\n\t\t\t\t\t\t\t\t\n<style>\n#image_154325574 {\n  width: 100%;\n}\n<\/style>\n\t<\/div>\n\t\n\n\n\t\t<\/div>\n\t\t\t<\/div>\n\n\t\n\n\t<div id=\"col-1848992133\" class=\"col medium-6 small-6 large-6\"  data-animate=\"fadeInUp\">\n\t\t<div class=\"col-inner\"  >\n\t\t\t\n\t\t\t\n\n\t<div class=\"img has-hover x md-x lg-x y md-y lg-y\" id=\"image_1004759821\">\n\t\t\t\t\t\t\t\t<div class=\"img-inner image-cover dark\" style=\"padding-top:75%;\">\n\t\t\t<img width=\"400\" height=\"400\" src=\"https:\/\/osmangaziokullari.com\/camlica-k\/wp-content\/uploads\/2020\/07\/osmangazi-okullari-103.jpg\" class=\"attachment-large size-large\" alt=\"\" loading=\"lazy\" srcset=\"https:\/\/osmangaziokullari.com\/camlica-k\/wp-content\/uploads\/2020\/07\/osmangazi-okullari-103.jpg 400w, https:\/\/osmangaziokullari.com\/camlica-k\/wp-content\/uploads\/2020\/07\/osmangazi-okullari-103-300x300.jpg 300w, https:\/\/osmangaziokullari.com\/camlica-k\/wp-content\/uploads\/2020\/07\/osmangazi-okullari-103-150x150.jpg 150w, https:\/\/osmangaziokullari.com\/camlica-k\/wp-content\/uploads\/2020\/07\/osmangazi-okullari-103-250x250.jpg 250w, https:\/\/osmangaziokullari.com\/camlica-k\/wp-content\/uploads\/2020\/07\/osmangazi-okullari-103-100x100.jpg 100w\" sizes=\"(max-width: 400px) 100vw, 400px\" \/>\t\t\t\t\t\t\n\t\t\t\t\t<\/div>\n\t\t\t\t\t\t\t\t\n<style>\n#image_1004759821 {\n  width: 100%;\n}\n<\/style>\n\t<\/div>\n\t\n\n\n\t\t<\/div>\n\t\t\t<\/div>\n\n\t\n\n\t<div id=\"col-1365468375\" class=\"col medium-6 small-6 large-6\"  data-animate=\"fadeInRight\">\n\t\t<div class=\"col-inner\"  >\n\t\t\t\n\t\t\t\n\n\t<div class=\"img has-hover x md-x lg-x y md-y lg-y\" id=\"image_1571417704\">\n\t\t\t\t\t\t\t\t<div class=\"img-inner image-cover dark\" style=\"padding-top:75%;\">\n\t\t\t<img width=\"450\" height=\"450\" src=\"https:\/\/osmangaziokullari.com\/camlica-k\/wp-content\/uploads\/2020\/07\/osmangazi-okullari-102.jpg\" class=\"attachment-large size-large\" alt=\"\" loading=\"lazy\" srcset=\"https:\/\/osmangaziokullari.com\/camlica-k\/wp-content\/uploads\/2020\/07\/osmangazi-okullari-102.jpg 450w, https:\/\/osmangaziokullari.com\/camlica-k\/wp-content\/uploads\/2020\/07\/osmangazi-okullari-102-300x300.jpg 300w, https:\/\/osmangaziokullari.com\/camlica-k\/wp-content\/uploads\/2020\/07\/osmangazi-okullari-102-150x150.jpg 150w, https:\/\/osmangaziokullari.com\/camlica-k\/wp-content\/uploads\/2020\/07\/osmangazi-okullari-102-250x250.jpg 250w, https:\/\/osmangaziokullari.com\/camlica-k\/wp-content\/uploads\/2020\/07\/osmangazi-okullari-102-100x100.jpg 100w\" sizes=\"(max-width: 450px) 100vw, 450px\" \/>\t\t\t\t\t\t\n\t\t\t\t\t<\/div>\n\t\t\t\t\t\t\t\t\n<style>\n#image_1571417704 {\n  width: 100%;\n}\n<\/style>\n\t<\/div>\n\t\n\n\n\t\t<\/div>\n\t\t\t<\/div>\n\n\t\n\n<\/div>\n\n\t\t<\/div>\n\t\t\t<\/div>\n\n\t\n\n<\/div>\n\n\t\t<\/div>\n\n\t\t\n<style>\n#section_349135246 {\n  padding-top: 40px;\n  padding-bottom: 40px;\n}\n@media (min-width:550px) {\n  #section_349135246 {\n    padding-top: 60px;\n    padding-bottom: 60px;\n  }\n}\n@media (min-width:850px) {\n  #section_349135246 {\n    padding-top: 80px;\n    padding-bottom: 80px;\n  }\n}\n<\/style>\n\t<\/section>\n\t\n\t<section class=\"section\" id=\"section_1863409581\">\n\t\t<div class=\"bg section-bg fill bg-fill  bg-loaded\" >\n\n\t\t\t\n\t\t\t\n\t\t\t\n\n\t\t<\/div>\n\n\t\t<div class=\"section-content relative\">\n\t\t\t\n\n<span class=\"scroll-to\" data-label=\"Scroll to: #egitim-modeli\" data-bullet=\"true\" data-link=\"#egitim-modeli\" data-title=\"E\u011fitim Modeli\"><a name=\"egitim-modeli\"><\/a><\/span>\n\n<div class=\"row align-center\"  id=\"row-1232820046\">\n\n\n\t<div id=\"col-1463502140\" class=\"col medium-9 small-12 large-9\"  >\n\t\t<div class=\"col-inner text-center\"  >\n\t\t\t\n\t\t\t\n\n<div class=\"container section-title-container\" style=\"margin-bottom:5px;max-width:45%;\"><h3 class=\"section-title section-title-center\"><b><\/b><span class=\"section-title-main\" style=\"color:rgb(208, 208, 208);\">Birlikte Gelece\u011fe<\/span><b><\/b><\/h3><\/div>\n\n<h2 style=\"font-size: 23.04px;\"><span style=\"font-size: 170%;\">E\u011fitim Modeli<\/span><\/h2>\n<p>Osmangazi okullar\u0131 anaokulu e\u011fitiminde; klasik e\u011fitim sistemi d\u0131\u015f\u0131nda <strong>kendine \u00f6zg\u00fc bir e\u011fitim sistemi<\/strong> olu\u015fturularak proje tabanl\u0131 \u00f6\u011frenme sistemine dayal\u0131 <strong>\u2018Ay\u0131n Atas\u00f6zleri, Yeni KelimelerS\u00f6zl\u00fc\u011f\u00fcm, Ay\u0131n Besini, Ay\u0131n Ki\u015fisi, Ses \u00c7al\u0131\u015fmalar\u0131, Nezaket \u00c7al\u0131\u015fmalar\u0131, G\u00fcnl\u00fck Ya\u015fam Becerileri ve S\u0131ra D\u0131\u015f\u0131 D\u00fc\u015f\u00fcnme\u2019 dersleri <\/strong>eklenerek daha vizyoner bir program izleniyor. Klasikkal\u0131plardan s\u0131yr\u0131larak modern bir e\u011fitim ile \u00e7ocuklar\u0131n merak seviyelerini art\u0131rma, bireyselyeteneklerini ortaya \u00e7\u0131karma ve bilimi hayat\u0131n merkezine koyabilme ama\u00e7lan\u0131yor. Ayr\u0131ca <strong>ki\u015filik temellerinin at\u0131ld\u0131\u011f\u0131 okul \u00f6ncesi d\u00f6neminde<\/strong> y\u0131l boyunca tutumluluk, yard\u0131mla\u015fma,d\u00fcr\u00fcstl\u00fck, sevgi, sayg\u0131, sorumluluk, milli ve manevi de\u011ferler \u00fczerinde durularak <strong>\u00e7ocuklar\u0131n ki\u015fili\u011finin \u015fekillendirilmesine<\/strong> katk\u0131 sa\u011flan\u0131yor.<\/p>\n\n\t\t<\/div>\n\t\t\t<\/div>\n\n\t\n\n<\/div>\n<span class=\"scroll-to\" data-label=\"Scroll to: #kampuslerimiz\" data-bullet=\"true\" data-link=\"#kampuslerimiz\" data-title=\"Kamp\u00fcslerimiz\"><a name=\"kampuslerimiz\"><\/a><\/span>\n\n<div class=\"row row-box-shadow-1-hover\"  id=\"row-1536301577\">\n\n\n\t<div id=\"col-283093017\" class=\"col medium-3 small-12 large-3\"  >\n\t\t<div class=\"col-inner\" style=\"background-color:rgb(250, 250, 250);\" >\n\t\t\t\n\t\t\t\n\n\t<div class=\"box has-hover   has-hover box-shade dark box-text-bottom\" >\n\n\t\t<div class=\"box-image\" style=\"border-radius:5%;\">\n\t\t\t\t\t\t<div class=\"image-cover\" style=\"padding-top:65%;\">\n\t\t\t\t<img width=\"422\" height=\"422\" src=\"https:\/\/osmangaziokullari.com\/camlica-k\/wp-content\/uploads\/2020\/07\/osmangazi-okullari-101.jpg\" class=\"attachment- size-\" alt=\"\" loading=\"lazy\" srcset=\"https:\/\/osmangaziokullari.com\/camlica-k\/wp-content\/uploads\/2020\/07\/osmangazi-okullari-101.jpg 422w, https:\/\/osmangaziokullari.com\/camlica-k\/wp-content\/uploads\/2020\/07\/osmangazi-okullari-101-300x300.jpg 300w, https:\/\/osmangaziokullari.com\/camlica-k\/wp-content\/uploads\/2020\/07\/osmangazi-okullari-101-150x150.jpg 150w, https:\/\/osmangaziokullari.com\/camlica-k\/wp-content\/uploads\/2020\/07\/osmangazi-okullari-101-250x250.jpg 250w, https:\/\/osmangaziokullari.com\/camlica-k\/wp-content\/uploads\/2020\/07\/osmangazi-okullari-101-100x100.jpg 100w\" sizes=\"(max-width: 422px) 100vw, 422px\" \/>\t\t\t\t\t\t\t\t<div class=\"shade\"><\/div>\t\t\t<\/div>\n\t\t\t\t\t<\/div>\n\n\t\t<div class=\"box-text show-on-hover hover-bounce text-left\" >\n\t\t\t<div class=\"box-text-inner\">\n\t\t\t\t\n\n\n\t\t\t<\/div>\n\t\t<\/div>\n\t<\/div>\n\t\n\t<div id=\"gap-84977006\" class=\"gap-element clearfix\" style=\"display:block; height:auto;\">\n\t\t\n<style>\n#gap-84977006 {\n  padding-top: 20px;\n}\n<\/style>\n\t<\/div>\n\t\n\n<h4><span style=\"font-size: 100%;\">\u00c7aml\u0131ca Kamp\u00fcs\u00fc<\/span><\/h4>\n<p>413 4 555<\/p>\n<p>Ertu\u011frul Mahallesi Savc\u0131 Do\u011fan \u00d6z Caddesi No:4 Nil\u00fcfer \/ BURSA<\/p>\n\n\t\t<\/div>\n\t\t\n<style>\n#col-283093017 > .col-inner {\n  border-radius: 10px;\n}\n<\/style>\n\t<\/div>\n\n\t\n\n\t<div id=\"col-1193325074\" class=\"col medium-3 small-12 large-3\"  >\n\t\t<div class=\"col-inner\" style=\"background-color:rgb(250, 250, 250);\" >\n\t\t\t\n\t\t\t\n\n\t<div class=\"box has-hover   has-hover box-shade dark box-text-bottom\" >\n\n\t\t<div class=\"box-image\" style=\"border-radius:5%;\">\n\t\t\t\t\t\t<div class=\"image-cover\" style=\"padding-top:65%;\">\n\t\t\t\t<img width=\"422\" height=\"422\" src=\"https:\/\/osmangaziokullari.com\/camlica-k\/wp-content\/uploads\/2020\/07\/osmangazi-okullari-100-1.jpg\" class=\"attachment- size-\" alt=\"\" loading=\"lazy\" srcset=\"https:\/\/osmangaziokullari.com\/camlica-k\/wp-content\/uploads\/2020\/07\/osmangazi-okullari-100-1.jpg 422w, https:\/\/osmangaziokullari.com\/camlica-k\/wp-content\/uploads\/2020\/07\/osmangazi-okullari-100-1-300x300.jpg 300w, https:\/\/osmangaziokullari.com\/camlica-k\/wp-content\/uploads\/2020\/07\/osmangazi-okullari-100-1-150x150.jpg 150w, https:\/\/osmangaziokullari.com\/camlica-k\/wp-content\/uploads\/2020\/07\/osmangazi-okullari-100-1-250x250.jpg 250w, https:\/\/osmangaziokullari.com\/camlica-k\/wp-content\/uploads\/2020\/07\/osmangazi-okullari-100-1-100x100.jpg 100w\" sizes=\"(max-width: 422px) 100vw, 422px\" \/>\t\t\t\t\t\t\t\t<div class=\"shade\"><\/div>\t\t\t<\/div>\n\t\t\t\t\t<\/div>\n\n\t\t<div class=\"box-text show-on-hover hover-bounce text-left\" >\n\t\t\t<div class=\"box-text-inner\">\n\t\t\t\t\n\n\n\t\t\t<\/div>\n\t\t<\/div>\n\t<\/div>\n\t\n\t<div id=\"gap-1392898837\" class=\"gap-element clearfix\" style=\"display:block; height:auto;\">\n\t\t\n<style>\n#gap-1392898837 {\n  padding-top: 20px;\n}\n<\/style>\n\t<\/div>\n\t\n\n<h4><span style=\"font-size: 100%;\">\u00c7aml\u0131ca Kamp\u00fcs\u00fc<\/span><\/h4>\n<p>413 4 555<\/p>\n<div class=\"elementor-element elementor-element-fbf38a5 elementor-column elementor-col-50 elementor-inner-column\" data-id=\"fbf38a5\" data-element_type=\"column\">\n<div class=\"elementor-column-wrapelementor-element-populated\">\n<div class=\"elementor-widget-wrap\">\n<div class=\"elementor-element elementor-element-93afcdd elementor-position-left elementor-view-default elementor-vertical-align-top elementor-widget elementor-widget-icon-box\" data-id=\"93afcdd\" data-element_type=\"widget\" data-widget_type=\"icon-box.default\">\n<div class=\"elementor-widget-container\">\n<div class=\"elementor-icon-box-wrapper\">\n<div class=\"elementor-icon-box-content\">\n<p class=\"elementor-icon-box-description\">\u00c7aml\u0131ca Mahallesi Zafer Sokak No: 39 Nil\u00fcfer \/ Bursa<\/p>\n<\/div>\n<\/div>\n<\/div>\n<\/div>\n<\/div>\n<\/div>\n<\/div>\n\n\t\t<\/div>\n\t\t\n<style>\n#col-1193325074 > .col-inner {\n  border-radius: 10px;\n}\n<\/style>\n\t<\/div>\n\n\t\n\n\t<div id=\"col-1516074196\" class=\"col medium-3 small-12 large-3\"  >\n\t\t<div class=\"col-inner\" style=\"background-color:rgb(250, 250, 250);\" >\n\t\t\t\n\t\t\t\n\n\t<div class=\"box has-hover   has-hover box-shade dark box-text-bottom\" >\n\n\t\t<div class=\"box-image\" style=\"border-radius:5%;\">\n\t\t\t\t\t\t<div class=\"image-cover\" style=\"padding-top:65%;\">\n\t\t\t\t<img width=\"400\" height=\"400\" src=\"https:\/\/osmangaziokullari.com\/camlica-k\/wp-content\/uploads\/2020\/07\/osmangazi-okullari-103.jpg\" class=\"attachment- size-\" alt=\"\" loading=\"lazy\" srcset=\"https:\/\/osmangaziokullari.com\/camlica-k\/wp-content\/uploads\/2020\/07\/osmangazi-okullari-103.jpg 400w, https:\/\/osmangaziokullari.com\/camlica-k\/wp-content\/uploads\/2020\/07\/osmangazi-okullari-103-300x300.jpg 300w, https:\/\/osmangaziokullari.com\/camlica-k\/wp-content\/uploads\/2020\/07\/osmangazi-okullari-103-150x150.jpg 150w, https:\/\/osmangaziokullari.com\/camlica-k\/wp-content\/uploads\/2020\/07\/osmangazi-okullari-103-250x250.jpg 250w, https:\/\/osmangaziokullari.com\/camlica-k\/wp-content\/uploads\/2020\/07\/osmangazi-okullari-103-100x100.jpg 100w\" sizes=\"(max-width: 400px) 100vw, 400px\" \/>\t\t\t\t\t\t\t\t<div class=\"shade\"><\/div>\t\t\t<\/div>\n\t\t\t\t\t<\/div>\n\n\t\t<div class=\"box-text show-on-hover hover-bounce text-left\" >\n\t\t\t<div class=\"box-text-inner\">\n\t\t\t\t\n\n\n\t\t\t<\/div>\n\t\t<\/div>\n\t<\/div>\n\t\n\t<div id=\"gap-721526719\" class=\"gap-element clearfix\" style=\"display:block; height:auto;\">\n\t\t\n<style>\n#gap-721526719 {\n  padding-top: 20px;\n}\n<\/style>\n\t<\/div>\n\t\n\n<h4><span style=\"font-size: 100%;\">Y\u0131ld\u0131r\u0131m Kamp\u00fcs\u00fc<\/span><\/h4>\n<div class=\"elementor-element elementor-element-fbf38a5 elementor-column elementor-col-50 elementor-inner-column\" data-id=\"fbf38a5\" data-element_type=\"column\">\n<div class=\"elementor-column-wrapelementor-element-populated\">\n<div class=\"elementor-widget-wrap\">\n<div class=\"elementor-element elementor-element-93afcdd elementor-position-left elementor-view-default elementor-vertical-align-top elementor-widget elementor-widget-icon-box\" data-id=\"93afcdd\" data-element_type=\"widget\" data-widget_type=\"icon-box.default\">\n<div class=\"elementor-widget-container\">\n<div class=\"elementor-icon-box-wrapper\">\n<div class=\"elementor-icon-box-content\">\n<p class=\"elementor-icon-box-description\">413 4 555<\/p>\n<\/div>\n<\/div>\n<\/div>\n<\/div>\n<\/div>\n<\/div>\n<\/div>\n<p>\u0130stiklal Mah. S\u00fcmer Sok. No:4 G\u00fcrsu \/ BURSA<\/p>\n\n\t\t<\/div>\n\t\t\n<style>\n#col-1516074196 > .col-inner {\n  border-radius: 10px;\n}\n<\/style>\n\t<\/div>\n\n\t\n\n\t<div id=\"col-1664255089\" class=\"col medium-3 small-12 large-3\"  >\n\t\t<div class=\"col-inner\" style=\"background-color:rgb(250, 250, 250);\" >\n\t\t\t\n\t\t\t\n\n\t<div class=\"box has-hover   has-hover box-shade dark box-text-bottom\" >\n\n\t\t<div class=\"box-image\" style=\"border-radius:5%;\">\n\t\t\t\t\t\t<div class=\"image-cover\" style=\"padding-top:65%;\">\n\t\t\t\t<img width=\"450\" height=\"450\" src=\"https:\/\/osmangaziokullari.com\/camlica-k\/wp-content\/uploads\/2020\/07\/osmangazi-okullari-102.jpg\" class=\"attachment- size-\" alt=\"\" loading=\"lazy\" srcset=\"https:\/\/osmangaziokullari.com\/camlica-k\/wp-content\/uploads\/2020\/07\/osmangazi-okullari-102.jpg 450w, https:\/\/osmangaziokullari.com\/camlica-k\/wp-content\/uploads\/2020\/07\/osmangazi-okullari-102-300x300.jpg 300w, https:\/\/osmangaziokullari.com\/camlica-k\/wp-content\/uploads\/2020\/07\/osmangazi-okullari-102-150x150.jpg 150w, https:\/\/osmangaziokullari.com\/camlica-k\/wp-content\/uploads\/2020\/07\/osmangazi-okullari-102-250x250.jpg 250w, https:\/\/osmangaziokullari.com\/camlica-k\/wp-content\/uploads\/2020\/07\/osmangazi-okullari-102-100x100.jpg 100w\" sizes=\"(max-width: 450px) 100vw, 450px\" \/>\t\t\t\t\t\t\t\t<div class=\"shade\"><\/div>\t\t\t<\/div>\n\t\t\t\t\t<\/div>\n\n\t\t<div class=\"box-text show-on-hover hover-bounce text-left\" >\n\t\t\t<div class=\"box-text-inner\">\n\t\t\t\t\n\n\n\t\t\t<\/div>\n\t\t<\/div>\n\t<\/div>\n\t\n\t<div id=\"gap-93086334\" class=\"gap-element clearfix\" style=\"display:block; height:auto;\">\n\t\t\n<style>\n#gap-93086334 {\n  padding-top: 20px;\n}\n<\/style>\n\t<\/div>\n\t\n\n<h4><span style=\"font-size: 100%;\">\u0130neg\u00f6l Kamp\u00fcs\u00fc<\/span><\/h4>\n<p>413 4 555<\/p>\n<p>\u0130stiklal Mah. S\u00fcmer Sok. No:4 G\u00fcrsu \/ BURSA<\/p>\n\n\t\t<\/div>\n\t\t\n<style>\n#col-1664255089 > .col-inner {\n  border-radius: 10px;\n}\n<\/style>\n\t<\/div>\n\n\t\n\n\n<style>\n#row-1536301577 > .col > .col-inner {\n  padding: 15px 15px 15px 15px;\n  background-color: rgb(250, 250, 250);\n}\n<\/style>\n<\/div>\n\n\t\t<\/div>\n\n\t\t\n<style>\n#section_1863409581 {\n  padding-top: 40px;\n  padding-bottom: 40px;\n}\n@media (min-width:550px) {\n  #section_1863409581 {\n    padding-top: 60px;\n    padding-bottom: 60px;\n  }\n}\n@media (min-width:850px) {\n  #section_1863409581 {\n    padding-top: 30px;\n    padding-bottom: 30px;\n  }\n}\n<\/style>\n\t<\/section>\n\t\n<div class=\"row align-center\"  id=\"row-826802025\">\n\n\n\t<div id=\"col-1680340528\" class=\"col medium-6 small-12 large-6\"  >\n\t\t<div class=\"col-inner\"  >\n\t\t\t\n\t\t\t\n\n<h2>Nitelik<\/h2>\n<div class=\"text-center\"><div class=\"is-divider divider clearfix\" style=\"margin-top:0.6em;margin-bottom:0.6em;max-width:100%;height:1px;\"><\/div><\/div>\n\n<p>Osmangazi okullar\u0131 \u0130lkokul ve ortaokul e\u011fitiminde; nitelikli olarak verdi\u011fi temel e\u011fitimlerinyan\u0131 s\u0131ra, yabanc\u0131 dil e\u011fitim den bili\u015fim teknolojileri e\u011fitimine, karakter e\u011fitiminden g\u00f6rselsanatlara, spor etkinliklerinden sosyal etkinliklere kadar geni\u015f e\u011fitim yelpazesi ile \u00e7a\u011f\u0131m\u0131z\u0131nihtiya\u00e7 duydu\u011fu nitelikli insan modelini yeti\u015ftiriyor.\u00a0 Spora ve sporcuya verdi\u011fi \u00f6nemi; Kick Boks ve Teakwondo bran\u015flar\u0131nda yeti\u015ftirdi\u011fi\u00f6\u011frencilerin T\u00fcrkiye ve d\u00fcnya da ba\u015far\u0131lar elde etmesi ile de g\u00f6stermi\u015ftir.<\/p>\n\n\t\t<\/div>\n\t\t\t<\/div>\n\n\t\n\n\t<div id=\"col-577474373\" class=\"col medium-6 small-12 large-6\"  >\n\t\t<div class=\"col-inner\"  >\n\t\t\t\n\t\t\t\n\n<h2>Gelece\u011fe De\u011fer Veriyoruz<\/h2>\n<div class=\"text-center\"><div class=\"is-divider divider clearfix\" style=\"margin-top:0.6em;margin-bottom:0.6em;max-width:100%;height:1px;\"><\/div><\/div>\n\n<p>Osmangazi okullar\u0131 ayr\u0131ca helal g\u0131da hassasiyeti ile \u00f6\u011frencilerine 3 \u00f6\u011f\u00fcn yemek ikram ederken, \u00e7ocuklar\u0131n zararl\u0131 g\u0131dalar t\u00fcketmemesi i\u00e7in hi\u00e7bir kamp\u00fcs\u00fcnde kantin bulundurmuyor. Yemeklerinde Akdeniz Toros et ve tavuk \u00fcr\u00fcnlerini kullan\u0131yor. Bir okul, d\u00f6rt kamp\u00fcs\u00fcm\u00fczle Bursa\u2019ya de\u011fer kat\u0131yoruz. \u201cGelece\u011fi E\u011fitiyoruz\u201d <strong>\u00c7\u00dcNK\u00dc GELECE\u011eE DE\u011eER VER\u0130YORUZ!<\/strong><\/p>\n\n\t\t<\/div>\n\t\t\t<\/div>\n\n\t\n\n<\/div>\n\t<section class=\"section dark\" id=\"section_958307094\">\n\t\t<div class=\"bg section-bg fill bg-fill  \" >\n\n\t\t\t\n\t\t\t<div class=\"section-bg-overlay absolute fill\"><\/div>\n\t\t\t\n\t<div class=\"is-border\"\n\t\tstyle=\"border-color:rgb(235, 235, 235);border-width:1px 0px 0px 0px;\">\n\t<\/div>\n\n\t\t<\/div>\n\n\t\t<div class=\"section-content relative\">\n\t\t\t\n\n<div class=\"row\"  id=\"row-1999724143\">\n\n\n\t<div id=\"col-1188464763\" class=\"col medium-7 small-12 large-7\"  >\n\t\t<div class=\"col-inner\"  >\n\t\t\t\n\t\t\t\n\n<h2>Misyonumuz<\/h2>\n<div class=\"text-center\"><div class=\"is-divider divider clearfix\" style=\"margin-top:0.6em;margin-bottom:0.6em;max-width:100%;height:1px;\"><\/div><\/div>\n\n<p class=\"lead\">Kalbi birlik ve ruhi ahengin h\u00e2kim oldu\u011fu bir e\u011fitim ikliminde e\u011fitime g\u00f6n\u00fcl vermi\u015f uzman kadrosuyla milli ve manevi de\u011ferleri benimsemi\u015f, madde ve manas\u0131yla tek\u00e2m\u00fcl etmi\u015f; kendisine, ailesine ve t\u00fcm insanl\u0131\u011fa faydal\u0131, sa\u011flam karakterli nesiller yeti\u015ftirmektir.<\/p>\n\n\t\t<\/div>\n\t\t\t<\/div>\n\n\t\n\n\t<div id=\"col-330694943\" class=\"col medium-5 small-12 large-5\"  >\n\t\t<div class=\"col-inner\"  >\n\t\t\t\n\t\t\t\n\n<h2>Vizyonumuz<\/h2>\n<div class=\"text-center\"><div class=\"is-divider divider clearfix\" style=\"margin-top:0.6em;margin-bottom:0.6em;max-width:100%;height:1px;\"><\/div><\/div>\n\n<p class=\"lead\">D\u00fcnyaya y\u00f6n veren e\u011fitim anlay\u0131\u015f\u0131yla ahlaki ve k\u00fclt\u00fcrel de\u011ferlere sahip, mensubu olunmaktan gurur duyulan, sayg\u0131n bir e\u011fitim kurumu olmakt\u0131r.<\/p>\n\n\t\t<\/div>\n\t\t\t<\/div>\n\n\t\n\n<\/div>\n\n\t\t<\/div>\n\n\t\t\n<style>\n#section_958307094 {\n  padding-top: 60px;\n  padding-bottom: 60px;\n  min-height: 300px;\n  background-color: #1d4174;\n}\n#section_958307094 .section-bg-overlay {\n  background-color: rgba(29, 65, 116, 0.71);\n}\n#section_958307094 .section-bg.bg-loaded {\n  background-image: url(https:\/\/osmangaziokullari.com\/camlica-k\/wp-content\/uploads\/2020\/07\/img-011.jpg);\n}\n<\/style>\n\t<\/section>\n\t\n\n","protected":false},"excerpt":{"rendered":"","protected":false},"author":1,"featured_media":0,"parent":0,"menu_order":0,"comment_status":"closed","ping_status":"closed","template":"page-blank.php","meta":[],"_links":{"self":[{"href":"https:\/\/osmangaziokullari.com\/camlica-k\/wp-json\/wp\/v2\/pages\/79"}],"collection":[{"href":"https:\/\/osmangaziokullari.com\/camlica-k\/wp-json\/wp\/v2\/pages"}],"about":[{"href":"https:\/\/osmangaziokullari.com\/camlica-k\/wp-json\/wp\/v2\/types\/page"}],"author":[{"embeddable":true,"href":"https:\/\/osmangaziokullari.com\/camlica-k\/wp-json\/wp\/v2\/users\/1"}],"replies":[{"embeddable":true,"href":"https:\/\/osmangaziokullari.com\/camlica-k\/wp-json\/wp\/v2\/comments?post=79"}],"version-history":[{"count":1,"href":"https:\/\/osmangaziokullari.com\/camlica-k\/wp-json\/wp\/v2\/pages\/79\/revisions"}],"predecessor-version":[{"id":2789,"href":"https:\/\/osmangaziokullari.com\/camlica-k\/wp-json\/wp\/v2\/pages\/79\/revisions\/2789"}],"wp:attachment":[{"href":"https:\/\/osmangaziokullari.com\/camlica-k\/wp-json\/wp\/v2\/media?parent=79"}],"curies":[{"name":"wp","href":"https:\/\/api.w.org\/{rel}","templated":true}]}}