{"id":365,"date":"2020-07-06T18:07:48","date_gmt":"2020-07-06T15:07:48","guid":{"rendered":"http:\/\/46.101.184.248\/?page_id=365"},"modified":"2020-07-06T18:07:48","modified_gmt":"2020-07-06T15:07:48","slug":"strateji-ve-akil-oyunlari","status":"publish","type":"page","link":"https:\/\/osmangaziokullari.com\/camlica-k\/yetenek-atolyeleri\/strateji-ve-akil-oyunlari\/","title":{"rendered":"Strateji ve Ak\u0131l Oyunlar\u0131"},"content":{"rendered":"\n<div class=\"row\"  id=\"row-995228129\">\n\n\n\t<div id=\"col-1548402360\" class=\"col small-12 large-12\"  >\n\t\t<div class=\"col-inner\"  >\n\t\t\t\n\t\t\t\n\n<p class=\"lead\">1, 2, 3, 4, 5, 6 ve 7. s\u0131n\u0131f seviyelerinde 15 \u00f6\u011frenci kontenjan\u0131ndan olu\u015fur.<\/p>\n\n\t\t<\/div>\n\t\t\t<\/div>\n\n\t\n\n\t<div id=\"col-1051728540\" class=\"col medium-6 small-12 large-6\"  >\n\t\t<div class=\"col-inner\"  >\n\t\t\t\n\t\t\t\n\n<p>Arkada\u015flarla payla\u015fma, merhamet, centilmenlik, kurallara uyma, mant\u0131k y\u00fcr\u00fctebilme, yenilgiyi kabullenebilme,motivasyon gibi pek \u00e7ok beceriyi e\u011flenerek kazanmaya var m\u0131s\u0131n\u0131z?<\/p>\n<p><strong>Dersimiz Oyun<\/strong><\/p>\n\n\t\t<\/div>\n\t\t\t<\/div>\n\n\t\n\n\t<div id=\"col-1707455131\" class=\"col medium-6 small-12 large-6 small-col-first\"  >\n\t\t<div class=\"col-inner\"  >\n\t\t\t\n\t\t\t\n\n\t<div class=\"img has-hover x md-x lg-x y md-y lg-y\" id=\"image_643657770\">\n\t\t\t\t\t\t\t\t<div class=\"img-inner box-shadow-2 dark\" >\n\t\t\t<img width=\"300\" height=\"169\" src=\"https:\/\/osmangaziokullari.com\/camlica-k\/wp-content\/uploads\/2020\/07\/stratejil-300x169.jpg\" class=\"attachment-medium size-medium\" alt=\"\" loading=\"lazy\" srcset=\"https:\/\/osmangaziokullari.com\/camlica-k\/wp-content\/uploads\/2020\/07\/stratejil-300x169.jpg 300w, https:\/\/osmangaziokullari.com\/camlica-k\/wp-content\/uploads\/2020\/07\/stratejil-1024x576.jpg 1024w, https:\/\/osmangaziokullari.com\/camlica-k\/wp-content\/uploads\/2020\/07\/stratejil-768x432.jpg 768w, https:\/\/osmangaziokullari.com\/camlica-k\/wp-content\/uploads\/2020\/07\/stratejil-510x287.jpg 510w, https:\/\/osmangaziokullari.com\/camlica-k\/wp-content\/uploads\/2020\/07\/stratejil.jpg 1440w\" sizes=\"(max-width: 300px) 100vw, 300px\" \/>\t\t\t\t\t\t\n\t\t\t\t\t<\/div>\n\t\t\t\t\t\t\t\t\n<style>\n#image_643657770 {\n  width: 100%;\n}\n<\/style>\n\t<\/div>\n\t\n\n\n\t\t<\/div>\n\t\t\t<\/div>\n\n\t\n\n\t<div id=\"col-444499185\" class=\"col medium-6 small-12 large-6\"  >\n\t\t<div class=\"col-inner\"  >\n\t\t\t\n\t\t\t\n\n<p>1- Dikkat-Konsantrasyon <br \/>2- Mant\u0131ksal-Matematiksel \u00c7\u0131kar\u0131m <br \/>3- Ele\u015ftirel D\u00fc\u015f\u00fcnme <br \/>4- Problem \u00c7\u00f6zme <br \/>5- Planlama-S\u0131ral\u0131 D\u00fc\u015f\u00fcnme <br \/>6- G\u00f6rsel Alg\u0131 <br \/>7- Uzaysal (3 Boyutlu Alg\u0131) D\u00fc\u015f\u00fcnme<\/p>\n\n\t\t<\/div>\n\t\t\t<\/div>\n\n\t\n\n\t<div id=\"col-958445805\" class=\"col medium-6 small-12 large-6\"  >\n\t\t<div class=\"col-inner\"  >\n\t\t\t\n\t\t\t\n\n<p>8- S\u00f6zel \u0130fade-\u0130leti\u015fim Becerileri<br \/>9- Yarat\u0131c\u0131 D\u00fc\u015f\u00fcnme<br \/>10- Dinleme Becerileri<br \/>11- \u0130li\u015fki Kurma-Ba\u011flant\u0131l\u0131 D\u00fc\u015f\u00fcnme Becerileri<br \/>12- Azmetme-Sabretme<br \/>13- Haf\u0131za G\u00fc\u00e7lendirme<\/p>\n\n\t\t<\/div>\n\t\t\t<\/div>\n\n\t\n\n<\/div>\n\n  \n    <div class=\"row  lightbox-multi-gallery large-columns-4 medium-columns-3 small-columns-2 row-xsmall\">\n          <div class=\"gallery-col col\" >\n          <div class=\"col-inner\">\n            <a class=\"\" href=\"https:\/\/osmangaziokullari.com\/camlica-k\/wp-content\/uploads\/2020\/07\/strateji-akil-100.jpg\" title=\"\">            <div class=\"box has-hover gallery-box box-none\">\n              <div class=\"box-image image-cover\" style=\"padding-top:56.25%;\">\n                <img width=\"218\" height=\"300\" src=\"https:\/\/osmangaziokullari.com\/camlica-k\/wp-content\/uploads\/2020\/07\/strateji-akil-100-218x300.jpg\" class=\"attachment-medium size-medium\" alt=\"\" loading=\"lazy\" ids=\"380,381,382,383,384,385,386,387\" style=\"none\" lightbox_image_size=\"original\" col_spacing=\"xsmall\" image_height=\"56.25%\" srcset=\"https:\/\/osmangaziokullari.com\/camlica-k\/wp-content\/uploads\/2020\/07\/strateji-akil-100-218x300.jpg 218w, https:\/\/osmangaziokullari.com\/camlica-k\/wp-content\/uploads\/2020\/07\/strateji-akil-100.jpg 436w\" sizes=\"(max-width: 218px) 100vw, 218px\" \/>                                                              <\/div>\n              <div class=\"box-text text-left\" >\n                 <p><\/p>\n              <\/div>\n            <\/div>\n            <\/a>          <\/div>\n         <\/div>\n                 <div class=\"gallery-col col\" >\n          <div class=\"col-inner\">\n            <a class=\"\" href=\"https:\/\/osmangaziokullari.com\/camlica-k\/wp-content\/uploads\/2020\/07\/strateji-akil-101.jpg\" title=\"\">            <div class=\"box has-hover gallery-box box-none\">\n              <div class=\"box-image image-cover\" style=\"padding-top:56.25%;\">\n                <img width=\"300\" height=\"200\" src=\"https:\/\/osmangaziokullari.com\/camlica-k\/wp-content\/uploads\/2020\/07\/strateji-akil-101-300x200.jpg\" class=\"attachment-medium size-medium\" alt=\"\" loading=\"lazy\" ids=\"380,381,382,383,384,385,386,387\" style=\"none\" lightbox_image_size=\"original\" col_spacing=\"xsmall\" image_height=\"56.25%\" srcset=\"https:\/\/osmangaziokullari.com\/camlica-k\/wp-content\/uploads\/2020\/07\/strateji-akil-101-300x200.jpg 300w, https:\/\/osmangaziokullari.com\/camlica-k\/wp-content\/uploads\/2020\/07\/strateji-akil-101-768x511.jpg 768w, https:\/\/osmangaziokullari.com\/camlica-k\/wp-content\/uploads\/2020\/07\/strateji-akil-101-510x339.jpg 510w, https:\/\/osmangaziokullari.com\/camlica-k\/wp-content\/uploads\/2020\/07\/strateji-akil-101.jpg 800w\" sizes=\"(max-width: 300px) 100vw, 300px\" \/>                                                              <\/div>\n              <div class=\"box-text text-left\" >\n                 <p><\/p>\n              <\/div>\n            <\/div>\n            <\/a>          <\/div>\n         <\/div>\n                 <div class=\"gallery-col col\" >\n          <div class=\"col-inner\">\n            <a class=\"\" href=\"https:\/\/osmangaziokullari.com\/camlica-k\/wp-content\/uploads\/2020\/07\/strateji-akil-102.jpg\" title=\"\">            <div class=\"box has-hover gallery-box box-none\">\n              <div class=\"box-image image-cover\" style=\"padding-top:56.25%;\">\n                <img width=\"300\" height=\"200\" src=\"https:\/\/osmangaziokullari.com\/camlica-k\/wp-content\/uploads\/2020\/07\/strateji-akil-102-300x200.jpg\" class=\"attachment-medium size-medium\" alt=\"\" loading=\"lazy\" ids=\"380,381,382,383,384,385,386,387\" style=\"none\" lightbox_image_size=\"original\" col_spacing=\"xsmall\" image_height=\"56.25%\" srcset=\"https:\/\/osmangaziokullari.com\/camlica-k\/wp-content\/uploads\/2020\/07\/strateji-akil-102-300x200.jpg 300w, https:\/\/osmangaziokullari.com\/camlica-k\/wp-content\/uploads\/2020\/07\/strateji-akil-102-768x511.jpg 768w, https:\/\/osmangaziokullari.com\/camlica-k\/wp-content\/uploads\/2020\/07\/strateji-akil-102-510x339.jpg 510w, https:\/\/osmangaziokullari.com\/camlica-k\/wp-content\/uploads\/2020\/07\/strateji-akil-102.jpg 800w\" sizes=\"(max-width: 300px) 100vw, 300px\" \/>                                                              <\/div>\n              <div class=\"box-text text-left\" >\n                 <p><\/p>\n              <\/div>\n            <\/div>\n            <\/a>          <\/div>\n         <\/div>\n                 <div class=\"gallery-col col\" >\n          <div class=\"col-inner\">\n            <a class=\"\" href=\"https:\/\/osmangaziokullari.com\/camlica-k\/wp-content\/uploads\/2020\/07\/strateji-akil-103.jpg\" title=\"\">            <div class=\"box has-hover gallery-box box-none\">\n              <div class=\"box-image image-cover\" style=\"padding-top:56.25%;\">\n                <img width=\"300\" height=\"200\" src=\"https:\/\/osmangaziokullari.com\/camlica-k\/wp-content\/uploads\/2020\/07\/strateji-akil-103-300x200.jpg\" class=\"attachment-medium size-medium\" alt=\"\" loading=\"lazy\" ids=\"380,381,382,383,384,385,386,387\" style=\"none\" lightbox_image_size=\"original\" col_spacing=\"xsmall\" image_height=\"56.25%\" srcset=\"https:\/\/osmangaziokullari.com\/camlica-k\/wp-content\/uploads\/2020\/07\/strateji-akil-103-300x200.jpg 300w, https:\/\/osmangaziokullari.com\/camlica-k\/wp-content\/uploads\/2020\/07\/strateji-akil-103-510x339.jpg 510w, https:\/\/osmangaziokullari.com\/camlica-k\/wp-content\/uploads\/2020\/07\/strateji-akil-103.jpg 768w\" sizes=\"(max-width: 300px) 100vw, 300px\" \/>                                                              <\/div>\n              <div class=\"box-text text-left\" >\n                 <p><\/p>\n              <\/div>\n            <\/div>\n            <\/a>          <\/div>\n         <\/div>\n                 <div class=\"gallery-col col\" >\n          <div class=\"col-inner\">\n            <a class=\"\" href=\"https:\/\/osmangaziokullari.com\/camlica-k\/wp-content\/uploads\/2020\/07\/strateji-akil-104.jpg\" title=\"\">            <div class=\"box has-hover gallery-box box-none\">\n              <div class=\"box-image image-cover\" style=\"padding-top:56.25%;\">\n                <img width=\"300\" height=\"225\" src=\"https:\/\/osmangaziokullari.com\/camlica-k\/wp-content\/uploads\/2020\/07\/strateji-akil-104-300x225.jpg\" class=\"attachment-medium size-medium\" alt=\"\" loading=\"lazy\" ids=\"380,381,382,383,384,385,386,387\" style=\"none\" lightbox_image_size=\"original\" col_spacing=\"xsmall\" image_height=\"56.25%\" srcset=\"https:\/\/osmangaziokullari.com\/camlica-k\/wp-content\/uploads\/2020\/07\/strateji-akil-104-300x225.jpg 300w, https:\/\/osmangaziokullari.com\/camlica-k\/wp-content\/uploads\/2020\/07\/strateji-akil-104.jpg 400w\" sizes=\"(max-width: 300px) 100vw, 300px\" \/>                                                              <\/div>\n              <div class=\"box-text text-left\" >\n                 <p><\/p>\n              <\/div>\n            <\/div>\n            <\/a>          <\/div>\n         <\/div>\n                 <div class=\"gallery-col col\" >\n          <div class=\"col-inner\">\n            <a class=\"\" href=\"https:\/\/osmangaziokullari.com\/camlica-k\/wp-content\/uploads\/2020\/07\/strateji-akil-105.jpg\" title=\"\">            <div class=\"box has-hover gallery-box box-none\">\n              <div class=\"box-image image-cover\" style=\"padding-top:56.25%;\">\n                <img width=\"300\" height=\"225\" src=\"https:\/\/osmangaziokullari.com\/camlica-k\/wp-content\/uploads\/2020\/07\/strateji-akil-105-300x225.jpg\" class=\"attachment-medium size-medium\" alt=\"\" loading=\"lazy\" ids=\"380,381,382,383,384,385,386,387\" style=\"none\" lightbox_image_size=\"original\" col_spacing=\"xsmall\" image_height=\"56.25%\" srcset=\"https:\/\/osmangaziokullari.com\/camlica-k\/wp-content\/uploads\/2020\/07\/strateji-akil-105-300x225.jpg 300w, https:\/\/osmangaziokullari.com\/camlica-k\/wp-content\/uploads\/2020\/07\/strateji-akil-105.jpg 400w\" sizes=\"(max-width: 300px) 100vw, 300px\" \/>                                                              <\/div>\n              <div class=\"box-text text-left\" >\n                 <p><\/p>\n              <\/div>\n            <\/div>\n            <\/a>          <\/div>\n         <\/div>\n                 <div class=\"gallery-col col\" >\n          <div class=\"col-inner\">\n            <a class=\"\" href=\"https:\/\/osmangaziokullari.com\/camlica-k\/wp-content\/uploads\/2020\/07\/strateji-akil-106.jpg\" title=\"\">            <div class=\"box has-hover gallery-box box-none\">\n              <div class=\"box-image image-cover\" style=\"padding-top:56.25%;\">\n                <img width=\"300\" height=\"225\" src=\"https:\/\/osmangaziokullari.com\/camlica-k\/wp-content\/uploads\/2020\/07\/strateji-akil-106-300x225.jpg\" class=\"attachment-medium size-medium\" alt=\"\" loading=\"lazy\" ids=\"380,381,382,383,384,385,386,387\" style=\"none\" lightbox_image_size=\"original\" col_spacing=\"xsmall\" image_height=\"56.25%\" srcset=\"https:\/\/osmangaziokullari.com\/camlica-k\/wp-content\/uploads\/2020\/07\/strateji-akil-106-300x225.jpg 300w, https:\/\/osmangaziokullari.com\/camlica-k\/wp-content\/uploads\/2020\/07\/strateji-akil-106.jpg 400w\" sizes=\"(max-width: 300px) 100vw, 300px\" \/>                                                              <\/div>\n              <div class=\"box-text text-left\" >\n                 <p><\/p>\n              <\/div>\n            <\/div>\n            <\/a>          <\/div>\n         <\/div>\n                 <div class=\"gallery-col col\" >\n          <div class=\"col-inner\">\n            <a class=\"\" href=\"https:\/\/osmangaziokullari.com\/camlica-k\/wp-content\/uploads\/2020\/07\/strateji-akil-107.jpg\" title=\"\">            <div class=\"box has-hover gallery-box box-none\">\n              <div class=\"box-image image-cover\" style=\"padding-top:56.25%;\">\n                <img width=\"300\" height=\"200\" src=\"https:\/\/osmangaziokullari.com\/camlica-k\/wp-content\/uploads\/2020\/07\/strateji-akil-107.jpg\" class=\"attachment-medium size-medium\" alt=\"\" loading=\"lazy\" ids=\"380,381,382,383,384,385,386,387\" style=\"none\" lightbox_image_size=\"original\" col_spacing=\"xsmall\" image_height=\"56.25%\" \/>                                                              <\/div>\n              <div class=\"box-text text-left\" >\n                 <p><\/p>\n              <\/div>\n            <\/div>\n            <\/a>          <\/div>\n         <\/div>\n         <\/div>\n\n\n","protected":false},"excerpt":{"rendered":"","protected":false},"author":1,"featured_media":389,"parent":297,"menu_order":0,"comment_status":"closed","ping_status":"closed","template":"page-blank-sub-nav-vertical.php","meta":[],"_links":{"self":[{"href":"https:\/\/osmangaziokullari.com\/camlica-k\/wp-json\/wp\/v2\/pages\/365"}],"collection":[{"href":"https:\/\/osmangaziokullari.com\/camlica-k\/wp-json\/wp\/v2\/pages"}],"about":[{"href":"https:\/\/osmangaziokullari.com\/camlica-k\/wp-json\/wp\/v2\/types\/page"}],"author":[{"embeddable":true,"href":"https:\/\/osmangaziokullari.com\/camlica-k\/wp-json\/wp\/v2\/users\/1"}],"replies":[{"embeddable":true,"href":"https:\/\/osmangaziokullari.com\/camlica-k\/wp-json\/wp\/v2\/comments?post=365"}],"version-history":[{"count":0,"href":"https:\/\/osmangaziokullari.com\/camlica-k\/wp-json\/wp\/v2\/pages\/365\/revisions"}],"up":[{"embeddable":true,"href":"https:\/\/osmangaziokullari.com\/camlica-k\/wp-json\/wp\/v2\/pages\/297"}],"wp:featuredmedia":[{"embeddable":true,"href":"https:\/\/osmangaziokullari.com\/camlica-k\/wp-json\/wp\/v2\/media\/389"}],"wp:attachment":[{"href":"https:\/\/osmangaziokullari.com\/camlica-k\/wp-json\/wp\/v2\/media?parent=365"}],"curies":[{"name":"wp","href":"https:\/\/api.w.org\/{rel}","templated":true}]}}