{"id":2451,"date":"2020-08-08T23:20:05","date_gmt":"2020-08-08T20:20:05","guid":{"rendered":"http:\/\/46.101.184.248\/?page_id=1601"},"modified":"2020-08-08T23:20:05","modified_gmt":"2020-08-08T20:20:05","slug":"yetenekli-eller-atolyesi","status":"publish","type":"page","link":"https:\/\/osmangaziokullari.com\/camlica-k\/yetenek-atolyeleri\/yetenekli-eller-atolyesi\/","title":{"rendered":"Yetenekli Eller At\u00f6lyesi"},"content":{"rendered":"\n<div class=\"row\"  id=\"row-149894953\">\n\n\n\t<div id=\"col-328722069\" class=\"col small-12 large-12\"  >\n\t\t<div class=\"col-inner\"  >\n\t\t\t\n\t\t\t\n\n<p class=\"lead\">1, 2, 3, 4, 5, 6 ve 7. s\u0131n\u0131f seviyelerinde 15 \u00f6\u011frenci kontenjan\u0131ndan olu\u015fur.<\/p>\n\n\t\t<\/div>\n\t\t\t<\/div>\n\n\t\n\n\t<div id=\"col-874023172\" class=\"col small-12 large-12\"  >\n\t\t<div class=\"col-inner\"  >\n\t\t\t\n\t\t\t\n\n<p>Yetenekli Eller Kul\u00fcb\u00fc \u00f6\u011frencilerimizle hayal g\u00fc\u00e7lerini renge, \u00fc\u00e7 boyuta ta\u015f\u0131yabilecekleri, at\u0131k materyaller ve do\u011fal maddelerle yarat\u0131c\u0131l\u0131klar\u0131n\u0131 g\u00fc\u00e7lendirebilecekleri ve kendilerini \u00f6zg\u00fcrce ifade edebilecekleri etkinlikler ger\u00e7ekle\u015ftirece\u011fiz.<\/p>\n\n\t\t<\/div>\n\t\t\t<\/div>\n\n\t\n\n\t<div id=\"col-423711816\" class=\"col small-12 large-12\"  >\n\t\t<div class=\"col-inner\"  >\n\t\t\t\n\t\t\t\n\n\t<div id=\"gap-1048554247\" class=\"gap-element clearfix\" style=\"display:block; height:auto;\">\n\t\t\n<style>\n#gap-1048554247 {\n  padding-top: 30px;\n}\n<\/style>\n\t<\/div>\n\t\n\n\n  \n    <div class=\"row  lightbox-multi-gallery large-columns-3 medium-columns- small-columns-2 row-xsmall\">\n          <div class=\"gallery-col col\" >\n          <div class=\"col-inner\">\n            <a class=\"\" href=\"https:\/\/osmangaziokullari.com\/camlica-k\/wp-content\/uploads\/2020\/08\/yetenekli-eller-atolyesi003.jpg\" title=\"\">            <div class=\"box has-hover gallery-box box-overlay dark\">\n              <div class=\"box-image image-cover\" style=\"padding-top:75%;\">\n                <img width=\"663\" height=\"600\" src=\"https:\/\/osmangaziokullari.com\/camlica-k\/wp-content\/uploads\/2020\/08\/yetenekli-eller-atolyesi003.jpg\" class=\"attachment-original size-original\" alt=\"\" loading=\"lazy\" ids=\"1607,1605,1606\" lightbox_image_size=\"original\" col_spacing=\"xsmall\" columns=\"3\" image_height=\"75%\" image_size=\"original\" srcset=\"https:\/\/osmangaziokullari.com\/camlica-k\/wp-content\/uploads\/2020\/08\/yetenekli-eller-atolyesi003.jpg 663w, https:\/\/osmangaziokullari.com\/camlica-k\/wp-content\/uploads\/2020\/08\/yetenekli-eller-atolyesi003-300x271.jpg 300w, https:\/\/osmangaziokullari.com\/camlica-k\/wp-content\/uploads\/2020\/08\/yetenekli-eller-atolyesi003-510x462.jpg 510w\" sizes=\"(max-width: 663px) 100vw, 663px\" \/>                                  <div class=\"overlay fill\"\n                      style=\"background-color: rgba(0,0,0,.15)\">\n                  <\/div>\n                                                              <\/div>\n              <div class=\"box-text text-left\" >\n                 <p><\/p>\n              <\/div>\n            <\/div>\n            <\/a>          <\/div>\n         <\/div>\n                 <div class=\"gallery-col col\" >\n          <div class=\"col-inner\">\n            <a class=\"\" href=\"https:\/\/osmangaziokullari.com\/camlica-k\/wp-content\/uploads\/2020\/08\/yetenekli-eller-atolyesi001.jpg\" title=\"\">            <div class=\"box has-hover gallery-box box-overlay dark\">\n              <div class=\"box-image image-cover\" style=\"padding-top:75%;\">\n                <img width=\"796\" height=\"600\" src=\"https:\/\/osmangaziokullari.com\/camlica-k\/wp-content\/uploads\/2020\/08\/yetenekli-eller-atolyesi001.jpg\" class=\"attachment-original size-original\" alt=\"\" loading=\"lazy\" ids=\"1607,1605,1606\" lightbox_image_size=\"original\" col_spacing=\"xsmall\" columns=\"3\" image_height=\"75%\" image_size=\"original\" srcset=\"https:\/\/osmangaziokullari.com\/camlica-k\/wp-content\/uploads\/2020\/08\/yetenekli-eller-atolyesi001.jpg 796w, https:\/\/osmangaziokullari.com\/camlica-k\/wp-content\/uploads\/2020\/08\/yetenekli-eller-atolyesi001-300x226.jpg 300w, https:\/\/osmangaziokullari.com\/camlica-k\/wp-content\/uploads\/2020\/08\/yetenekli-eller-atolyesi001-768x579.jpg 768w, https:\/\/osmangaziokullari.com\/camlica-k\/wp-content\/uploads\/2020\/08\/yetenekli-eller-atolyesi001-510x384.jpg 510w\" sizes=\"(max-width: 796px) 100vw, 796px\" \/>                                  <div class=\"overlay fill\"\n                      style=\"background-color: rgba(0,0,0,.15)\">\n                  <\/div>\n                                                              <\/div>\n              <div class=\"box-text text-left\" >\n                 <p><\/p>\n              <\/div>\n            <\/div>\n            <\/a>          <\/div>\n         <\/div>\n                 <div class=\"gallery-col col\" >\n          <div class=\"col-inner\">\n            <a class=\"\" href=\"https:\/\/osmangaziokullari.com\/camlica-k\/wp-content\/uploads\/2020\/08\/yetenekli-eller-atolyesi002.jpg\" title=\"\">            <div class=\"box has-hover gallery-box box-overlay dark\">\n              <div class=\"box-image image-cover\" style=\"padding-top:75%;\">\n                <img width=\"547\" height=\"600\" src=\"https:\/\/osmangaziokullari.com\/camlica-k\/wp-content\/uploads\/2020\/08\/yetenekli-eller-atolyesi002.jpg\" class=\"attachment-original size-original\" alt=\"\" loading=\"lazy\" ids=\"1607,1605,1606\" lightbox_image_size=\"original\" col_spacing=\"xsmall\" columns=\"3\" image_height=\"75%\" image_size=\"original\" srcset=\"https:\/\/osmangaziokullari.com\/camlica-k\/wp-content\/uploads\/2020\/08\/yetenekli-eller-atolyesi002.jpg 547w, https:\/\/osmangaziokullari.com\/camlica-k\/wp-content\/uploads\/2020\/08\/yetenekli-eller-atolyesi002-274x300.jpg 274w, https:\/\/osmangaziokullari.com\/camlica-k\/wp-content\/uploads\/2020\/08\/yetenekli-eller-atolyesi002-510x559.jpg 510w\" sizes=\"(max-width: 547px) 100vw, 547px\" \/>                                  <div class=\"overlay fill\"\n                      style=\"background-color: rgba(0,0,0,.15)\">\n                  <\/div>\n                                                              <\/div>\n              <div class=\"box-text text-left\" >\n                 <p><\/p>\n              <\/div>\n            <\/div>\n            <\/a>          <\/div>\n         <\/div>\n         <\/div>\n\n\n\t\t<\/div>\n\t\t\t<\/div>\n\n\t\n\n<\/div>\n\t<div id=\"gap-1171898298\" class=\"gap-element clearfix\" style=\"display:block; height:auto;\">\n\t\t\n<style>\n#gap-1171898298 {\n  padding-top: 95px;\n}\n<\/style>\n\t<\/div>\n\t\n\n\n  \n    <div class=\"row large-columns-3 medium-columns-1 small-columns-1\">\n  <\/div>\n\n\n","protected":false},"excerpt":{"rendered":"","protected":false},"author":1,"featured_media":1606,"parent":297,"menu_order":0,"comment_status":"closed","ping_status":"closed","template":"page-blank-sub-nav-vertical.php","meta":[],"_links":{"self":[{"href":"https:\/\/osmangaziokullari.com\/camlica-k\/wp-json\/wp\/v2\/pages\/2451"}],"collection":[{"href":"https:\/\/osmangaziokullari.com\/camlica-k\/wp-json\/wp\/v2\/pages"}],"about":[{"href":"https:\/\/osmangaziokullari.com\/camlica-k\/wp-json\/wp\/v2\/types\/page"}],"author":[{"embeddable":true,"href":"https:\/\/osmangaziokullari.com\/camlica-k\/wp-json\/wp\/v2\/users\/1"}],"replies":[{"embeddable":true,"href":"https:\/\/osmangaziokullari.com\/camlica-k\/wp-json\/wp\/v2\/comments?post=2451"}],"version-history":[{"count":0,"href":"https:\/\/osmangaziokullari.com\/camlica-k\/wp-json\/wp\/v2\/pages\/2451\/revisions"}],"up":[{"embeddable":true,"href":"https:\/\/osmangaziokullari.com\/camlica-k\/wp-json\/wp\/v2\/pages\/297"}],"wp:featuredmedia":[{"embeddable":true,"href":"https:\/\/osmangaziokullari.com\/camlica-k\/wp-json\/wp\/v2\/media\/1606"}],"wp:attachment":[{"href":"https:\/\/osmangaziokullari.com\/camlica-k\/wp-json\/wp\/v2\/media?parent=2451"}],"curies":[{"name":"wp","href":"https:\/\/api.w.org\/{rel}","templated":true}]}}