{"id":2449,"date":"2020-07-26T14:00:24","date_gmt":"2020-07-26T11:00:24","guid":{"rendered":"http:\/\/46.101.184.248\/?page_id=1047"},"modified":"2020-07-26T14:00:24","modified_gmt":"2020-07-26T11:00:24","slug":"okul-servisi","status":"publish","type":"page","link":"https:\/\/osmangaziokullari.com\/camlica-k\/okulumuz\/okul-servisi\/","title":{"rendered":"Okul Servisi"},"content":{"rendered":"\n<div class=\"row\"  id=\"row-791564996\">\n\n\n\t<div id=\"col-953655324\" class=\"col medium-6 small-12 large-6\"  >\n\t\t<div class=\"col-inner\"  >\n\t\t\t\n\t\t\t\n\n<div class=\"is-divider divider clearfix\" ><\/div>\n\n<p class=\"lead\">\u00d6\u011frencilerimizin ula\u015f\u0131m\u0131 Osmanl\u0131 Turizm servis firmas\u0131 taraf\u0131ndan sa\u011flanmaktad\u0131r.<\/p>\n\n\t\t<\/div>\n\t\t\t<\/div>\n\n\t\n\n\t<div id=\"col-1680093221\" class=\"col medium-6 small-12 large-6\"  >\n\t\t<div class=\"col-inner\"  >\n\t\t\t\n\t\t\t\n\n\t<div class=\"img has-hover x md-x lg-x y md-y lg-y\" id=\"image_1579098758\">\n\t\t\t\t\t\t\t\t<div class=\"img-inner image-cover dark\" style=\"padding-top:56.25%;\">\n\t\t\t<img width=\"1020\" height=\"574\" src=\"https:\/\/osmangaziokullari.com\/camlica-k\/wp-content\/uploads\/2020\/07\/okul-servisi-1024x576.jpg\" class=\"attachment-large size-large\" alt=\"\" loading=\"lazy\" srcset=\"https:\/\/osmangaziokullari.com\/camlica-k\/wp-content\/uploads\/2020\/07\/okul-servisi-1024x576.jpg 1024w, https:\/\/osmangaziokullari.com\/camlica-k\/wp-content\/uploads\/2020\/07\/okul-servisi-300x169.jpg 300w, https:\/\/osmangaziokullari.com\/camlica-k\/wp-content\/uploads\/2020\/07\/okul-servisi-768x432.jpg 768w, https:\/\/osmangaziokullari.com\/camlica-k\/wp-content\/uploads\/2020\/07\/okul-servisi-510x287.jpg 510w, https:\/\/osmangaziokullari.com\/camlica-k\/wp-content\/uploads\/2020\/07\/okul-servisi.jpg 1440w\" sizes=\"(max-width: 1020px) 100vw, 1020px\" \/>\t\t\t\t\t\t\n\t\t\t\t\t<\/div>\n\t\t\t\t\t\t\t\t\n<style>\n#image_1579098758 {\n  width: 100%;\n}\n<\/style>\n\t<\/div>\n\t\n\n\n\t\t<\/div>\n\t\t\t<\/div>\n\n\t\n\n\t<div id=\"col-1928301234\" class=\"col small-12 large-12\"  >\n\t\t<div class=\"col-inner\"  >\n\t\t\t\n\t\t\t\n\n<p>Ula\u015f\u0131m g\u00fcvenli\u011fi ise GPS sistemi \u00fczerinden takip edilmektedirServisler 5 ya\u015f\u0131ndan gen\u00e7 ve kara yollar\u0131 trafik kanunu ile okul servis ara\u00e7lar\u0131 hizmet y\u00f6netmeli\u011fine uygun donan\u0131ml\u0131 olan ara\u00e7lardan se\u00e7ilmi\u015ftir.<\/p>\n<p>Servis \u015fof\u00f6rleri adli kontrolden ge\u00e7irilmi\u015f en az 5 y\u0131ll\u0131k tecr\u00fcbesi olan ve son 5 y\u0131l i\u00e7erisinde a\u011f\u0131r trafik su\u00e7u i\u015flememi\u015f, psikoteknik testlerden ba\u015far\u0131yla ge\u00e7mi\u015f s\u00fcr\u00fcc\u00fclerden se\u00e7ilmektedir.Servis hostesleri de m\u00fclakat g\u00f6r\u00fc\u015fmelerinden ba\u015far\u0131yla ge\u00e7en ve e\u011fitilen personellerden olu\u015fmaktad\u0131r.<\/p>\n\n\t\t<\/div>\n\t\t\t<\/div>\n\n\t\n\n<\/div>\n<div class=\"container section-title-container\" ><h3 class=\"section-title section-title-normal\"><b><\/b><span class=\"section-title-main\" >Okullar\u0131m\u0131z\u0131n Konumlar\u0131<\/span><b><\/b><\/h3><\/div>\n\n<div class=\"row\"  id=\"row-1547104565\">\n\n\n\t<div id=\"col-210962136\" class=\"col medium-6 small-12 large-6\"  >\n\t\t<div class=\"col-inner\"  >\n\t\t\t\n\t\t\t\n\n\t<div class=\"box has-hover   has-hover box-shadow-2 box-push box-text-bottom\" >\n\n\t\t<div class=\"box-image\" >\n\t\t\t\t\t\t<div class=\"image-cover\" style=\"padding-top:75%;\">\n\t\t\t\t<img width=\"422\" height=\"422\" src=\"https:\/\/osmangaziokullari.com\/camlica-k\/wp-content\/uploads\/2020\/07\/osmangazi-okullari-101.jpg\" class=\"attachment- size-\" alt=\"\" loading=\"lazy\" srcset=\"https:\/\/osmangaziokullari.com\/camlica-k\/wp-content\/uploads\/2020\/07\/osmangazi-okullari-101.jpg 422w, https:\/\/osmangaziokullari.com\/camlica-k\/wp-content\/uploads\/2020\/07\/osmangazi-okullari-101-300x300.jpg 300w, https:\/\/osmangaziokullari.com\/camlica-k\/wp-content\/uploads\/2020\/07\/osmangazi-okullari-101-150x150.jpg 150w, https:\/\/osmangaziokullari.com\/camlica-k\/wp-content\/uploads\/2020\/07\/osmangazi-okullari-101-250x250.jpg 250w, https:\/\/osmangaziokullari.com\/camlica-k\/wp-content\/uploads\/2020\/07\/osmangazi-okullari-101-100x100.jpg 100w\" sizes=\"(max-width: 422px) 100vw, 422px\" \/>\t\t\t\t\t\t\t\t\t\t\t<\/div>\n\t\t\t\t\t<\/div>\n\n\t\t<div class=\"box-text text-center\" >\n\t\t\t<div class=\"box-text-inner\">\n\t\t\t\t\n\n<h4>\u00c7aml\u0131ca Kamp\u00fcs\u00fc<\/h4>\n<p>Ertu\u011frul Mahallesi Savc\u0131 Do\u011fan \u00d6z Caddesi No:4 Nil\u00fcfer \/ BURSA<\/p>\n<a class=\"button primary is-underline\"  >\n    <span>Yol Tarifi<\/span>\n  <i class=\"icon-map-pin-fill\" ><\/i><\/a>\n\n\n\n\t\t\t<\/div>\n\t\t<\/div>\n\t<\/div>\n\t\n\n\t\t<\/div>\n\t\t\t<\/div>\n\n\t\n\n\t<div id=\"col-874872725\" class=\"col medium-6 small-12 large-6\"  >\n\t\t<div class=\"col-inner\"  >\n\t\t\t\n\t\t\t\n\n\t<div class=\"box has-hover   has-hover box-shadow-2 box-push box-text-bottom\" >\n\n\t\t<div class=\"box-image\" >\n\t\t\t\t\t\t<div class=\"image-cover\" style=\"padding-top:75%;\">\n\t\t\t\t<img width=\"422\" height=\"422\" src=\"https:\/\/osmangaziokullari.com\/camlica-k\/wp-content\/uploads\/2020\/07\/osmangazi-okullari-100-1.jpg\" class=\"attachment- size-\" alt=\"\" loading=\"lazy\" srcset=\"https:\/\/osmangaziokullari.com\/camlica-k\/wp-content\/uploads\/2020\/07\/osmangazi-okullari-100-1.jpg 422w, https:\/\/osmangaziokullari.com\/camlica-k\/wp-content\/uploads\/2020\/07\/osmangazi-okullari-100-1-300x300.jpg 300w, https:\/\/osmangaziokullari.com\/camlica-k\/wp-content\/uploads\/2020\/07\/osmangazi-okullari-100-1-150x150.jpg 150w, https:\/\/osmangaziokullari.com\/camlica-k\/wp-content\/uploads\/2020\/07\/osmangazi-okullari-100-1-250x250.jpg 250w, https:\/\/osmangaziokullari.com\/camlica-k\/wp-content\/uploads\/2020\/07\/osmangazi-okullari-100-1-100x100.jpg 100w\" sizes=\"(max-width: 422px) 100vw, 422px\" \/>\t\t\t\t\t\t\t\t\t\t\t<\/div>\n\t\t\t\t\t<\/div>\n\n\t\t<div class=\"box-text text-center\" >\n\t\t\t<div class=\"box-text-inner\">\n\t\t\t\t\n\n<h4>\u00c7aml\u0131ca Kamp\u00fcs\u00fc<\/h4>\n<p>Ertu\u011frul Mahallesi Savc\u0131 Do\u011fan \u00d6z Caddesi No:4 Nil\u00fcfer \/ BURSA<\/p>\n<a class=\"button primary is-underline\"  >\n    <span>Yol Tarifi<\/span>\n  <i class=\"icon-map-pin-fill\" ><\/i><\/a>\n\n\n\n\t\t\t<\/div>\n\t\t<\/div>\n\t<\/div>\n\t\n\n\t\t<\/div>\n\t\t\t<\/div>\n\n\t\n\n\t<div id=\"col-2099214117\" class=\"col medium-6 small-12 large-6\"  >\n\t\t<div class=\"col-inner\"  >\n\t\t\t\n\t\t\t\n\n\t<div class=\"box has-hover   has-hover box-shadow-2 box-push box-text-bottom\" >\n\n\t\t<div class=\"box-image\" >\n\t\t\t\t\t\t<div class=\"image-cover\" style=\"padding-top:75%;\">\n\t\t\t\t<img width=\"450\" height=\"450\" src=\"https:\/\/osmangaziokullari.com\/camlica-k\/wp-content\/uploads\/2020\/07\/osmangazi-okullari-102.jpg\" class=\"attachment- size-\" alt=\"\" loading=\"lazy\" srcset=\"https:\/\/osmangaziokullari.com\/camlica-k\/wp-content\/uploads\/2020\/07\/osmangazi-okullari-102.jpg 450w, https:\/\/osmangaziokullari.com\/camlica-k\/wp-content\/uploads\/2020\/07\/osmangazi-okullari-102-300x300.jpg 300w, https:\/\/osmangaziokullari.com\/camlica-k\/wp-content\/uploads\/2020\/07\/osmangazi-okullari-102-150x150.jpg 150w, https:\/\/osmangaziokullari.com\/camlica-k\/wp-content\/uploads\/2020\/07\/osmangazi-okullari-102-250x250.jpg 250w, https:\/\/osmangaziokullari.com\/camlica-k\/wp-content\/uploads\/2020\/07\/osmangazi-okullari-102-100x100.jpg 100w\" sizes=\"(max-width: 450px) 100vw, 450px\" \/>\t\t\t\t\t\t\t\t\t\t\t<\/div>\n\t\t\t\t\t<\/div>\n\n\t\t<div class=\"box-text text-center\" >\n\t\t\t<div class=\"box-text-inner\">\n\t\t\t\t\n\n<h4>\u00c7aml\u0131ca Kamp\u00fcs\u00fc<\/h4>\n<p>Ertu\u011frul Mahallesi Savc\u0131 Do\u011fan \u00d6z Caddesi No:4 Nil\u00fcfer \/ BURSA<\/p>\n<a class=\"button primary is-underline\"  >\n    <span>Yol Tarifi<\/span>\n  <i class=\"icon-map-pin-fill\" ><\/i><\/a>\n\n\n\n\t\t\t<\/div>\n\t\t<\/div>\n\t<\/div>\n\t\n\n\t\t<\/div>\n\t\t\t<\/div>\n\n\t\n\n\t<div id=\"col-668618831\" class=\"col medium-6 small-12 large-6\"  >\n\t\t<div class=\"col-inner\"  >\n\t\t\t\n\t\t\t\n\n\t<div class=\"box has-hover   has-hover box-shadow-2 box-push box-text-bottom\" >\n\n\t\t<div class=\"box-image\" >\n\t\t\t\t\t\t<div class=\"image-cover\" style=\"padding-top:75%;\">\n\t\t\t\t<img width=\"400\" height=\"400\" src=\"https:\/\/osmangaziokullari.com\/camlica-k\/wp-content\/uploads\/2020\/07\/osmangazi-okullari-103.jpg\" class=\"attachment- size-\" alt=\"\" loading=\"lazy\" srcset=\"https:\/\/osmangaziokullari.com\/camlica-k\/wp-content\/uploads\/2020\/07\/osmangazi-okullari-103.jpg 400w, https:\/\/osmangaziokullari.com\/camlica-k\/wp-content\/uploads\/2020\/07\/osmangazi-okullari-103-300x300.jpg 300w, https:\/\/osmangaziokullari.com\/camlica-k\/wp-content\/uploads\/2020\/07\/osmangazi-okullari-103-150x150.jpg 150w, https:\/\/osmangaziokullari.com\/camlica-k\/wp-content\/uploads\/2020\/07\/osmangazi-okullari-103-250x250.jpg 250w, https:\/\/osmangaziokullari.com\/camlica-k\/wp-content\/uploads\/2020\/07\/osmangazi-okullari-103-100x100.jpg 100w\" sizes=\"(max-width: 400px) 100vw, 400px\" \/>\t\t\t\t\t\t\t\t\t\t\t<\/div>\n\t\t\t\t\t<\/div>\n\n\t\t<div class=\"box-text text-center\" >\n\t\t\t<div class=\"box-text-inner\">\n\t\t\t\t\n\n<h4>\u00c7aml\u0131ca Kamp\u00fcs\u00fc<\/h4>\n<p>Ertu\u011frul Mahallesi Savc\u0131 Do\u011fan \u00d6z Caddesi No:4 Nil\u00fcfer \/ BURSA<\/p>\n<a class=\"button primary is-underline\"  >\n    <span>Yol Tarifi<\/span>\n  <i class=\"icon-map-pin-fill\" ><\/i><\/a>\n\n\n\n\t\t\t<\/div>\n\t\t<\/div>\n\t<\/div>\n\t\n\n\t\t<\/div>\n\t\t\t<\/div>\n\n\t\n\n<\/div>\n\n","protected":false},"excerpt":{"rendered":"","protected":false},"author":1,"featured_media":1070,"parent":2445,"menu_order":0,"comment_status":"closed","ping_status":"closed","template":"page-blank-sub-nav-vertical.php","meta":[],"_links":{"self":[{"href":"https:\/\/osmangaziokullari.com\/camlica-k\/wp-json\/wp\/v2\/pages\/2449"}],"collection":[{"href":"https:\/\/osmangaziokullari.com\/camlica-k\/wp-json\/wp\/v2\/pages"}],"about":[{"href":"https:\/\/osmangaziokullari.com\/camlica-k\/wp-json\/wp\/v2\/types\/page"}],"author":[{"embeddable":true,"href":"https:\/\/osmangaziokullari.com\/camlica-k\/wp-json\/wp\/v2\/users\/1"}],"replies":[{"embeddable":true,"href":"https:\/\/osmangaziokullari.com\/camlica-k\/wp-json\/wp\/v2\/comments?post=2449"}],"version-history":[{"count":0,"href":"https:\/\/osmangaziokullari.com\/camlica-k\/wp-json\/wp\/v2\/pages\/2449\/revisions"}],"up":[{"embeddable":true,"href":"https:\/\/osmangaziokullari.com\/camlica-k\/wp-json\/wp\/v2\/pages\/2445"}],"wp:featuredmedia":[{"embeddable":true,"href":"https:\/\/osmangaziokullari.com\/camlica-k\/wp-json\/wp\/v2\/media\/1070"}],"wp:attachment":[{"href":"https:\/\/osmangaziokullari.com\/camlica-k\/wp-json\/wp\/v2\/media?parent=2449"}],"curies":[{"name":"wp","href":"https:\/\/api.w.org\/{rel}","templated":true}]}}