{"id":2098,"date":"2020-08-13T01:22:56","date_gmt":"2020-08-12T22:22:56","guid":{"rendered":"http:\/\/46.101.184.248\/?page_id=2098"},"modified":"2021-04-09T14:10:38","modified_gmt":"2021-04-09T14:10:38","slug":"iletisim-bilgileri","status":"publish","type":"page","link":"https:\/\/osmangaziokullari.com\/camlica-k\/iletisim-bilgileri\/","title":{"rendered":"\u0130leti\u015fim Bilgileri"},"content":{"rendered":"\n\t<section class=\"section\" id=\"section_344419964\">\n\t\t<div class=\"bg section-bg fill bg-fill  \" >\n\n\t\t\t\n\t\t\t<div class=\"section-bg-overlay absolute fill\"><\/div><div class=\"effect-sparkle bg-effect fill no-click\"><\/div>\n\t\t\t\n\n\t\t<\/div>\n\n\t\t<div class=\"section-content relative\">\n\t\t\t\n\n\t<div id=\"gap-617874585\" class=\"gap-element clearfix\" style=\"display:block; height:auto;\">\n\t\t\n<style>\n#gap-617874585 {\n  padding-top: 95px;\n}\n<\/style>\n\t<\/div>\n\t\n\n<div class=\"row align-center\"  id=\"row-1678486705\">\n\n\n\t<div id=\"col-636818813\" class=\"col medium-8 small-10 large-7\"  >\n\t\t<div class=\"col-inner text-center dark\"  >\n\t\t\t\n\t\t\t\n\n<h2 style=\"font-size: 100%;\">Bursa \u00d6zel Osmangazi Okullar\u0131<br><span style=\"font-size: 200%;\">\u00c7aml\u0131ca Kamp\u00fcs\u00fc<\/span><\/h2>\n<p>Bursa&#8217;da 4 Kamp\u00fcs\u00fc ile Osmangazi Okullar\u0131<\/p>\n\n\t\t<\/div>\n\t\t\t<\/div>\n\n\t\n\n<\/div>\n\t<div id=\"gap-672492658\" class=\"gap-element clearfix\" style=\"display:block; height:auto;\">\n\t\t\n<style>\n#gap-672492658 {\n  padding-top: 100px;\n}\n<\/style>\n\t<\/div>\n\t\n\n\n\t\t<\/div>\n\n\t\t\n<style>\n#section_344419964 {\n  padding-top: 100px;\n  padding-bottom: 100px;\n  background-color: rgb(246, 246, 246);\n}\n#section_344419964 .section-bg-overlay {\n  background-color: rgba(29, 65, 116, 0.76);\n}\n#section_344419964 .section-bg.bg-loaded {\n  background-image: url(https:\/\/osmangaziokullari.com\/camlica-k\/wp-content\/uploads\/2020\/08\/888Artboard-13jpg.jpg);\n}\n<\/style>\n\t<\/section>\n\t\n<div class=\"row align-center\"  id=\"row-392879465\">\n\n\n\t<div id=\"col-191891227\" class=\"col medium-10 small-12 large-10\"  >\n\t\t<div class=\"col-inner\"  >\n\t\t\t\n\t\t\t\n\n<div class=\"container section-title-container\" style=\"max-width:400px;\"><h3 class=\"section-title section-title-center\"><b><\/b><span class=\"section-title-main\" style=\"font-size:70%;color:rgb(255, 255, 255);\">Kamp\u00fcs\u00fcm\u00fcz<\/span><b><\/b><\/h3><\/div>\n\n<div class=\"row\"  id=\"row-1743768026\">\n\n\n\t<div id=\"col-516156421\" class=\"col small-12 large-12\"  >\n\t\t<div class=\"col-inner\"  >\n\t\t\t\n\t\t\t\n\n\t<div class=\"box has-hover   has-hover box-text-bottom\" >\n\n\t\t<div class=\"box-image\" >\n\t\t\t\t\t\t<div class=\"image-cover\" style=\"padding-top:350px;\">\n\t\t\t\t<img width=\"800\" height=\"400\" src=\"https:\/\/osmangaziokullari.com\/camlica-k\/wp-content\/uploads\/2020\/06\/Lalebahc\u0327esi-Kampu\u0308su\u0308-4-ogt0tlarylj1qomv4xch7utegxwplh45uq3nbbck2o.jpg\" class=\"attachment- size-\" alt=\"\" loading=\"lazy\" srcset=\"https:\/\/osmangaziokullari.com\/camlica-k\/wp-content\/uploads\/2020\/06\/Lalebahc\u0327esi-Kampu\u0308su\u0308-4-ogt0tlarylj1qomv4xch7utegxwplh45uq3nbbck2o.jpg 800w, https:\/\/osmangaziokullari.com\/camlica-k\/wp-content\/uploads\/2020\/06\/Lalebahc\u0327esi-Kampu\u0308su\u0308-4-ogt0tlarylj1qomv4xch7utegxwplh45uq3nbbck2o-300x150.jpg 300w, https:\/\/osmangaziokullari.com\/camlica-k\/wp-content\/uploads\/2020\/06\/Lalebahc\u0327esi-Kampu\u0308su\u0308-4-ogt0tlarylj1qomv4xch7utegxwplh45uq3nbbck2o-768x384.jpg 768w, https:\/\/osmangaziokullari.com\/camlica-k\/wp-content\/uploads\/2020\/06\/Lalebahc\u0327esi-Kampu\u0308su\u0308-4-ogt0tlarylj1qomv4xch7utegxwplh45uq3nbbck2o-510x255.jpg 510w\" sizes=\"(max-width: 800px) 100vw, 800px\" \/>\t\t\t\t\t\t\t\t\t\t\t<\/div>\n\t\t\t\t\t<\/div>\n\n\t\t<div class=\"box-text text-center\" style=\"padding:20px 0px 0px 0px;\">\n\t\t\t<div class=\"box-text-inner\">\n\t\t\t\t\n\n<h6>\u00c7aml\u0131ca<\/h6>\n<h3>\u00c7aml\u0131ca Kamp\u00fcs\u00fc<\/h3>\n<p>\u00c7AMLICA MAH. ZAFER SOK. NO:3 N\u0130L\u00dcFER, BURSA<\/p>\n\t<div id=\"gap-659273177\" class=\"gap-element clearfix\" style=\"display:block; height:auto;\">\n\t\t\n<style>\n#gap-659273177 {\n  padding-top: 20px;\n}\n<\/style>\n\t<\/div>\n\t\n\n<h6>Kamp\u00fcs \u0130leti\u015fim<\/h6>\n<p>0224 413 45 55 &#8211; 2<br>bilgi@osmangazi.k12.tr<\/p>\n\n\t\t\t<\/div>\n\t\t<\/div>\n\t<\/div>\n\t\n\n\t\t<\/div>\n\t\t\t<\/div>\n\n\t\n\n<\/div>\n\n\t\t<\/div>\n\t\t\n<style>\n#col-191891227 > .col-inner {\n  margin: -150px 0px 0px 0px;\n}\n<\/style>\n\t<\/div>\n\n\t\n\n<\/div>\n<div class=\"row align-center\"  id=\"row-15197345\">\n\n\n\t<div id=\"col-954520375\" class=\"col medium-10 small-12 large-10\"  >\n\t\t<div class=\"col-inner\"  >\n\t\t\t\n\t\t\t\n\n\t<section class=\"section\" id=\"section_129956602\">\n\t\t<div class=\"bg section-bg fill bg-fill  bg-loaded\" >\n\n\t\t\t\n\t\t\t\n\t\t\t\n\t<div class=\"is-border\"\n\t\tstyle=\"border-color:rgb(235, 235, 235);border-width:1px 1px 1px 1px;\">\n\t<\/div>\n\n\t\t<\/div>\n\n\t\t<div class=\"section-content relative\">\n\t\t\t\n\n<div class=\"row row-large\"  id=\"row-215434314\">\n\n\n\t<div id=\"col-1607155338\" class=\"col medium-8 small-12 large-8\"  >\n\t\t<div class=\"col-inner\"  >\n\t\t\t\n\t\t\t\n\n<h3>Bize Ula\u015f\u0131n<\/h3>\n<p>A\u015fa\u011f\u0131daki formu doldurarak bize direk ula\u015fabilirsiniz.<\/p>\n<div role=\"form\" class=\"wpcf7\" id=\"wpcf7-f8-o1\" lang=\"en-US\" dir=\"ltr\">\n<div class=\"screen-reader-response\"><p role=\"status\" aria-live=\"polite\" aria-atomic=\"true\"><\/p> <ul><\/ul><\/div>\n<form action=\"\/camlica-k\/wp-json\/wp\/v2\/pages\/2098#wpcf7-f8-o1\" method=\"post\" class=\"wpcf7-form init\" novalidate=\"novalidate\" data-status=\"init\">\n<div style=\"display: none;\">\n<input type=\"hidden\" name=\"_wpcf7\" value=\"8\" \/>\n<input type=\"hidden\" name=\"_wpcf7_version\" value=\"5.3.2\" \/>\n<input type=\"hidden\" name=\"_wpcf7_locale\" value=\"en_US\" \/>\n<input type=\"hidden\" name=\"_wpcf7_unit_tag\" value=\"wpcf7-f8-o1\" \/>\n<input type=\"hidden\" name=\"_wpcf7_container_post\" value=\"0\" \/>\n<input type=\"hidden\" name=\"_wpcf7_posted_data_hash\" value=\"\" \/>\n<\/div>\n<div class=\"form-flat\">\n<span class=\"wpcf7-form-control-wrap your-name\"><input type=\"text\" name=\"your-name\" value=\"\" size=\"40\" class=\"wpcf7-form-control wpcf7-text wpcf7-validates-as-required\" aria-required=\"true\" aria-invalid=\"false\" placeholder=\"\u0130sminiz\" \/><\/span><\/p>\n<p><span class=\"wpcf7-form-control-wrap your-email\"><input type=\"email\" name=\"your-email\" value=\"\" size=\"40\" class=\"wpcf7-form-control wpcf7-text wpcf7-email wpcf7-validates-as-required wpcf7-validates-as-email\" aria-required=\"true\" aria-invalid=\"false\" placeholder=\"Eposta Adresiniz\" \/><\/span> <\/p>\n<p><span class=\"wpcf7-form-control-wrap your-message\"><textarea name=\"your-message\" cols=\"40\" rows=\"10\" class=\"wpcf7-form-control wpcf7-textarea\" aria-invalid=\"false\" placeholder=\"Mesaj\u0131n\u0131z\"><\/textarea><\/span> <\/p>\n<p><input type=\"submit\" value=\"G\u00f6nder\" class=\"wpcf7-form-control wpcf7-submit button\" \/>\n<\/p><\/div>\n<div class=\"wpcf7-response-output\" aria-hidden=\"true\"><\/div><\/form><\/div>\n\n\n\t\t<\/div>\n\t\t\t<\/div>\n\n\t\n\n\t<div id=\"col-1534617362\" class=\"col medium-4 small-12 large-4\"  >\n\t\t<div class=\"col-inner\"  >\n\t\t\t\n\t\t\t\n\n<h6>\u00c7aml\u0131ca Kamp\u00fcs\u00fc<\/h6>\n<p>\u00c7AMLICA MAH. ZAFER SOK. NO:3 N\u0130L\u00dcFER, BURSA<\/p>\n\t<div id=\"gap-1638475283\" class=\"gap-element clearfix\" style=\"display:block; height:auto;\">\n\t\t\n<style>\n#gap-1638475283 {\n  padding-top: 20px;\n}\n<\/style>\n\t<\/div>\n\t\n\n<div class=\"social-icons follow-icons\" style=\"font-size:80%\"><a href=\"#\" target=\"_blank\" data-label=\"Facebook\"  rel=\"noopener noreferrer nofollow\" class=\"icon plain facebook tooltip\" title=\"Facebook' ta Takip Edin\"><i class=\"icon-facebook\" ><\/i><\/a><a href=\"#\" target=\"_blank\" rel=\"noopener noreferrer nofollow\" data-label=\"Instagram\" class=\"icon plain  instagram tooltip\" title=\"Instagram' da Takip Edin\"><i class=\"icon-instagram\" ><\/i><\/a><a href=\"#\" target=\"_blank\"  data-label=\"Twitter\"  rel=\"noopener noreferrer nofollow\" class=\"icon plain  twitter tooltip\" title=\"Twitter' da Takip Edin\"><i class=\"icon-twitter\" ><\/i><\/a><a href=\"tel:#\" target=\"_blank\"  data-label=\"Phone\"  rel=\"noopener noreferrer nofollow\" class=\"icon plain  phone tooltip\" title=\"Call us\"><i class=\"icon-phone\" ><\/i><\/a><a href=\"#\" target=\"_blank\" rel=\"noopener noreferrer nofollow\"  data-label=\"Pinterest\"  class=\"icon plain  pinterest tooltip\" title=\"Pinterest' te Takip Edin\"><i class=\"icon-pinterest\" ><\/i><\/a><a href=\"#\" target=\"_blank\" rel=\"noopener noreferrer nofollow\" data-label=\"LinkedIn\" class=\"icon plain  linkedin tooltip\" title=\"Follow on LinkedIn\"><i class=\"icon-linkedin\" ><\/i><\/a><\/div>\n\n\n\t\t<\/div>\n\t\t\t<\/div>\n\n\t\n\n\n<style>\n#row-215434314 > .col > .col-inner {\n  padding: 10px 10px 10px 10px;\n}\n@media (min-width:550px) {\n  #row-215434314 > .col > .col-inner {\n    padding: 20px 20px 20px 20px;\n  }\n}\n<\/style>\n<\/div>\n\n\t\t<\/div>\n\n\t\t\n<style>\n#section_129956602 {\n  padding-top: 30px;\n  padding-bottom: 30px;\n}\n<\/style>\n\t<\/section>\n\t\n\n\t\t<\/div>\n\t\t\n<style>\n#col-954520375 > .col-inner {\n  margin: 0px 0px 50px 0px;\n}\n<\/style>\n\t<\/div>\n\n\t\n\n<\/div>\n","protected":false},"excerpt":{"rendered":"","protected":false},"author":1,"featured_media":2263,"parent":0,"menu_order":0,"comment_status":"closed","ping_status":"closed","template":"page-transparent-header-light.php","meta":[],"_links":{"self":[{"href":"https:\/\/osmangaziokullari.com\/camlica-k\/wp-json\/wp\/v2\/pages\/2098"}],"collection":[{"href":"https:\/\/osmangaziokullari.com\/camlica-k\/wp-json\/wp\/v2\/pages"}],"about":[{"href":"https:\/\/osmangaziokullari.com\/camlica-k\/wp-json\/wp\/v2\/types\/page"}],"author":[{"embeddable":true,"href":"https:\/\/osmangaziokullari.com\/camlica-k\/wp-json\/wp\/v2\/users\/1"}],"replies":[{"embeddable":true,"href":"https:\/\/osmangaziokullari.com\/camlica-k\/wp-json\/wp\/v2\/comments?post=2098"}],"version-history":[{"count":2,"href":"https:\/\/osmangaziokullari.com\/camlica-k\/wp-json\/wp\/v2\/pages\/2098\/revisions"}],"predecessor-version":[{"id":3649,"href":"https:\/\/osmangaziokullari.com\/camlica-k\/wp-json\/wp\/v2\/pages\/2098\/revisions\/3649"}],"wp:featuredmedia":[{"embeddable":true,"href":"https:\/\/osmangaziokullari.com\/camlica-k\/wp-json\/wp\/v2\/media\/2263"}],"wp:attachment":[{"href":"https:\/\/osmangaziokullari.com\/camlica-k\/wp-json\/wp\/v2\/media?parent=2098"}],"curies":[{"name":"wp","href":"https:\/\/api.w.org\/{rel}","templated":true}]}}