{"id":1592,"date":"2020-08-08T23:15:44","date_gmt":"2020-08-08T20:15:44","guid":{"rendered":"http:\/\/46.101.184.248\/?page_id=1592"},"modified":"2020-08-08T23:15:44","modified_gmt":"2020-08-08T20:15:44","slug":"genc-senaristler","status":"publish","type":"page","link":"https:\/\/osmangaziokullari.com\/camlica-k\/yetenek-atolyeleri\/genc-senaristler\/","title":{"rendered":"Gen\u00e7 Senaristler"},"content":{"rendered":"\n<div class=\"row\"  id=\"row-1765791107\">\n\n\n\t<div id=\"col-896189483\" class=\"col small-12 large-12\"  >\n\t\t<div class=\"col-inner\"  >\n\t\t\t\n\t\t\t\n\n<p class=\"lead\">5, 6 ve 7. s\u0131n\u0131f seviyelerinde 15 \u00f6\u011frenci kontenjan\u0131ndan olu\u015fur.<\/p>\n\n\t\t<\/div>\n\t\t\t<\/div>\n\n\t\n\n\t<div id=\"col-1839110977\" class=\"col medium-6 small-12 large-6\"  >\n\t\t<div class=\"col-inner\"  >\n\t\t\t\n\t\t\t\n\n<p>Sanat aktiviteleriyle u\u011fra\u015fan \u00e7ocuklar\u0131n yabanc\u0131 dillerden co\u011frafyaya,matematikten fen bilgisi dersine kadar geni\u015f biralanda daha ba\u015far\u0131l\u0131 oldu\u011fu g\u00f6zlemlenmi\u015ftir. Tiyatro faaliyetleri gibisanat formlar\u0131 bir \u00e7ocu\u011fun genel ki\u015filik yap\u0131s\u0131n\u0131 geli\u015ftirir. \u00d6\u011frencinin kendine g\u00fcveninin olu\u015fturulmas\u0131na, duyguda\u015fl\u0131k yaparak d\u00fc\u015f\u00fcncelibir birey olmas\u0131na ve kendisini disipline etmesine yard\u0131m eder.At\u00f6lye \u00e7al\u0131\u015fmalar\u0131m\u0131zda \u00fc\u00e7 farkl\u0131 kazan\u0131m elde edecek olan \u00f6\u011frencilerimiz hem el becerilerini hem yeteneklerini hem deyazma ser\u00fcvenlerini deneyimleme f\u0131rsat\u0131 bulabileceklerdir.<\/p>\n\n\t\t<\/div>\n\t\t\t<\/div>\n\n\t\n\n\t<div id=\"col-755288169\" class=\"col medium-6 small-12 large-6 small-col-first\"  >\n\t\t<div class=\"col-inner\"  >\n\t\t\t\n\t\t\t\n\n\t<div class=\"img has-hover x md-x lg-x y md-y lg-y\" id=\"image_276633958\">\n\t\t\t\t\t\t\t\t<div class=\"img-inner image-cover dark\" style=\"padding-top:75%;\">\n\t\t\t<img width=\"300\" height=\"200\" src=\"https:\/\/osmangaziokullari.com\/camlica-k\/wp-content\/uploads\/2020\/08\/genc-senaristler-003-300x200.jpg\" class=\"attachment-medium size-medium\" alt=\"\" loading=\"lazy\" srcset=\"https:\/\/osmangaziokullari.com\/camlica-k\/wp-content\/uploads\/2020\/08\/genc-senaristler-003-300x200.jpg 300w, https:\/\/osmangaziokullari.com\/camlica-k\/wp-content\/uploads\/2020\/08\/genc-senaristler-003-768x513.jpg 768w, https:\/\/osmangaziokullari.com\/camlica-k\/wp-content\/uploads\/2020\/08\/genc-senaristler-003-510x340.jpg 510w, https:\/\/osmangaziokullari.com\/camlica-k\/wp-content\/uploads\/2020\/08\/genc-senaristler-003.jpg 800w\" sizes=\"(max-width: 300px) 100vw, 300px\" \/>\t\t\t\t\t\t\n\t\t\t\t\t<\/div>\n\t\t\t\t\t\t\t\t\n<style>\n#image_276633958 {\n  width: 100%;\n}\n<\/style>\n\t<\/div>\n\t\n\n\n\t\t<\/div>\n\t\t\t<\/div>\n\n\t\n\n\t<div id=\"col-171681364\" class=\"col medium-8 small-12 large-8\"  >\n\t\t<div class=\"col-inner\"  >\n\t\t\t\n\t\t\t\n\n<p>\u00d6\u011frencilerimiz;<\/p>\n<p>1. a\u015famada; At\u0131k materyallerle El Sanatlar\u0131 At\u00f6lyesi (sahnede kullan\u0131lmak\u00fczere dekor sahne \u00fcr\u00fcnleri) yapacaklar ve bu \u00fcr\u00fcnleri sergileyeceklerdir .<\/p>\n<p>2. a\u015famada; \u00dcretici Drama Yazma Teknikleri alan\u0131nda temel bir e\u011fitimalacaklar, bu \u00fcr\u00fcnlerle ilgili \u00dcretici Drama Yazma At\u00f6lyelerinde yeni fikirler ve senaryolar olu\u015fturacaklard\u0131r.<\/p>\n<p>D\u00fc\u015flerimizin kelimelerle bulu\u015ftu\u011fu \u00fcretici drama yazma at\u00f6lyeleriyap\u0131lacak, yaz\u0131m kurallar\u0131 ve teknikleri ile ilgili temel bir e\u011fitim verilecektir.-Temel oyunculuk ve diksiyon \u00e7al\u0131\u015fmalar\u0131-Sahne e\u011fitimi ve artik\u00fclasyon (bo\u011fumlanma) \u00e7al\u0131\u015fmas\u0131, Drama ve tiyatronun genel tarihi ve hayattaki yeri konular\u0131 i\u015flenecek,<\/p>\n<p>3. a\u015famada: Ortaya \u00e7\u0131kacak olan yaz\u0131nsal \u00fcr\u00fcnler \u00f6\u011frencilerimizinolu\u015fturdu\u011fu el sanatlar\u0131 \u00e7al\u0131\u015fmalar\u0131 yay\u0131mlanacakt\u0131r. Ayr\u0131ca velilerimizin de kat\u0131laca\u011f\u0131\u00f6\u011frencilerimizin yazd\u0131\u011f\u0131 bir tiyatro eseri sahneye konulacakt\u0131r<\/p>\n\t<div id=\"gap-284967273\" class=\"gap-element clearfix\" style=\"display:block; height:auto;\">\n\t\t\n<style>\n#gap-284967273 {\n  padding-top: 30px;\n}\n<\/style>\n\t<\/div>\n\t\n\n\n\t\t<\/div>\n\t\t\t<\/div>\n\n\t\n\n\t<div id=\"col-377303625\" class=\"col medium-4 small-12 large-4\"  >\n\t\t<div class=\"col-inner\"  >\n\t\t\t\n\t\t\t\n\n\n  \n    <div class=\"row  lightbox-multi-gallery large-columns-1 medium-columns- small-columns- row-xsmall\">\n          <div class=\"gallery-col col\" >\n          <div class=\"col-inner\">\n            <a class=\"\" href=\"https:\/\/osmangaziokullari.com\/camlica-k\/wp-content\/uploads\/2020\/08\/genc-senaristler-003-1.jpg\" title=\"\">            <div class=\"box has-hover gallery-box box-overlay dark\">\n              <div class=\"box-image image-cover\" style=\"padding-top:75%;\">\n                <img width=\"800\" height=\"534\" src=\"https:\/\/osmangaziokullari.com\/camlica-k\/wp-content\/uploads\/2020\/08\/genc-senaristler-003-1.jpg\" class=\"attachment-original size-original\" alt=\"\" loading=\"lazy\" ids=\"1599,1597,1596\" lightbox_image_size=\"original\" col_spacing=\"xsmall\" columns=\"1\" image_height=\"75%\" image_size=\"original\" srcset=\"https:\/\/osmangaziokullari.com\/camlica-k\/wp-content\/uploads\/2020\/08\/genc-senaristler-003-1.jpg 800w, https:\/\/osmangaziokullari.com\/camlica-k\/wp-content\/uploads\/2020\/08\/genc-senaristler-003-1-300x200.jpg 300w, https:\/\/osmangaziokullari.com\/camlica-k\/wp-content\/uploads\/2020\/08\/genc-senaristler-003-1-768x513.jpg 768w, https:\/\/osmangaziokullari.com\/camlica-k\/wp-content\/uploads\/2020\/08\/genc-senaristler-003-1-510x340.jpg 510w\" sizes=\"(max-width: 800px) 100vw, 800px\" \/>                                  <div class=\"overlay fill\"\n                      style=\"background-color: rgba(0,0,0,.15)\">\n                  <\/div>\n                                                              <\/div>\n              <div class=\"box-text text-left\" >\n                 <p><\/p>\n              <\/div>\n            <\/div>\n            <\/a>          <\/div>\n         <\/div>\n                 <div class=\"gallery-col col\" >\n          <div class=\"col-inner\">\n            <a class=\"\" href=\"https:\/\/osmangaziokullari.com\/camlica-k\/wp-content\/uploads\/2020\/08\/genc-senaristler-001-1.jpg\" title=\"\">            <div class=\"box has-hover gallery-box box-overlay dark\">\n              <div class=\"box-image image-cover\" style=\"padding-top:75%;\">\n                <img width=\"800\" height=\"534\" src=\"https:\/\/osmangaziokullari.com\/camlica-k\/wp-content\/uploads\/2020\/08\/genc-senaristler-001-1.jpg\" class=\"attachment-original size-original\" alt=\"\" loading=\"lazy\" ids=\"1599,1597,1596\" lightbox_image_size=\"original\" col_spacing=\"xsmall\" columns=\"1\" image_height=\"75%\" image_size=\"original\" srcset=\"https:\/\/osmangaziokullari.com\/camlica-k\/wp-content\/uploads\/2020\/08\/genc-senaristler-001-1.jpg 800w, https:\/\/osmangaziokullari.com\/camlica-k\/wp-content\/uploads\/2020\/08\/genc-senaristler-001-1-300x200.jpg 300w, https:\/\/osmangaziokullari.com\/camlica-k\/wp-content\/uploads\/2020\/08\/genc-senaristler-001-1-768x513.jpg 768w, https:\/\/osmangaziokullari.com\/camlica-k\/wp-content\/uploads\/2020\/08\/genc-senaristler-001-1-510x340.jpg 510w\" sizes=\"(max-width: 800px) 100vw, 800px\" \/>                                  <div class=\"overlay fill\"\n                      style=\"background-color: rgba(0,0,0,.15)\">\n                  <\/div>\n                                                              <\/div>\n              <div class=\"box-text text-left\" >\n                 <p><\/p>\n              <\/div>\n            <\/div>\n            <\/a>          <\/div>\n         <\/div>\n                 <div class=\"gallery-col col\" >\n          <div class=\"col-inner\">\n            <a class=\"\" href=\"https:\/\/osmangaziokullari.com\/camlica-k\/wp-content\/uploads\/2020\/08\/genc-senaristler-001.jpg\" title=\"\">            <div class=\"box has-hover gallery-box box-overlay dark\">\n              <div class=\"box-image image-cover\" style=\"padding-top:75%;\">\n                <img width=\"800\" height=\"534\" src=\"https:\/\/osmangaziokullari.com\/camlica-k\/wp-content\/uploads\/2020\/08\/genc-senaristler-001.jpg\" class=\"attachment-original size-original\" alt=\"\" loading=\"lazy\" ids=\"1599,1597,1596\" lightbox_image_size=\"original\" col_spacing=\"xsmall\" columns=\"1\" image_height=\"75%\" image_size=\"original\" srcset=\"https:\/\/osmangaziokullari.com\/camlica-k\/wp-content\/uploads\/2020\/08\/genc-senaristler-001.jpg 800w, https:\/\/osmangaziokullari.com\/camlica-k\/wp-content\/uploads\/2020\/08\/genc-senaristler-001-300x200.jpg 300w, https:\/\/osmangaziokullari.com\/camlica-k\/wp-content\/uploads\/2020\/08\/genc-senaristler-001-768x513.jpg 768w, https:\/\/osmangaziokullari.com\/camlica-k\/wp-content\/uploads\/2020\/08\/genc-senaristler-001-510x340.jpg 510w\" sizes=\"(max-width: 800px) 100vw, 800px\" \/>                                  <div class=\"overlay fill\"\n                      style=\"background-color: rgba(0,0,0,.15)\">\n                  <\/div>\n                                                              <\/div>\n              <div class=\"box-text text-left\" >\n                 <p><\/p>\n              <\/div>\n            <\/div>\n            <\/a>          <\/div>\n         <\/div>\n         <\/div>\n\n\n\t\t<\/div>\n\t\t\t<\/div>\n\n\t\n\n<\/div>\n\t<div id=\"gap-1519462568\" class=\"gap-element clearfix\" style=\"display:block; height:auto;\">\n\t\t\n<style>\n#gap-1519462568 {\n  padding-top: 95px;\n}\n<\/style>\n\t<\/div>\n\t\n\n\n  \n    <div class=\"row large-columns-3 medium-columns-1 small-columns-1\">\n  <\/div>\n\n\n","protected":false},"excerpt":{"rendered":"","protected":false},"author":1,"featured_media":1600,"parent":297,"menu_order":0,"comment_status":"closed","ping_status":"closed","template":"page-blank-sub-nav-vertical.php","meta":[],"_links":{"self":[{"href":"https:\/\/osmangaziokullari.com\/camlica-k\/wp-json\/wp\/v2\/pages\/1592"}],"collection":[{"href":"https:\/\/osmangaziokullari.com\/camlica-k\/wp-json\/wp\/v2\/pages"}],"about":[{"href":"https:\/\/osmangaziokullari.com\/camlica-k\/wp-json\/wp\/v2\/types\/page"}],"author":[{"embeddable":true,"href":"https:\/\/osmangaziokullari.com\/camlica-k\/wp-json\/wp\/v2\/users\/1"}],"replies":[{"embeddable":true,"href":"https:\/\/osmangaziokullari.com\/camlica-k\/wp-json\/wp\/v2\/comments?post=1592"}],"version-history":[{"count":0,"href":"https:\/\/osmangaziokullari.com\/camlica-k\/wp-json\/wp\/v2\/pages\/1592\/revisions"}],"up":[{"embeddable":true,"href":"https:\/\/osmangaziokullari.com\/camlica-k\/wp-json\/wp\/v2\/pages\/297"}],"wp:featuredmedia":[{"embeddable":true,"href":"https:\/\/osmangaziokullari.com\/camlica-k\/wp-json\/wp\/v2\/media\/1600"}],"wp:attachment":[{"href":"https:\/\/osmangaziokullari.com\/camlica-k\/wp-json\/wp\/v2\/media?parent=1592"}],"curies":[{"name":"wp","href":"https:\/\/api.w.org\/{rel}","templated":true}]}}