{"id":1557,"date":"2020-08-08T22:25:00","date_gmt":"2020-08-08T19:25:00","guid":{"rendered":"http:\/\/46.101.184.248\/?page_id=1557"},"modified":"2020-08-08T22:25:00","modified_gmt":"2020-08-08T19:25:00","slug":"kaligrafi-yazi-bilimi","status":"publish","type":"page","link":"https:\/\/osmangaziokullari.com\/camlica-k\/yetenek-atolyeleri\/kaligrafi-yazi-bilimi\/","title":{"rendered":"Kaligrafi &#8220;Yaz\u0131 Bilimi&#8221;"},"content":{"rendered":"\n<div class=\"row\"  id=\"row-276076397\">\n\n\n\t<div id=\"col-2136523452\" class=\"col small-12 large-12\"  >\n\t\t<div class=\"col-inner\"  >\n\t\t\t\n\t\t\t\n\n<p class=\"lead\">5, 6 ve 7. s\u0131n\u0131f seviyelerinde 15 \u00f6\u011frenci kontenjan\u0131ndan olu\u015fur.<\/p>\n\n\t\t<\/div>\n\t\t\t<\/div>\n\n\t\n\n\t<div id=\"col-627122863\" class=\"col medium-6 small-12 large-6\"  >\n\t\t<div class=\"col-inner\"  >\n\t\t\t\n\t\t\t\n\n<p>Uzak do\u011fudan Asya\u2019ya ve daha sonra da g\u00fcn\u00fcm\u00fcze ta\u015f\u0131nan ve \u00e7a\u011f\u0131m\u0131z\u0131n en estetik yaz\u0131 birimi olarak nitelendirece\u011fimiz kaligrafi ile yaz\u0131lar art\u0131k s\u00fcslenerek kusursuz bir \u015fekilde yaz\u0131lmaktad\u0131r.<\/p>\n\n\t\t<\/div>\n\t\t\t<\/div>\n\n\t\n\n\t<div id=\"col-1492854332\" class=\"col medium-6 small-12 large-6 small-col-first\"  >\n\t\t<div class=\"col-inner\"  >\n\t\t\t\n\t\t\t\n\n\t<div class=\"img has-hover x md-x lg-x y md-y lg-y\" id=\"image_1277890786\">\n\t\t\t\t\t\t\t\t<div class=\"img-inner image-cover dark\" style=\"padding-top:56.25%;\">\n\t\t\t<img width=\"300\" height=\"209\" src=\"https:\/\/osmangaziokullari.com\/camlica-k\/wp-content\/uploads\/2020\/08\/kalifrafi-001-300x209.jpg\" class=\"attachment-medium size-medium\" alt=\"\" loading=\"lazy\" srcset=\"https:\/\/osmangaziokullari.com\/camlica-k\/wp-content\/uploads\/2020\/08\/kalifrafi-001-300x209.jpg 300w, https:\/\/osmangaziokullari.com\/camlica-k\/wp-content\/uploads\/2020\/08\/kalifrafi-001-768x535.jpg 768w, https:\/\/osmangaziokullari.com\/camlica-k\/wp-content\/uploads\/2020\/08\/kalifrafi-001-510x355.jpg 510w, https:\/\/osmangaziokullari.com\/camlica-k\/wp-content\/uploads\/2020\/08\/kalifrafi-001.jpg 800w\" sizes=\"(max-width: 300px) 100vw, 300px\" \/>\t\t\t\t\t\t\n\t\t\t\t\t<\/div>\n\t\t\t\t\t\t\t\t\n<style>\n#image_1277890786 {\n  width: 100%;\n}\n<\/style>\n\t<\/div>\n\t\n\n\n\t\t<\/div>\n\t\t\t<\/div>\n\n\t\n\n\t<div id=\"col-743180532\" class=\"col medium-6 small-12 large-6\"  >\n\t\t<div class=\"col-inner\"  >\n\t\t\t\n\t\t\t\n\n<p>Kaligrafi sanat\u0131 ile pek \u00e7ok davetiyeden s\u00fcslemeli e\u015fyalara kadar her bir detay kaligrafi ile \u015fekillenmektedir. Dik ve yatay \u00e7izgiler estetiksel bir bi\u00e7imde \u015fekillenerek davetiye, sertifika,diploma, g\u00fcvenlik kartlar\u0131 ve porselen \u00fcr\u00fcnlerin \u00fczerine i\u015flenmektedir.<\/p>\n\n\t\t<\/div>\n\t\t\t<\/div>\n\n\t\n\n\t<div id=\"col-1648304093\" class=\"col medium-6 small-12 large-6\"  >\n\t\t<div class=\"col-inner\"  >\n\t\t\t\n\t\t\t\n\n<p>Tamamen el yetene\u011fi olan kaligrafiyi herkes kolay kolayyapamamaktad\u0131r.Kul\u00fcb\u00fcm\u00fczle bulu\u015fan \u00f6\u011frencilerimizi kaligrafisanat\u0131nda ilerleterek hayal g\u00fc\u00e7lerini yaz\u0131ya aktarmalar\u0131n\u0131 sa\u011flamakayr\u0131ca el g\u00f6z koordinasyonunu geli\u015ftirerek kaligrafi alan\u0131nda sanatlar\u00fcretmelerini sa\u011flamakt\u0131r.<\/p>\n\n\t\t<\/div>\n\t\t\t<\/div>\n\n\t\n\n<\/div>\n\n  \n    <div class=\"row  lightbox-multi-gallery large-columns-4 medium-columns-3 small-columns-2 row-xsmall\">\n          <div class=\"gallery-col col\" >\n          <div class=\"col-inner\">\n            <a class=\"\" href=\"https:\/\/osmangaziokullari.com\/camlica-k\/wp-content\/uploads\/2020\/08\/kalifrafi-002-1.jpg\" title=\"\">            <div class=\"box has-hover gallery-box box-overlay dark\">\n              <div class=\"box-image image-cover\" style=\"padding-top:75%;\">\n                <img width=\"300\" height=\"300\" src=\"https:\/\/osmangaziokullari.com\/camlica-k\/wp-content\/uploads\/2020\/08\/kalifrafi-002-1-300x300.jpg\" class=\"attachment-medium size-medium\" alt=\"\" loading=\"lazy\" ids=\"1567,1568,1569,1570\" lightbox_image_size=\"original\" col_spacing=\"xsmall\" image_height=\"75%\" srcset=\"https:\/\/osmangaziokullari.com\/camlica-k\/wp-content\/uploads\/2020\/08\/kalifrafi-002-1-300x300.jpg 300w, https:\/\/osmangaziokullari.com\/camlica-k\/wp-content\/uploads\/2020\/08\/kalifrafi-002-1-150x150.jpg 150w, https:\/\/osmangaziokullari.com\/camlica-k\/wp-content\/uploads\/2020\/08\/kalifrafi-002-1-250x250.jpg 250w, https:\/\/osmangaziokullari.com\/camlica-k\/wp-content\/uploads\/2020\/08\/kalifrafi-002-1-510x510.jpg 510w, https:\/\/osmangaziokullari.com\/camlica-k\/wp-content\/uploads\/2020\/08\/kalifrafi-002-1-100x100.jpg 100w, https:\/\/osmangaziokullari.com\/camlica-k\/wp-content\/uploads\/2020\/08\/kalifrafi-002-1.jpg 600w\" sizes=\"(max-width: 300px) 100vw, 300px\" \/>                                  <div class=\"overlay fill\"\n                      style=\"background-color: rgba(0,0,0,.15)\">\n                  <\/div>\n                                                              <\/div>\n              <div class=\"box-text text-left\" >\n                 <p><\/p>\n              <\/div>\n            <\/div>\n            <\/a>          <\/div>\n         <\/div>\n                 <div class=\"gallery-col col\" >\n          <div class=\"col-inner\">\n            <a class=\"\" href=\"https:\/\/osmangaziokullari.com\/camlica-k\/wp-content\/uploads\/2020\/08\/kalifrafi-003-1.jpg\" title=\"\">            <div class=\"box has-hover gallery-box box-overlay dark\">\n              <div class=\"box-image image-cover\" style=\"padding-top:75%;\">\n                <img width=\"300\" height=\"247\" src=\"https:\/\/osmangaziokullari.com\/camlica-k\/wp-content\/uploads\/2020\/08\/kalifrafi-003-1-300x247.jpg\" class=\"attachment-medium size-medium\" alt=\"\" loading=\"lazy\" ids=\"1567,1568,1569,1570\" lightbox_image_size=\"original\" col_spacing=\"xsmall\" image_height=\"75%\" srcset=\"https:\/\/osmangaziokullari.com\/camlica-k\/wp-content\/uploads\/2020\/08\/kalifrafi-003-1-300x247.jpg 300w, https:\/\/osmangaziokullari.com\/camlica-k\/wp-content\/uploads\/2020\/08\/kalifrafi-003-1-510x420.jpg 510w, https:\/\/osmangaziokullari.com\/camlica-k\/wp-content\/uploads\/2020\/08\/kalifrafi-003-1.jpg 728w\" sizes=\"(max-width: 300px) 100vw, 300px\" \/>                                  <div class=\"overlay fill\"\n                      style=\"background-color: rgba(0,0,0,.15)\">\n                  <\/div>\n                                                              <\/div>\n              <div class=\"box-text text-left\" >\n                 <p><\/p>\n              <\/div>\n            <\/div>\n            <\/a>          <\/div>\n         <\/div>\n                 <div class=\"gallery-col col\" >\n          <div class=\"col-inner\">\n            <a class=\"\" href=\"https:\/\/osmangaziokullari.com\/camlica-k\/wp-content\/uploads\/2020\/08\/kalifrafi-004-1.jpg\" title=\"\">            <div class=\"box has-hover gallery-box box-overlay dark\">\n              <div class=\"box-image image-cover\" style=\"padding-top:75%;\">\n                <img width=\"300\" height=\"195\" src=\"https:\/\/osmangaziokullari.com\/camlica-k\/wp-content\/uploads\/2020\/08\/kalifrafi-004-1-300x195.jpg\" class=\"attachment-medium size-medium\" alt=\"\" loading=\"lazy\" ids=\"1567,1568,1569,1570\" lightbox_image_size=\"original\" col_spacing=\"xsmall\" image_height=\"75%\" srcset=\"https:\/\/osmangaziokullari.com\/camlica-k\/wp-content\/uploads\/2020\/08\/kalifrafi-004-1-300x195.jpg 300w, https:\/\/osmangaziokullari.com\/camlica-k\/wp-content\/uploads\/2020\/08\/kalifrafi-004-1-768x500.jpg 768w, https:\/\/osmangaziokullari.com\/camlica-k\/wp-content\/uploads\/2020\/08\/kalifrafi-004-1-510x332.jpg 510w, https:\/\/osmangaziokullari.com\/camlica-k\/wp-content\/uploads\/2020\/08\/kalifrafi-004-1.jpg 800w\" sizes=\"(max-width: 300px) 100vw, 300px\" \/>                                  <div class=\"overlay fill\"\n                      style=\"background-color: rgba(0,0,0,.15)\">\n                  <\/div>\n                                                              <\/div>\n              <div class=\"box-text text-left\" >\n                 <p><\/p>\n              <\/div>\n            <\/div>\n            <\/a>          <\/div>\n         <\/div>\n                 <div class=\"gallery-col col\" >\n          <div class=\"col-inner\">\n            <a class=\"\" href=\"https:\/\/osmangaziokullari.com\/camlica-k\/wp-content\/uploads\/2020\/08\/kalifrafi-005-1.jpg\" title=\"\">            <div class=\"box has-hover gallery-box box-overlay dark\">\n              <div class=\"box-image image-cover\" style=\"padding-top:75%;\">\n                <img width=\"300\" height=\"163\" src=\"https:\/\/osmangaziokullari.com\/camlica-k\/wp-content\/uploads\/2020\/08\/kalifrafi-005-1-300x163.jpg\" class=\"attachment-medium size-medium\" alt=\"\" loading=\"lazy\" ids=\"1567,1568,1569,1570\" lightbox_image_size=\"original\" col_spacing=\"xsmall\" image_height=\"75%\" srcset=\"https:\/\/osmangaziokullari.com\/camlica-k\/wp-content\/uploads\/2020\/08\/kalifrafi-005-1-300x163.jpg 300w, https:\/\/osmangaziokullari.com\/camlica-k\/wp-content\/uploads\/2020\/08\/kalifrafi-005-1-768x417.jpg 768w, https:\/\/osmangaziokullari.com\/camlica-k\/wp-content\/uploads\/2020\/08\/kalifrafi-005-1-510x277.jpg 510w, https:\/\/osmangaziokullari.com\/camlica-k\/wp-content\/uploads\/2020\/08\/kalifrafi-005-1.jpg 800w\" sizes=\"(max-width: 300px) 100vw, 300px\" \/>                                  <div class=\"overlay fill\"\n                      style=\"background-color: rgba(0,0,0,.15)\">\n                  <\/div>\n                                                              <\/div>\n              <div class=\"box-text text-left\" >\n                 <p><\/p>\n              <\/div>\n            <\/div>\n            <\/a>          <\/div>\n         <\/div>\n         <\/div>\n\n\t<div id=\"gap-586023703\" class=\"gap-element clearfix\" style=\"display:block; height:auto;\">\n\t\t\n<style>\n#gap-586023703 {\n  padding-top: 95px;\n}\n<\/style>\n\t<\/div>\n\t\n\n\n  \n    <div class=\"row large-columns-3 medium-columns-1 small-columns-1\">\n  <\/div>\n","protected":false},"excerpt":{"rendered":"","protected":false},"author":1,"featured_media":1568,"parent":297,"menu_order":0,"comment_status":"closed","ping_status":"closed","template":"page-blank-sub-nav-vertical.php","meta":[],"_links":{"self":[{"href":"https:\/\/osmangaziokullari.com\/camlica-k\/wp-json\/wp\/v2\/pages\/1557"}],"collection":[{"href":"https:\/\/osmangaziokullari.com\/camlica-k\/wp-json\/wp\/v2\/pages"}],"about":[{"href":"https:\/\/osmangaziokullari.com\/camlica-k\/wp-json\/wp\/v2\/types\/page"}],"author":[{"embeddable":true,"href":"https:\/\/osmangaziokullari.com\/camlica-k\/wp-json\/wp\/v2\/users\/1"}],"replies":[{"embeddable":true,"href":"https:\/\/osmangaziokullari.com\/camlica-k\/wp-json\/wp\/v2\/comments?post=1557"}],"version-history":[{"count":0,"href":"https:\/\/osmangaziokullari.com\/camlica-k\/wp-json\/wp\/v2\/pages\/1557\/revisions"}],"up":[{"embeddable":true,"href":"https:\/\/osmangaziokullari.com\/camlica-k\/wp-json\/wp\/v2\/pages\/297"}],"wp:featuredmedia":[{"embeddable":true,"href":"https:\/\/osmangaziokullari.com\/camlica-k\/wp-json\/wp\/v2\/media\/1568"}],"wp:attachment":[{"href":"https:\/\/osmangaziokullari.com\/camlica-k\/wp-json\/wp\/v2\/media?parent=1557"}],"curies":[{"name":"wp","href":"https:\/\/api.w.org\/{rel}","templated":true}]}}