{"id":1080,"date":"2020-07-26T14:17:59","date_gmt":"2020-07-26T11:17:59","guid":{"rendered":"http:\/\/46.101.184.248\/?page_id=1080"},"modified":"2020-07-26T14:17:59","modified_gmt":"2020-07-26T11:17:59","slug":"beslenme","status":"publish","type":"page","link":"https:\/\/osmangaziokullari.com\/camlica-k\/okulumuz\/beslenme\/","title":{"rendered":"Beslenme"},"content":{"rendered":"\n<div class=\"row\"  id=\"row-591795005\">\n\n\n\t<div id=\"col-255960503\" class=\"col medium-7 small-12 large-7\"  >\n\t\t<div class=\"col-inner\"  >\n\t\t\t\n\t\t\t\n\n<div class=\"is-divider divider clearfix\" ><\/div>\n\n<p class=\"lead\">\u00d6\u011frencilerimizin sa\u011fl\u0131kl\u0131 beslenme al\u0131\u015fkanl\u0131\u011f\u0131 kazanabilmeleri amac\u0131yla HACCP sistemine uygun olarak dizayn edilen yemekhanemizde \u00e7al\u0131\u015fan t\u00fcm personellerimiz hijyen e\u011fitimlerini tamamlam\u0131\u015f ve sertifikalar\u0131n\u0131 alm\u0131\u015ft\u0131r.<\/p>\n\n\t\t<\/div>\n\t\t\t<\/div>\n\n\t\n\n\t<div id=\"col-642887487\" class=\"col medium-5 small-12 large-5\"  >\n\t\t<div class=\"col-inner\"  >\n\t\t\t\n\t\t\t\n\n\t<div class=\"img has-hover x md-x lg-x y md-y lg-y\" id=\"image_1328075326\">\n\t\t\t\t\t\t\t\t<div class=\"img-inner dark\" >\n\t\t\t<img width=\"800\" height=\"533\" src=\"https:\/\/osmangaziokullari.com\/camlica-k\/wp-content\/uploads\/2020\/07\/img-041.jpg\" class=\"attachment-large size-large\" alt=\"\" loading=\"lazy\" srcset=\"https:\/\/osmangaziokullari.com\/camlica-k\/wp-content\/uploads\/2020\/07\/img-041.jpg 800w, https:\/\/osmangaziokullari.com\/camlica-k\/wp-content\/uploads\/2020\/07\/img-041-300x200.jpg 300w, https:\/\/osmangaziokullari.com\/camlica-k\/wp-content\/uploads\/2020\/07\/img-041-768x512.jpg 768w, https:\/\/osmangaziokullari.com\/camlica-k\/wp-content\/uploads\/2020\/07\/img-041-510x340.jpg 510w\" sizes=\"(max-width: 800px) 100vw, 800px\" \/>\t\t\t\t\t\t\n\t\t\t\t\t<\/div>\n\t\t\t\t\t\t\t\t\n<style>\n#image_1328075326 {\n  width: 100%;\n}\n<\/style>\n\t<\/div>\n\t\n\n\n\t\t<\/div>\n\t\t\t<\/div>\n\n\t\n\n\t<div id=\"col-578911230\" class=\"col small-12 large-12\"  >\n\t\t<div class=\"col-inner\"  >\n\t\t\t\n\t\t\t\n\nYemekhanemize al\u0131nan malzemeler TSE standartlar\u0131na uygun ve g\u0131da g\u00fcvenirli\u011fi belgelenmi\u015f \u00fcr\u00fcnlerden se\u00e7ilmektedir.  Beyaz ette, Gezen Tavuklar\u0131 gibi \u0130slami usullere g\u00f6re kesim yapan Akdeniz Toros markas\u0131 tercih edilmektedir.  K\u0131rm\u0131z\u0131 et \u00fcr\u00fcnleri de yine bu hassasiyet g\u00f6z \u00f6n\u00fcnde bulundurularak ayn\u0131 firmadan temin edilmektedir. Yemeklerimizde yaln\u0131zca s\u0131zma zeytinya\u011f\u0131 ve tereya\u011f\u0131 kullan\u0131lmaktad\u0131r. Pi\u015firme ve saklama ko\u015fullar\u0131 usul\u00fcne uygun ve s\u00fcrekli denetime a\u00e7\u0131kt\u0131r.\n\n\t\t<\/div>\n\t\t\t<\/div>\n\n\t\n\n<\/div>\n\n  \n    <div class=\"row  lightbox-multi-gallery large-columns-6 medium-columns-3 small-columns-2 row-xsmall\">\n          <div class=\"gallery-col col\" >\n          <div class=\"col-inner\">\n            <a class=\"\" href=\"https:\/\/osmangaziokullari.com\/camlica-k\/wp-content\/uploads\/2020\/07\/img-040.jpg\" title=\"\">            <div class=\"box has-hover gallery-box box-none\">\n              <div class=\"box-image image-cover\" style=\"padding-top:56.25%;\">\n                <img width=\"300\" height=\"200\" src=\"https:\/\/osmangaziokullari.com\/camlica-k\/wp-content\/uploads\/2020\/07\/img-040-300x200.jpg\" class=\"attachment-medium size-medium\" alt=\"\" loading=\"lazy\" ids=\"1086,1085,1084,1083,1082,1070\" style=\"none\" lightbox_image_size=\"original\" col_spacing=\"xsmall\" columns=\"6\" image_height=\"56.25%\" srcset=\"https:\/\/osmangaziokullari.com\/camlica-k\/wp-content\/uploads\/2020\/07\/img-040-300x200.jpg 300w, https:\/\/osmangaziokullari.com\/camlica-k\/wp-content\/uploads\/2020\/07\/img-040-768x512.jpg 768w, https:\/\/osmangaziokullari.com\/camlica-k\/wp-content\/uploads\/2020\/07\/img-040-510x340.jpg 510w, https:\/\/osmangaziokullari.com\/camlica-k\/wp-content\/uploads\/2020\/07\/img-040.jpg 800w\" sizes=\"(max-width: 300px) 100vw, 300px\" \/>                                                              <\/div>\n              <div class=\"box-text text-left\" >\n                 <p><\/p>\n              <\/div>\n            <\/div>\n            <\/a>          <\/div>\n         <\/div>\n                 <div class=\"gallery-col col\" >\n          <div class=\"col-inner\">\n            <a class=\"\" href=\"https:\/\/osmangaziokullari.com\/camlica-k\/wp-content\/uploads\/2020\/07\/img-039.jpg\" title=\"\">            <div class=\"box has-hover gallery-box box-none\">\n              <div class=\"box-image image-cover\" style=\"padding-top:56.25%;\">\n                <img width=\"300\" height=\"200\" src=\"https:\/\/osmangaziokullari.com\/camlica-k\/wp-content\/uploads\/2020\/07\/img-039-300x200.jpg\" class=\"attachment-medium size-medium\" alt=\"\" loading=\"lazy\" ids=\"1086,1085,1084,1083,1082,1070\" style=\"none\" lightbox_image_size=\"original\" col_spacing=\"xsmall\" columns=\"6\" image_height=\"56.25%\" srcset=\"https:\/\/osmangaziokullari.com\/camlica-k\/wp-content\/uploads\/2020\/07\/img-039-300x200.jpg 300w, https:\/\/osmangaziokullari.com\/camlica-k\/wp-content\/uploads\/2020\/07\/img-039-768x512.jpg 768w, https:\/\/osmangaziokullari.com\/camlica-k\/wp-content\/uploads\/2020\/07\/img-039-510x340.jpg 510w, https:\/\/osmangaziokullari.com\/camlica-k\/wp-content\/uploads\/2020\/07\/img-039.jpg 800w\" sizes=\"(max-width: 300px) 100vw, 300px\" \/>                                                              <\/div>\n              <div class=\"box-text text-left\" >\n                 <p><\/p>\n              <\/div>\n            <\/div>\n            <\/a>          <\/div>\n         <\/div>\n                 <div class=\"gallery-col col\" >\n          <div class=\"col-inner\">\n            <a class=\"\" href=\"https:\/\/osmangaziokullari.com\/camlica-k\/wp-content\/uploads\/2020\/07\/img-038.jpg\" title=\"\">            <div class=\"box has-hover gallery-box box-none\">\n              <div class=\"box-image image-cover\" style=\"padding-top:56.25%;\">\n                <img width=\"300\" height=\"200\" src=\"https:\/\/osmangaziokullari.com\/camlica-k\/wp-content\/uploads\/2020\/07\/img-038-300x200.jpg\" class=\"attachment-medium size-medium\" alt=\"\" loading=\"lazy\" ids=\"1086,1085,1084,1083,1082,1070\" style=\"none\" lightbox_image_size=\"original\" col_spacing=\"xsmall\" columns=\"6\" image_height=\"56.25%\" srcset=\"https:\/\/osmangaziokullari.com\/camlica-k\/wp-content\/uploads\/2020\/07\/img-038-300x200.jpg 300w, https:\/\/osmangaziokullari.com\/camlica-k\/wp-content\/uploads\/2020\/07\/img-038-768x512.jpg 768w, https:\/\/osmangaziokullari.com\/camlica-k\/wp-content\/uploads\/2020\/07\/img-038-510x340.jpg 510w, https:\/\/osmangaziokullari.com\/camlica-k\/wp-content\/uploads\/2020\/07\/img-038.jpg 800w\" sizes=\"(max-width: 300px) 100vw, 300px\" \/>                                                              <\/div>\n              <div class=\"box-text text-left\" >\n                 <p><\/p>\n              <\/div>\n            <\/div>\n            <\/a>          <\/div>\n         <\/div>\n                 <div class=\"gallery-col col\" >\n          <div class=\"col-inner\">\n            <a class=\"\" href=\"https:\/\/osmangaziokullari.com\/camlica-k\/wp-content\/uploads\/2020\/07\/img-037.jpg\" title=\"\">            <div class=\"box has-hover gallery-box box-none\">\n              <div class=\"box-image image-cover\" style=\"padding-top:56.25%;\">\n                <img width=\"300\" height=\"200\" src=\"https:\/\/osmangaziokullari.com\/camlica-k\/wp-content\/uploads\/2020\/07\/img-037-300x200.jpg\" class=\"attachment-medium size-medium\" alt=\"\" loading=\"lazy\" ids=\"1086,1085,1084,1083,1082,1070\" style=\"none\" lightbox_image_size=\"original\" col_spacing=\"xsmall\" columns=\"6\" image_height=\"56.25%\" srcset=\"https:\/\/osmangaziokullari.com\/camlica-k\/wp-content\/uploads\/2020\/07\/img-037-300x200.jpg 300w, https:\/\/osmangaziokullari.com\/camlica-k\/wp-content\/uploads\/2020\/07\/img-037-768x512.jpg 768w, https:\/\/osmangaziokullari.com\/camlica-k\/wp-content\/uploads\/2020\/07\/img-037-510x340.jpg 510w, https:\/\/osmangaziokullari.com\/camlica-k\/wp-content\/uploads\/2020\/07\/img-037.jpg 800w\" sizes=\"(max-width: 300px) 100vw, 300px\" \/>                                                              <\/div>\n              <div class=\"box-text text-left\" >\n                 <p><\/p>\n              <\/div>\n            <\/div>\n            <\/a>          <\/div>\n         <\/div>\n                 <div class=\"gallery-col col\" >\n          <div class=\"col-inner\">\n            <a class=\"\" href=\"https:\/\/osmangaziokullari.com\/camlica-k\/wp-content\/uploads\/2020\/07\/img-036.jpg\" title=\"\">            <div class=\"box has-hover gallery-box box-none\">\n              <div class=\"box-image image-cover\" style=\"padding-top:56.25%;\">\n                <img width=\"300\" height=\"200\" src=\"https:\/\/osmangaziokullari.com\/camlica-k\/wp-content\/uploads\/2020\/07\/img-036-300x200.jpg\" class=\"attachment-medium size-medium\" alt=\"\" loading=\"lazy\" ids=\"1086,1085,1084,1083,1082,1070\" style=\"none\" lightbox_image_size=\"original\" col_spacing=\"xsmall\" columns=\"6\" image_height=\"56.25%\" srcset=\"https:\/\/osmangaziokullari.com\/camlica-k\/wp-content\/uploads\/2020\/07\/img-036-300x200.jpg 300w, https:\/\/osmangaziokullari.com\/camlica-k\/wp-content\/uploads\/2020\/07\/img-036-768x512.jpg 768w, https:\/\/osmangaziokullari.com\/camlica-k\/wp-content\/uploads\/2020\/07\/img-036-510x340.jpg 510w, https:\/\/osmangaziokullari.com\/camlica-k\/wp-content\/uploads\/2020\/07\/img-036.jpg 926w\" sizes=\"(max-width: 300px) 100vw, 300px\" \/>                                                              <\/div>\n              <div class=\"box-text text-left\" >\n                 <p><\/p>\n              <\/div>\n            <\/div>\n            <\/a>          <\/div>\n         <\/div>\n                 <div class=\"gallery-col col\" >\n          <div class=\"col-inner\">\n            <a class=\"\" href=\"https:\/\/osmangaziokullari.com\/camlica-k\/wp-content\/uploads\/2020\/07\/okul-servisi.jpg\" title=\"Books on a book shelves\">            <div class=\"box has-hover gallery-box box-none\">\n              <div class=\"box-image image-cover\" style=\"padding-top:56.25%;\">\n                <img width=\"300\" height=\"169\" src=\"https:\/\/osmangaziokullari.com\/camlica-k\/wp-content\/uploads\/2020\/07\/okul-servisi-300x169.jpg\" class=\"attachment-medium size-medium\" alt=\"\" loading=\"lazy\" ids=\"1086,1085,1084,1083,1082,1070\" style=\"none\" lightbox_image_size=\"original\" col_spacing=\"xsmall\" columns=\"6\" image_height=\"56.25%\" srcset=\"https:\/\/osmangaziokullari.com\/camlica-k\/wp-content\/uploads\/2020\/07\/okul-servisi-300x169.jpg 300w, https:\/\/osmangaziokullari.com\/camlica-k\/wp-content\/uploads\/2020\/07\/okul-servisi-1024x576.jpg 1024w, https:\/\/osmangaziokullari.com\/camlica-k\/wp-content\/uploads\/2020\/07\/okul-servisi-768x432.jpg 768w, https:\/\/osmangaziokullari.com\/camlica-k\/wp-content\/uploads\/2020\/07\/okul-servisi-510x287.jpg 510w, https:\/\/osmangaziokullari.com\/camlica-k\/wp-content\/uploads\/2020\/07\/okul-servisi.jpg 1440w\" sizes=\"(max-width: 300px) 100vw, 300px\" \/>                                                              <\/div>\n              <div class=\"box-text text-left\" >\n                 <p>Books on a book shelves<\/p>\n              <\/div>\n            <\/div>\n            <\/a>          <\/div>\n         <\/div>\n         <\/div>\n\n\n","protected":false},"excerpt":{"rendered":"","protected":false},"author":1,"featured_media":1087,"parent":2445,"menu_order":0,"comment_status":"closed","ping_status":"closed","template":"page-blank-sub-nav-vertical.php","meta":[],"_links":{"self":[{"href":"https:\/\/osmangaziokullari.com\/camlica-k\/wp-json\/wp\/v2\/pages\/1080"}],"collection":[{"href":"https:\/\/osmangaziokullari.com\/camlica-k\/wp-json\/wp\/v2\/pages"}],"about":[{"href":"https:\/\/osmangaziokullari.com\/camlica-k\/wp-json\/wp\/v2\/types\/page"}],"author":[{"embeddable":true,"href":"https:\/\/osmangaziokullari.com\/camlica-k\/wp-json\/wp\/v2\/users\/1"}],"replies":[{"embeddable":true,"href":"https:\/\/osmangaziokullari.com\/camlica-k\/wp-json\/wp\/v2\/comments?post=1080"}],"version-history":[{"count":0,"href":"https:\/\/osmangaziokullari.com\/camlica-k\/wp-json\/wp\/v2\/pages\/1080\/revisions"}],"up":[{"embeddable":true,"href":"https:\/\/osmangaziokullari.com\/camlica-k\/wp-json\/wp\/v2\/pages\/2445"}],"wp:featuredmedia":[{"embeddable":true,"href":"https:\/\/osmangaziokullari.com\/camlica-k\/wp-json\/wp\/v2\/media\/1087"}],"wp:attachment":[{"href":"https:\/\/osmangaziokullari.com\/camlica-k\/wp-json\/wp\/v2\/media?parent=1080"}],"curies":[{"name":"wp","href":"https:\/\/api.w.org\/{rel}","templated":true}]}}